{"id":1031,"date":"2023-10-23T07:43:50","date_gmt":"2023-10-23T07:43:50","guid":{"rendered":"https:\/\/strange-sammet.82-165-59-152.plesk.page\/?page_id=1031"},"modified":"2025-06-06T06:57:04","modified_gmt":"2025-06-06T06:57:04","slug":"settings","status":"publish","type":"page","link":"https:\/\/cp-prod-wordpress.alfa.sx\/de\/alfaview-app\/alfaview-room\/primary-and-secondary-controls\/settings\/","title":{"rendered":"Einstellungen"},"content":{"rendered":"\n<div class=\"wp-block-columns is-not-stacked-on-mobile is-layout-flex wp-container-core-columns-is-layout-9d6595d7 wp-block-columns-is-layout-flex\">\n<div class=\"wp-block-column is-layout-flow wp-block-column-is-layout-flow\" style=\"flex-basis:50px\">\n<button class=\"wp-block-alfaview-button av-button-main-menu av-button-grey\" disabled aria-label=\"Einstellungen\"><i class=\"icon icon-ic_settings_24dp\"><\/i><\/button>\n<\/div>\n\n\n\n<div class=\"wp-block-column is-layout-flow wp-block-column-is-layout-flow\">\n<p>Die Einstellungen finden Sie im <a href=\"https:\/\/cp-prod-wordpress.alfa.sx\/de\/alfaview-app\/alfaview-room\/primary-and-secondary-controls\/\">Funktionsmen\u00fc<\/a>. Hier k\u00f6nnen Sie Ihre Audio- und Videoeinstellungen \u00e4ndern. Au\u00dferdem k\u00f6nnen Sie die Barrierefreiheit anpassen und sich \u00fcber die neuesten Updates informieren. Weitere Einstellungen finden Sie auf der Seite <a href=\"\/de\/alfaview-app\/settings\/general-settings\/\">Alle Einstellungen<\/a>.<\/p>\n<\/div>\n<\/div>\n\n\n\n<div class=\"wp-block-alfaview-callout\">\n<p>\u00c4nderungen in den Einstellungen werden automatisch \u00fcbernommen, gespeichert und beim n\u00e4chsten Programmstart wieder angewendet.<\/p>\n<\/div>\n\n\n\n<p>\u00d6ffnen Sie die Einstellungen im Funktionsmen\u00fc mit einem Klick auf das Symbol <img loading=\"lazy\" decoding=\"async\" width=\"20\" height=\"20\" class=\"wp-image-2116\" style=\"width: 20px;\" src=\"https:\/\/cp-prod-wordpress.alfa.sx\/wp-content\/uploads\/2023\/12\/icon-settings.png\" alt=\"Einstellungen Symbol\"> <strong>Einstellungen<\/strong>.<\/p>\n\n\n<div class=\"wp-block-image\">\n<figure class=\"alignright size-full is-resized\"><a href=\"https:\/\/cp-prod-wordpress.alfa.sx\/wp-content\/uploads\/2025\/02\/settings_de.png\"><img loading=\"lazy\" decoding=\"async\" width=\"404\" height=\"814\" src=\"https:\/\/cp-prod-wordpress.alfa.sx\/wp-content\/uploads\/2025\/02\/settings_de.png\" alt=\"Screenshot des Reiters Einstellungen im Funktionsmen\u00fc der alfaview-App\" class=\"wp-image-5447\" style=\"width:250px\" srcset=\"https:\/\/cp-prod-wordpress.alfa.sx\/wp-content\/uploads\/2025\/02\/settings_de.png 404w, https:\/\/cp-prod-wordpress.alfa.sx\/wp-content\/uploads\/2025\/02\/settings_de-149x300.png 149w\" sizes=\"auto, (max-width: 404px) 100vw, 404px\" \/><\/a><figcaption class=\"wp-element-caption\">Einstellungen im Funktionsmen\u00fc<\/figcaption><\/figure>\n<\/div>\n\n\n<h2 class=\"wp-block-heading\" class=\"wp-block-heading\" id=\"audio\">Audio<a href=\"#audio\" class=\"av-heading-anchor\"><i class=\"bi bi-link\"><\/i><\/a><\/h2>\n\n\n\n<p>Im Auswahlmen\u00fc&nbsp;<strong>Audio<\/strong>&nbsp;k\u00f6nnen Sie Ihr Mikrofon, Ihren Lautsprecher oder Ihr Headset ausw\u00e4hlen. Auch die Echounterdr\u00fcckung, Ger\u00e4uschunterdr\u00fcckung und erweiterte Einstellungen stehen Ihnen hier zur Verf\u00fcgung.<\/p>\n\n\n\n<p>Alle Informationen zu den Funktionen und Einstellungsm\u00f6glichkeiten finden Sie auf der Seite <a href=\"https:\/\/cp-prod-wordpress.alfa.sx\/de\/alfaview-app\/alfaview-room\/primary-and-secondary-controls\/settings\/audio-settings\/\">Audioeinstellungen<\/a>.<\/p>\n\n\n\n<h2 class=\"wp-block-heading\" class=\"wp-block-heading\" id=\"video\">Video<a href=\"#video\" class=\"av-heading-anchor\"><i class=\"bi bi-link\"><\/i><\/a><\/h2>\n\n\n\n<p>Im Auswahlmen\u00fc <strong>Video<\/strong>&nbsp;stehen Ihnen verschiedene Optionen f\u00fcr Ihre Videoeinstellungen zur Verf\u00fcgung. Neben Ihrer Kamera k\u00f6nnen Sie auch virtuelle Hintergr\u00fcnde ausw\u00e4hlen oder die Qualit\u00e4t Ihrer Zweitkamera einstellen.<\/p>\n\n\n\n<p>Alle Informationen zu den Funktionen und Einstellungsm\u00f6glichkeiten finden Sie auf der Seite <a href=\"https:\/\/cp-prod-wordpress.alfa.sx\/de\/alfaview-app\/alfaview-room\/primary-and-secondary-controls\/settings\/video-settings\/\" data-type=\"page\" data-id=\"5212\">Videoeinstellungen<\/a>.<\/p>\n\n\n\n<h2 class=\"wp-block-heading\" class=\"wp-block-heading\" id=\"allgemein\">Allgemein<a href=\"#allgemein\" class=\"av-heading-anchor\"><i class=\"bi bi-link\"><\/i><\/a><\/h2>\n\n\n\n<h3 class=\"wp-block-heading\" class=\"wp-block-heading\" id=\"feature-einstellungen\">Feature-Einstellungen<a href=\"#feature-einstellungen\" class=\"av-heading-anchor\"><i class=\"bi bi-link\"><\/i><\/a><\/h3>\n\n\n\n<p>Mit den Features in den Feature-Einstellungen k\u00f6nnen Sie alfaview an Ihre Bed\u00fcrfnisse anpassen. Diese Features sind optional und k\u00f6nnen mit einem Klick auf die Schalter aktiviert oder deaktiviert werden.<\/p>\n\n\n\n<div class=\"wp-block-columns is-not-stacked-on-mobile is-layout-flex wp-container-core-columns-is-layout-9d6595d7 wp-block-columns-is-layout-flex\">\n<div class=\"wp-block-column is-layout-flow wp-block-column-is-layout-flow\" style=\"flex-basis:50px\">\n<button class=\"wp-block-alfaview-button av-button-main-menu av-button-grey\" disabled aria-label=\"Minifenster beim Minimieren anzeigen\"><i class=\"icon icon-ic_mini_window_filled_24dp\"><\/i><\/button>\n<\/div>\n\n\n\n<div class=\"wp-block-column is-layout-flow wp-block-column-is-layout-flow\">\n<p><strong>Minifenster beim Minimieren anzeigen<br><\/strong>Wenn Sie das Hauptfenster minimieren, wird das Minifenster automatisch angezeigt. Diese Funktion k\u00f6nnen Sie deaktivieren, indem Sie auf den Schieberegler neben&nbsp;<strong>Minifenster beim Minimieren anzeigen<\/strong>&nbsp;klicken.<\/p>\n<\/div>\n<\/div>\n\n\n\n<div class=\"wp-block-columns is-not-stacked-on-mobile is-layout-flex wp-container-core-columns-is-layout-9d6595d7 wp-block-columns-is-layout-flex\">\n<div class=\"wp-block-column is-layout-flow wp-block-column-is-layout-flow\" style=\"flex-basis:50px\">\n<button class=\"wp-block-alfaview-button av-button-main-menu av-button-grey\" disabled aria-label=\"Konfetti-Effekte\"><i class=\"icon icon-ic_party_popper_24dp\"><\/i><\/button>\n<\/div>\n\n\n\n<div class=\"wp-block-column is-layout-flow wp-block-column-is-layout-flow\">\n<p><strong>Konfetti-Effekte<\/strong><br>Moderator:innen k\u00f6nnen Konfetti-Effekte einsetzen, um w\u00e4hrend des Meetings gamifizierte Reaktionen zu senden. Um Reaktionen zu sehen und zu steuern, muss diese Funktion aktiviert sein.<\/p>\n<\/div>\n<\/div>\n\n\n\n<div class=\"wp-block-columns is-not-stacked-on-mobile is-layout-flex wp-container-core-columns-is-layout-9d6595d7 wp-block-columns-is-layout-flex\">\n<div class=\"wp-block-column is-layout-flow wp-block-column-is-layout-flow\" style=\"flex-basis:50px\">\n<button class=\"wp-block-alfaview-button av-button-main-menu av-button-grey\" disabled aria-label=\"Farbcodierung von Benutzer:innen\"><i class=\"icon icon-ic_style_24dp\"><\/i><\/button>\n<\/div>\n\n\n\n<div class=\"wp-block-column is-layout-flow wp-block-column-is-layout-flow\">\n<p><strong>Farbcodierung von Benutzer:innen<\/strong><br>Bei Nutzung der Suchfunktion werden die Teilnehmenden in alfaview zur besseren Erkennung nach dem Zufallsprinzip farblich gekennzeichnet.<\/p>\n<\/div>\n<\/div>\n\n\n\n<div class=\"wp-block-columns is-not-stacked-on-mobile is-layout-flex wp-container-core-columns-is-layout-9d6595d7 wp-block-columns-is-layout-flex\">\n<div class=\"wp-block-column is-layout-flow wp-block-column-is-layout-flow\" style=\"flex-basis:50px\">\n<button class=\"wp-block-alfaview-button av-button-main-menu av-button-grey\" disabled aria-label=\"Personen in Pause hervorheben\"><i class=\"icon icon-ic_free_breakfast_24dp\"><\/i><\/button>\n<\/div>\n\n\n\n<div class=\"wp-block-column is-layout-flow wp-block-column-is-layout-flow\">\n<p><strong>Personen in der Pause hervorheben<\/strong><br>Personen, die sich in der Pause befinden, werden durch orangefarbene Namen hervorgehoben, damit sie leichter zu erkennen sind.<\/p>\n<\/div>\n<\/div>\n\n\n\n<div class=\"wp-block-columns is-not-stacked-on-mobile is-layout-flex wp-container-core-columns-is-layout-9d6595d7 wp-block-columns-is-layout-flex\">\n<div class=\"wp-block-column is-layout-flow wp-block-column-is-layout-flow\" style=\"flex-basis:50px\">\n<button class=\"wp-block-alfaview-button av-button-main-menu av-button-grey\" disabled aria-label=\"Eigenes Video an Anfang setzen\"><i class=\"icon icon-ic_looks_one_24dp\"><\/i><\/button>\n<\/div>\n\n\n\n<div class=\"wp-block-column is-layout-flow wp-block-column-is-layout-flow\">\n<p><strong>Das eigene Videobild an den Anfang setzen<\/strong><br>In der <a href=\"https:\/\/cp-prod-wordpress.alfa.sx\/de\/alfaview-app\/alfaview-room\/participant-videos-and-presentation-area\/#sprecheransicht\">Sprecheransicht<\/a> sehen Sie Ihr eigenes Videobild an erster Position der Teilnehmervideos.<\/p>\n<\/div>\n<\/div>\n\n\n\n<div class=\"wp-block-columns is-not-stacked-on-mobile is-layout-flex wp-container-core-columns-is-layout-9d6595d7 wp-block-columns-is-layout-flex\">\n<div class=\"wp-block-column is-layout-flow wp-block-column-is-layout-flow\" style=\"flex-basis:50px\">\n<button class=\"wp-block-alfaview-button av-button-main-menu av-button-grey\" disabled aria-label=\"Zuschauer in Teilnehmerliste anzeigen\"><i class=\"icon icon-ic_visibility_24dp\"><\/i><\/button>\n<\/div>\n\n\n\n<div class=\"wp-block-column is-layout-flow wp-block-column-is-layout-flow\">\n<p><strong>Zuschauer in der Benutzerliste zeigen<br><\/strong>Wenn sich <a href=\"https:\/\/cp-prod-wordpress.alfa.sx\/de\/administration\/general\/room-permissions\/\">Zuschauer:innen<\/a> im alfaview-Raum befinden, k\u00f6nnen Sie sich den Namen dieser in der Teilnehmerliste anzeigen lassen. Aktivieren Sie daf\u00fcr diese Option mit einem Klick auf den Schieberegler.<\/p>\n<\/div>\n<\/div>\n\n\n\n<h3 class=\"wp-block-heading\" class=\"wp-block-heading\" id=\"benachrichtigungstoene\">Benachrichtigungst\u00f6ne<a href=\"#benachrichtigungstoene\" class=\"av-heading-anchor\"><i class=\"bi bi-link\"><\/i><\/a><\/h3>\n\n\n\n<p>Hier k\u00f6nnen Sie die Benachrichtigungst\u00f6ne anpassen.<\/p>\n\n\n\n<ul class=\"wp-block-list\">\n<li><strong>Aus<\/strong>: Es werden keine Benachrichtigungst\u00f6ne abgespielt.<\/li>\n\n\n\n<li><strong>Diskret<\/strong>: Es werden ruhigere Benachrichtigungst\u00f6ne abgespielt.<\/li>\n\n\n\n<li><strong>Normal<\/strong>: Es werden die normalen Benachrichtigungst\u00f6ne abgespielt.<\/li>\n<\/ul>\n\n\n\n<h3 class=\"wp-block-heading\" class=\"wp-block-heading\" id=\"erscheinungsbild\">Erscheinungsbild<a href=\"#erscheinungsbild\" class=\"av-heading-anchor\"><i class=\"bi bi-link\"><\/i><\/a><\/h3>\n\n\n\n<p>W\u00e4hlen Sie zwischen hellem oder dunklem Design.<\/p>\n\n\n\n<ul class=\"wp-block-list\">\n<li>Die helle Darstellung ist ideal f\u00fcr helle Umgebungen.<\/li>\n\n\n\n<li>Die dunkle Darstellung entlastet Ihre Augen, wenn Sie sich in einer Umgebung mit wenig Licht befinden oder alfaview bei Nacht nutzen.<\/li>\n<\/ul>\n\n\n\n<h3 class=\"wp-block-heading\" class=\"wp-block-heading\" id=\"sprache\">Sprache<a href=\"#sprache\" class=\"av-heading-anchor\"><i class=\"bi bi-link\"><\/i><\/a><\/h3>\n\n\n\n<p>\u00dcber dieses Auswahlmen\u00fc kann die Sprache der Benutzeroberfl\u00e4che ge\u00e4ndert werden. Zur Auswahl stehen Deutsch und Englisch.<\/p>\n\n\n\n<h3 class=\"wp-block-heading\" class=\"wp-block-heading\" id=\"aktualisierungskanal\">Aktualisierungskanal<a href=\"#aktualisierungskanal\" class=\"av-heading-anchor\"><i class=\"bi bi-link\"><\/i><\/a><\/h3>\n\n\n\n<p>F\u00fcr interessierte Nutzer:innen bieten wir die M\u00f6glichkeit, verschiedene Aktualisierungen bzw. Versionen von alfaview zu installieren.<\/p>\n\n\n\n<ul class=\"wp-block-list\">\n<li><strong>Release<\/strong>: F\u00fcr regul\u00e4re Updates (Standardeinstellung)<\/li>\n\n\n\n<li><strong>Beta<\/strong>: W\u00e4hlen Sie den Beta-Kanal, um anstehende Produktaktualisierungen fr\u00fcher zu erhalten.<\/li>\n<\/ul>\n\n\n\n<div class=\"wp-block-alfaview-callout\">\n<p>Nach der \u00c4nderung des Aktualisierungskanals m\u00fcssen Sie alfaview neu starten.<\/p>\n<\/div>\n\n\n\n<h3 class=\"wp-block-heading\" class=\"wp-block-heading\" id=\"ueber-alfaview\">\u00dcber alfaview<a href=\"#ueber-alfaview\" class=\"av-heading-anchor\"><i class=\"bi bi-link\"><\/i><\/a><\/h3>\n\n\n\n<p>Im Men\u00fcpunkt <strong>\u00dcber alfaview<\/strong> finden Sie neben der aktuellen Version von alfaview auch Links zu unseren Lizenzen, zur Datenschutzerkl\u00e4rung sowie zu unseren Allgemeinen Gesch\u00e4ftsbedingungen.<\/p>\n\n\n\n<h3 class=\"wp-block-heading\" class=\"wp-block-heading\" id=\"support-center-oeffnen\">Support-Center \u00f6ffnen<a href=\"#support-center-oeffnen\" class=\"av-heading-anchor\"><i class=\"bi bi-link\"><\/i><\/a><\/h3>\n\n\n\n<p>Wechseln Sie mit einem Klick aus der alfaview-App in das Support-Center, um alle Funktionen zu entdecken.<\/p>\n\n\n\n<h3 class=\"wp-block-heading\" class=\"wp-block-heading\" id=\"technische-unterstuetzung\">Technische Unterst\u00fctzung<a href=\"#technische-unterstuetzung\" class=\"av-heading-anchor\"><i class=\"bi bi-link\"><\/i><\/a><\/h3>\n\n\n\n<p>Aktivieren Sie die erweiterte Protokollierung, wenn Sie im Rahmen von Support-Anfragen von unseren Mitarbeiter:innen darum gebeten werden.<\/p>\n\n\n\n<p>Klicken Sie auf die Schaltfl\u00e4che <button class=\"av-button av-button--default\">Protokolldateien anzeigen<\/button>, um die auf Ihrem Rechner gespeicherten Protokolldateien anzuzeigen. Aktivieren Sie die erweiterte Protokollierung, indem Sie auf den Schalter daneben klicken.<\/p>\n\n\n\n<h3 class=\"wp-block-heading\" class=\"wp-block-heading\" id=\"einstellungen-zuruecksetzen\">Einstellungen zur\u00fccksetzen<a href=\"#einstellungen-zuruecksetzen\" class=\"av-heading-anchor\"><i class=\"bi bi-link\"><\/i><\/a><\/h3>\n\n\n\n<p>Alle Einstellungen k\u00f6nnen mit dieser Funktion auf die Ausgangswerte zur\u00fcckgesetzt werden. Klicken Sie daf\u00fcr auf die Schaltfl\u00e4che <button class=\"av-button av-button--error\">Einstellungen zur\u00fccksetzen<\/button>.<\/p>\n\n\n\n<h2 class=\"wp-block-heading\" class=\"wp-block-heading\" id=\"barrierefreiheit\">Barrierefreiheit<a href=\"https:\/\/staging-cp-prod-wordpress.alfa.sx\/de\/alfaview-app\/meeting-room\/quick-settings\/#echounterdr\u00fcckung\"><\/a><a href=\"#barrierefreiheit\" class=\"av-heading-anchor\"><i class=\"bi bi-link\"><\/i><\/a><\/h2>\n\n\n\n<p>In der Einstellung <strong>Barrierefreiheit <\/strong>k\u00f6nnen Sie Anpassungen an der alfaview-Oberfl\u00e4che vornehmen, den Screenreader aktivieren oder sich \u00fcber die verf\u00fcgbaren Tastenk\u00fcrzel informieren. Eine detaillierte Beschreibung aller Funktionen und Einstellungen finden Sie auf der Seite <a href=\"\/de\/alfaview-app\/accessibility\/\">Barrierefreiheit<\/a>.<\/p>\n\n\n\n<h2 class=\"wp-block-heading\" class=\"wp-block-heading\" id=\"feature-vorschau\">Feature-Vorschau<a href=\"https:\/\/staging-cp-prod-wordpress.alfa.sx\/de\/alfaview-app\/meeting-room\/quick-settings\/#dunkles-design\"><\/a><a href=\"#feature-vorschau\" class=\"av-heading-anchor\"><i class=\"bi bi-link\"><\/i><\/a><\/h2>\n\n\n\n<p>In der <strong>Feature-Vorschau<\/strong> finden Sie verschiedene Funktionen, die sich derzeit noch in der Entwicklung befinden. Sie k\u00f6nnen diese bereits vor der offiziellen Ver\u00f6ffentlichung testen.<\/p>\n\n\n\n<h3 class=\"wp-block-heading\" class=\"wp-block-heading\" id=\"aktuelle-features\">Aktuelle Features:<a href=\"#aktuelle-features\" class=\"av-heading-anchor\"><i class=\"bi bi-link\"><\/i><\/a><\/h3>\n\n\n\n<div class=\"wp-block-columns is-not-stacked-on-mobile is-layout-flex wp-container-core-columns-is-layout-9d6595d7 wp-block-columns-is-layout-flex\">\n<div class=\"wp-block-column is-layout-flow wp-block-column-is-layout-flow\" style=\"flex-basis:50px\">\n<button class=\"wp-block-alfaview-button av-button-main-menu av-button-grey\" disabled aria-label=\"Raumlisten-Baumansicht\"><i class=\"icon icon-ic_file_tree_24dp\"><\/i><\/button>\n<\/div>\n\n\n\n<div class=\"wp-block-column is-layout-flow wp-block-column-is-layout-flow\">\n<p><strong>Raumlisten-Baumansicht<\/strong><br>Die Baumansicht der Raumliste bietet eine intuitive Navigation durch Abteilungen und R\u00e4ume.<\/p>\n<\/div>\n<\/div>\n\n\n\n<div class=\"wp-block-columns is-not-stacked-on-mobile is-layout-flex wp-container-core-columns-is-layout-9d6595d7 wp-block-columns-is-layout-flex\">\n<div class=\"wp-block-column is-layout-flow wp-block-column-is-layout-flow\" style=\"flex-basis:50px\">\n<button class=\"wp-block-alfaview-button av-button-main-menu av-button-grey\" disabled aria-label=\"Virtuelle Hintergr\u00fcnde\"><i class=\"icon icon-ic_background_blur_24dp\"><\/i><\/button>\n<\/div>\n\n\n\n<div class=\"wp-block-column is-layout-flow wp-block-column-is-layout-flow\">\n<p><strong>Virtuelle Hintergr\u00fcnde<\/strong><br>Sch\u00fctzen Sie Ihre Privatsph\u00e4re mit virtuellen Hintergr\u00fcnden oder dem Weichzeichnen Ihres Hintergrundes.<\/p>\n<\/div>\n<\/div>\n\n\n\n<div class=\"wp-block-alfaview-callout\">\n<p>Wenn Sie einen Computer mit dem Betriebssystem macOS verwenden, k\u00f6nnen Sie die Funktion <strong>Bildschirm\u00fcbertragung mit Ton<\/strong> in der Feature-Vorschau aktivieren. F\u00fcr Computer mit Microsoft Windows-Betriebssystemen ist diese Funktion in der Release-Version bereits integriert.<\/p>\n<\/div>\n\n\n\n<div class=\"wp-block-columns is-not-stacked-on-mobile is-layout-flex wp-container-core-columns-is-layout-9d6595d7 wp-block-columns-is-layout-flex\">\n<div class=\"wp-block-column is-layout-flow wp-block-column-is-layout-flow\" style=\"flex-basis:50px\">\n<button class=\"wp-block-alfaview-button av-button-main-menu av-button-grey\" disabled aria-label=\"Inhalte teilen mit Ton\"><i class=\"icon icon-ic_application_sound_24dp\"><\/i><\/button>\n<\/div>\n\n\n\n<div class=\"wp-block-column is-layout-flow wp-block-column-is-layout-flow\">\n<p><strong>Bildschirm\u00fcbertragung mit Ton<\/strong><br>Diese Funktion erm\u00f6glicht es Ihnen, zus\u00e4tzlich zum Bildschirminhalt die Tonausgabe zu \u00fcbertragen.<\/p>\n<\/div>\n<\/div>\n\n\n\n<h2 class=\"wp-block-heading\" class=\"wp-block-heading\" id=\"neues-entdecken\">Neues entdecken<a href=\"#neues-entdecken\" class=\"av-heading-anchor\"><i class=\"bi bi-link\"><\/i><\/a><\/h2>\n\n\n\n<p>Informieren Sie sich \u00fcber die wichtigsten Neuerungen in der aktuellen und fr\u00fcheren Versionen von alfaview. Um die vollst\u00e4ndigen Versionshinweise zu lesen, klicken Sie auf den Link <a href=\"https:\/\/cp-prod-wordpress.alfa.sx\/de\/release-notes\/\">Vollst\u00e4ndige Versionshinweise lesen<\/a>. Sie werden dann zum Support-Center weitergeleitet.<\/p>\n\n\n\n<h3 class=\"wp-block-heading\" class=\"wp-block-heading\" id=\"aktualisierungskanal\">Aktualisierungskanal<a href=\"#aktualisierungskanal\" class=\"av-heading-anchor\"><i class=\"bi bi-link\"><\/i><\/a><\/h3>\n\n\n\n<p>F\u00fcr interessierte Nutzer:innen bieten wir die M\u00f6glichkeit, verschiedene Aktualisierungen bzw. Versionen von alfaview zu installieren.<\/p>\n\n\n\n<ul class=\"wp-block-list\">\n<li><strong>Release<\/strong>: F\u00fcr regul\u00e4re Updates (Standardeinstellung)<\/li>\n\n\n\n<li><strong>Beta<\/strong>: W\u00e4hlen Sie den Beta-Kanal, um anstehende Produktaktualisierungen fr\u00fcher zu erhalten.<\/li>\n<\/ul>\n\n\n\n<div class=\"wp-block-alfaview-callout\">\n<p>Nach der \u00c4nderung des Aktualisierungskanals m\u00fcssen Sie alfaview neu starten.<\/p>\n<\/div>\n\n\n\n<h2 class=\"wp-block-heading\" class=\"wp-block-heading\" id=\"dunkle-darstellung\">Dunkle Darstellung<a href=\"#dunkle-darstellung\" class=\"av-heading-anchor\"><i class=\"bi bi-link\"><\/i><\/a><\/h2>\n\n\n\n<p>Mit dieser Einstellung k\u00f6nnen Sie zwischen <strong>einer hellen und einer dunklen Darstellung<\/strong> von alfaview w\u00e4hlen. Klicken Sie auf den Schalter, um zwischen den Darstellungen zu wechseln.<\/p>\n\n\n\n<h2 class=\"wp-block-heading\" class=\"wp-block-heading\" id=\"lautstaerke\">Lautst\u00e4rke<a href=\"#lautstaerke\" class=\"av-heading-anchor\"><i class=\"bi bi-link\"><\/i><\/a><\/h2>\n\n\n\n<p>Passen Sie die Lautst\u00e4rke von alfaview \u00fcber den Schieberegler an.<\/p>\n\n\n\n<h2 class=\"wp-block-heading\" class=\"wp-block-heading\" id=\"alle-einstellungen-anzeigen\">Alle Einstellungen anzeigen<a href=\"https:\/\/staging-cp-prod-wordpress.alfa.sx\/de\/alfaview-app\/meeting-room\/quick-settings\/#erweiterte-einstellungen\"><\/a><a href=\"#alle-einstellungen-anzeigen\" class=\"av-heading-anchor\"><i class=\"bi bi-link\"><\/i><\/a><\/h2>\n\n\n\n<p>Klicken Sie auf die Schaltfl\u00e4che <button class=\"av-button av-button--default\">Alle Einstellungen anzeigen<\/button>, um ein Fenster mit <a href=\"\/de\/alfaview-app\/settings\/general-settings\/\">allen verf\u00fcgbaren Einstellungen<\/a> zu \u00f6ffnen.<\/p>\n","protected":false},"excerpt":{"rendered":"<p>Individualisieren Sie alfaview: Passen Sie die Video- und Audioeinstellungen an, w\u00e4hlen Sie Ihre bevorzugte Sprache oder aktivieren Sie die Feature-Vorschau.<\/p>\n","protected":false},"author":2,"featured_media":0,"parent":715,"menu_order":25,"comment_status":"closed","ping_status":"closed","template":"","meta":{"footnotes":""},"class_list":["post-1031","page","type-page","status-publish","hentry"],"_links":{"self":[{"href":"https:\/\/cp-prod-wordpress.alfa.sx\/de\/wp-json\/wp\/v2\/pages\/1031","targetHints":{"allow":["GET"]}}],"collection":[{"href":"https:\/\/cp-prod-wordpress.alfa.sx\/de\/wp-json\/wp\/v2\/pages"}],"about":[{"href":"https:\/\/cp-prod-wordpress.alfa.sx\/de\/wp-json\/wp\/v2\/types\/page"}],"author":[{"embeddable":true,"href":"https:\/\/cp-prod-wordpress.alfa.sx\/de\/wp-json\/wp\/v2\/users\/2"}],"replies":[{"embeddable":true,"href":"https:\/\/cp-prod-wordpress.alfa.sx\/de\/wp-json\/wp\/v2\/comments?post=1031"}],"version-history":[{"count":43,"href":"https:\/\/cp-prod-wordpress.alfa.sx\/de\/wp-json\/wp\/v2\/pages\/1031\/revisions"}],"predecessor-version":[{"id":1032,"href":"https:\/\/cp-prod-wordpress.alfa.sx\/de\/wp-json\/wp\/v2\/pages\/1031\/revisions\/1032"}],"up":[{"embeddable":true,"href":"https:\/\/cp-prod-wordpress.alfa.sx\/de\/wp-json\/wp\/v2\/pages\/715"}],"wp:attachment":[{"href":"https:\/\/cp-prod-wordpress.alfa.sx\/de\/wp-json\/wp\/v2\/media?parent=1031"}],"curies":[{"name":"wp","href":"https:\/\/api.w.org\/{rel}","templated":true}]}}