{"id":1053,"date":"2023-10-24T05:59:37","date_gmt":"2023-10-24T05:59:37","guid":{"rendered":"https:\/\/strange-sammet.82-165-59-152.plesk.page\/?page_id=1053"},"modified":"2025-06-06T06:17:13","modified_gmt":"2025-06-06T06:17:13","slug":"moderator-controls","status":"publish","type":"page","link":"https:\/\/cp-prod-wordpress.alfa.sx\/de\/alfaview-app\/alfaview-room\/primary-and-secondary-controls\/participant-list-and-breakout-groups\/moderator-controls\/","title":{"rendered":"Moderationsfunktionen"},"content":{"rendered":"<div class=\"wp-block-image\">\n<figure class=\"alignright size-full is-resized\"><a href=\"https:\/\/cp-prod-wordpress.alfa.sx\/wp-content\/uploads\/2023\/10\/moderator-settings-de.png\"><img loading=\"lazy\" decoding=\"async\" width=\"310\" height=\"506\" src=\"https:\/\/cp-prod-wordpress.alfa.sx\/wp-content\/uploads\/2023\/10\/moderator-settings-de.png\" alt=\"Screenshot der Moderationsfunktionen einer Person in der Teilnehmerliste\" class=\"wp-image-1051\" style=\"width:250px\" srcset=\"https:\/\/cp-prod-wordpress.alfa.sx\/wp-content\/uploads\/2023\/10\/moderator-settings-de.png 310w, https:\/\/cp-prod-wordpress.alfa.sx\/wp-content\/uploads\/2023\/10\/moderator-settings-de-184x300.png 184w\" sizes=\"auto, (max-width: 310px) 100vw, 310px\" \/><\/a><figcaption class=\"wp-element-caption\">\u00dcbersicht der Moderatorfunktionen<\/figcaption><\/figure>\n<\/div>\n\n\n<p>Moderator:innen verf\u00fcgen \u00fcber zus\u00e4tzliche Funktionen, die zur Steuerung eines Meetings n\u00fctzlich sind. Diese Funktionen k\u00f6nnen \u00fcber die Teilnehmerliste im <a href=\"https:\/\/cp-prod-wordpress.alfa.sx\/de\/alfaview-app\/alfaview-room\/primary-and-secondary-controls\/#funktionsmenue\">Funktionsmen\u00fc<\/a> aufgerufen werden.<\/p>\n\n\n\n<p>Beim Klick auf eine Teilnehmerin oder einen Teilnehmer erscheint ein Kontextmen\u00fc <img loading=\"lazy\" decoding=\"async\" width=\"20\" height=\"20\" class=\"wp-image-2122\" style=\"width: 20px;\" src=\"https:\/\/cp-prod-wordpress.alfa.sx\/wp-content\/uploads\/2023\/12\/dots.png\" alt=\"Kontextmen\u00fc Symbol\">. Hier k\u00f6nnen Sie der jeweiligen Person einige Berechtigungen im alfaview-Raum erteilen.<\/p>\n\n\n\n<h2 class=\"wp-block-heading\" class=\"wp-block-heading\" id=\"die-funktionen-im-einzelnen\">Die Funktionen im Einzelnen<a href=\"https:\/\/cp-prod-wordpress.alfa.sx\/de\/alfaview-app\/meeting-room\/moderator-controls\/#die-funktionen-im-einzelnen\"><\/a><a href=\"#die-funktionen-im-einzelnen\" class=\"av-heading-anchor\"><i class=\"bi bi-link\"><\/i><\/a><\/h2>\n\n\n\n<p><strong>Kurznachricht schreiben<\/strong><br>Verfassen und versenden Sie eine Kurznachricht an die ausgew\u00e4hlte Person.<\/p>\n\n\n\n<p><strong>Hand senken<\/strong><br>Senken Sie die gehobene Hand der ausgew\u00e4hlten Person.<\/p>\n\n\n\n<p><strong>Mikrofon erlauben<\/strong><br>Erlauben oder verweigern Sie der ausgew\u00e4hlten Person die Aktivierung des Mikrofons.<\/p>\n\n\n\n<p><strong>Kamera erlauben<\/strong><br>Erlauben oder verweigern Sie der ausgew\u00e4hlten Person die Aktivierung der Kamera.<\/p>\n\n\n\n<div class=\"wp-block-alfaview-callout\">\n<p><strong>Achtung:<\/strong><\/p>\n\n\n\n<p>Wenn Sie sich selbst oder einer anderen Person die Berechtigungen&nbsp;<strong>Mikrofon erlauben<\/strong>&nbsp;und&nbsp;<strong>Kamera erlauben<\/strong> entziehen, wird dieser Person die <a href=\"https:\/\/cp-prod-wordpress.alfa.sx\/de\/administration\/general\/room-permissions\/\">Rolle Zuschauer<\/a> zugewiesen. Als Zuschauer werden Sie standardm\u00e4\u00dfig nicht in der Teilnehmerliste angezeigt.<\/p>\n\n\n\n<p>Sie k\u00f6nnen diese Rollen\u00e4nderung in der Anwendung r\u00fcckg\u00e4ngig machen:<\/p>\n\n\n\n<ul class=\"wp-block-list\">\n<li>\u00d6ffnen Sie den Reiter <img loading=\"lazy\" decoding=\"async\" width=\"20\" height=\"20\" class=\"wp-image-2116\" style=\"width: 20px;\" src=\"https:\/\/cp-prod-wordpress.alfa.sx\/wp-content\/uploads\/2023\/12\/icon-settings.png\" alt=\"Das Symbol der Einstellungen im Funktionsmen\u00fc\"> <strong>Einstellungen<\/strong> und gehen Sie in die <a href=\"https:\/\/cp-prod-wordpress.alfa.sx\/de\/alfaview-app\/alfaview-room\/primary-and-secondary-controls\/settings\/#feature-einstellungen\">Feature-Einstellungen<\/a>.<\/li>\n\n\n\n<li>Aktivieren Sie das Feature&nbsp;<strong>Zuschauer in der Benutzerliste anzeigen<\/strong>.<\/li>\n\n\n\n<li>Erteilen Sie der Person (oder sich selbst) die Berechtigungen&nbsp;<strong>Mikrofon erlauben<\/strong>&nbsp;und&nbsp;<strong>Kamera erlauben<\/strong>&nbsp;in der Teilnehmerliste.<\/li>\n\n\n\n<li>Die Person (oder Sie) besitzt nun wieder die ehemalige Rolle.<\/li>\n<\/ul>\n<\/div>\n\n\n\n<p><strong>Bildschirmfreigabe erlauben<\/strong><br>Erlauben oder verweigern Sie der ausgew\u00e4hlten Person die Bildschirmfreigabe.<\/p>\n\n\n\n<p><strong>Chat erlauben<\/strong><br>Erlauben oder verweigern Sie der ausgew\u00e4hlten Person, Nachrichten in den Chat zu schicken.<\/p>\n\n\n\n<p><strong>Als VIP markieren<\/strong><br>Eine Person hervorheben. Dabei wird das Video gr\u00f6\u00dfer und in der Reihenfolge vor den Videos der restlichen Teilnehmenden dargestellt.<\/p>\n\n\n\n<p><strong>F\u00fcr mich stummschalten<\/strong><br>Schalten Sie die ausgew\u00e4hlte Person f\u00fcr sich selbst stumm.<\/p>\n\n\n\n<p><strong>Aus dem Raum entfernen<\/strong><br>Entfernen Sie eine teilnehmende Person f\u00fcr 12 Stunden komplett aus dem Raum.<\/p>\n\n\n\n<h2 class=\"wp-block-heading\" class=\"wp-block-heading\" id=\"der-warteraum\">Der Warteraum<a href=\"https:\/\/cp-prod-wordpress.alfa.sx\/de\/alfaview-app\/meeting-room\/moderator-controls\/#der-warteraum\"><\/a><a href=\"#der-warteraum\" class=\"av-heading-anchor\"><i class=\"bi bi-link\"><\/i><\/a><\/h2>\n\n\n\n<p>Zus\u00e4tzlich zu den genannten Funktionen kann ein Moderator oder eine Moderatorin den Warteraum aktivieren.<br>Mehr Informationen zu dieser Funktion finden Sie auf der Seite <a href=\"https:\/\/cp-prod-wordpress.alfa.sx\/de\/alfaview-app\/alfaview-room\/primary-and-secondary-controls\/participant-list-and-breakout-groups\/waiting-room\/\">Warteraum<\/a>.<\/p>\n\n\n\n<h2 class=\"wp-block-heading\" class=\"wp-block-heading\" id=\"moderatorin-definieren\">Moderator:in definieren<a href=\"https:\/\/cp-prod-wordpress.alfa.sx\/de\/alfaview-app\/meeting-room\/moderator-controls\/#einen-moderator-definieren\"><\/a><a href=\"#moderatorin-definieren\" class=\"av-heading-anchor\"><i class=\"bi bi-link\"><\/i><\/a><\/h2>\n\n\n\n<p>Moderator:innen werden in den Raumeinstellungen definiert. Weitere Informationen finden Sie auf der Seite <a href=\"https:\/\/cp-prod-wordpress.alfa.sx\/de\/administration\/room-management\/edit-room\/\">Raum bearbeiten<\/a>.<\/p>\n\n\n\n<div class=\"wp-block-alfaview-callout\">\n<p><strong>Hinweis<\/strong>: Es m\u00fcssen keine Moderator:innen in einem alfaview-Raum anwesend sein, damit sich Teilnehmende und Zuschauer:innen in einem alfaview-Raum treffen k\u00f6nnen.<\/p>\n<\/div>\n","protected":false},"excerpt":{"rendered":"<p>Moderator:innen verf\u00fcgen \u00fcber zus\u00e4tzliche Funktionen, die zur Steuerung eines Meetings n\u00fctzlich sind. Diese Funktionen k\u00f6nnen \u00fcber die Teilnehmerliste im Funktionsmen\u00fc aufgerufen werden. Beim Klick auf eine Teilnehmerin oder einen Teilnehmer erscheint ein Kontextmen\u00fc . Hier [&hellip;]<\/p>\n","protected":false},"author":2,"featured_media":0,"parent":933,"menu_order":0,"comment_status":"closed","ping_status":"closed","template":"","meta":{"footnotes":""},"class_list":["post-1053","page","type-page","status-publish","hentry"],"_links":{"self":[{"href":"https:\/\/cp-prod-wordpress.alfa.sx\/de\/wp-json\/wp\/v2\/pages\/1053","targetHints":{"allow":["GET"]}}],"collection":[{"href":"https:\/\/cp-prod-wordpress.alfa.sx\/de\/wp-json\/wp\/v2\/pages"}],"about":[{"href":"https:\/\/cp-prod-wordpress.alfa.sx\/de\/wp-json\/wp\/v2\/types\/page"}],"author":[{"embeddable":true,"href":"https:\/\/cp-prod-wordpress.alfa.sx\/de\/wp-json\/wp\/v2\/users\/2"}],"replies":[{"embeddable":true,"href":"https:\/\/cp-prod-wordpress.alfa.sx\/de\/wp-json\/wp\/v2\/comments?post=1053"}],"version-history":[{"count":20,"href":"https:\/\/cp-prod-wordpress.alfa.sx\/de\/wp-json\/wp\/v2\/pages\/1053\/revisions"}],"predecessor-version":[{"id":1054,"href":"https:\/\/cp-prod-wordpress.alfa.sx\/de\/wp-json\/wp\/v2\/pages\/1053\/revisions\/1054"}],"up":[{"embeddable":true,"href":"https:\/\/cp-prod-wordpress.alfa.sx\/de\/wp-json\/wp\/v2\/pages\/933"}],"wp:attachment":[{"href":"https:\/\/cp-prod-wordpress.alfa.sx\/de\/wp-json\/wp\/v2\/media?parent=1053"}],"curies":[{"name":"wp","href":"https:\/\/api.w.org\/{rel}","templated":true}]}}