{"id":1069,"date":"2023-10-24T06:11:46","date_gmt":"2023-10-24T06:11:46","guid":{"rendered":"https:\/\/strange-sammet.82-165-59-152.plesk.page\/?page_id=1069"},"modified":"2025-06-04T08:36:03","modified_gmt":"2025-06-04T08:36:03","slug":"waiting-room","status":"publish","type":"page","link":"https:\/\/cp-prod-wordpress.alfa.sx\/de\/alfaview-app\/alfaview-room\/primary-and-secondary-controls\/participant-list-and-breakout-groups\/waiting-room\/","title":{"rendered":"Warteraum"},"content":{"rendered":"\n<div class=\"wp-block-alfaview-callout\">\n<p>Damit Sie den Warteraum nutzen k\u00f6nnen, ben\u00f6tigen Sie die <strong>alfaview-Version 8.68 oder neuer<\/strong>.<\/p>\n\n\n\n<p>Mit der <strong>alfaview-Version 9.11.0<\/strong> ist es m\u00f6glich, dass Moderator:innen den Warteraum einzelner Wartender betreten und mit ihnen sprechen, bevor Sie die Wartenden in Ihren alfaview-Raum einlassen.<\/p>\n\n\n\n<p>Ab der <strong>alfaview-Version 9.16.1<\/strong> k\u00f6nnen Moderator:innen eine individuelle Willkommensnachricht zu ihrem Warteraum hinzuf\u00fcgen, die den Wartenden angezeigt wird.<\/p>\n<\/div>\n\n\n\n<p>Der Warteraum ist standardm\u00e4\u00dfig deaktiviert und kann von Moderator:innen und Administrator:innen aktiviert werden. Die Teilnehmer:innen, die sich im Warteraum befinden, k\u00f6nnen einander weder sehen und noch miteinander kommunizieren.<\/p>\n\n\n\n<p>Moderator:innen k\u00f6nnen per privater Direktnachricht Kontakt mit den Wartenden aufnehmen oder die wartenden Personen im Warteraum besuchen.<\/p>\n\n\n\n<ul class=\"wp-block-list\">\n<li><a href=\"https:\/\/cp-prod-wordpress.alfa.sx\/de\/alfaview-app\/alfaview-room\/primary-and-secondary-controls\/participant-list-and-breakout-groups\/waiting-room\/#warteraum-aktivieren\">Warteraum aktivieren<\/a><\/li>\n\n\n\n<li><a href=\"https:\/\/cp-prod-wordpress.alfa.sx\/de\/alfaview-app\/alfaview-room\/primary-and-secondary-controls\/participant-list-and-breakout-groups\/waiting-room\/#willkommensnachricht-bearbeiten\">Willkommensnachricht bearbeiten<\/a><\/li>\n\n\n\n<li><a href=\"https:\/\/cp-prod-wordpress.alfa.sx\/de\/alfaview-app\/alfaview-room\/primary-and-secondary-controls\/participant-list-and-breakout-groups\/waiting-room\/#wartende-personen-zulassen\">Wartende Personen zulassen<\/a><\/li>\n\n\n\n<li><a href=\"https:\/\/cp-prod-wordpress.alfa.sx\/de\/alfaview-app\/alfaview-room\/primary-and-secondary-controls\/participant-list-and-breakout-groups\/waiting-room\/#wartenden-personen-beitreten\">Wartenden Personen beitreten<\/a><\/li>\n<\/ul>\n\n\n\n<h2 class=\"wp-block-heading\" class=\"wp-block-heading\" id=\"der-warteraum\">Der Warteraum<a href=\"#der-warteraum\" class=\"av-heading-anchor\"><i class=\"bi bi-link\"><\/i><\/a><\/h2>\n\n\n<div class=\"wp-block-image\">\n<figure class=\"alignright size-large is-resized\"><a href=\"https:\/\/cp-prod-wordpress.alfa.sx\/wp-content\/uploads\/2024\/05\/waiting-room-de.png\"><img loading=\"lazy\" decoding=\"async\" width=\"1024\" height=\"509\" src=\"https:\/\/cp-prod-wordpress.alfa.sx\/wp-content\/uploads\/2024\/05\/waiting-room-de-1024x509.png\" alt=\"Eine Person befindet sich im Warteraum und wartet darauf, in den alfaview-Raum eingelassen zu werden\" class=\"wp-image-3722\" style=\"width:250px\" srcset=\"https:\/\/cp-prod-wordpress.alfa.sx\/wp-content\/uploads\/2024\/05\/waiting-room-de-1024x509.png 1024w, https:\/\/cp-prod-wordpress.alfa.sx\/wp-content\/uploads\/2024\/05\/waiting-room-de-300x149.png 300w, https:\/\/cp-prod-wordpress.alfa.sx\/wp-content\/uploads\/2024\/05\/waiting-room-de-768x382.png 768w, https:\/\/cp-prod-wordpress.alfa.sx\/wp-content\/uploads\/2024\/05\/waiting-room-de-1536x763.png 1536w, https:\/\/cp-prod-wordpress.alfa.sx\/wp-content\/uploads\/2024\/05\/waiting-room-de.png 1865w\" sizes=\"auto, (max-width: 1024px) 100vw, 1024px\" \/><\/a><figcaption class=\"wp-element-caption\">Wartende Person im Warteraum<\/figcaption><\/figure>\n<\/div>\n\n\n<p>Teilnehmende ohne Administrations- oder Moderationsrechte betreten den Warteraum, wenn dieser aktiviert ist, bevor sie in den alfaview-Raum zugelassen werden.<br>Die Teilnehmer:innen werden darauf hingewiesen, dass sie sich im Warteraum befinden und der Zutritt in den alfaview-Raum erst nach Freigabe durch einen Moderator oder eine Moderatorin erfolgt.<br>Administrator:innen und Moderator:innen \u00fcberspringen den Warteraum und betreten den alfaview-Raum direkt.<\/p>\n\n\n\n<div class=\"wp-block-columns is-not-stacked-on-mobile is-layout-flex wp-container-core-columns-is-layout-9d6595d7 wp-block-columns-is-layout-flex\">\n<div class=\"wp-block-column is-layout-flow wp-block-column-is-layout-flow\">\n<h2 class=\"wp-block-heading\" class=\"wp-block-heading\" id=\"warteraum-aktivieren\">Warteraum aktivieren<a href=\"#warteraum-aktivieren\" class=\"av-heading-anchor\"><i class=\"bi bi-link\"><\/i><\/a><\/h2>\n\n\n\n<p>Sie k\u00f6nnen den Warteraum sowohl in der alfaview-Verwaltung als auch in der alfaview-App selbst aktivieren oder deaktivieren.<\/p>\n\n\n\n<h3 class=\"wp-block-heading\" class=\"wp-block-heading\" id=\"in-der-alfaview-app\">In der alfaview-App<a href=\"#in-der-alfaview-app\" class=\"av-heading-anchor\"><i class=\"bi bi-link\"><\/i><\/a><\/h3>\n\n\n\n<p>Als Moderator:in oder Raumadministrator:in k\u00f6nnen Sie den Warteraum \u00fcber das Funktionsmen\u00fc in der alfaview-App oder im Webclient aktivieren.<\/p>\n\n\n\n<ul class=\"wp-block-list\">\n<li>\u00d6ffnen Sie die Teilnehmerliste im Funktionsmen\u00fc. Klicken Sie daf\u00fcr auf das Symbol <img loading=\"lazy\" decoding=\"async\" width=\"20\" height=\"20\" class=\"wp-image-2100\" style=\"width: 20px;\" src=\"https:\/\/cp-prod-wordpress.alfa.sx\/wp-content\/uploads\/2023\/12\/icon-participants.png\" alt=\"\"> <strong>Teilnehmerliste<\/strong>.<\/li>\n\n\n\n<li>Klicken Sie auf den Reiter <img loading=\"lazy\" decoding=\"async\" width=\"20\" height=\"20\" class=\"wp-image-3724\" style=\"width: 20px;\" src=\"https:\/\/cp-prod-wordpress.alfa.sx\/wp-content\/uploads\/2024\/05\/Waitingroom-Icon.png\" alt=\"\"> <strong>Warteraum<\/strong>.<\/li>\n\n\n\n<li>Klicken Sie im unteren Bereich des Reiters auf den Schalter, um den Warteraum zu aktivieren. Der Warteraum ist aktiviert, wenn der Schalter blau angezeigt wird.<\/li>\n\n\n\n<li>Klicken Sie erneut auf den Schalter, um den Warteraum zu deaktivieren.<\/li>\n<\/ul>\n<\/div>\n\n\n\n<div class=\"wp-block-column is-layout-flow wp-block-column-is-layout-flow\" style=\"flex-basis:250px\">\n<figure class=\"wp-block-video\"><video height=\"1696\" style=\"aspect-ratio: 856 \/ 1696;\" width=\"856\" autoplay loop muted src=\"https:\/\/cp-prod-wordpress.alfa.sx\/wp-content\/uploads\/2024\/05\/activate-waiting-room-de.mov\" playsinline><\/video><figcaption class=\"wp-element-caption\">Warteraum in alfaview aktivieren<\/figcaption><\/figure>\n<\/div>\n<\/div>\n\n\n\n<h3 class=\"wp-block-heading\" class=\"wp-block-heading\" id=\"in-der-verwaltung\">In der Verwaltung<a href=\"#in-der-verwaltung\" class=\"av-heading-anchor\"><i class=\"bi bi-link\"><\/i><\/a><\/h3>\n\n\n\n<p>Als Raumadministrator:in k\u00f6nnen Sie den Warteraum auch in den <a href=\"https:\/\/cp-prod-wordpress.alfa.sx\/de\/administration\/room-management\/room-features\/\">Raum-Features<\/a> aktivieren.<\/p>\n\n\n\n<div class=\"wp-block-columns is-not-stacked-on-mobile is-layout-flex wp-container-core-columns-is-layout-9d6595d7 wp-block-columns-is-layout-flex\">\n<div class=\"wp-block-column is-layout-flow wp-block-column-is-layout-flow\">\n<ul class=\"wp-block-list\">\n<li>Melden Sie sich auf der <a href=\"https:\/\/app.alfaview.com\/#\/welcome\">Verwaltungsseite<\/a> Ihres alfaview-Kontos an.<\/li>\n\n\n\n<li>Klicken Sie im Men\u00fc links neben der Verwaltungsoberfl\u00e4che auf <strong>R\u00e4ume<\/strong>.<\/li>\n\n\n\n<li>W\u00e4hlen Sie in der Liste Ihrer alfaview-R\u00e4ume den Raum aus, f\u00fcr den Sie den Warteraum aktivieren m\u00f6chten.<\/li>\n\n\n\n<li>Klicken Sie anschlie\u00dfend auf das Symbol <img loading=\"lazy\" decoding=\"async\" width=\"20\" height=\"20\" class=\"wp-image-2116\" style=\"width: 20px;\" src=\"https:\/\/cp-prod-wordpress.alfa.sx\/wp-content\/uploads\/2023\/12\/icon-settings.png\" alt=\"\"> <strong>Einstellungen<\/strong>.<\/li>\n\n\n\n<li>Klicken Sie im neuen Fenster auf den Reiter <strong>Features<\/strong>.<\/li>\n\n\n\n<li>Aktivieren Sie den Warteraum mit einem Klick auf den Schalter neben <strong>Warteraum<\/strong>. Der Warteraum ist aktiviert, wenn der Schalter blau angezeigt wird.<\/li>\n\n\n\n<li>Klicken Sie erneut auf den Schalter, um den Warteraum zu deaktivieren.<\/li>\n<\/ul>\n<\/div>\n\n\n\n<div class=\"wp-block-column is-layout-flow wp-block-column-is-layout-flow\" style=\"flex-basis:250px\">\n<figure class=\"wp-block-image size-full\"><a href=\"https:\/\/cp-prod-wordpress.alfa.sx\/wp-content\/uploads\/2024\/02\/waiting-room-activate-de.png\"><img loading=\"lazy\" decoding=\"async\" width=\"894\" height=\"742\" src=\"https:\/\/cp-prod-wordpress.alfa.sx\/wp-content\/uploads\/2024\/02\/waiting-room-activate-de.png\" alt=\"Alle Raum-Features, die in der Verwaltung zur Verf\u00fcgung stehen\" class=\"wp-image-2627\" srcset=\"https:\/\/cp-prod-wordpress.alfa.sx\/wp-content\/uploads\/2024\/02\/waiting-room-activate-de.png 894w, https:\/\/cp-prod-wordpress.alfa.sx\/wp-content\/uploads\/2024\/02\/waiting-room-activate-de-300x249.png 300w, https:\/\/cp-prod-wordpress.alfa.sx\/wp-content\/uploads\/2024\/02\/waiting-room-activate-de-768x637.png 768w\" sizes=\"auto, (max-width: 894px) 100vw, 894px\" \/><\/a><figcaption class=\"wp-element-caption\">Aktivierung des Warteraums in den Raum-Features<\/figcaption><\/figure>\n<\/div>\n<\/div>\n\n\n\n<h2 class=\"wp-block-heading\" class=\"wp-block-heading\" id=\"willkommensnachricht-bearbeiten\">Willkommensnachricht bearbeiten<a href=\"#willkommensnachricht-bearbeiten\" class=\"av-heading-anchor\"><i class=\"bi bi-link\"><\/i><\/a><\/h2>\n\n\n\n<p>F\u00fcgen Sie Ihrem Warteraum eine personalisierte Willkommensnachricht hinzu, die den Personen angezeigt wird, w\u00e4hrend sie auf den Beitritt warten. Die Willkommensnachricht kann f\u00fcr jeden Raum einzeln hinzugef\u00fcgt werden.<\/p>\n\n\n\n<p>Wenn Sie den Warteraum deaktivieren, wird die Willkommensnachricht gespeichert und automatisch wieder angezeigt, sobald Sie den Warteraum wieder aktivieren.<\/p>\n\n\n\n<div class=\"wp-block-columns is-layout-flex wp-container-core-columns-is-layout-9d6595d7 wp-block-columns-is-layout-flex\">\n<div class=\"wp-block-column is-layout-flow wp-block-column-is-layout-flow\">\n<h3 class=\"wp-block-heading\" class=\"wp-block-heading\" id=\"in-der-alfaview-app\">In der alfaview-App<a href=\"#in-der-alfaview-app\" class=\"av-heading-anchor\"><i class=\"bi bi-link\"><\/i><\/a><\/h3>\n\n\n\n<ul class=\"wp-block-list\">\n<li>\u00d6ffnen Sie die <img loading=\"lazy\" decoding=\"async\" width=\"20\" height=\"20\" class=\"wp-image-2100\" style=\"width: 20px;\" src=\"https:\/\/cp-prod-wordpress.alfa.sx\/wp-content\/uploads\/2023\/12\/icon-participants.png\" alt=\"\"> <strong>Teilnehmerliste<\/strong> im Funktionsmen\u00fc.<\/li>\n\n\n\n<li>Gehen Sie in den Reiter <img loading=\"lazy\" decoding=\"async\" width=\"20\" height=\"20\" class=\"wp-image-3724\" style=\"width: 20px;\" src=\"https:\/\/cp-prod-wordpress.alfa.sx\/wp-content\/uploads\/2024\/05\/Waitingroom-Icon.png\" alt=\"\"> <strong>Warteraum<\/strong>.<\/li>\n\n\n\n<li>\u00d6ffnen Sie dort das Kontextmen\u00fc <img loading=\"lazy\" decoding=\"async\" width=\"20\" height=\"20\" class=\"wp-image-2122\" style=\"width: 20px;\" src=\"https:\/\/cp-prod-wordpress.alfa.sx\/wp-content\/uploads\/2023\/12\/dots.png\" alt=\"\"> des Warteraums.<\/li>\n\n\n\n<li>Klicken Sie auf die Schaltfl\u00e4che <button class=\"av-button av-button--default\">Willkommensnachricht bearbeiten<\/button>.<\/li>\n\n\n\n<li>Klicken Sie in das Eingabefeld und geben Sie Ihre Willkommensnachricht ein.<\/li>\n\n\n\n<li>Best\u00e4tigen Sie Ihre Eingabe mit einem Klick auf die Schaltfl\u00e4che <button class=\"av-button--primary av-button\">Speichern<\/button>.<\/li>\n<\/ul>\n\n\n\n<p>Sie werden darauf aufmerksam gemacht, wenn andere Moderator:innen zeitgleich mit Ihnen die Willkommensnachricht aktualisieren. Auf diese Weise wird sichergestellt, dass es zu keiner \u00dcberschreibung kommt.<\/p>\n<\/div>\n\n\n\n<div class=\"wp-block-column is-layout-flow wp-block-column-is-layout-flow\" style=\"flex-basis:250px\">\n<div style=\"height:50px\" aria-hidden=\"true\" class=\"wp-block-spacer\"><\/div>\n\n\n\n<figure class=\"wp-block-image size-full\"><a href=\"https:\/\/cp-prod-wordpress.alfa.sx\/wp-content\/uploads\/2024\/08\/welcome-note-waiting-room-de.png\"><img decoding=\"async\" src=\"https:\/\/cp-prod-wordpress.alfa.sx\/wp-content\/uploads\/2024\/08\/welcome-note-waiting-room-de.png\" alt=\"Screenshot der Option &quot;Willkommensnachricht bearbeiten&quot; in der alfaview-App\" class=\"wp-image-4806\"\/><\/a><figcaption class=\"wp-element-caption\">Willkommensnachricht bearbeiten<\/figcaption><\/figure>\n<\/div>\n<\/div>\n\n\n\n<div class=\"wp-block-alfaview-callout\">\n<p>Bitte beachten Sie:<\/p>\n\n\n\n<ul class=\"wp-block-list\">\n<li>Die Nachricht darf eine maximale Zeichenanzahl von 300 nicht \u00fcberschreiten.<\/li>\n\n\n\n<li>Eine Formatierung mithilfe von HTML-Tags und Zeilenumbr\u00fcchen ist nicht m\u00f6glich.<\/li>\n<\/ul>\n<\/div>\n\n\n\n<h3 class=\"wp-block-heading\" class=\"wp-block-heading\" id=\"in-der-verwaltung\">In der Verwaltung<a href=\"#in-der-verwaltung\" class=\"av-heading-anchor\"><i class=\"bi bi-link\"><\/i><\/a><\/h3>\n\n\n\n<div class=\"wp-block-columns is-not-stacked-on-mobile is-layout-flex wp-container-core-columns-is-layout-9d6595d7 wp-block-columns-is-layout-flex\">\n<div class=\"wp-block-column is-layout-flow wp-block-column-is-layout-flow\">\n<p>Als Raumadministrator:in k\u00f6nnen Sie die Willkommensnachricht auch in den <a href=\"https:\/\/cp-prod-wordpress.alfa.sx\/de\/administration\/room-management\/room-features\/\">Raum-Features<\/a> aktualisieren.<\/p>\n\n\n\n<ul class=\"wp-block-list\">\n<li>Melden Sie sich auf der <a href=\"https:\/\/app.alfaview.com\/#\/welcome\">Verwaltungsseite<\/a> Ihres alfaview-Kontos an.<\/li>\n\n\n\n<li>Klicken Sie im Men\u00fc links neben der Verwaltungsoberfl\u00e4che auf <strong>R\u00e4ume<\/strong>.<\/li>\n\n\n\n<li>W\u00e4hlen Sie in der Liste Ihrer alfaview-R\u00e4ume den Raum aus, f\u00fcr den Sie den Warteraum aktivieren m\u00f6chten.<\/li>\n\n\n\n<li>\u00d6ffnen Sie anschlie\u00dfend die <img loading=\"lazy\" decoding=\"async\" width=\"20\" height=\"20\" class=\"wp-image-2116\" style=\"width: 20px;\" src=\"https:\/\/cp-prod-wordpress.alfa.sx\/wp-content\/uploads\/2023\/12\/icon-settings.png\" alt=\"\"> <strong>Einstellungen<\/strong> und wechseln Sie den Reiter <strong>Features<\/strong>.<\/li>\n\n\n\n<li>Klicken Sie auf die Schaltfl\u00e4che <button class=\"av-button av-button--default\">Willkommensnachricht bearbeiten<\/button>.<\/li>\n\n\n\n<li>Geben Sie Ihre Willkommensnachricht in das Textfeld ein.<\/li>\n\n\n\n<li>Best\u00e4tigen Sie die \u00c4nderungen mit einem Klick auf die Schaltfl\u00e4che <button class=\"av-button--primary av-button\">Speichern<\/button>.<\/li>\n<\/ul>\n<\/div>\n\n\n\n<div class=\"wp-block-column is-layout-flow wp-block-column-is-layout-flow\" style=\"flex-basis:250px\">\n<div style=\"height:50px\" aria-hidden=\"true\" class=\"wp-block-spacer\"><\/div>\n\n\n\n<figure class=\"wp-block-image size-full\"><a href=\"https:\/\/cp-prod-wordpress.alfa.sx\/wp-content\/uploads\/2024\/08\/edit-welcome-note-waiting-room-administration-de.png\"><img loading=\"lazy\" decoding=\"async\" width=\"491\" height=\"346\" src=\"https:\/\/cp-prod-wordpress.alfa.sx\/wp-content\/uploads\/2024\/08\/edit-welcome-note-waiting-room-administration-de.png\" alt=\"Screenshot der Bearbeitung der Willkommensnachricht in den Raum-Features\" class=\"wp-image-4836\" srcset=\"https:\/\/cp-prod-wordpress.alfa.sx\/wp-content\/uploads\/2024\/08\/edit-welcome-note-waiting-room-administration-de.png 491w, https:\/\/cp-prod-wordpress.alfa.sx\/wp-content\/uploads\/2024\/08\/edit-welcome-note-waiting-room-administration-de-300x211.png 300w\" sizes=\"auto, (max-width: 491px) 100vw, 491px\" \/><\/a><figcaption class=\"wp-element-caption\">Bearbeiten Sie die Willkommensnachricht in den Raum-Features<\/figcaption><\/figure>\n<\/div>\n<\/div>\n\n\n\n<h2 class=\"wp-block-heading\" class=\"wp-block-heading\" id=\"wartende-personen-zulassen\">Wartende Personen zulassen<a href=\"#wartende-personen-zulassen\" class=\"av-heading-anchor\"><i class=\"bi bi-link\"><\/i><\/a><\/h2>\n\n\n\n<p>Als Moderator:in werden Sie durch einen Ton und einen Hinweistext dar\u00fcber informiert, dass sich Personen im Warteraum befinden. Zus\u00e4tzlich erscheint ein rot hinterlegter Hinweis unter dem Symbol <img loading=\"lazy\" decoding=\"async\" width=\"20\" height=\"20\" class=\"wp-image-2100\" style=\"width: 20px;\" src=\"https:\/\/cp-prod-wordpress.alfa.sx\/wp-content\/uploads\/2023\/12\/icon-participants.png\" alt=\"\"> <strong>Teilnehmerliste <\/strong>im Funktionsmen\u00fc.<\/p>\n\n\n\n<div class=\"wp-block-columns is-not-stacked-on-mobile is-layout-flex wp-container-core-columns-is-layout-9d6595d7 wp-block-columns-is-layout-flex\">\n<div class=\"wp-block-column is-layout-flow wp-block-column-is-layout-flow\">\n<ul class=\"wp-block-list\">\n<li>\u00d6ffnen Sie die Teilnehmerliste im Funktionsmen\u00fc. Klicken Sie daf\u00fcr auf das Symbol <img loading=\"lazy\" decoding=\"async\" width=\"20\" height=\"20\" class=\"wp-image-2100\" style=\"width: 20px;\" src=\"https:\/\/cp-prod-wordpress.alfa.sx\/wp-content\/uploads\/2023\/12\/icon-participants.png\" alt=\"\"> <strong>Teilnehmerliste<\/strong>.<\/li>\n\n\n\n<li>Klicken Sie auf den Reiter <img loading=\"lazy\" decoding=\"async\" width=\"20\" height=\"20\" class=\"wp-image-3724\" style=\"width: 20px;\" src=\"https:\/\/cp-prod-wordpress.alfa.sx\/wp-content\/uploads\/2024\/05\/Waitingroom-Icon.png\" alt=\"\"> <strong>Warteraum<\/strong>, um alle wartenden Teilnehmer:innen zu sehen.<\/li>\n\n\n\n<li>W\u00e4hlen Sie die Person, die Sie zulassen m\u00f6chten, und klicken Sie auf die Schaltfl\u00e4che <button class=\"av-button av-button--primary\">Zulassen<\/button>, die neben dem Namen erscheint, wenn Sie die Maus \u00fcber den Namen bewegen.<\/li>\n<\/ul>\n\n\n\n<h3 class=\"wp-block-heading\" class=\"wp-block-heading\" id=\"mehrere-personen-gleichzeitig-zulassen\">Mehrere Personen gleichzeitig zulassen<a href=\"#mehrere-personen-gleichzeitig-zulassen\" class=\"av-heading-anchor\"><i class=\"bi bi-link\"><\/i><\/a><\/h3>\n\n\n\n<ul class=\"wp-block-list\">\n<li>Setzen Sie Haken in die K\u00e4stchen vor den Namen jener Personen, die Sie zulassen m\u00f6chten. Um alle Personen auszuw\u00e4hlen, setzen Sie einen Haken im K\u00e4stchen <strong>Alle ausw\u00e4hlen<\/strong>.<\/li>\n\n\n\n<li>Klicken Sie anschlie\u00dfend auf die Schaltfl\u00e4che <button class=\"av-button av-button--primary\">Auswahl zulassen<\/button>.<\/li>\n<\/ul>\n\n\n\n<h3 class=\"wp-block-heading\" class=\"wp-block-heading\" id=\"sortierung-aendern\">Sortierung \u00e4ndern<a href=\"#sortierung-aendern\" class=\"av-heading-anchor\"><i class=\"bi bi-link\"><\/i><\/a><\/h3>\n\n\n\n<ul class=\"wp-block-list\">\n<li>Klicken Sie auf das Kontextmen\u00fc <img loading=\"lazy\" decoding=\"async\" width=\"20\" height=\"20\" class=\"wp-image-2122\" style=\"width: 20px;\" src=\"https:\/\/cp-prod-wordpress.alfa.sx\/wp-content\/uploads\/2023\/12\/dots.png\" alt=\"\"> im unteren Bereich des Reiters.<\/li>\n\n\n\n<li>W\u00e4hlen Sie zwischen den Sortierungen <strong>Nach Ankunftszeit sortieren<\/strong> und <strong>Nach Namen sortieren<\/strong>.<\/li>\n<\/ul>\n<\/div>\n\n\n\n<div class=\"wp-block-column is-layout-flow wp-block-column-is-layout-flow\" style=\"flex-basis:250px\">\n<figure class=\"wp-block-video\"><video height=\"1696\" style=\"aspect-ratio: 856 \/ 1696;\" width=\"856\" autoplay loop muted src=\"https:\/\/cp-prod-wordpress.alfa.sx\/wp-content\/uploads\/2024\/05\/admit-participants-de.mov\" playsinline><\/video><figcaption class=\"wp-element-caption\">Teilnehmer:innen zu alfaview-Raum zulassen<\/figcaption><\/figure>\n<\/div>\n<\/div>\n\n\n\n<div class=\"wp-block-alfaview-callout\">\n<p>Zugelassene Teilnehmer:innen betreten immer den Hauptraum, auch wenn die Moderator:innen sich in einer Untergruppe befinden.<br>Wenn der Warteraum ausgeschaltet wird, werden wartende Teilnehmer:innen nicht automatisch zugelassen. Diese Teilnehmer:innen m\u00fcssen weiterhin von Ihnen zugelassen werden, um den alfaview-Raum betreten zu k\u00f6nnen.<\/p>\n<\/div>\n\n\n\n<h2 class=\"wp-block-heading\" class=\"wp-block-heading\" id=\"wartenden-personen-beitreten\">Wartenden Personen beitreten<a href=\"#wartenden-personen-beitreten\" class=\"av-heading-anchor\"><i class=\"bi bi-link\"><\/i><\/a><\/h2>\n\n\n\n<div class=\"wp-block-columns is-not-stacked-on-mobile is-layout-flex wp-container-core-columns-is-layout-9d6595d7 wp-block-columns-is-layout-flex\">\n<div class=\"wp-block-column is-layout-flow wp-block-column-is-layout-flow\">\n<p>Betreten Sie als Moderator:in den Warteraum und sprechen Sie mit wartenden Personen, bevor diese zum alfaview-Raum zugelassen werden. Tauschen Sie so vorab Informationen aus, f\u00fchren Sie ein Gespr\u00e4ch oder verifizieren Sie die Identit\u00e4t der wartenden Person.<\/p>\n\n\n\n<p><strong>Gruppe einer wartenden Person betreten:<\/strong><\/p>\n\n\n\n<ul class=\"wp-block-list\">\n<li>Klicken Sie auf das Kontextmen\u00fc <img loading=\"lazy\" decoding=\"async\" width=\"20\" height=\"20\" class=\"wp-image-2122\" style=\"width: 20px;\" src=\"https:\/\/cp-prod-wordpress.alfa.sx\/wp-content\/uploads\/2023\/12\/dots.png\" alt=\"\"> des Warteraums im unteren Bereich des Reiters <img loading=\"lazy\" decoding=\"async\" width=\"20\" height=\"20\" class=\"wp-image-3724\" style=\"width: 20px;\" src=\"https:\/\/cp-prod-wordpress.alfa.sx\/wp-content\/uploads\/2024\/05\/Waitingroom-Icon.png\" alt=\"\"> <strong>Warteraum<\/strong>.<\/li>\n\n\n\n<li>Klicken Sie auf die Schaltfl\u00e4che <button class=\"av-button av-button--default\">Wartenden Personen beitreten<\/button>.<\/li>\n\n\n\n<li>W\u00e4hlen Sie nun die Gruppe der wartenden Person aus, mit der Sie sprechen m\u00f6chten.<\/li>\n\n\n\n<li>Klicken Sie neben dem Gruppennamen auf die Schaltfl\u00e4che <button class=\"av-button av-button--primary\">Betreten<\/button>.<\/li>\n\n\n\n<li>Sobald Sie und die wartende Person eine Warteraumgruppe betreten haben, k\u00f6nnen Sie \u00fcber Ihre Mikrofone, Kameras oder den Chat miteinander kommunizieren.<\/li>\n\n\n\n<li>Nachdem Sie Ihr Gespr\u00e4ch beendet haben, k\u00f6nnen Sie den Warteraum in der Teilnehmerliste \u00fcber den Reiter  <img loading=\"lazy\" decoding=\"async\" width=\"20\" height=\"20\" class=\"wp-image-2100\" style=\"width: 20px;\" src=\"https:\/\/cp-prod-wordpress.alfa.sx\/wp-content\/uploads\/2023\/12\/icon-participants.png\" alt=\"\"> <strong>Raum<\/strong> verlassen.<\/li>\n\n\n\n<li>W\u00e4hlen Sie dort die Gruppe aus, die Sie betreten m\u00f6chten. Klicken Sie dann neben dem Namen der Gruppe auf die Schaltfl\u00e4che <button class=\"av-button av-button--primary\">Betreten<\/button>.<\/li>\n\n\n\n<li>Die wartende Person befindet sich anschlie\u00dfend wieder im Warteraum und muss von einer Person mit Moderationsrechten zum alfaview-Raum zugelassen werden.<\/li>\n<\/ul>\n<\/div>\n\n\n\n<div class=\"wp-block-column is-layout-flow wp-block-column-is-layout-flow\" style=\"flex-basis:250px\">\n<figure class=\"wp-block-video\"><video height=\"1696\" style=\"aspect-ratio: 856 \/ 1696;\" width=\"856\" autoplay controls loop muted src=\"https:\/\/cp-prod-wordpress.alfa.sx\/wp-content\/uploads\/2024\/06\/join-waiting-room-de.mov\" playsinline><\/video><figcaption class=\"wp-element-caption\">Warteraum betreten<\/figcaption><\/figure>\n<\/div>\n<\/div>\n\n\n\n<div class=\"wp-block-alfaview-callout\">\n<p>W\u00e4hrend Sie sich in einer Gruppe des Warteraums befinden, k\u00f6nnen Sie sowohl die Teilnehmenden im urspr\u00fcnglichen alfaview-Raum als auch die Person im Warteraum mithilfe der <a href=\"https:\/\/cp-prod-wordpress.alfa.sx\/de\/alfaview-app\/alfaview-room\/moderator-controls\/\">Moderationsfunktionen<\/a> verwalten.<\/p>\n<\/div>\n\n\n\n<div class=\"wp-block-columns is-not-stacked-on-mobile is-layout-flex wp-container-core-columns-is-layout-9d6595d7 wp-block-columns-is-layout-flex\">\n<div class=\"wp-block-column is-layout-flow wp-block-column-is-layout-flow\" style=\"flex-basis:50px\">\n<button class=\"wp-block-alfaview-button av-button-main-menu av-button-blue\" disabled><i class=\"icon icon-ic_account_supervisor_circle_24dp\"><\/i><\/button>\n<\/div>\n\n\n\n<div class=\"wp-block-column is-layout-flow wp-block-column-is-layout-flow\">\n<p>Wenn neben dem Namen einer Person im Warteraum das Symbol <strong>Beratung mit Moderation<\/strong> angezeigt wird, befindet sich mindestens ein Moderator oder eine Moderatorin in der Warteraumsgruppe dieser Person.<br>Als Moderator:in k\u00f6nnen Sie dieser Gruppe ebenfalls beitreten oder der wartenden Person mit einem Klick auf die Schaltfl\u00e4che <button class=\"av-button av-button--primary\">Zulassen<\/button> den Zugang zum alfaview-Raum gew\u00e4hren.<\/p>\n<\/div>\n<\/div>\n","protected":false},"excerpt":{"rendered":"<p>Damit Sie den Warteraum nutzen k\u00f6nnen, ben\u00f6tigen Sie die alfaview-Version 8.68 oder neuer. Mit der alfaview-Version 9.11.0 ist es m\u00f6glich, dass Moderator:innen den Warteraum einzelner Wartender betreten und mit ihnen sprechen, bevor Sie die Wartenden [&hellip;]<\/p>\n","protected":false},"author":2,"featured_media":0,"parent":933,"menu_order":10,"comment_status":"closed","ping_status":"closed","template":"","meta":{"footnotes":""},"class_list":["post-1069","page","type-page","status-publish","hentry"],"_links":{"self":[{"href":"https:\/\/cp-prod-wordpress.alfa.sx\/de\/wp-json\/wp\/v2\/pages\/1069","targetHints":{"allow":["GET"]}}],"collection":[{"href":"https:\/\/cp-prod-wordpress.alfa.sx\/de\/wp-json\/wp\/v2\/pages"}],"about":[{"href":"https:\/\/cp-prod-wordpress.alfa.sx\/de\/wp-json\/wp\/v2\/types\/page"}],"author":[{"embeddable":true,"href":"https:\/\/cp-prod-wordpress.alfa.sx\/de\/wp-json\/wp\/v2\/users\/2"}],"replies":[{"embeddable":true,"href":"https:\/\/cp-prod-wordpress.alfa.sx\/de\/wp-json\/wp\/v2\/comments?post=1069"}],"version-history":[{"count":43,"href":"https:\/\/cp-prod-wordpress.alfa.sx\/de\/wp-json\/wp\/v2\/pages\/1069\/revisions"}],"predecessor-version":[{"id":1070,"href":"https:\/\/cp-prod-wordpress.alfa.sx\/de\/wp-json\/wp\/v2\/pages\/1069\/revisions\/1070"}],"up":[{"embeddable":true,"href":"https:\/\/cp-prod-wordpress.alfa.sx\/de\/wp-json\/wp\/v2\/pages\/933"}],"wp:attachment":[{"href":"https:\/\/cp-prod-wordpress.alfa.sx\/de\/wp-json\/wp\/v2\/media?parent=1069"}],"curies":[{"name":"wp","href":"https:\/\/api.w.org\/{rel}","templated":true}]}}