{"id":1262,"date":"2023-11-20T09:43:03","date_gmt":"2023-11-20T09:43:03","guid":{"rendered":"https:\/\/strange-sammet.82-165-59-152.plesk.page\/?page_id=1262"},"modified":"2025-06-06T12:13:08","modified_gmt":"2025-06-06T12:13:08","slug":"accessibility","status":"publish","type":"page","link":"https:\/\/cp-prod-wordpress.alfa.sx\/de\/alfaview-app\/alfaview-room\/participant-videos-and-presentation-area\/accessibility\/","title":{"rendered":"Barrierefreiheit"},"content":{"rendered":"\n<div class=\"wp-block-columns is-layout-flex wp-container-core-columns-is-layout-9d6595d7 wp-block-columns-is-layout-flex\">\n<div class=\"wp-block-column is-layout-flow wp-block-column-is-layout-flow\">\n<p>Die Anleitung in leichter Sprache erkl\u00e4rt Ihnen, wie Sie alfaview benutzen k\u00f6nnen.<\/p>\n\n\n\n<div class=\"wp-block-file\"><a id=\"wp-block-file--media-7291df0d-d7f2-4c84-bd75-09cb4ebadd31\" href=\"https:\/\/cp-prod-wordpress.alfa.sx\/wp-content\/uploads\/2025\/02\/Anleitung_alfaview_Leichte_Sprache.pdf\">Anleitung_alfaview_Leichte_Sprache<\/a><a href=\"https:\/\/cp-prod-wordpress.alfa.sx\/wp-content\/uploads\/2025\/02\/Anleitung_alfaview_Leichte_Sprache.pdf\" class=\"wp-block-file__button wp-element-button\" download aria-describedby=\"wp-block-file--media-7291df0d-d7f2-4c84-bd75-09cb4ebadd31\">Download<\/a><\/div>\n<\/div>\n<\/div>\n\n\n\n<div class=\"wp-block-alfaview-callout\">\n<p>Seit dem Update auf alfaview 9.0 sind umfangreiche Optionen zur Gew\u00e4hrleistung der Barrierefreiheit verf\u00fcgbar.<br>In diesem Artikel werden die Funktionen zur Barrierefreiheit vorgestellt und erkl\u00e4rt.<br>Sie finden alle Funktionen in alfaview in den Einstellungen unter \u201cBarrierefreiheit\u201d.<br>Weitere Informationen zum kompletten Update erhalten Sie in unseren&nbsp;<a href=\"https:\/\/cp-prod-wordpress.alfa.sx\/de\/release-notes\/#alfaview-client-version-9-0-3-31-07-2023\"><strong>Versionshinweisen<\/strong><\/a>.<\/p>\n<\/div>\n\n\n\n<h2 class=\"wp-block-heading\" class=\"wp-block-heading\" id=\"tastaturnavigation\">Tastaturnavigation<a href=\"https:\/\/cp-prod-wordpress.alfa.sx\/de\/alfaview-app\/accessibility\/#tastatur-navigation\"><\/a><a href=\"https:\/\/cp-prod-wordpress.alfa.sx\/en\/alfaview-app\/accessibility\/#screen-reader\"><\/a><a href=\"#tastaturnavigation\" class=\"av-heading-anchor\"><i class=\"bi bi-link\"><\/i><\/a><\/h2>\n\n\n<div class=\"wp-block-image\">\n<figure class=\"alignright size-full is-resized\"><a href=\"https:\/\/cp-prod-wordpress.alfa.sx\/wp-content\/uploads\/2023\/11\/accessibility-keyboard-de.png\"><img loading=\"lazy\" decoding=\"async\" width=\"327\" height=\"265\" src=\"https:\/\/cp-prod-wordpress.alfa.sx\/wp-content\/uploads\/2023\/11\/accessibility-keyboard-de.png\" alt=\"Die Optionen zur Tastaturnavigation: Tab-Navigation und Tab-Pfeiltasten-Navigation\" class=\"wp-image-1271\" style=\"width:250px\" srcset=\"https:\/\/cp-prod-wordpress.alfa.sx\/wp-content\/uploads\/2023\/11\/accessibility-keyboard-de.png 327w, https:\/\/cp-prod-wordpress.alfa.sx\/wp-content\/uploads\/2023\/11\/accessibility-keyboard-de-300x243.png 300w\" sizes=\"auto, (max-width: 327px) 100vw, 327px\" \/><\/a><figcaption class=\"wp-element-caption\">Auswahlm\u00f6glichkeiten der Tastaturnavigation<\/figcaption><\/figure>\n<\/div>\n\n\n<p>Mithilfe der Tastaturnavigation k\u00f6nnen Benutzer:innen alfaview schnell und einfach auch ohne Maus bedienen.<br>In den Einstellungen k\u00f6nnen Sie zwischen zwei Navigationsarten w\u00e4hlen:<\/p>\n\n\n\n<ul class=\"wp-block-list\">\n<li><strong>Tab-Navigation<\/strong><br>Hier kann mit der \u201eTab\u201c-Taste auf alle Steuerelemente zugegriffen werden.<\/li>\n\n\n\n<li><strong>Tab-Pfeiltasten-Navigation<\/strong><br>Hier werden Gruppen mit der \u201eTab\u201c-Taste fokussiert w\u00e4hrend Elemente mit den Pfeiltasten navigiert werden.<\/li>\n<\/ul>\n\n\n<div class=\"wp-block-image\">\n<figure class=\"alignright size-full is-resized\"><a href=\"https:\/\/cp-prod-wordpress.alfa.sx\/wp-content\/uploads\/2023\/11\/accessibility-font-size-ui-de.png\"><img loading=\"lazy\" decoding=\"async\" width=\"328\" height=\"288\" src=\"https:\/\/cp-prod-wordpress.alfa.sx\/wp-content\/uploads\/2023\/11\/accessibility-font-size-ui-de.png\" alt=\"Die verschiedenen Optionen f\u00fcr die Schriftgr\u00f6\u00dfe der Benutzeroberfl\u00e4che: Standard, 120%, 135% und 150%\" class=\"wp-image-1269\" style=\"width:250px\" srcset=\"https:\/\/cp-prod-wordpress.alfa.sx\/wp-content\/uploads\/2023\/11\/accessibility-font-size-ui-de.png 328w, https:\/\/cp-prod-wordpress.alfa.sx\/wp-content\/uploads\/2023\/11\/accessibility-font-size-ui-de-300x263.png 300w\" sizes=\"auto, (max-width: 328px) 100vw, 328px\" \/><\/a><figcaption class=\"wp-element-caption\">Skalierung der Schriftgr\u00f6\u00dfe der Benutzeroberfl\u00e4che<\/figcaption><\/figure>\n<\/div>\n\n\n<h2 class=\"wp-block-heading\" class=\"wp-block-heading\" id=\"schriftgroesse-der-benutzeroberflaeche\">Schriftgr\u00f6\u00dfe der Benutzeroberfl\u00e4che<a href=\"#schriftgroesse-der-benutzeroberflaeche\" class=\"av-heading-anchor\"><i class=\"bi bi-link\"><\/i><\/a><\/h2>\n\n\n\n<p>Mit dieser Einstellung ver\u00e4ndern Sie die Schriftgr\u00f6\u00dfe in der Benutzeroberfl\u00e4che. Sie k\u00f6nnen zwischen den Einstellungsgr\u00f6\u00dfen <strong>Standard, 120 %, 135 %<\/strong> und <strong>150 %<\/strong> w\u00e4hlen.<a href=\"https:\/\/cp-prod-wordpress.alfa.sx\/de\/alfaview-app\/accessibility\/#schriftgr%C3%B6%C3%9Fe-der-benutzeroberfl%C3%A4che\"><\/a><\/p>\n\n\n\n<h2 class=\"wp-block-heading\" class=\"wp-block-heading\" id=\"schriftgroesse-des-chats\">Schriftgr\u00f6\u00dfe des Chats<a href=\"#schriftgroesse-des-chats\" class=\"av-heading-anchor\"><i class=\"bi bi-link\"><\/i><\/a><\/h2>\n\n\n\n<p>Mit dieser Einstellung ver\u00e4ndern Sie die Schriftgr\u00f6\u00dfe der Gruppennachrichten und privaten Nachrichten. W\u00e4hlen Sie zwischen den Einstellungsgr\u00f6\u00dfen <strong>Automatisch, 120 %, 150 %<\/strong> und <strong>200 %<\/strong>.<\/p>\n\n\n<div class=\"wp-block-image\">\n<figure class=\"alignright size-full is-resized\"><a href=\"https:\/\/cp-prod-wordpress.alfa.sx\/wp-content\/uploads\/2023\/11\/accessibility-font-size-chat-de.png\"><img loading=\"lazy\" decoding=\"async\" width=\"332\" height=\"289\" src=\"https:\/\/cp-prod-wordpress.alfa.sx\/wp-content\/uploads\/2023\/11\/accessibility-font-size-chat-de.png\" alt=\"Die verschiedenen Optionen f\u00fcr die Schriftgr\u00f6\u00dfe im Chat: Standard, 120%, 150% und 200%\" class=\"wp-image-1273\" style=\"width:250px\" srcset=\"https:\/\/cp-prod-wordpress.alfa.sx\/wp-content\/uploads\/2023\/11\/accessibility-font-size-chat-de.png 332w, https:\/\/cp-prod-wordpress.alfa.sx\/wp-content\/uploads\/2023\/11\/accessibility-font-size-chat-de-300x261.png 300w\" sizes=\"auto, (max-width: 332px) 100vw, 332px\" \/><\/a><figcaption class=\"wp-element-caption\">Skalierung der Schriftgr\u00f6\u00dfe des Chats<\/figcaption><\/figure>\n<\/div>\n\n\n<h2 class=\"wp-block-heading\" class=\"wp-block-heading\" id=\"screenreader\">Screenreader<a href=\"#screenreader\" class=\"av-heading-anchor\"><i class=\"bi bi-link\"><\/i><\/a><\/h2>\n\n\n\n<p>alfaview bietet eine umfassende Unterst\u00fctzung f\u00fcr Screenreader-Anwendungen in der Desktop- und den mobilen Apps.<br>F\u00fcr den Webclient steht diese Funktion vorerst noch nicht zur Verf\u00fcgung.<br>Wenn Sie auf Screenreader angewiesen sind, k\u00f6nnen Sie problemlos durch alfaview navigieren, an Besprechungen teilnehmen und Sprachbenachrichtigungen \u00fcber Ereignisse w\u00e4hrend der Besprechung erhalten.<br>alfaview unterst\u00fctzt alle g\u00e4ngigen Screenreader-Anwendungen wie JAWS, NVDA, VoiceOver und TalkBack.<\/p>\n\n\n\n<p>Die Screenreader-Unterst\u00fctzung umfasst folgende Funktionen:<\/p>\n\n\n<div class=\"wp-block-image\">\n<figure class=\"alignright size-full is-resized\"><a href=\"https:\/\/cp-prod-wordpress.alfa.sx\/wp-content\/uploads\/2023\/11\/accessibility-screenreader-de.png\"><img loading=\"lazy\" decoding=\"async\" width=\"328\" height=\"379\" src=\"https:\/\/cp-prod-wordpress.alfa.sx\/wp-content\/uploads\/2023\/11\/accessibility-screenreader-de.png\" alt=\"Eine Liste aller Screenreader-Ank\u00fcndigungen, die im alfaview-Raum vorgelesen werden k\u00f6nnen\" class=\"wp-image-1275\" style=\"width:250px\" srcset=\"https:\/\/cp-prod-wordpress.alfa.sx\/wp-content\/uploads\/2023\/11\/accessibility-screenreader-de.png 328w, https:\/\/cp-prod-wordpress.alfa.sx\/wp-content\/uploads\/2023\/11\/accessibility-screenreader-de-260x300.png 260w\" sizes=\"auto, (max-width: 328px) 100vw, 328px\" \/><\/a><figcaption class=\"wp-element-caption\">Auswahlm\u00f6glichkeiten der Screenreader-Ank\u00fcndigungen<\/figcaption><\/figure>\n<\/div>\n\n\n<ul class=\"wp-block-list\">\n<li><strong>Benachrichtigung \u00fcber Teilnehmeraktivit\u00e4ten:<\/strong><br>Der Screenreader benachrichtigt, wenn andere Benutzer:innen den Raum betreten oder verlassen haben.<\/li>\n\n\n\n<li><strong>Benachrichtigung \u00fcber und Vorlesen von privaten Nachrichten:<\/strong><br>Der Screenreader benachrichtigt \u00fcber den Eingang privater Nachrichten und liest deren Inhalt vor, um Nutzer:innen von Screenreader-Anwendungen die pers\u00f6nliche Kommunikation zu erleichtern.<\/li>\n\n\n\n<li><strong>Identifikation der aktiven Sprecher:innen:<\/strong><br>Der Screenreader identifiziert und liest den Namen der sprechenden Person vor, um Benutzer:innen dar\u00fcber zu informieren, wer gerade spricht.<\/li>\n\n\n\n<li><strong>Benachrichtigung \u00fcber und Vorlesen von Gruppennachrichten:<\/strong><br>Der Screenreader benachrichtigt \u00fcber den Eingang von Gruppennachrichten und liest deren Inhalt vor. Dies stellt sicher, dass Nutzer:innen von Screenreader-Anwendungen der Gruppenkommunikation folgen k\u00f6nnen.<\/li>\n\n\n\n<li><strong>Kontinuierliches Vorlesen von \u00dcbersetzungen:<\/strong><br>Wenn in Meetings die \u00dcbersetzungsdienste aktiviert sind, liest der Screenreader den Inhalt kontinuierlich vor. Diese Funktion unterst\u00fctzt alle Benutzer:innen, die auf diese akustischen Informationen angewiesen sind.<\/li>\n\n\n\n<li><strong>Schnelle Navigation:<\/strong><br>Der Screenreader unterst\u00fctzt Benutzer:innen bei der Navigation durch alfaview. Alle Elemente der Benutzeroberfl\u00e4che werden vorgelesen. Dies erleichtert die Navigation in der Anwendung, das Starten oder Betreten von alfaview-R\u00e4umen und den Zugriff auf verschiedene Funktionen.<\/li>\n<\/ul>\n\n\n\n<h2 class=\"wp-block-heading\" class=\"wp-block-heading\" id=\"barrierefreie-darstellung\">Barrierefreie Darstellung<a href=\"https:\/\/cp-prod-wordpress.alfa.sx\/de\/alfaview-app\/accessibility\/#barrierefreie-darstellung\"><\/a><a href=\"https:\/\/cp-prod-wordpress.alfa.sx\/en\/alfaview-app\/accessibility\/#keyboard-navigation\"><\/a><a href=\"#barrierefreie-darstellung\" class=\"av-heading-anchor\"><i class=\"bi bi-link\"><\/i><\/a><\/h2>\n\n\n<div class=\"wp-block-image\">\n<figure class=\"alignright size-large is-resized\"><a href=\"https:\/\/cp-prod-wordpress.alfa.sx\/wp-content\/uploads\/2023\/11\/high-contrast-de.png\"><img loading=\"lazy\" decoding=\"async\" width=\"1024\" height=\"555\" src=\"https:\/\/cp-prod-wordpress.alfa.sx\/wp-content\/uploads\/2023\/11\/high-contrast-de-1024x555.png\" alt=\"alfaview-Raum in der barrierefreien Darstellung\" class=\"wp-image-1259\" style=\"width:250px\" srcset=\"https:\/\/cp-prod-wordpress.alfa.sx\/wp-content\/uploads\/2023\/11\/high-contrast-de-1024x555.png 1024w, https:\/\/cp-prod-wordpress.alfa.sx\/wp-content\/uploads\/2023\/11\/high-contrast-de-300x163.png 300w, https:\/\/cp-prod-wordpress.alfa.sx\/wp-content\/uploads\/2023\/11\/high-contrast-de-768x416.png 768w, https:\/\/cp-prod-wordpress.alfa.sx\/wp-content\/uploads\/2023\/11\/high-contrast-de-1536x832.png 1536w, https:\/\/cp-prod-wordpress.alfa.sx\/wp-content\/uploads\/2023\/11\/high-contrast-de.png 1920w\" sizes=\"auto, (max-width: 1024px) 100vw, 1024px\" \/><\/a><figcaption class=\"wp-element-caption\">Barrierefreie Darstellung<\/figcaption><\/figure>\n<\/div>\n\n\n<p>Verbesserter Kontrast und universelles Design:<br>Das kontrastreiche Design der Benutzeroberfl\u00e4che erleichtert die allgemeine Navigation und die Textlesbarkeit.<br>Mit dieser Einstellung werden die einzelnen Elemente der Benutzeroberfl\u00e4che klar abgegrenzt dargestellt und erleichtert dadurch das Ausw\u00e4hlen mit Maus und\/oder Tastatur.<\/p>\n\n\n\n<h2 class=\"wp-block-heading\" class=\"wp-block-heading\" id=\"responsive-registerkarten\">Responsive Registerkarten<a href=\"https:\/\/cp-prod-wordpress.alfa.sx\/de\/alfaview-app\/accessibility\/#responsive-registerkarten\"><\/a><a href=\"https:\/\/cp-prod-wordpress.alfa.sx\/en\/alfaview-app\/accessibility\/#improved-contrast-and-universal-design\"><\/a><a href=\"#responsive-registerkarten\" class=\"av-heading-anchor\"><i class=\"bi bi-link\"><\/i><\/a><\/h2>\n\n\n\n<p>Responsive Registerkarten zeigen Inhalte nebeneinander an, wenn gen\u00fcgend Platz vorhanden ist. So k\u00f6nnen Sie beispielsweise den Chat auf der rechten Seite der App \u00f6ffnen und gleichzeitig die Videos der anderen Teilnehmenden sehen. Auf diese Weise k\u00f6nnen Sie alle Funktionen nutzen, ohne etwas von der Konferenz zu verpassen.<\/p>\n\n\n\n<h2 class=\"wp-block-heading\" class=\"wp-block-heading\" id=\"tastaturkuerzel\">Tastaturk\u00fcrzel<a href=\"https:\/\/cp-prod-wordpress.alfa.sx\/en\/alfaview-app\/accessibility\/#keyboard-shortcuts\"><\/a><a href=\"#tastaturkuerzel\" class=\"av-heading-anchor\"><i class=\"bi bi-link\"><\/i><\/a><\/h2>\n\n\n\n<p>Benutzerfreundliche Tastaturk\u00fcrzel erleichtern die Interaktion mit alfaview und erm\u00f6glichen einen schnellen Zugriff auf Bedienelemente.<br>Eine umfassende Dokumentation ist direkt in der alfaview-Desktopanwendung und im Artikel&nbsp;<a href=\"https:\/\/cp-prod-wordpress.alfa.sx\/de\/alfaview-app\/shortcuts\/\">Tastenk\u00fcrzel<\/a>&nbsp;verf\u00fcgbar.<\/p>\n\n\n\n<h2 class=\"wp-block-heading\" class=\"wp-block-heading\" id=\"willkommensbildschirm\">Willkommensbildschirm<a href=\"https:\/\/cp-prod-wordpress.alfa.sx\/en\/alfaview-app\/accessibility\/#welcome-screen\"><\/a><a href=\"#willkommensbildschirm\" class=\"av-heading-anchor\"><i class=\"bi bi-link\"><\/i><\/a><\/h2>\n\n\n\n<p>Der Willkommensbildschirm erleichtert neuen Benutzer:innen das Onboarding.<br>Sie k\u00f6nnen sich mit alfaview vertraut machen und die Einstellungen der Barrierefreiheit konfigurieren, bevor sie einen alfaview-Raum betreten.<\/p>\n","protected":false},"excerpt":{"rendered":"<p>alfaview steht f\u00fcr eine gelungene barrierefreie digitale Kommunikation. Erfahren Sie hier mehr \u00fcber alle Funktionen, die die Barrierefreiheit unterst\u00fctzen.<\/p>\n","protected":false},"author":5,"featured_media":0,"parent":917,"menu_order":5,"comment_status":"closed","ping_status":"closed","template":"","meta":{"footnotes":""},"class_list":["post-1262","page","type-page","status-publish","hentry"],"_links":{"self":[{"href":"https:\/\/cp-prod-wordpress.alfa.sx\/de\/wp-json\/wp\/v2\/pages\/1262","targetHints":{"allow":["GET"]}}],"collection":[{"href":"https:\/\/cp-prod-wordpress.alfa.sx\/de\/wp-json\/wp\/v2\/pages"}],"about":[{"href":"https:\/\/cp-prod-wordpress.alfa.sx\/de\/wp-json\/wp\/v2\/types\/page"}],"author":[{"embeddable":true,"href":"https:\/\/cp-prod-wordpress.alfa.sx\/de\/wp-json\/wp\/v2\/users\/5"}],"replies":[{"embeddable":true,"href":"https:\/\/cp-prod-wordpress.alfa.sx\/de\/wp-json\/wp\/v2\/comments?post=1262"}],"version-history":[{"count":37,"href":"https:\/\/cp-prod-wordpress.alfa.sx\/de\/wp-json\/wp\/v2\/pages\/1262\/revisions"}],"predecessor-version":[{"id":1263,"href":"https:\/\/cp-prod-wordpress.alfa.sx\/de\/wp-json\/wp\/v2\/pages\/1262\/revisions\/1263"}],"up":[{"embeddable":true,"href":"https:\/\/cp-prod-wordpress.alfa.sx\/de\/wp-json\/wp\/v2\/pages\/917"}],"wp:attachment":[{"href":"https:\/\/cp-prod-wordpress.alfa.sx\/de\/wp-json\/wp\/v2\/media?parent=1262"}],"curies":[{"name":"wp","href":"https:\/\/api.w.org\/{rel}","templated":true}]}}