{"id":1299,"date":"2023-11-20T10:29:39","date_gmt":"2023-11-20T10:29:39","guid":{"rendered":"https:\/\/strange-sammet.82-165-59-152.plesk.page\/?page_id=1299"},"modified":"2023-11-20T11:16:26","modified_gmt":"2023-11-20T11:16:26","slug":"shortcuts","status":"publish","type":"page","link":"https:\/\/cp-prod-wordpress.alfa.sx\/de\/alfaview-app\/alfaview-room\/participant-videos-and-presentation-area\/shortcuts\/","title":{"rendered":"Tastenk\u00fcrzel"},"content":{"rendered":"\n<p>Folgende Tastenk\u00fcrzel k\u00f6nnen in alfaview verwendet werden:<\/p>\n\n\n\n<p><strong><strong>MAC Sondertasten<\/strong><\/strong><\/p>\n\n\n\n<ul class=\"wp-block-list\">\n<li>Befehlstaste (\u2318)<\/li>\n\n\n\n<li>Control-Taste (\u2303)<\/li>\n<\/ul>\n\n\n\n<h3 class=\"wp-block-heading\" class=\"wp-block-heading\" id=\"hauptmenue\">Hauptmen\u00fc<a href=\"https:\/\/cp-prod-wordpress.alfa.sx\/en\/alfaview-app\/shortcuts\/#main-menu\"><\/a><a href=\"#hauptmenue\" class=\"av-heading-anchor\"><i class=\"bi bi-link\"><\/i><\/a><\/h3>\n\n\n\n<figure class=\"wp-block-table is-style-regular\"><table><tbody><tr><td><strong><strong>Funktion<\/strong><\/strong><\/td><td><strong>Windows<\/strong><\/td><td><strong>MAC<\/strong><\/td><\/tr><tr><td>Mikrofon umschalten<\/td><td>Strg + A \/ F5<\/td><td>\u2318 + A \/ F5<\/td><\/tr><tr><td>Kameraoptionen umschalten<\/td><td>Strg + D \/ F6<\/td><td>\u2318 + D \/ F6<\/td><\/tr><tr><td>Bildschirm teilen umschalten<\/td><td>Strg + S \/ F7<\/td><td>\u2318 + S \/ F7<\/td><\/tr><tr><td>Pausenmodus umschalten<\/td><td>Strg + B \/ F8<\/td><td>\u2318 + B \/ F8<\/td><\/tr><\/tbody><\/table><\/figure>\n\n\n\n<h3 class=\"wp-block-heading\" class=\"wp-block-heading\" id=\"sekundaermenue\">Sekund\u00e4rmen\u00fc<a href=\"https:\/\/cp-prod-wordpress.alfa.sx\/en\/alfaview-app\/shortcuts\/#secondary-menu\"><\/a><a href=\"#sekundaermenue\" class=\"av-heading-anchor\"><i class=\"bi bi-link\"><\/i><\/a><\/h3>\n\n\n\n<figure class=\"wp-block-table\"><table><tbody><tr><td><strong><strong>Funktion<\/strong><\/strong><\/td><td><strong>Windows<\/strong><\/td><td><strong>MAC<\/strong><\/td><\/tr><tr><td>Benutzerliste umschalten<\/td><td>Strg\u00a0+ P \/ Strg\u00a0+ 1<\/td><td>\u2318 + P \/ \u2318 + 1<\/td><\/tr><tr><td>Chat umschalten<\/td><td>Strg\u00a0+ G \/ Strg\u00a0+ 2<\/td><td>\u2318 + G \/ \u2318 + 2<\/td><\/tr><tr><td>Transkription umschalten<\/td><td>Strg\u00a0+ T \/ Strg\u00a0+ 3<\/td><td>\u2318 + T \/ \u2318 + 3<\/td><\/tr><tr><td>Toolbox umschalten<\/td><td>Strg\u00a0+ K \/ Strg\u00a0+ 4<\/td><td>\u2318 + K \/ \u2318 + 4<\/td><\/tr><tr><td>Einstellungen umschalten<\/td><td>Strg\u00a0+ O \/ Strg\u00a0+ 5<\/td><td>\u2318 + O \/ \u2318 + 5<\/td><\/tr><tr><td>Raumliste umschalten<\/td><td>Strg\u00a0+ J \/ Strg\u00a0+ 6<\/td><td>\u2318 + J \/ \u2318 + 6<\/td><\/tr><tr><td>Raum verlassen<\/td><td>Strg\u00a0+ E<\/td><td>\u2318 + E<\/td><\/tr><tr><td>Erweiterte Einstellungen umschalten<\/td><td>Strg\u00a0+ ,<\/td><td>\u2318 + ,<\/td><\/tr><\/tbody><\/table><\/figure>\n\n\n\n<h3 class=\"wp-block-heading\" class=\"wp-block-heading\" id=\"toolbar\">Toolbar<a href=\"#toolbar\" class=\"av-heading-anchor\"><i class=\"bi bi-link\"><\/i><\/a><\/h3>\n\n\n\n<figure class=\"wp-block-table\"><table><tbody><tr><td><strong><strong>Funktion<\/strong><\/strong><\/td><td><strong>Windows<\/strong><\/td><td><strong>MAC<\/strong><\/td><\/tr><tr><td>Hand heben\/senken<\/td><td>Strg\u00a0+ Y \/ F3<\/td><td>\u2318 + Y \/ F3<\/td><\/tr><tr><td>Suchdialog umschalten<\/td><td>Strg\u00a0+ F \/ F4<\/td><td>\u2318 + F \/ F4<\/td><\/tr><tr><td>Zwischen Sprecher- und Galerieansicht wechseln<\/td><td>Strg\u00a0+ Shift + X<\/td><td>\u2318 + Shift + X<\/td><\/tr><\/tbody><\/table><\/figure>\n\n\n\n<h3 class=\"wp-block-heading\" class=\"wp-block-heading\" id=\"barrierefreiheit\">Barrierefreiheit<a href=\"#barrierefreiheit\" class=\"av-heading-anchor\"><i class=\"bi bi-link\"><\/i><\/a><\/h3>\n\n\n\n<figure class=\"wp-block-table\"><table><tbody><tr><td><strong><strong>Funktion<\/strong><\/strong><\/td><td><strong>Windows<\/strong><\/td><td><strong>MAC<\/strong><\/td><\/tr><tr><td>Schriftgr\u00f6\u00dfe vergr\u00f6\u00dfern<\/td><td>Strg\u00a0and +<\/td><td>\u2318 and +<\/td><\/tr><tr><td>Schriftgr\u00f6\u00dfe verkleinern<\/td><td>Strg\u00a0and &#8211;<\/td><td>\u2318 and &#8211;<\/td><\/tr><tr><td>Aktiven Sprecher-Namen ansagen an\/aus<\/td><td>Strg\u00a0+ Shift + S<\/td><td>\u2318 + Shift + S<\/td><\/tr><\/tbody><\/table><\/figure>\n\n\n\n<h3 class=\"wp-block-heading\" class=\"wp-block-heading\" id=\"fenster\">Fenster<a href=\"#fenster\" class=\"av-heading-anchor\"><i class=\"bi bi-link\"><\/i><\/a><\/h3>\n\n\n\n<figure class=\"wp-block-table\"><table><tbody><tr><td><strong><strong>Funktion<\/strong><\/strong><\/td><td><strong>Windows<\/strong><\/td><td><strong>MAC<\/strong><\/td><\/tr><tr><td>Vollbild umschalten<\/td><td>F11<\/td><td>\u2303 + \u2318 + F<\/td><\/tr><tr><td>Ausgew\u00e4hltes Fenster \u00fcber allen Fenstern anzeigen an\/aus<\/td><td>Strg\u00a0 + Shift + F<\/td><td>\u2318 + Shift + F<\/td><\/tr><\/tbody><\/table><\/figure>\n\n\n\n<h3 class=\"wp-block-heading\" class=\"wp-block-heading\" id=\"weitere\">Weitere<a href=\"#weitere\" class=\"av-heading-anchor\"><i class=\"bi bi-link\"><\/i><\/a><\/h3>\n\n\n\n<figure class=\"wp-block-table\"><table><tbody><tr><td><strong><strong>Funktion<\/strong><\/strong><\/td><td><strong>Windows<\/strong><\/td><td><strong>MAC<\/strong><\/td><\/tr><tr><td>Chatverlauf kopieren<\/td><td>Strg\u00a0+ Shift + N<\/td><td>\u2318 + Shift + N<\/td><\/tr><tr><td>\u00d6ffnen\/Schlie\u00dfen des Fensters f\u00fcr \u00dcbertragung eines Bildschirmbereiches<\/td><td>Strg\u00a0+ Shift + R<\/td><td>\u2318 + Shift + R<\/td><\/tr><tr><td>Darstellung umschalten<\/td><td>Strg\u00a0+ Shift + T<\/td><td>\u2318 + Shift + T<\/td><\/tr><tr><td>Sprache umschalten<\/td><td>Strg\u00a0+ Shift + L<\/td><td>\u2318 + Shift + L<\/td><\/tr><\/tbody><\/table><\/figure>\n","protected":false},"excerpt":{"rendered":"<p>Folgende Tastenk\u00fcrzel k\u00f6nnen in alfaview verwendet werden: MAC Sondertasten Befehlstaste (\u2318) Control-Taste (\u2303) Hauptmen\u00fc Funktion Windows MAC Mikrofon umschalten Strg + A \/ F5 \u2318 + A \/ F5 Kameraoptionen umschalten Strg + D \/ [&hellip;]<\/p>\n","protected":false},"author":5,"featured_media":0,"parent":917,"menu_order":10,"comment_status":"closed","ping_status":"closed","template":"","meta":{"footnotes":""},"class_list":["post-1299","page","type-page","status-publish","hentry"],"_links":{"self":[{"href":"https:\/\/cp-prod-wordpress.alfa.sx\/de\/wp-json\/wp\/v2\/pages\/1299","targetHints":{"allow":["GET"]}}],"collection":[{"href":"https:\/\/cp-prod-wordpress.alfa.sx\/de\/wp-json\/wp\/v2\/pages"}],"about":[{"href":"https:\/\/cp-prod-wordpress.alfa.sx\/de\/wp-json\/wp\/v2\/types\/page"}],"author":[{"embeddable":true,"href":"https:\/\/cp-prod-wordpress.alfa.sx\/de\/wp-json\/wp\/v2\/users\/5"}],"replies":[{"embeddable":true,"href":"https:\/\/cp-prod-wordpress.alfa.sx\/de\/wp-json\/wp\/v2\/comments?post=1299"}],"version-history":[{"count":3,"href":"https:\/\/cp-prod-wordpress.alfa.sx\/de\/wp-json\/wp\/v2\/pages\/1299\/revisions"}],"predecessor-version":[{"id":1300,"href":"https:\/\/cp-prod-wordpress.alfa.sx\/de\/wp-json\/wp\/v2\/pages\/1299\/revisions\/1300"}],"up":[{"embeddable":true,"href":"https:\/\/cp-prod-wordpress.alfa.sx\/de\/wp-json\/wp\/v2\/pages\/917"}],"wp:attachment":[{"href":"https:\/\/cp-prod-wordpress.alfa.sx\/de\/wp-json\/wp\/v2\/media?parent=1299"}],"curies":[{"name":"wp","href":"https:\/\/api.w.org\/{rel}","templated":true}]}}