{"id":1333,"date":"2023-11-20T12:48:15","date_gmt":"2023-11-20T12:48:15","guid":{"rendered":"https:\/\/strange-sammet.82-165-59-152.plesk.page\/?page_id=1333"},"modified":"2025-04-10T09:05:18","modified_gmt":"2025-04-10T09:05:18","slug":"create-room","status":"publish","type":"page","link":"https:\/\/cp-prod-wordpress.alfa.sx\/de\/administration\/room-management\/create-room\/","title":{"rendered":"Raum erstellen"},"content":{"rendered":"<div class=\"wp-block-image\">\n<figure class=\"alignright size-large is-resized\"><a href=\"https:\/\/cp-prod-wordpress.alfa.sx\/wp-content\/uploads\/2023\/11\/roomlist-meetings-de.png\"><img loading=\"lazy\" decoding=\"async\" width=\"1024\" height=\"555\" src=\"https:\/\/cp-prod-wordpress.alfa.sx\/wp-content\/uploads\/2023\/11\/roomlist-meetings-de-1024x555.png\" alt=\"Screenshot der Meeting- und Raumliste in der alfaview-App\" class=\"wp-image-1327\" style=\"width:250px\" srcset=\"https:\/\/cp-prod-wordpress.alfa.sx\/wp-content\/uploads\/2023\/11\/roomlist-meetings-de-1024x555.png 1024w, https:\/\/cp-prod-wordpress.alfa.sx\/wp-content\/uploads\/2023\/11\/roomlist-meetings-de-300x163.png 300w, https:\/\/cp-prod-wordpress.alfa.sx\/wp-content\/uploads\/2023\/11\/roomlist-meetings-de-768x416.png 768w, https:\/\/cp-prod-wordpress.alfa.sx\/wp-content\/uploads\/2023\/11\/roomlist-meetings-de-1536x832.png 1536w, https:\/\/cp-prod-wordpress.alfa.sx\/wp-content\/uploads\/2023\/11\/roomlist-meetings-de.png 1920w\" sizes=\"auto, (max-width: 1024px) 100vw, 1024px\" \/><\/a><figcaption class=\"wp-element-caption\">Die Raumliste<\/figcaption><\/figure>\n<\/div>\n\n\n<p>\u00d6ffnen Sie in der <a href=\"\/de\/administration\/general\/adminstration-interface\/\">Verwaltungsoberfl\u00e4che<\/a> den Men\u00fcpunkt <strong>R\u00e4ume. <\/strong>Alternativ k\u00f6nnen Sie die Verwaltungsoberfl\u00e4che auch \u00fcber die Startseite der alfaview-App aufrufen. Klicken Sie dazu auf der Startseite der App auf die Schaltfl\u00e4che&nbsp;<button class=\"av-button av-button--default\">Neuer Raum<\/button>, um die Raumverwaltung direkt zu \u00f6ffnen.<\/p>\n\n\n\n<p>Klicken Sie anschlie\u00dfend auf die Schaltfl\u00e4che&nbsp;<button class=\"av-button av-button--primary\">Neuer Raum<\/button>&nbsp;und dann auf <strong>Hier hinzuf\u00fcgen<\/strong>.<br><br>Geben Sie den Namen des Raumes ein. Speichern Sie Ihre Eingabe durch einen Klick auf die Schaltfl\u00e4che&nbsp;<button class=\"av-button av-button--primary\">Erstellen<\/button>.<\/p>\n\n\n<div class=\"wp-block-image\">\n<figure class=\"alignright size-large is-resized\"><a href=\"https:\/\/cp-prod-wordpress.alfa.sx\/wp-content\/uploads\/2024\/04\/create-new-room-de.png\"><img loading=\"lazy\" decoding=\"async\" width=\"1024\" height=\"515\" src=\"https:\/\/cp-prod-wordpress.alfa.sx\/wp-content\/uploads\/2024\/04\/create-new-room-de-1024x515.png\" alt=\"Screenshot der Seite R\u00e4ume in der Verwaltungsoberfl\u00e4che, das Fenster 'Raum erstellen' ist ge\u00f6ffnet\" class=\"wp-image-3394\" style=\"width:250px\" srcset=\"https:\/\/cp-prod-wordpress.alfa.sx\/wp-content\/uploads\/2024\/04\/create-new-room-de-1024x515.png 1024w, https:\/\/cp-prod-wordpress.alfa.sx\/wp-content\/uploads\/2024\/04\/create-new-room-de-300x151.png 300w, https:\/\/cp-prod-wordpress.alfa.sx\/wp-content\/uploads\/2024\/04\/create-new-room-de-768x386.png 768w, https:\/\/cp-prod-wordpress.alfa.sx\/wp-content\/uploads\/2024\/04\/create-new-room-de-1536x772.png 1536w, https:\/\/cp-prod-wordpress.alfa.sx\/wp-content\/uploads\/2024\/04\/create-new-room-de.png 1848w\" sizes=\"auto, (max-width: 1024px) 100vw, 1024px\" \/><\/a><figcaption class=\"wp-element-caption\">Raumverwaltung: Raum erstellen<\/figcaption><\/figure>\n<\/div>\n\n\n<div class=\"wp-block-alfaview-callout\">\n<p>Bitte beachten Sie, dass Sie einen neuen Raum nur erstellen k\u00f6nnen, wenn Sie \u00fcber ein entsprechendes Kontingent verf\u00fcgen.<\/p>\n<\/div>\n","protected":false},"excerpt":{"rendered":"<p>Erstellen Sie einen neuen Raum in Ihrer Company.<br \/>\nBitte beachten Sie, dass Sie nur neue R\u00e4ume erstellen k\u00f6nnen, wie Sie \u00fcber ein entsprechendes Kontingent verf\u00fcgen.<\/p>\n","protected":false},"author":5,"featured_media":0,"parent":938,"menu_order":5,"comment_status":"closed","ping_status":"closed","template":"","meta":{"footnotes":""},"class_list":["post-1333","page","type-page","status-publish","hentry"],"_links":{"self":[{"href":"https:\/\/cp-prod-wordpress.alfa.sx\/de\/wp-json\/wp\/v2\/pages\/1333","targetHints":{"allow":["GET"]}}],"collection":[{"href":"https:\/\/cp-prod-wordpress.alfa.sx\/de\/wp-json\/wp\/v2\/pages"}],"about":[{"href":"https:\/\/cp-prod-wordpress.alfa.sx\/de\/wp-json\/wp\/v2\/types\/page"}],"author":[{"embeddable":true,"href":"https:\/\/cp-prod-wordpress.alfa.sx\/de\/wp-json\/wp\/v2\/users\/5"}],"replies":[{"embeddable":true,"href":"https:\/\/cp-prod-wordpress.alfa.sx\/de\/wp-json\/wp\/v2\/comments?post=1333"}],"version-history":[{"count":18,"href":"https:\/\/cp-prod-wordpress.alfa.sx\/de\/wp-json\/wp\/v2\/pages\/1333\/revisions"}],"predecessor-version":[{"id":1334,"href":"https:\/\/cp-prod-wordpress.alfa.sx\/de\/wp-json\/wp\/v2\/pages\/1333\/revisions\/1334"}],"up":[{"embeddable":true,"href":"https:\/\/cp-prod-wordpress.alfa.sx\/de\/wp-json\/wp\/v2\/pages\/938"}],"wp:attachment":[{"href":"https:\/\/cp-prod-wordpress.alfa.sx\/de\/wp-json\/wp\/v2\/media?parent=1333"}],"curies":[{"name":"wp","href":"https:\/\/api.w.org\/{rel}","templated":true}]}}