{"id":1372,"date":"2023-11-20T13:24:00","date_gmt":"2023-11-20T13:24:00","guid":{"rendered":"https:\/\/strange-sammet.82-165-59-152.plesk.page\/?page_id=1372"},"modified":"2025-04-10T09:20:47","modified_gmt":"2025-04-10T09:20:47","slug":"delete-room","status":"publish","type":"page","link":"https:\/\/cp-prod-wordpress.alfa.sx\/de\/administration\/room-management\/delete-room\/","title":{"rendered":"Raum l\u00f6schen"},"content":{"rendered":"<div class=\"wp-block-image\">\n<figure class=\"alignright size-large is-resized\"><a href=\"https:\/\/cp-prod-wordpress.alfa.sx\/wp-content\/uploads\/2024\/04\/delete-room-de.png\"><img loading=\"lazy\" decoding=\"async\" width=\"1024\" height=\"515\" src=\"https:\/\/cp-prod-wordpress.alfa.sx\/wp-content\/uploads\/2024\/04\/delete-room-de-1024x515.png\" alt=\"Screenshot des Reiters 'Raum' in der Raumverwaltung eines Raums, die Schaltfl\u00e4che 'Raum l\u00f6schen' ist rot umrandet\" class=\"wp-image-3410\" style=\"width:250px\" srcset=\"https:\/\/cp-prod-wordpress.alfa.sx\/wp-content\/uploads\/2024\/04\/delete-room-de-1024x515.png 1024w, https:\/\/cp-prod-wordpress.alfa.sx\/wp-content\/uploads\/2024\/04\/delete-room-de-300x151.png 300w, https:\/\/cp-prod-wordpress.alfa.sx\/wp-content\/uploads\/2024\/04\/delete-room-de-768x386.png 768w, https:\/\/cp-prod-wordpress.alfa.sx\/wp-content\/uploads\/2024\/04\/delete-room-de-1536x772.png 1536w, https:\/\/cp-prod-wordpress.alfa.sx\/wp-content\/uploads\/2024\/04\/delete-room-de.png 1848w\" sizes=\"auto, (max-width: 1024px) 100vw, 1024px\" \/><\/a><figcaption class=\"wp-element-caption\">Raum l\u00f6schen<\/figcaption><\/figure>\n<\/div>\n\n\n<p>Als Raumadministrator:in k\u00f6nnen Sie einen Raum in der Verwaltung l\u00f6schen:<\/p>\n\n\n\n<ul class=\"wp-block-list\">\n<li>\u00d6ffnen Sie in der Verwaltungsoberfl\u00e4che den Men\u00fcpunkt <strong>R\u00e4ume<\/strong>.<\/li>\n\n\n\n<li>W\u00e4hlen Sie den Raum aus, den Sie l\u00f6schen m\u00f6chten.<\/li>\n\n\n\n<li>Klicken Sie neben dem Namen des Raums auf das Symbol <img loading=\"lazy\" decoding=\"async\" width=\"20\" height=\"20\" class=\"wp-image-2116\" style=\"width: 20px;\" src=\"https:\/\/cp-prod-wordpress.alfa.sx\/wp-content\/uploads\/2023\/12\/icon-settings.png\" alt=\"Symbol Einstellungen\"> <strong>Einstellungen<\/strong>.<\/li>\n\n\n\n<li>Klicken Sie im Reiter <strong>Raum <\/strong>auf die Schaltfl\u00e4che <button class=\"av-button av-button--default\">Raum l\u00f6schen<\/button>.<\/li>\n\n\n\n<li>Best\u00e4tigen Sie den L\u00f6schvorgang im neuen Fenster mit einem Klick auf die Schaltfl\u00e4che <button class=\"av-button av-button--error\">L\u00f6schen<\/button>.<\/li>\n<\/ul>\n\n\n\n<div class=\"wp-block-alfaview-callout\">\n<p>Bitte beachten Sie, dass die L\u00f6schung eines Raumes nicht r\u00fcckg\u00e4ngig gemacht werden kann.<\/p>\n<\/div>\n","protected":false},"excerpt":{"rendered":"<p>Folgen Sie unserer Anleitung, um einen Raum zu l\u00f6schen.<\/p>\n","protected":false},"author":5,"featured_media":0,"parent":938,"menu_order":15,"comment_status":"closed","ping_status":"closed","template":"","meta":{"footnotes":""},"class_list":["post-1372","page","type-page","status-publish","hentry"],"_links":{"self":[{"href":"https:\/\/cp-prod-wordpress.alfa.sx\/de\/wp-json\/wp\/v2\/pages\/1372","targetHints":{"allow":["GET"]}}],"collection":[{"href":"https:\/\/cp-prod-wordpress.alfa.sx\/de\/wp-json\/wp\/v2\/pages"}],"about":[{"href":"https:\/\/cp-prod-wordpress.alfa.sx\/de\/wp-json\/wp\/v2\/types\/page"}],"author":[{"embeddable":true,"href":"https:\/\/cp-prod-wordpress.alfa.sx\/de\/wp-json\/wp\/v2\/users\/5"}],"replies":[{"embeddable":true,"href":"https:\/\/cp-prod-wordpress.alfa.sx\/de\/wp-json\/wp\/v2\/comments?post=1372"}],"version-history":[{"count":17,"href":"https:\/\/cp-prod-wordpress.alfa.sx\/de\/wp-json\/wp\/v2\/pages\/1372\/revisions"}],"predecessor-version":[{"id":1373,"href":"https:\/\/cp-prod-wordpress.alfa.sx\/de\/wp-json\/wp\/v2\/pages\/1372\/revisions\/1373"}],"up":[{"embeddable":true,"href":"https:\/\/cp-prod-wordpress.alfa.sx\/de\/wp-json\/wp\/v2\/pages\/938"}],"wp:attachment":[{"href":"https:\/\/cp-prod-wordpress.alfa.sx\/de\/wp-json\/wp\/v2\/media?parent=1372"}],"curies":[{"name":"wp","href":"https:\/\/api.w.org\/{rel}","templated":true}]}}