{"id":1467,"date":"2023-11-20T15:17:37","date_gmt":"2023-11-20T15:17:37","guid":{"rendered":"https:\/\/strange-sammet.82-165-59-152.plesk.page\/?page_id=1467"},"modified":"2025-06-10T08:13:37","modified_gmt":"2025-06-10T08:13:37","slug":"invite-user","status":"publish","type":"page","link":"https:\/\/cp-prod-wordpress.alfa.sx\/de\/administration\/user-management\/invite-user\/","title":{"rendered":"Benutzer einladen"},"content":{"rendered":"<div class=\"wp-block-image\">\n<figure class=\"alignright size-large is-resized\"><a href=\"https:\/\/cp-prod-wordpress.alfa.sx\/wp-content\/uploads\/2023\/11\/invite-users-de.png\"><img loading=\"lazy\" decoding=\"async\" width=\"1024\" height=\"579\" src=\"https:\/\/cp-prod-wordpress.alfa.sx\/wp-content\/uploads\/2023\/11\/invite-users-de-1024x579.png\" alt=\"Screenshot des Fensters Benutzer einladen in der Verwaltung\" class=\"wp-image-1462\" style=\"width:250px\" srcset=\"https:\/\/cp-prod-wordpress.alfa.sx\/wp-content\/uploads\/2023\/11\/invite-users-de-1024x579.png 1024w, https:\/\/cp-prod-wordpress.alfa.sx\/wp-content\/uploads\/2023\/11\/invite-users-de-300x170.png 300w, https:\/\/cp-prod-wordpress.alfa.sx\/wp-content\/uploads\/2023\/11\/invite-users-de-768x434.png 768w, https:\/\/cp-prod-wordpress.alfa.sx\/wp-content\/uploads\/2023\/11\/invite-users-de.png 1109w\" sizes=\"auto, (max-width: 1024px) 100vw, 1024px\" \/><\/a><figcaption class=\"wp-element-caption\">Benutzer einladen<\/figcaption><\/figure>\n<\/div>\n\n\n<p>Je nach Berechtigung steht Ihnen die Funktion&nbsp;<strong>Benutzer einladen<\/strong>&nbsp;zur Verf\u00fcgung. Innerhalb einer alfaview-Company k\u00f6nnen mehrere Benutzer:innen eingeladen werden. Um einen Benutzer oder eine Benutzerin einzuladen, gehen Sie wie folgt vor:<\/p>\n\n\n\n<ul class=\"wp-block-list\">\n<li>Klicken Sie auf der Verwaltungsoberfl\u00e4che im Men\u00fc auf der rechten Seite auf&nbsp;<strong>Benutzer<\/strong>.<\/li>\n\n\n\n<li>Klicken Sie anschlie\u00dfend auf die Schaltfl\u00e4che <button class=\"av-button av-button--primary\">Benutzer einladen<\/button>.<\/li>\n\n\n\n<li>\u00dcber die zus\u00e4tzlich angezeigte Eingabezeile k\u00f6nnen Sie mehrere Benutzer:innen gleichzeitig einladen.<\/li>\n\n\n\n<li>F\u00fcllen Sie das Formular entsprechend aus und schlie\u00dfen Sie die Einladung mit einem Klick auf die Schaltfl\u00e4che <button class=\"av-button av-button--primary\">Benutzer einladen<\/button>&nbsp;ab.<\/li>\n<\/ul>\n\n\n\n<p>In der Folge erhalten alle eingeladenen Benutzer:innen zur Best\u00e4tigung eine E-Mail. Der darin enthaltene Link muss im Browser aufgerufen werden, um das Benutzerkonto zu aktivieren. Zur Aktivierung muss auch ein Passwort festgelegt werden.<\/p>\n\n\n\n<div class=\"wp-block-alfaview-callout\">\n<ul class=\"wp-block-list\">\n<li>Benutzer:innen k\u00f6nnen nur per E-Mail eingeladen werden.<\/li>\n\n\n\n<li>Es ist nicht m\u00f6glich, ein Benutzerkonto mit vordefiniertem Passwort festzulegen.<\/li>\n<\/ul>\n<\/div>\n","protected":false},"excerpt":{"rendered":"<p>Laden Sie Benutzer:innen in Ihre Company ein und passen Sie die Berechtigungen individuell an.<\/p>\n","protected":false},"author":5,"featured_media":0,"parent":1530,"menu_order":1,"comment_status":"closed","ping_status":"closed","template":"","meta":{"footnotes":""},"class_list":["post-1467","page","type-page","status-publish","hentry"],"_links":{"self":[{"href":"https:\/\/cp-prod-wordpress.alfa.sx\/de\/wp-json\/wp\/v2\/pages\/1467","targetHints":{"allow":["GET"]}}],"collection":[{"href":"https:\/\/cp-prod-wordpress.alfa.sx\/de\/wp-json\/wp\/v2\/pages"}],"about":[{"href":"https:\/\/cp-prod-wordpress.alfa.sx\/de\/wp-json\/wp\/v2\/types\/page"}],"author":[{"embeddable":true,"href":"https:\/\/cp-prod-wordpress.alfa.sx\/de\/wp-json\/wp\/v2\/users\/5"}],"replies":[{"embeddable":true,"href":"https:\/\/cp-prod-wordpress.alfa.sx\/de\/wp-json\/wp\/v2\/comments?post=1467"}],"version-history":[{"count":14,"href":"https:\/\/cp-prod-wordpress.alfa.sx\/de\/wp-json\/wp\/v2\/pages\/1467\/revisions"}],"predecessor-version":[{"id":1468,"href":"https:\/\/cp-prod-wordpress.alfa.sx\/de\/wp-json\/wp\/v2\/pages\/1467\/revisions\/1468"}],"up":[{"embeddable":true,"href":"https:\/\/cp-prod-wordpress.alfa.sx\/de\/wp-json\/wp\/v2\/pages\/1530"}],"wp:attachment":[{"href":"https:\/\/cp-prod-wordpress.alfa.sx\/de\/wp-json\/wp\/v2\/media?parent=1467"}],"curies":[{"name":"wp","href":"https:\/\/api.w.org\/{rel}","templated":true}]}}