{"id":1479,"date":"2023-11-20T15:28:23","date_gmt":"2023-11-20T15:28:23","guid":{"rendered":"https:\/\/strange-sammet.82-165-59-152.plesk.page\/?page_id=1479"},"modified":"2025-06-10T08:14:46","modified_gmt":"2025-06-10T08:14:46","slug":"delete-user","status":"publish","type":"page","link":"https:\/\/cp-prod-wordpress.alfa.sx\/de\/administration\/user-management\/delete-user\/","title":{"rendered":"Benutzer l\u00f6schen"},"content":{"rendered":"<div class=\"wp-block-image\">\n<figure class=\"alignright size-large is-resized\"><a href=\"https:\/\/cp-prod-wordpress.alfa.sx\/wp-content\/uploads\/2024\/04\/delete-user-de.png\"><img loading=\"lazy\" decoding=\"async\" width=\"1024\" height=\"514\" src=\"https:\/\/cp-prod-wordpress.alfa.sx\/wp-content\/uploads\/2024\/04\/delete-user-de-1024x514.png\" alt=\"Screenshot der Benutzerverwaltung, im Kontextmen\u00fc eines Benutzers ist die Option L\u00f6schen rot umrahmt.\" class=\"wp-image-3516\" style=\"width:250px\" srcset=\"https:\/\/cp-prod-wordpress.alfa.sx\/wp-content\/uploads\/2024\/04\/delete-user-de-1024x514.png 1024w, https:\/\/cp-prod-wordpress.alfa.sx\/wp-content\/uploads\/2024\/04\/delete-user-de-300x150.png 300w, https:\/\/cp-prod-wordpress.alfa.sx\/wp-content\/uploads\/2024\/04\/delete-user-de-768x385.png 768w, https:\/\/cp-prod-wordpress.alfa.sx\/wp-content\/uploads\/2024\/04\/delete-user-de-1536x770.png 1536w, https:\/\/cp-prod-wordpress.alfa.sx\/wp-content\/uploads\/2024\/04\/delete-user-de.png 1848w\" sizes=\"auto, (max-width: 1024px) 100vw, 1024px\" \/><\/a><figcaption class=\"wp-element-caption\">Benutzer:in l\u00f6schen<\/figcaption><\/figure>\n<\/div>\n\n\n<p>Je nach Berechtigung k\u00f6nnen Sie einen Benutzer oder eine Benutzerin l\u00f6schen. Gehen Sie dazu wie folgt vor:<\/p>\n\n\n\n<ul class=\"wp-block-list\">\n<li>Klicken Sie auf der Administrationsoberfl\u00e4che im Men\u00fc auf der rechten Seite auf&nbsp;<strong>Benutzer<\/strong>.<\/li>\n\n\n\n<li>Suchen Sie in der Liste das Benutzerkonto, das Sie l\u00f6schen m\u00f6chten.<\/li>\n\n\n\n<li>Klicken Sie auf das Kontextmen\u00fc&nbsp;<img loading=\"lazy\" decoding=\"async\" width=\"20\" height=\"20\" class=\"wp-image-2122\" style=\"width: 20px;\" src=\"https:\/\/cp-prod-wordpress.alfa.sx\/wp-content\/uploads\/2023\/12\/dots.png\" alt=\"\">&nbsp;, um dieses zu \u00f6ffnen.<\/li>\n\n\n\n<li>Klicken Sie anschlie\u00dfend auf&nbsp;<strong>L\u00f6schen<\/strong>.<\/li>\n\n\n\n<li>Um den L\u00f6schvorgang zu best\u00e4tigen, klicken Sie im neuen Fenster auf die Schaltfl\u00e4che <button class=\"av-button av-button--error\">L\u00f6schen<\/button>.<\/li>\n<\/ul>\n","protected":false},"excerpt":{"rendered":"<p>L\u00f6schen Sie Benutzer:innen aus Ihrer Company.<br \/>\nDiese verlieren direkt nach der L\u00f6schung den Zugang zu Ihrer Company.<\/p>\n","protected":false},"author":5,"featured_media":0,"parent":1530,"menu_order":10,"comment_status":"closed","ping_status":"closed","template":"","meta":{"footnotes":""},"class_list":["post-1479","page","type-page","status-publish","hentry"],"_links":{"self":[{"href":"https:\/\/cp-prod-wordpress.alfa.sx\/de\/wp-json\/wp\/v2\/pages\/1479","targetHints":{"allow":["GET"]}}],"collection":[{"href":"https:\/\/cp-prod-wordpress.alfa.sx\/de\/wp-json\/wp\/v2\/pages"}],"about":[{"href":"https:\/\/cp-prod-wordpress.alfa.sx\/de\/wp-json\/wp\/v2\/types\/page"}],"author":[{"embeddable":true,"href":"https:\/\/cp-prod-wordpress.alfa.sx\/de\/wp-json\/wp\/v2\/users\/5"}],"replies":[{"embeddable":true,"href":"https:\/\/cp-prod-wordpress.alfa.sx\/de\/wp-json\/wp\/v2\/comments?post=1479"}],"version-history":[{"count":13,"href":"https:\/\/cp-prod-wordpress.alfa.sx\/de\/wp-json\/wp\/v2\/pages\/1479\/revisions"}],"predecessor-version":[{"id":1480,"href":"https:\/\/cp-prod-wordpress.alfa.sx\/de\/wp-json\/wp\/v2\/pages\/1479\/revisions\/1480"}],"up":[{"embeddable":true,"href":"https:\/\/cp-prod-wordpress.alfa.sx\/de\/wp-json\/wp\/v2\/pages\/1530"}],"wp:attachment":[{"href":"https:\/\/cp-prod-wordpress.alfa.sx\/de\/wp-json\/wp\/v2\/media?parent=1479"}],"curies":[{"name":"wp","href":"https:\/\/api.w.org\/{rel}","templated":true}]}}