{"id":1504,"date":"2023-11-20T15:39:59","date_gmt":"2023-11-20T15:39:59","guid":{"rendered":"https:\/\/strange-sammet.82-165-59-152.plesk.page\/?page_id=1504"},"modified":"2025-04-09T14:08:14","modified_gmt":"2025-04-09T14:08:14","slug":"leave-company","status":"publish","type":"page","link":"https:\/\/cp-prod-wordpress.alfa.sx\/de\/administration\/general\/personal-profile\/leave-company\/","title":{"rendered":"Company verlassen"},"content":{"rendered":"<div class=\"wp-block-image\">\n<figure class=\"alignright size-large is-resized\"><a href=\"https:\/\/cp-prod-wordpress.alfa.sx\/wp-content\/uploads\/2024\/04\/leave-company-de.png\"><img loading=\"lazy\" decoding=\"async\" width=\"1024\" height=\"516\" src=\"https:\/\/cp-prod-wordpress.alfa.sx\/wp-content\/uploads\/2024\/04\/leave-company-de-1024x516.png\" alt=\"Screenshot des Reiters Erweitert auf der Seite Profil in der Verwaltung\" class=\"wp-image-3539\" style=\"width:250px\" srcset=\"https:\/\/cp-prod-wordpress.alfa.sx\/wp-content\/uploads\/2024\/04\/leave-company-de-1024x516.png 1024w, https:\/\/cp-prod-wordpress.alfa.sx\/wp-content\/uploads\/2024\/04\/leave-company-de-300x151.png 300w, https:\/\/cp-prod-wordpress.alfa.sx\/wp-content\/uploads\/2024\/04\/leave-company-de-768x387.png 768w, https:\/\/cp-prod-wordpress.alfa.sx\/wp-content\/uploads\/2024\/04\/leave-company-de-1536x774.png 1536w, https:\/\/cp-prod-wordpress.alfa.sx\/wp-content\/uploads\/2024\/04\/leave-company-de.png 1844w\" sizes=\"auto, (max-width: 1024px) 100vw, 1024px\" \/><\/a><figcaption class=\"wp-element-caption\">Company verlassen<\/figcaption><\/figure>\n<\/div>\n\n\n<p>Um eine Company zu verlassen, zu der Sie eingeladen wurden, melden Sie sich bitte auf der&nbsp;<a href=\"\/de\/administration\/general\/adminstration-interface\/\">Administrationsoberfl\u00e4che<\/a>&nbsp;an.<br>Stellen Sie sicher, dass Sie sich in der Company befinden, die Sie verlassen m\u00f6chten. Den Namen der Company sehen Sie unten im Men\u00fc auf der linken Seite.<\/p>\n\n\n\n<ul class=\"wp-block-list\">\n<li>Klicken Sie nun auf&nbsp;<strong>Profil<\/strong>&nbsp;im Men\u00fc auf der linken Seite<\/li>\n\n\n\n<li>Klicken Sie anschlie\u00dfend auf den Reiter&nbsp;<strong>Erweitert<\/strong>.<\/li>\n\n\n\n<li>Durch einen Klick auf die Schaltfl\u00e4che&nbsp;<button class=\"av-button av-button--error\">Company verlassen<\/button>&nbsp;k\u00f6nnen Sie die gew\u00e4hlte Company verlassen.<\/li>\n\n\n\n<li>Best\u00e4tigen Sie den Vorgang durch einen erneuten Klick auf die Schaltfl\u00e4che&nbsp;<button class=\"av-button av-button--error\">Company verlassen<\/button>,&nbsp;um die Company endg\u00fcltig zu verlassen.<\/li>\n<\/ul>\n\n\n\n<div class=\"wp-block-alfaview-callout\">\n<p>Bitte beachten Sie, dass Sie nach dem Verlassen einer Company nicht mehr auf die alfaview-R\u00e4ume dieser Company zugreifen k\u00f6nnen.<br><strong>Sollten Sie wieder Zugriff zu den alfaview-R\u00e4umen ben\u00f6tigen, m\u00fcssen Sie von einer Person mit Administrationsrechten erneut eingeladen werden.<\/strong><\/p>\n<\/div>\n","protected":false},"excerpt":{"rendered":"<p>Um eine Company zu verlassen, zu der Sie eingeladen wurden, melden Sie sich bitte auf der&nbsp;Administrationsoberfl\u00e4che&nbsp;an.Stellen Sie sicher, dass Sie sich in der Company befinden, die Sie verlassen m\u00f6chten. Den Namen der Company sehen Sie [&hellip;]<\/p>\n","protected":false},"author":5,"featured_media":0,"parent":557,"menu_order":5,"comment_status":"closed","ping_status":"closed","template":"","meta":{"footnotes":""},"class_list":["post-1504","page","type-page","status-publish","hentry"],"_links":{"self":[{"href":"https:\/\/cp-prod-wordpress.alfa.sx\/de\/wp-json\/wp\/v2\/pages\/1504","targetHints":{"allow":["GET"]}}],"collection":[{"href":"https:\/\/cp-prod-wordpress.alfa.sx\/de\/wp-json\/wp\/v2\/pages"}],"about":[{"href":"https:\/\/cp-prod-wordpress.alfa.sx\/de\/wp-json\/wp\/v2\/types\/page"}],"author":[{"embeddable":true,"href":"https:\/\/cp-prod-wordpress.alfa.sx\/de\/wp-json\/wp\/v2\/users\/5"}],"replies":[{"embeddable":true,"href":"https:\/\/cp-prod-wordpress.alfa.sx\/de\/wp-json\/wp\/v2\/comments?post=1504"}],"version-history":[{"count":12,"href":"https:\/\/cp-prod-wordpress.alfa.sx\/de\/wp-json\/wp\/v2\/pages\/1504\/revisions"}],"predecessor-version":[{"id":1505,"href":"https:\/\/cp-prod-wordpress.alfa.sx\/de\/wp-json\/wp\/v2\/pages\/1504\/revisions\/1505"}],"up":[{"embeddable":true,"href":"https:\/\/cp-prod-wordpress.alfa.sx\/de\/wp-json\/wp\/v2\/pages\/557"}],"wp:attachment":[{"href":"https:\/\/cp-prod-wordpress.alfa.sx\/de\/wp-json\/wp\/v2\/media?parent=1504"}],"curies":[{"name":"wp","href":"https:\/\/api.w.org\/{rel}","templated":true}]}}