{"id":152,"date":"2023-10-04T11:56:32","date_gmt":"2023-10-04T11:56:32","guid":{"rendered":"https:\/\/strange-sammet.82-165-59-152.plesk.page\/?page_id=152"},"modified":"2025-08-27T13:37:08","modified_gmt":"2025-08-27T13:37:08","slug":"setup-camera-and-microphone","status":"publish","type":"page","link":"https:\/\/cp-prod-wordpress.alfa.sx\/de\/alfaview-app\/home-screen\/setup-camera-and-microphone\/","title":{"rendered":"Kamera und Mikrofon einrichten"},"content":{"rendered":"\n<h2 class=\"wp-block-heading\" class=\"wp-block-heading\" id=\"vor-dem-betreten-des-meetings-oder-des-alfaview-raums\">Vor dem Betreten des Meetings oder des alfaview-Raums<a href=\"https:\/\/cp-prod-wordpress.alfa.sx\/de\/first-steps\/your-first-meeting\/setup-camera-and-microphone\/#vor-dem-betreten-des-konferenzraumes\"><\/a><a href=\"#vor-dem-betreten-des-meetings-oder-des-alfaview-raums\" class=\"av-heading-anchor\"><i class=\"bi bi-link\"><\/i><\/a><\/h2>\n\n\n\n<p>Bevor Sie einen alfaview-Raum betreten, werden Ihnen die Schnelleinstellungen angezeigt, in denen Sie Einstellungen an Ihren Audioger\u00e4ten und Ihrer Kamera vornehmen k\u00f6nnen.<\/p>\n\n\n\n<h2 class=\"wp-block-heading\" class=\"wp-block-heading\" id=\"kamera-einrichten\">Kamera einrichten<a href=\"#kamera-einrichten\" class=\"av-heading-anchor\"><i class=\"bi bi-link\"><\/i><\/a><\/h2>\n\n\n\n<p>Im Fenster der Schnelleinstellungen wird ein Vorschauvideo der Kamera angezeigt, die Ihr Ger\u00e4t als Standardkamera ausgew\u00e4hlt hat. W\u00e4hlen Sie im Men\u00fc auf der rechten Seite die Kamera aus, deren Videobild Sie im alfaview-Raum anzeigen m\u00f6chten.<\/p>\n\n\n\n<div class=\"wp-block-alfaview-callout\">\n<p>Wenn Sie statt eines Videos die Meldung <strong>Kamera ist ausgeschaltet<\/strong> sehen, aktivieren Sie bitte Ihre Kamera.<\/p>\n\n\n\n<ul class=\"wp-block-list\">\n<li>Klicken Sie auf das graue Symbol <img loading=\"lazy\" decoding=\"async\" width=\"20\" height=\"20\" class=\"wp-image-658\" style=\"width: 20px;\" src=\"https:\/\/cp-prod-wordpress.alfa.sx\/wp-content\/uploads\/2023\/10\/icon-camera-off.png\" alt=\"amera aus Symbol\"> <strong>Kamera aus<\/strong> \u00fcber dem Vorschauvideo.<\/li>\n\n\n\n<li>Klicken Sie anschlie\u00dfend auf die Schaltfl\u00e4che <strong>Kamera an<\/strong>.<\/li>\n<\/ul>\n\n\n\n<p>Sobald das Kamerasymbol \u00fcber dem Videos blau angezeigt wird, ist Ihre Kamera aktiviert.<\/p>\n<\/div>\n\n\n\n<p><\/p>\n\n\n\n<h3 class=\"wp-block-heading\" class=\"wp-block-heading\" id=\"kamera-auswaehlen\">Kamera ausw\u00e4hlen<a href=\"#kamera-auswaehlen\" class=\"av-heading-anchor\"><i class=\"bi bi-link\"><\/i><\/a><\/h3>\n\n\n<div class=\"wp-block-image\">\n<figure class=\"alignright size-full is-resized\"><a href=\"https:\/\/cp-prod-wordpress.alfa.sx\/wp-content\/uploads\/2023\/12\/settings-choose-camera-de.png\"><img loading=\"lazy\" decoding=\"async\" width=\"796\" height=\"422\" src=\"https:\/\/cp-prod-wordpress.alfa.sx\/wp-content\/uploads\/2023\/12\/settings-choose-camera-de.png\" alt=\"Schnelleinstellungen mit ge\u00f6ffneter Kamera-Auswahlliste\" class=\"wp-image-2213\" style=\"width:250px\" srcset=\"https:\/\/cp-prod-wordpress.alfa.sx\/wp-content\/uploads\/2023\/12\/settings-choose-camera-de.png 796w, https:\/\/cp-prod-wordpress.alfa.sx\/wp-content\/uploads\/2023\/12\/settings-choose-camera-de-300x159.png 300w, https:\/\/cp-prod-wordpress.alfa.sx\/wp-content\/uploads\/2023\/12\/settings-choose-camera-de-768x407.png 768w\" sizes=\"auto, (max-width: 796px) 100vw, 796px\" \/><\/a><figcaption class=\"wp-element-caption\">Kamera ausw\u00e4hlen<\/figcaption><\/figure>\n<\/div>\n\n\n<ul class=\"wp-block-list\">\n<li>Klicken Sie daf\u00fcr im Men\u00fc auf die Schaltfl\u00e4che mit dem Kamerasymbol und dem Namen der verwendeten Kamera.<\/li>\n\n\n\n<li>Das Auswahlmen\u00fc \u00f6ffnet sich. W\u00e4hlen Sie die Kamera aus, die Sie verwenden m\u00f6chten.<\/li>\n\n\n\n<li>Das Vorschauvideo neben dem Men\u00fc zeigt nun das Video der ausgew\u00e4hlten Kamera.<\/li>\n<\/ul>\n\n\n\n<h3 class=\"wp-block-heading\" class=\"wp-block-heading\" id=\"virtuelle-hintergruende\">Virtuelle Hintergr\u00fcnde<a href=\"#virtuelle-hintergruende\" class=\"av-heading-anchor\"><i class=\"bi bi-link\"><\/i><\/a><\/h3>\n\n\n\n<div class=\"wp-block-columns is-not-stacked-on-mobile is-layout-flex wp-container-core-columns-is-layout-9d6595d7 wp-block-columns-is-layout-flex\">\n<div class=\"wp-block-column is-layout-flow wp-block-column-is-layout-flow\">\n<p>Mit der Funktion <strong>Virtuelle Hintergr\u00fcnde<\/strong> k\u00f6nnen Sie Ihren Videohintergrund unkenntlich machen und so f\u00fcr mehr Privatsph\u00e4re sorgen.<\/p>\n\n\n\n<ul class=\"wp-block-list\">\n<li>Klicken Sie im Men\u00fc auf <strong>Virtuelle Hintergr\u00fcnde<\/strong>.<\/li>\n\n\n\n<li>W\u00e4hlen Sie aus, ob wie Sie Ihre Umgebung bearbeiten wollen. Hierbei stehen Ihnen <strong>Farbige Hintergr\u00fcnde<\/strong>, <strong>Standard Hintergr\u00fcnde<\/strong> sowie <strong>Arbeitszimmer Hintergr\u00fcnde<\/strong> zur Verf\u00fcgung.<\/li>\n\n\n\n<li>Unter <strong>Standard Hintergr\u00fcnde<\/strong> k\u00f6nnen Sie au\u00dferdem <strong>Weichzeichnen<\/strong> in drei Abstufungen ausw\u00e4hlen. Um die St\u00e4rke der Unsch\u00e4rfe auszuw\u00e4hlen, klicken Sie bitte auf das Tropfen-Symbol.<\/li>\n\n\n\n<li>Sie k\u00f6nnen Ihr eigenes Video spiegeln. F\u00fcr andere Teilnehmer:innen im alfaview-Raum ist Ihr Video ungespiegelt zu sehen. Klicken Sie auf den Schieberegler, um die Funktion zu aktivieren oder deaktivieren.<a id=\"_msocom_1\"><\/a><\/li>\n<\/ul>\n<\/div>\n\n\n\n<div class=\"wp-block-column is-layout-flow wp-block-column-is-layout-flow\" style=\"flex-basis:250px\"><div class=\"wp-block-image\">\n<figure class=\"alignright size-full is-resized\"><a href=\"https:\/\/staging-cp-prod-wordpress.alfa.sx\/wp-content\/uploads\/2025\/08\/alfaview_kameraeinstellungen_3_de.png\"><img decoding=\"async\" src=\"https:\/\/staging-cp-prod-wordpress.alfa.sx\/wp-content\/uploads\/2025\/08\/alfaview_kameraeinstellungen_3_de.png\" alt=\"\" class=\"wp-image-10057\" style=\"width:250px\"\/><\/a><figcaption class=\"wp-element-caption\">Arbeitszimmer Hintergr\u00fcnde<\/figcaption><\/figure>\n<\/div>\n\n<div class=\"wp-block-image\">\n<figure class=\"alignright size-full is-resized\"><a href=\"https:\/\/staging-cp-prod-wordpress.alfa.sx\/wp-content\/uploads\/2025\/08\/alfaview_kameraeinstellungen_weichzeichner.png\"><img decoding=\"async\" src=\"https:\/\/staging-cp-prod-wordpress.alfa.sx\/wp-content\/uploads\/2025\/08\/alfaview_kameraeinstellungen_weichzeichner.png\" alt=\"\" class=\"wp-image-10059\" style=\"width:250px\"\/><\/a><figcaption class=\"wp-element-caption\">Umgebung weichzeichnen<\/figcaption><\/figure>\n<\/div><\/div>\n<\/div>\n\n\n\n<div style=\"height:1px\" aria-hidden=\"true\" class=\"wp-block-spacer\"><\/div>\n\n\n\n<div class=\"wp-block-alfaview-callout\">\n<p>Ihre Einstellungen werden gespeichert und beim n\u00e4chsten Start von alfaview wieder angewendet.<\/p>\n\n\n\n<p>Weitere Einstellungen finden Sie unter <a href=\"https:\/\/cp-prod-wordpress.alfa.sx\/de\/alfaview-app\/alfaview-room\/primary-and-secondary-controls\/settings\/general-settings\/\">Alle Einstellungen<\/a>.<\/p>\n<\/div>\n\n\n\n<p>Entscheiden Sie, wer Ihr Video im alfaview-Raum sehen kann. Klicken Sie auf das Kamerasymbol \u00fcber dem Vorschauvideo und w\u00e4hlen Sie eine Option.<\/p>\n\n\n\n<div class=\"wp-block-columns is-layout-flex wp-container-core-columns-is-layout-9d6595d7 wp-block-columns-is-layout-flex\">\n<div class=\"wp-block-column is-layout-flow wp-block-column-is-layout-flow\" style=\"flex-basis:50px\">\n<button class=\"wp-block-alfaview-button av-button-main-menu av-button-blue\" disabled aria-label=\"Kamera an\"><i class=\"icon icon-ic_videocam_24dp\"><\/i><\/button>\n<\/div>\n\n\n\n<div class=\"wp-block-column is-layout-flow wp-block-column-is-layout-flow\">\n<p><strong>Kamera an<\/strong><br>Alle Teilnehmenden sowie Zuschauer:innen im alfaview-Raum k\u00f6nnen Ihr Video sehen.<\/p>\n<\/div>\n<\/div>\n\n\n\n<div class=\"wp-block-columns is-layout-flex wp-container-core-columns-is-layout-9d6595d7 wp-block-columns-is-layout-flex\">\n<div class=\"wp-block-column is-layout-flow wp-block-column-is-layout-flow\" style=\"flex-basis:50px\">\n<button class=\"wp-block-alfaview-button av-button-main-menu av-button-blue\" disabled aria-label=\"Kamera an VIP\"><i class=\"icon icon-ic_videocam_vip_24dp\"><\/i><\/button>\n<\/div>\n\n\n\n<div class=\"wp-block-column is-layout-flow wp-block-column-is-layout-flow\">\n<p><strong>Video nur an VIP senden<\/strong><br>Ihr Video kann nur von VIPs im alfaview-Raum gesehen werden. Das bedeutet auch, dass Sie nur die Videos von VIPs sehen k\u00f6nnen.<\/p>\n<\/div>\n<\/div>\n\n\n\n<div class=\"wp-block-columns is-layout-flex wp-container-core-columns-is-layout-9d6595d7 wp-block-columns-is-layout-flex\">\n<div class=\"wp-block-column is-layout-flow wp-block-column-is-layout-flow\" style=\"flex-basis:50px\">\n<button class=\"wp-block-alfaview-button av-button-main-menu av-button-grey\" disabled aria-label=\"Kamera aus\"><i class=\"icon icon-ic_videocam_off_24dp\"><\/i><\/button>\n<\/div>\n\n\n\n<div class=\"wp-block-column is-layout-flow wp-block-column-is-layout-flow\">\n<p><strong>Kamera aus<\/strong><br>Niemand kann Ihr Video sehen und Sie sehen keine Videos.<\/p>\n<\/div>\n<\/div>\n\n\n\n<div class=\"wp-block-alfaview-callout\">\n<p>alfaview arbeitet nach dem Prinzip&nbsp;<strong>Siehst du mich, sehe ich dich<\/strong>. Wenn Sie sich dazu entscheiden, Ihre Kamera auszuschalten, k\u00f6nnen Sie selbst niemanden im alfaview-Raum sehen.<\/p>\n<\/div>\n\n\n\n<h2 class=\"wp-block-heading\" class=\"wp-block-heading\" id=\"audio-einrichten\">Audio einrichten<a href=\"#audio-einrichten\" class=\"av-heading-anchor\"><i class=\"bi bi-link\"><\/i><\/a><\/h2>\n\n\n<div class=\"wp-block-image\">\n<figure class=\"alignright size-full is-resized\"><a href=\"https:\/\/cp-prod-wordpress.alfa.sx\/wp-content\/uploads\/2023\/12\/settings-headset-de.png\"><img loading=\"lazy\" decoding=\"async\" width=\"330\" height=\"384\" src=\"https:\/\/cp-prod-wordpress.alfa.sx\/wp-content\/uploads\/2023\/12\/settings-headset-de.png\" alt=\"Headset-Auswahlliste, Echounterdr\u00fcckung und Ger\u00e4uschunterdr\u00fcckung\" class=\"wp-image-2217\" style=\"width:250px\" srcset=\"https:\/\/cp-prod-wordpress.alfa.sx\/wp-content\/uploads\/2023\/12\/settings-headset-de.png 330w, https:\/\/cp-prod-wordpress.alfa.sx\/wp-content\/uploads\/2023\/12\/settings-headset-de-258x300.png 258w\" sizes=\"auto, (max-width: 330px) 100vw, 330px\" \/><\/a><figcaption class=\"wp-element-caption\">Audioger\u00e4t ausw\u00e4hlen<\/figcaption><\/figure>\n<\/div>\n\n\n<p>W\u00e4hlen Sie im Men\u00fc rechts neben dem Vorschauvideo Ihr Audioger\u00e4t aus. Klicken Sie dazu auf die Schaltfl\u00e4che mit dem Headset-Symbol, um die Auswahlliste zu \u00f6ffnen.<\/p>\n\n\n\n<p>Die Auswahlliste ist in die Kategorien <strong>Headset<\/strong>, <strong>Mikrofon <\/strong>und <strong>Lautsprecher<\/strong> unterteilt. Wechseln Sie in den entsprechenden Reiter, um Ihre Ger\u00e4te auszuw\u00e4hlen.<\/p>\n\n\n\n<div class=\"wp-block-alfaview-callout\">\n<p>Wenn Sie nach dem Start von alfaview ein neues Audioger\u00e4t mit Ihrem Computer verbinden, erscheint ein Hinweisfenster. In diesem Fenster k\u00f6nnen Sie das neue Ger\u00e4t als Audioger\u00e4t ausw\u00e4hlen.<\/p>\n<\/div>\n\n\n\n<h3 class=\"wp-block-heading\" class=\"wp-block-heading\" id=\"headset\">Headset<a href=\"#headset\" class=\"av-heading-anchor\"><i class=\"bi bi-link\"><\/i><\/a><\/h3>\n\n\n\n<ul class=\"wp-block-list\">\n<li>In diesem Reiter k\u00f6nnen Sie das Headset ausw\u00e4hlen, das Sie im alfaview-Raum verwenden m\u00f6chten.<\/li>\n\n\n\n<li>Au\u00dferdem k\u00f6nnen Sie die <strong>Echo<\/strong>&#8211; und <strong>Ger\u00e4uschunterdr\u00fcckung <\/strong>aktivieren. Klicken Sie daf\u00fcr auf den jeweiligen Schalter neben der Funktion.<\/li>\n<\/ul>\n\n\n\n<h3 class=\"wp-block-heading\" class=\"wp-block-heading\" id=\"mikrofon-und-lautsprecher\">Mikrofon und Lautsprecher<a href=\"#mikrofon-und-lautsprecher\" class=\"av-heading-anchor\"><i class=\"bi bi-link\"><\/i><\/a><\/h3>\n\n\n\n<p>Wenn Sie statt eines Headsets ein separates Mikrofon und einen separaten Lautsprecher verwenden m\u00f6chten, w\u00e4hlen Sie die entsprechenden Ger\u00e4te in den Reitern <strong>Mikrofon <\/strong>und <strong>Lautsprecher <\/strong>aus. Um die Funktionalit\u00e4t Ihres Lautsprechers zu testen, klicken Sie auf <strong>Testton abspielen<\/strong>.<\/p>\n\n\n\n<p>Wir empfehlen Ihnen, bei Verwendung eines separaten Mikrofons die <strong>Ger\u00e4usch<\/strong>&#8211; und <strong>Echounterdr\u00fcckung <\/strong>zu aktivieren. Dadurch werden st\u00f6rende Nebenger\u00e4usche minimiert.<\/p>\n\n\n\n<h3 class=\"wp-block-heading\" class=\"wp-block-heading\" id=\"echounterdrueckung\">Echounterdr\u00fcckung<a href=\"#echounterdrueckung\" class=\"av-heading-anchor\"><i class=\"bi bi-link\"><\/i><\/a><\/h3>\n\n\n\n<p>Aktivieren Sie die <strong>Echounterdr\u00fcckung<\/strong>, wenn Sie ein separates Mikrofon und einen separaten Lautsprecher verwenden. Diese Einstellung verhindert, dass die Audio\u00fcbertragung Ihres Lautsprechers von Ihrem Mikrofon aufgenommen und wieder \u00fcbertragen wird.<\/p>\n\n\n\n<div class=\"wp-block-alfaview-callout\">\n<p>Bei der Nutzung eines Headsets wird die Echounterdr\u00fcckung automatisch deaktiviert.<\/p>\n<\/div>\n\n\n\n<h3 class=\"wp-block-heading\" class=\"wp-block-heading\" id=\"geraeuschunterdrueckung\">Ger\u00e4uschunterdr\u00fcckung<a href=\"#geraeuschunterdrueckung\" class=\"av-heading-anchor\"><i class=\"bi bi-link\"><\/i><\/a><\/h3>\n\n\n\n<p>Die Ger\u00e4uschunterdr\u00fcckung filtert unerw\u00fcnschte Nebenger\u00e4usche aus der Mikrofon\u00fcbertragung heraus und verbessert so die Audioqualit\u00e4t.<\/p>\n\n\n\n<h3 class=\"wp-block-heading\" class=\"wp-block-heading\" id=\"mikrofon-vor-dem-betreten-aktivieren\">Mikrofon vor dem Betreten aktivieren<a href=\"#mikrofon-vor-dem-betreten-aktivieren\" class=\"av-heading-anchor\"><i class=\"bi bi-link\"><\/i><\/a><\/h3>\n\n\n<div class=\"wp-block-image\">\n<figure class=\"alignright size-full is-resized\"><a href=\"https:\/\/cp-prod-wordpress.alfa.sx\/wp-content\/uploads\/2024\/02\/audio-mic-on-de.png\"><img loading=\"lazy\" decoding=\"async\" width=\"788\" height=\"414\" src=\"https:\/\/cp-prod-wordpress.alfa.sx\/wp-content\/uploads\/2024\/02\/audio-mic-on-de.png\" alt=\"Das Fenster Schnelleinstellungen mit aktivierter Kamera und aktiviertem Mikrofon\" class=\"wp-image-2513\" style=\"width:250px\" srcset=\"https:\/\/cp-prod-wordpress.alfa.sx\/wp-content\/uploads\/2024\/02\/audio-mic-on-de.png 788w, https:\/\/cp-prod-wordpress.alfa.sx\/wp-content\/uploads\/2024\/02\/audio-mic-on-de-300x158.png 300w, https:\/\/cp-prod-wordpress.alfa.sx\/wp-content\/uploads\/2024\/02\/audio-mic-on-de-768x403.png 768w\" sizes=\"auto, (max-width: 788px) 100vw, 788px\" \/><\/a><figcaption class=\"wp-element-caption\">Mikrofon vor dem Betreten aktivieren<\/figcaption><\/figure>\n<\/div>\n\n\n<p>Sie k\u00f6nnen entscheiden, ob Sie dem alfaview-Raum mit eingeschaltetem Mikrofon beitreten m\u00f6chten oder nicht.<\/p>\n\n\n\n<ul class=\"wp-block-list\">\n<li>Klicken Sie dazu auf das Mikrofonsymbol \u00fcber dem Vorschauvideo.<\/li>\n\n\n\n<li>Wenn die Schaltfl\u00e4che blau ist, ist Ihr Mikrofon eingeschaltet. Au\u00dferdem pulsiert das Symbol, wenn Sie sprechen.<\/li>\n<\/ul>\n\n\n\n<div style=\"height:1px\" aria-hidden=\"true\" class=\"wp-block-spacer\"><\/div>\n\n\n\n<div class=\"wp-block-alfaview-callout\">\n<p>Ihre Einstellungen werden gespeichert und beim n\u00e4chsten Start von alfaview wieder angewendet.<\/p>\n\n\n\n<p>Weitere Einstellungen finden Sie unter <a href=\"https:\/\/cp-prod-wordpress.alfa.sx\/de\/alfaview-app\/alfaview-room\/primary-and-secondary-controls\/settings\/general-settings\/\">Alle Einstellungen<\/a>.<\/p>\n<\/div>\n\n\n<div class=\"wp-block-image\">\n<figure class=\"alignright size-full is-resized\"><a href=\"https:\/\/cp-prod-wordpress.alfa.sx\/wp-content\/uploads\/2025\/02\/settings_de.png\"><img loading=\"lazy\" decoding=\"async\" width=\"404\" height=\"814\" src=\"https:\/\/cp-prod-wordpress.alfa.sx\/wp-content\/uploads\/2025\/02\/settings_de.png\" alt=\"Ge\u00f6ffneter Reiter Einstellungen im Funktionsmen\u00fc der alfaview-App\" class=\"wp-image-5447\" style=\"width:250px;height:undefinedpx\" srcset=\"https:\/\/cp-prod-wordpress.alfa.sx\/wp-content\/uploads\/2025\/02\/settings_de.png 404w, https:\/\/cp-prod-wordpress.alfa.sx\/wp-content\/uploads\/2025\/02\/settings_de-149x300.png 149w\" sizes=\"auto, (max-width: 404px) 100vw, 404px\" \/><\/a><figcaption class=\"wp-element-caption\">Einstellungen im Funktionsmen\u00fc<\/figcaption><\/figure>\n<\/div>\n\n\n<h2 class=\"wp-block-heading\" class=\"wp-block-heading\" id=\"im-meeting-oder-alfaview-raum\">Im Meeting oder alfaview-Raum<a href=\"https:\/\/cp-prod-wordpress.alfa.sx\/de\/first-steps\/your-first-meeting\/setup-camera-and-microphone\/#w\u00e4hrend-einer-konferenz\"><\/a><a href=\"#im-meeting-oder-alfaview-raum\" class=\"av-heading-anchor\"><i class=\"bi bi-link\"><\/i><\/a><\/h2>\n\n\n\n<p>Sie k\u00f6nnen Video- und Audioeinstellungen auch anpassen, wenn Sie bereits einen Meeting- oder alfaview-Raum betreten haben.<\/p>\n\n\n\n<ul class=\"wp-block-list\">\n<li>Klicken auf das Symbol <strong>Einstellungen<\/strong> <img loading=\"lazy\" decoding=\"async\" width=\"20\" height=\"20\" class=\"wp-image-2116\" style=\"width: 20px;\" src=\"https:\/\/cp-prod-wordpress.alfa.sx\/wp-content\/uploads\/2023\/12\/icon-settings.png\" alt=\"Einstellungen Symbol\"> im <a href=\"https:\/\/cp-prod-wordpress.alfa.sx\/de\/alfaview-app\/alfaview-room\/primary-and-secondary-controls\/\">Funktionsmen\u00fc<\/a>.<\/li>\n\n\n\n<li>Passen Sie die Einstellungen f\u00fcr Ihr <strong>Mikrofon<\/strong>, Ihren <strong>Lautsprecher<\/strong> und Ihre <strong>Kamera<\/strong> in den entsprechenden Auswahlmen\u00fcs an.<\/li>\n\n\n\n<li>Aktivieren oder deaktivieren Sie die Funktionen <strong>Echounterdr\u00fcckung <\/strong>und <strong>Ger\u00e4uschunterdr\u00fcckung <\/strong>mit einem Klick auf die Schieberegler.<\/li>\n<\/ul>\n\n\n\n<p><\/p>\n\n\n\n<p><\/p>\n\n\n\n<div class=\"wp-block-alfaview-callout\">\n<p>Wir empfehlen die automatische Ger\u00e4uschunterdr\u00fcckung.<\/p>\n\n\n\n<p>Wenn Sie Ihr Mikrofon selbst optimieren m\u00f6chten, erleichtert Ihnen die <strong>Mikrofonoptimierung<\/strong> die Einstellung.<\/p>\n<\/div>\n\n\n\n<h3 class=\"wp-block-heading\" class=\"wp-block-heading\" id=\"mikrofonoptimierung\">Mikrofonoptimierung<a href=\"#mikrofonoptimierung\" class=\"av-heading-anchor\"><i class=\"bi bi-link\"><\/i><\/a><\/h3>\n\n\n<div class=\"wp-block-image\">\n<figure class=\"alignright size-full is-resized\"><a href=\"https:\/\/staging-cp-prod-wordpress.alfa.sx\/wp-content\/uploads\/2025\/08\/alfaview_funktionsmenue_audio_de.png\"><img decoding=\"async\" src=\"https:\/\/staging-cp-prod-wordpress.alfa.sx\/wp-content\/uploads\/2025\/08\/alfaview_funktionsmenue_audio_de.png\" alt=\"\" class=\"wp-image-10071\" style=\"width:250px\"\/><\/a><figcaption class=\"wp-element-caption\">Echo- und Ger\u00e4uschunterdr\u00fcckung<\/figcaption><\/figure>\n<\/div>\n\n\n<p>Mit der Mikrofonoptimierung k\u00f6nnen Sie die Einstellungen der Ger\u00e4uschunterdr\u00fcckung manuell einstellen und an Ihr Ger\u00e4t anpassen. <\/p>\n\n\n\n<ul class=\"wp-block-list\">\n<li>Deaktivieren Sie die <strong>Ger\u00e4uschunterdr\u00fcckung<\/strong>.<\/li>\n\n\n\n<li>Klicken Sie auf <strong>Erweiterte Einstellungen<\/strong> und dort auf <strong>Mikrofonoptimierung<\/strong>, mit der Sie die Ger\u00e4uschunterdr\u00fcckung f\u00fcr Ihr Mikrofon manuell einstellen k\u00f6nnen.<\/li>\n\n\n\n<li>Nutzen Sie den Optimierungsassistenten. Klicken Sie daf\u00fcr auf die Schaltfl\u00e4che <button class=\"av-button av-button--primary\">Ausf\u00fchren<\/button>.<\/li>\n\n\n\n<li>Lesen Sie den Text in normaler Lautst\u00e4rke vor.<\/li>\n\n\n\n<li>Ihr Mikrofon ist nun entsprechend optimiert.<\/li>\n<\/ul>\n\n\n<div class=\"wp-block-image\">\n<figure class=\"alignright size-full is-resized\"><a href=\"https:\/\/staging-cp-prod-wordpress.alfa.sx\/wp-content\/uploads\/2025\/08\/alfaview_mikrofonoptimierung_de.png\"><img decoding=\"async\" src=\"https:\/\/staging-cp-prod-wordpress.alfa.sx\/wp-content\/uploads\/2025\/08\/alfaview_mikrofonoptimierung_de.png\" alt=\"\" class=\"wp-image-10069\" style=\"width:250px\"\/><\/a><figcaption class=\"wp-element-caption\">Mikrofon-Optimierung<\/figcaption><\/figure>\n<\/div>\n\n\n<p>Alternativ k\u00f6nnen Sie die Optimierung Ihres Mikrofons auch eigenst\u00e4ndig vornehmen.<\/p>\n\n\n\n<ul class=\"wp-block-list\">\n<li>Sprechen Sie in Ihr Mikrofon.<\/li>\n\n\n\n<li>Bewegen Sie nun den Schieberegler, um die Mikrofonempfindlichkeit einzustellen. Vergewissern Sie sich, dass der Indikatorbalken blau wird und sich \u00fcber den Schieberegler hinaus nach rechts bewegt.<\/li>\n\n\n\n<li>Wenn Sie nicht sprechen, sollte der Indikatorbalken orange oder unsichtbar sein. Das bedeutet, dass Ihr Ton nicht \u00fcbertragen wird.<\/li>\n<\/ul>\n\n\n\n<p><\/p>\n","protected":false},"excerpt":{"rendered":"<p>Sie m\u00f6chten wissen, wie Sie Ihre Kamera oder Ihr Mikrofon einrichten?<br \/>\nHier finden Sie unsere Hilfestellungen.<\/p>\n","protected":false},"author":6,"featured_media":0,"parent":493,"menu_order":20,"comment_status":"closed","ping_status":"closed","template":"","meta":{"footnotes":""},"class_list":["post-152","page","type-page","status-publish","hentry"],"_links":{"self":[{"href":"https:\/\/cp-prod-wordpress.alfa.sx\/de\/wp-json\/wp\/v2\/pages\/152","targetHints":{"allow":["GET"]}}],"collection":[{"href":"https:\/\/cp-prod-wordpress.alfa.sx\/de\/wp-json\/wp\/v2\/pages"}],"about":[{"href":"https:\/\/cp-prod-wordpress.alfa.sx\/de\/wp-json\/wp\/v2\/types\/page"}],"author":[{"embeddable":true,"href":"https:\/\/cp-prod-wordpress.alfa.sx\/de\/wp-json\/wp\/v2\/users\/6"}],"replies":[{"embeddable":true,"href":"https:\/\/cp-prod-wordpress.alfa.sx\/de\/wp-json\/wp\/v2\/comments?post=152"}],"version-history":[{"count":39,"href":"https:\/\/cp-prod-wordpress.alfa.sx\/de\/wp-json\/wp\/v2\/pages\/152\/revisions"}],"predecessor-version":[{"id":153,"href":"https:\/\/cp-prod-wordpress.alfa.sx\/de\/wp-json\/wp\/v2\/pages\/152\/revisions\/153"}],"up":[{"embeddable":true,"href":"https:\/\/cp-prod-wordpress.alfa.sx\/de\/wp-json\/wp\/v2\/pages\/493"}],"wp:attachment":[{"href":"https:\/\/cp-prod-wordpress.alfa.sx\/de\/wp-json\/wp\/v2\/media?parent=152"}],"curies":[{"name":"wp","href":"https:\/\/api.w.org\/{rel}","templated":true}]}}