{"id":1522,"date":"2023-11-21T07:32:27","date_gmt":"2023-11-21T07:32:27","guid":{"rendered":"https:\/\/strange-sammet.82-165-59-152.plesk.page\/?page_id=1522"},"modified":"2023-12-01T07:48:53","modified_gmt":"2023-12-01T07:48:53","slug":"requirements-and-limitations","status":"publish","type":"page","link":"https:\/\/cp-prod-wordpress.alfa.sx\/de\/miscellaneous\/for-it-administrators\/single-sign-on\/requirements-and-limitations\/","title":{"rendered":"Voraussetzungen"},"content":{"rendered":"\n<p>Wenn Sie Single Sign-On mit Ihrem Account nutzen m\u00f6chten, ben\u00f6tigen Sie einen kompatiblen Identit\u00e4tsanbieter (\u201cIdentity Provider\u201d). Dieser muss einen der folgenden Standards unterst\u00fctzen:<\/p>\n\n\n\n<ul class=\"wp-block-list\">\n<li>OpenID Connect<\/li>\n\n\n\n<li>SAML V2.0<\/li>\n\n\n\n<li>Shibboleth (via SAML V2.0)<\/li>\n<\/ul>\n\n\n\n<h2 class=\"wp-block-heading\" class=\"wp-block-heading\" id=\"benoetigte-informationen\">Ben\u00f6tigte Informationen<a href=\"https:\/\/cp-prod-wordpress.alfa.sx\/de\/administration\/single-sign-on\/requirements-and-limitations\/#ben%C3%B6tigte-informationen\"><\/a><a href=\"https:\/\/cp-prod-wordpress.alfa.sx\/en\/administration\/single-sign-on\/requirements-and-limitations\/#required-information\"><\/a><a href=\"#benoetigte-informationen\" class=\"av-heading-anchor\"><i class=\"bi bi-link\"><\/i><\/a><\/h2>\n\n\n\n<p>Um unseren alfaview Authentifizierungsdienst zu konfigurieren, ben\u00f6tigen wir folgende Informationen:<\/p>\n\n\n\n<ul class=\"wp-block-list\">\n<li>den Endpunkt Ihres Identit\u00e4tsanbieters (z. B.&nbsp;<code>https:\/\/idp.example.com\/redirect<\/code>)\n<ul class=\"wp-block-list\">\n<li>falls vorhanden: Testkonten und einen zus\u00e4tzlichen Endpunkt des Identit\u00e4tsanbieters zum Testen<\/li>\n<\/ul>\n<\/li>\n\n\n\n<li>wenn Sie SAML verwenden m\u00f6chten: das Signatur-Zertifikat Ihres Identit\u00e4tsanbieters<\/li>\n\n\n\n<li>die Identity Claims oder die Attributzuordnung der SAML\/OIDC-Response Ihres Identit\u00e4tsanbieters\n<ul class=\"wp-block-list\">\n<li>erforderlich: Vorname, Nachname und Anzeigename des Benutzers<\/li>\n\n\n\n<li>optional: Benutzergruppen-Attribut, wenn Sie die\u00a0<a href=\"\/de\/administration\/single-sign-on\/manage-groups\/\">gruppenbasierte Rechteverwaltung<\/a>\u00a0in alfaview verwenden m\u00f6chten<\/li>\n<\/ul>\n<\/li>\n\n\n\n<li>Ihre Wunsch-Login-Domain, von der Ihre Nutzer den Single Sign-On Login-Vorgang starten (Beispiel:&nbsp;<code>mustermann-gmbh.alfaview.com<\/code>)<\/li>\n<\/ul>\n\n\n\n<h2 class=\"wp-block-heading\" class=\"wp-block-heading\" id=\"einschraenkungen\">Einschr\u00e4nkungen<a href=\"#einschraenkungen\" class=\"av-heading-anchor\"><i class=\"bi bi-link\"><\/i><\/a><\/h2>\n\n\n\n<ul class=\"wp-block-list\">\n<li>Die SAML-XML-Signatur Ihres Identit\u00e4tsanbieters muss mit dem SHA256-Algorithmus signiert sein. Wenn keine Informationen zum verwendeten Signatur-Algorithmus vorliegen, k\u00f6nnen wir Ihnen dabei helfen, den verwendeten Algorithmus herauszufinden.<\/li>\n\n\n\n<li>Wir unterst\u00fctzen kein so genanntes \u201cprovider initiated\u201d SAML V2.0. Als Alternative k\u00f6nnen wir einen Start-Link bereitstellen, der den alfaview-Login Prozess initiiert und direkt auf die Login-Seite Ihres Identit\u00e4tsanbieters umleitet.<\/li>\n\n\n\n<li>Die Login-Domain wird von alfaview gehostet.<\/li>\n<\/ul>\n\n\n\n<h2 class=\"wp-block-heading\" class=\"wp-block-heading\" id=\"kompatible-identitaetsanbieter\">Kompatible Identit\u00e4tsanbieter<a href=\"https:\/\/cp-prod-wordpress.alfa.sx\/de\/administration\/single-sign-on\/requirements-and-limitations\/#kompatible-identit%C3%A4tsanbieter\"><\/a><a href=\"https:\/\/cp-prod-wordpress.alfa.sx\/en\/administration\/single-sign-on\/requirements-and-limitations\/#compatible-identity-providers\"><\/a><a href=\"#kompatible-identitaetsanbieter\" class=\"av-heading-anchor\"><i class=\"bi bi-link\"><\/i><\/a><\/h2>\n\n\n\n<p>Die folgenden Identit\u00e4tsanbieter wurden bereits erfolgreich integriert und funktionieren mit alfaview:<\/p>\n\n\n\n<ul class=\"wp-block-list\">\n<li>GitLab \u2013 OpenID Connect basiert<\/li>\n\n\n\n<li>Google Work \u2013 SAML V2.0 basiert<\/li>\n\n\n\n<li>Shibboleth \u2013 SAML V2.0 basiert<\/li>\n<\/ul>\n","protected":false},"excerpt":{"rendered":"<p>Wenn Sie Single Sign-On mit Ihrem Account nutzen m\u00f6chten, ben\u00f6tigen Sie einen kompatiblen Identit\u00e4tsanbieter (\u201cIdentity Provider\u201d). Dieser muss einen der folgenden Standards unterst\u00fctzen: OpenID Connect SAML V2.0 Shibboleth (via SAML V2.0) Ben\u00f6tigte Informationen Um unseren [&hellip;]<\/p>\n","protected":false},"author":5,"featured_media":0,"parent":1511,"menu_order":0,"comment_status":"closed","ping_status":"closed","template":"","meta":{"footnotes":""},"class_list":["post-1522","page","type-page","status-publish","hentry"],"_links":{"self":[{"href":"https:\/\/cp-prod-wordpress.alfa.sx\/de\/wp-json\/wp\/v2\/pages\/1522","targetHints":{"allow":["GET"]}}],"collection":[{"href":"https:\/\/cp-prod-wordpress.alfa.sx\/de\/wp-json\/wp\/v2\/pages"}],"about":[{"href":"https:\/\/cp-prod-wordpress.alfa.sx\/de\/wp-json\/wp\/v2\/types\/page"}],"author":[{"embeddable":true,"href":"https:\/\/cp-prod-wordpress.alfa.sx\/de\/wp-json\/wp\/v2\/users\/5"}],"replies":[{"embeddable":true,"href":"https:\/\/cp-prod-wordpress.alfa.sx\/de\/wp-json\/wp\/v2\/comments?post=1522"}],"version-history":[{"count":4,"href":"https:\/\/cp-prod-wordpress.alfa.sx\/de\/wp-json\/wp\/v2\/pages\/1522\/revisions"}],"predecessor-version":[{"id":1523,"href":"https:\/\/cp-prod-wordpress.alfa.sx\/de\/wp-json\/wp\/v2\/pages\/1522\/revisions\/1523"}],"up":[{"embeddable":true,"href":"https:\/\/cp-prod-wordpress.alfa.sx\/de\/wp-json\/wp\/v2\/pages\/1511"}],"wp:attachment":[{"href":"https:\/\/cp-prod-wordpress.alfa.sx\/de\/wp-json\/wp\/v2\/media?parent=1522"}],"curies":[{"name":"wp","href":"https:\/\/api.w.org\/{rel}","templated":true}]}}