{"id":1619,"date":"2023-10-13T08:48:31","date_gmt":"2023-10-13T08:48:31","guid":{"rendered":"https:\/\/strange-sammet.82-165-59-152.plesk.page\/?page_id=1619"},"modified":"2025-06-11T09:29:51","modified_gmt":"2025-06-11T09:29:51","slug":"outlook-add-in-installation","status":"publish","type":"page","link":"https:\/\/cp-prod-wordpress.alfa.sx\/de\/miscellaneous\/for-it-administrators\/outlook-add-in\/outlook-add-in-installation\/","title":{"rendered":"Hinweise zur Installation des Outlook Add-Ins"},"content":{"rendered":"\n<div class=\"wp-block-alfaview-callout\">\n<p>Das alfaview Outlook Add-In steht f\u00fcr folgende Anwendungen zur Verf\u00fcgung:<\/p>\n\n\n\n<ul class=\"wp-block-list\">\n<li>Outlook 2016 auf Mac und Windows<\/li>\n\n\n\n<li>Outlook 2019 auf Mac und Windows<\/li>\n\n\n\n<li>Outlook 2021 auf Mac und Windows<\/li>\n\n\n\n<li>Outlook auf Mac und Windows (Microsoft 365)<\/li>\n\n\n\n<li>Outlook im Web<\/li>\n<\/ul>\n\n\n\n<p>Damit Sie das alfaview Outlook Add-In mit einer Exchange On-Premise-L\u00f6sung nutzen k\u00f6nnen, muss mindestens der <strong>Exchange Server 2016<\/strong> genutzt werden. \u00c4ltere Versionen werden nicht unterst\u00fctzt.<\/p>\n\n\n\n<p><br>Aktuell kann das Add-In noch nicht auf den mobilen Betriebssystemen (iOS\/Android) genutzt werden.<\/p>\n<\/div>\n\n\n\n<p>Wir stellen ein alfaview Add-In f\u00fcr Microsoft Outlook 365 zur Verf\u00fcgung. Das Add-In erm\u00f6glicht es Ihnen, alfaview-Meetings direkt in Ihrem Microsoft Outlook 365 Kalender zu erstellen und den Link zu Ihrem Meeting an Ihre Teilnehmer:innen zu versenden.<br>Weitere Informationen zu den alfaview-Meetings finden Sie unter&nbsp;<a href=\"https:\/\/cp-prod-wordpress.alfa.sx\/de\/administration\/meetings\/\">Meetings<\/a>.<\/p>\n\n\n\n<p>Sobald Sie sich in das Add-In eingeloggt haben, bleiben Sie automatisch 30 Tage lang eingeloggt.<\/p>\n\n\n\n<h2 class=\"wp-block-heading\" class=\"wp-block-heading\" id=\"installation-ueber-microsoft-appsource\">Installation \u00fcber Microsoft AppSource<a href=\"https:\/\/cp-prod-wordpress.alfa.sx\/de\/miscellaneous\/outlook-add-in\/outlook-add-installation\/#installation-%C3%BCber-microsoft-appsource\"><\/a><a href=\"https:\/\/cp-prod-wordpress.alfa.sx\/en\/miscellaneous\/outlook-add-in\/outlook-add-installation\/#installation-via-microsoft-appsource\"><\/a><a href=\"#installation-ueber-microsoft-appsource\" class=\"av-heading-anchor\"><i class=\"bi bi-link\"><\/i><\/a><\/h2>\n\n\n\n<p>Sie finden das alfaview Outlook Add-In im Microsoft AppSource unter folgendem Link:<br><a href=\"https:\/\/appsource.microsoft.com\/product\/office\/WA200005288\">https:\/\/appsource.microsoft.com\/product\/office\/WA200005288<\/a><\/p>\n\n\n\n<h2 class=\"wp-block-heading\" class=\"wp-block-heading\" id=\"manuelle-installation-mittels-xml-manifest-datei\">Manuelle Installation mittels XML-Manifest Datei<a href=\"https:\/\/cp-prod-wordpress.alfa.sx\/de\/miscellaneous\/outlook-add-in\/outlook-add-installation\/#manuelle-installation-mittels-xml-manifest-datei\"><\/a><a href=\"https:\/\/cp-prod-wordpress.alfa.sx\/en\/miscellaneous\/outlook-add-in\/outlook-add-installation\/#manual-installation-using-the-xml-manifest-file\"><\/a><a href=\"#manuelle-installation-mittels-xml-manifest-datei\" class=\"av-heading-anchor\"><i class=\"bi bi-link\"><\/i><\/a><\/h2>\n\n\n\n<p>Zur manuellen Installation des alfaview Add-Ins ben\u00f6tigen Sie die XML-Manifest Datei.<br>Um die Manifest-Datei herunterzuladen, gehen Sie wie folgt vor:<\/p>\n\n\n\n<ul class=\"wp-block-list\">\n<li>Melden Sie sich bei der&nbsp;<a href=\"https:\/\/app.alfaview.com\/#\/login\">Verwaltungsoberfl\u00e4che&nbsp;<\/a>an.<\/li>\n\n\n\n<li>Klicken Sie im Men\u00fc auf der linken Seite auf <strong>Company<\/strong>.<\/li>\n\n\n\n<li>W\u00e4hlen Sie den Reiter <strong>Add-Ins<\/strong>.<\/li>\n\n\n\n<li>Klicken Sie auf <button class=\"av-button--primary av-button\">Download Manifest-Datei<\/button>, um die Datei zu speichern.<\/li>\n<\/ul>\n\n\n\n<h2 class=\"wp-block-heading\" class=\"wp-block-heading\" id=\"als-outlook-365-benutzerin\">Als Outlook 365 Benutzer:in<a href=\"https:\/\/cp-prod-wordpress.alfa.sx\/de\/miscellaneous\/outlook-add-in\/outlook-add-installation\/#als-outlook-365-benutzer\"><\/a><a href=\"https:\/\/cp-prod-wordpress.alfa.sx\/en\/miscellaneous\/outlook-add-in\/outlook-add-installation\/#as-an-outlook-365-user\"><\/a><a href=\"#als-outlook-365-benutzerin\" class=\"av-heading-anchor\"><i class=\"bi bi-link\"><\/i><\/a><\/h2>\n\n\n\n<p>Bitte beachten Sie, dass die Installation von Add-Ins von Ihrer Administration freigegeben sein muss.<br>Mehr Informationen zur Installation von Outlook Add-Ins finden Sie im&nbsp;<a href=\"https:\/\/support.microsoft.com\/de-de\/office\/abrufen-eines-office-add-ins-f%C3%BCr-outlook-1ee261f9-49bf-4ba6-b3e2-2ba7bcab64c8\"><strong>Microsoft Supportcenter<\/strong><\/a>.<\/p>\n\n\n\n<ul class=\"wp-block-list\">\n<li>\u00d6ffnen Sie Microsoft Outlook 365.<\/li>\n\n\n\n<li>Klicken Sie auf <strong>Add-Ins abrufen<\/strong>.<\/li>\n\n\n\n<li>W\u00e4hlen Sie <strong>Meine Add-Ins<\/strong> im Men\u00fc aus.<\/li>\n\n\n\n<li>Scrollen Sie zum Bereich <strong>Benutzerdefinierte Add-Ins<\/strong>.<\/li>\n\n\n\n<li>Klicken Sie auf <strong>Benutzerdefiniertes Add-In hinzuf\u00fcgen<\/strong>.<\/li>\n\n\n\n<li>Klicken Sie auf <strong>Aus Datei hinzuf\u00fcgen\u2026<\/strong> .<\/li>\n\n\n\n<li>\u00d6ffnen Sie die heruntergeladene XML-Datei.<\/li>\n\n\n\n<li>Best\u00e4tigen Sie die Datenschutz-Warnung durch einen Klick auf <strong>Installieren<\/strong>.<\/li>\n\n\n\n<li>Das Add-In ist nun installiert und erscheint unter <strong>Benutzerdefiniertes Add-Ins<\/strong>.<\/li>\n<\/ul>\n\n\n\n<h2 class=\"wp-block-heading\" class=\"wp-block-heading\" id=\"als-outlook-365-administratorin\">Als Outlook 365 Administrator:in<a href=\"https:\/\/cp-prod-wordpress.alfa.sx\/en\/miscellaneous\/outlook-add-in\/outlook-add-installation\/#as-an-outlook-365-administrator\"><\/a><a href=\"#als-outlook-365-administratorin\" class=\"av-heading-anchor\"><i class=\"bi bi-link\"><\/i><\/a><\/h2>\n\n\n\n<p>Als Administrator:in von Microsoft Office 365 k\u00f6nnen Sie das alfaview Add-In f\u00fcr Ihre Nutzer:innen ausrollen.<br>Mehr Informationen zur Bereitstellung von Outlook Add-Ins finden Sie im&nbsp;<a href=\"https:\/\/learn.microsoft.com\/de-de\/microsoft-365\/admin\/manage\/manage-deployment-of-add-ins?view=o365-worldwide\"><strong>Microsoft Supportcenter<\/strong><\/a>.<\/p>\n\n\n\n<ul class=\"wp-block-list\">\n<li>\u00d6ffnen Sie das Microsoft Office 365 Admin Center.<\/li>\n\n\n\n<li>W\u00e4hlen Sie <strong>Einstellungen<\/strong> im Men\u00fc aus.<\/li>\n\n\n\n<li>W\u00e4hlen Sie <strong>Integrierte Apps<\/strong> im Men\u00fc aus.<\/li>\n\n\n\n<li>Klicken Sie auf <strong>Benutzerdefinierte Apps hochladen<\/strong>.<\/li>\n\n\n\n<li>W\u00e4hlen Sie den App-Typ <strong>Office-Add-In<\/strong> im Dropdown-Men\u00fc aus.<\/li>\n\n\n\n<li>W\u00e4hlen Sie <strong>Manifestdatei (.xml) vom Ger\u00e4t hochladen<\/strong>.<\/li>\n\n\n\n<li>Klicken Sie auf <strong>Datei ausw\u00e4hlen<\/strong>.<\/li>\n\n\n\n<li>\u00d6ffnen Sie die heruntergeladene XML-Datei und klicken Sie auf <strong>Weiter<\/strong>.<\/li>\n\n\n\n<li>Weisen Sie die gew\u00fcnschten Benutzer oder Gruppen zu und klicken Sie auf <strong>Weiter<\/strong>.<\/li>\n\n\n\n<li>Akzeptieren Sie die Berechtigungsanforderungen und klicken Sie auf <strong>Weiter<\/strong>.<\/li>\n\n\n\n<li>\u00dcberpr\u00fcfen Sie die Details und klicken Sie auf <strong>Bereitstellung fertig stellen<\/strong>.<\/li>\n\n\n\n<li>Das Add-In steht Ihren Nutzer:innen nun zur Verf\u00fcgung.<\/li>\n<\/ul>\n\n\n\n<h2 class=\"wp-block-heading\" class=\"wp-block-heading\" id=\"zusaetzliche-firewall-und-proxykonfiguration\">Zus\u00e4tzliche Firewall- und Proxykonfiguration<a href=\"#zusaetzliche-firewall-und-proxykonfiguration\" class=\"av-heading-anchor\"><i class=\"bi bi-link\"><\/i><\/a><\/h2>\n\n\n\n<p>Bei der Verwendung eines Proxys \/ einer Firewall kann es erforderlich sein, dass bestimmte Microsoft-Endpunkte von Ihnen freigegeben bzw. konfiguriert werden m\u00fcssen.<\/p>\n\n\n\n<p>Weitere Informationen entnehmen Sie bitte der Webseite <a href=\"https:\/\/learn.microsoft.com\/de-de\/microsoft-365\/enterprise\/urls-and-ip-address-ranges?view=o365-worldwide#microsoft-365-common-and-office-online\">Microsoft 365-URLs und-IP-Adressbereiche<\/a>.<\/p>\n\n\n\n<h2 class=\"wp-block-heading\" class=\"wp-block-heading\" id=\"informationen-zur-installation-mit-exchange-servern\">Informationen zur Installation mit Exchange Servern<a href=\"#informationen-zur-installation-mit-exchange-servern\" class=\"av-heading-anchor\"><i class=\"bi bi-link\"><\/i><\/a><\/h2>\n\n\n\n<div class=\"wp-block-alfaview-callout\">\n<p>Bitte beachten Sie, dass es bis zu 72 Stunden dauern kann, bis eine neue Add-In-Bereitstellung, Add-In-Aktualisierung, eine \u00c4nderung oder die Entfernung eines Add-Ins f\u00fcr die Benutzer:innen sichtbar werden.<\/p>\n<\/div>\n\n\n\n<p>Weitere Informationen finden Sie in den folgenden Microsoft-Supportartikeln:<\/p>\n\n\n\n<ul class=\"wp-block-list\">\n<li><a href=\"https:\/\/learn.microsoft.com\/de-de\/exchange\/install-or-remove-outlook-add-ins-2013-help\">Installieren oder Entfernen von Add-Ins f\u00fcr Outlook f\u00fcr Ihre Exchange 2013-Organisation<\/a><\/li>\n\n\n\n<li><a href=\"https:\/\/learn.microsoft.com\/de-de\/exchange\/add-ins-for-outlook-2013-help\">Add-Ins f\u00fcr Outlook in Exchange Server<\/a><\/li>\n<\/ul>\n","protected":false},"excerpt":{"rendered":"<p>Wir stellen ein alfaview Add-In f\u00fcr Microsoft Outlook 365 zur Verf\u00fcgung. Das Add-In erm\u00f6glicht es Ihnen, alfaview-Meetings direkt in Ihrem Microsoft Outlook 365 Kalender zu erstellen und den Link zu Ihrem Meeting an Ihre Teilnehmer:innen [&hellip;]<\/p>\n","protected":false},"author":5,"featured_media":0,"parent":1616,"menu_order":0,"comment_status":"closed","ping_status":"closed","template":"","meta":{"footnotes":""},"class_list":["post-1619","page","type-page","status-publish","hentry"],"_links":{"self":[{"href":"https:\/\/cp-prod-wordpress.alfa.sx\/de\/wp-json\/wp\/v2\/pages\/1619","targetHints":{"allow":["GET"]}}],"collection":[{"href":"https:\/\/cp-prod-wordpress.alfa.sx\/de\/wp-json\/wp\/v2\/pages"}],"about":[{"href":"https:\/\/cp-prod-wordpress.alfa.sx\/de\/wp-json\/wp\/v2\/types\/page"}],"author":[{"embeddable":true,"href":"https:\/\/cp-prod-wordpress.alfa.sx\/de\/wp-json\/wp\/v2\/users\/5"}],"replies":[{"embeddable":true,"href":"https:\/\/cp-prod-wordpress.alfa.sx\/de\/wp-json\/wp\/v2\/comments?post=1619"}],"version-history":[{"count":20,"href":"https:\/\/cp-prod-wordpress.alfa.sx\/de\/wp-json\/wp\/v2\/pages\/1619\/revisions"}],"predecessor-version":[{"id":1620,"href":"https:\/\/cp-prod-wordpress.alfa.sx\/de\/wp-json\/wp\/v2\/pages\/1619\/revisions\/1620"}],"up":[{"embeddable":true,"href":"https:\/\/cp-prod-wordpress.alfa.sx\/de\/wp-json\/wp\/v2\/pages\/1616"}],"wp:attachment":[{"href":"https:\/\/cp-prod-wordpress.alfa.sx\/de\/wp-json\/wp\/v2\/media?parent=1619"}],"curies":[{"name":"wp","href":"https:\/\/api.w.org\/{rel}","templated":true}]}}