{"id":1680,"date":"2023-11-21T09:48:09","date_gmt":"2023-11-21T09:48:09","guid":{"rendered":"https:\/\/strange-sammet.82-165-59-152.plesk.page\/?page_id=1680"},"modified":"2024-07-30T07:59:03","modified_gmt":"2024-07-30T07:59:03","slug":"msi-package","status":"publish","type":"page","link":"https:\/\/cp-prod-wordpress.alfa.sx\/de\/miscellaneous\/for-it-administrators\/msi-package\/","title":{"rendered":"Hinweise zur Verwendung des MSI-Pakets"},"content":{"rendered":"\n<p>Wir stellen alfaview als MSI-Paket zum Download bereit, um das Ausrollen in Firmennetzwerken \u00fcber Gruppenrichtlinien zu erm\u00f6glichen. Folgende Punkte sind bei der Verwendung des MSI-Pakets zu beachten:<\/p>\n\n\n\n<ul class=\"wp-block-list\">\n<li>alfaview steht allen Benutzer:innen des Systems zur Verf\u00fcgung (sofern nicht durch Gruppenrichtlinien anderweitig eingeschr\u00e4nkt).<\/li>\n\n\n\n<li>Es erfolgen keine Benachrichtigungen \u00fcber evtl. vorhandene Updates innerhalb der Anwendung.<\/li>\n\n\n\n<li>Die Verf\u00fcgbarkeit von Updates muss durch die verantwortlichen Systemadministrator:innen selbstst\u00e4ndig gepr\u00fcft werden.<\/li>\n\n\n\n<li>Die Installation von Updates erfolgt durch Installation des aktuellsten MSI-Pakets.<\/li>\n<\/ul>\n\n\n\n<div class=\"wp-block-alfaview-callout\">\n<p>Die aktuelle Version des alfaview MSI-Pakets finden Sie auf der <a href=\"https:\/\/alfaview.com\/de\/download\/\">alfaview-Downloadseite<\/a>.<\/p>\n<\/div>\n\n\n\n<h2 class=\"wp-block-heading\" id=\"automate-updates\">Updates automatisieren<a href=\"https:\/\/cp-prod-wordpress.alfa.sx\/en\/miscellaneous\/msi-package\/#automate-updates\"><\/a><\/h2>\n\n\n\n<ul class=\"wp-block-list\">\n<li>Unter&nbsp;<a href=\"https:\/\/assets.alfaview.com\/stable\/win\/msi_version.info\">https:\/\/assets.alfaview.com\/stable\/win\/msi_version.info<\/a>&nbsp;stellen wir eine Pr\u00fcfdatei im JSON-Format mit Versionsinformationen zur Verf\u00fcgung.<\/li>\n<\/ul>\n","protected":false},"excerpt":{"rendered":"<p>Wir stellen alfaview als MSI-Paket zum Download bereit, um das Ausrollen in Firmennetzwerken \u00fcber Gruppenrichtlinien zu erm\u00f6glichen. Folgende Punkte sind bei der Verwendung des MSI-Pakets zu beachten: alfaview steht allen Benutzer:innen des Systems zur Verf\u00fcgung [&hellip;]<\/p>\n","protected":false},"author":5,"featured_media":0,"parent":4552,"menu_order":0,"comment_status":"closed","ping_status":"closed","template":"","meta":{"footnotes":""},"class_list":["post-1680","page","type-page","status-publish","hentry"],"_links":{"self":[{"href":"https:\/\/cp-prod-wordpress.alfa.sx\/de\/wp-json\/wp\/v2\/pages\/1680","targetHints":{"allow":["GET"]}}],"collection":[{"href":"https:\/\/cp-prod-wordpress.alfa.sx\/de\/wp-json\/wp\/v2\/pages"}],"about":[{"href":"https:\/\/cp-prod-wordpress.alfa.sx\/de\/wp-json\/wp\/v2\/types\/page"}],"author":[{"embeddable":true,"href":"https:\/\/cp-prod-wordpress.alfa.sx\/de\/wp-json\/wp\/v2\/users\/5"}],"replies":[{"embeddable":true,"href":"https:\/\/cp-prod-wordpress.alfa.sx\/de\/wp-json\/wp\/v2\/comments?post=1680"}],"version-history":[{"count":4,"href":"https:\/\/cp-prod-wordpress.alfa.sx\/de\/wp-json\/wp\/v2\/pages\/1680\/revisions"}],"predecessor-version":[{"id":1681,"href":"https:\/\/cp-prod-wordpress.alfa.sx\/de\/wp-json\/wp\/v2\/pages\/1680\/revisions\/1681"}],"up":[{"embeddable":true,"href":"https:\/\/cp-prod-wordpress.alfa.sx\/de\/wp-json\/wp\/v2\/pages\/4552"}],"wp:attachment":[{"href":"https:\/\/cp-prod-wordpress.alfa.sx\/de\/wp-json\/wp\/v2\/media?parent=1680"}],"curies":[{"name":"wp","href":"https:\/\/api.w.org\/{rel}","templated":true}]}}