{"id":1710,"date":"2023-11-21T11:43:42","date_gmt":"2023-11-21T11:43:42","guid":{"rendered":"https:\/\/strange-sammet.82-165-59-152.plesk.page\/?page_id=1710"},"modified":"2025-04-16T08:59:30","modified_gmt":"2025-04-16T08:59:30","slug":"authorize-camera-microphone-and-accessibility-feature-on-macos","status":"publish","type":"page","link":"https:\/\/cp-prod-wordpress.alfa.sx\/de\/miscellaneous\/settings-for-apple-devices\/authorize-camera-microphone-and-accessibility-feature-on-macos\/","title":{"rendered":"Freigabe von Kamera, Mikrofon und Bedienungshilfen auf Apple-Ger\u00e4ten"},"content":{"rendered":"<div class=\"wp-block-image\">\n<figure class=\"alignright size-full is-resized\"><a href=\"https:\/\/cp-prod-wordpress.alfa.sx\/wp-content\/uploads\/2023\/11\/mac-dialog-allow-cam-access-de.png\"><img loading=\"lazy\" decoding=\"async\" width=\"547\" height=\"274\" src=\"https:\/\/cp-prod-wordpress.alfa.sx\/wp-content\/uploads\/2023\/11\/mac-dialog-allow-cam-access-de.png\" alt=\"Screenshot des Hinweisfensters zur Freigabe von Kamera, Mikrofon und Bedienungshilfen auf Apple-Ger\u00e4ten\" class=\"wp-image-1702\" style=\"width:250px\" srcset=\"https:\/\/cp-prod-wordpress.alfa.sx\/wp-content\/uploads\/2023\/11\/mac-dialog-allow-cam-access-de.png 547w, https:\/\/cp-prod-wordpress.alfa.sx\/wp-content\/uploads\/2023\/11\/mac-dialog-allow-cam-access-de-300x150.png 300w\" sizes=\"auto, (max-width: 547px) 100vw, 547px\" \/><\/a><figcaption class=\"wp-element-caption\">Kamerazugriff freigeben unter macOS<\/figcaption><\/figure>\n<\/div>\n\n\n<p>Sie m\u00fcssen alfaview beim ersten Start den Zugriff auf Ihre Kamera und Ihr Mikrofon gew\u00e4hren, damit das Kamerabild und der Ton in der alfaview-App \u00fcbertragen wird.<\/p>\n\n\n\n<p>Erlauben Sie daf\u00fcr den Zugriff im Hinweisfenster, das bei der ersten Nutzung von alfaview erscheint. Sie k\u00f6nnen die Erlaubnis jederzeit in Ihren <strong>Systemeinstellungen<\/strong> bearbeiten:<\/p>\n\n\n\n<ul class=\"wp-block-list\">\n<li><a href=\"https:\/\/cp-prod-wordpress.alfa.sx\/de\/miscellaneous\/authorize-camera-microphone-and-accessibility-feature-on-macos\/#macos-14-2-sonoma\">macOS 14.2 (Sonoma)<\/a><\/li>\n\n\n\n<li><a href=\"https:\/\/cp-prod-wordpress.alfa.sx\/de\/miscellaneous\/authorize-camera-microphone-and-accessibility-feature-on-macos\/#macos-10-14-mojave\">macOS 10.14 (Mojave)<\/a><\/li>\n<\/ul>\n\n\n\n<div class=\"wp-block-columns is-layout-flex wp-container-core-columns-is-layout-9d6595d7 wp-block-columns-is-layout-flex\">\n<div class=\"wp-block-column is-layout-flow wp-block-column-is-layout-flow\">\n<h2 class=\"wp-block-heading\" class=\"wp-block-heading\" id=\"macos-14-2-sonoma\">macOS 14.2 (Sonoma)<a href=\"#macos-14-2-sonoma\" class=\"av-heading-anchor\"><i class=\"bi bi-link\"><\/i><\/a><\/h2>\n\n\n\n<p>Falls Sie den Zugriff auf Ihre Kamera und Ihr Mikrofon bei der ersten Nutzung der alfaview-App nicht erlaubt haben, k\u00f6nnen Sie dies jederzeit in Ihren Systemeinstellungen neu erteilen. Auch eine Widerrufung der Zugriffserlaubnis ist jederzeit m\u00f6glich.<\/p>\n\n\n\n<ul class=\"wp-block-list\">\n<li>\u00d6ffnen Sie die <strong>Systemeinstellungen<\/strong>.<\/li>\n\n\n\n<li>Wechseln Sie in den Reiter <strong>Datenschutz &amp; Sicherheit<\/strong>.<\/li>\n\n\n\n<li>Klicken Sie in der Liste auf <strong>Kamera<\/strong> oder <strong>Mikrofon<\/strong>, um die jeweilige Berechtigung zu bearbeiten.<\/li>\n\n\n\n<li>Klicken Sie nun auf den Schalter rechts neben <strong>alfaview<\/strong>. Die Erlaubnis zur Nutzung ist erteilt, wenn der Schalter blau angezeigt wird.<\/li>\n<\/ul>\n<\/div>\n\n\n\n<div class=\"wp-block-column is-layout-flow wp-block-column-is-layout-flow\" style=\"flex-basis:250px\">\n<figure class=\"wp-block-image size-full\"><a href=\"https:\/\/cp-prod-wordpress.alfa.sx\/wp-content\/uploads\/2024\/05\/authorize-de.png\"><img loading=\"lazy\" decoding=\"async\" width=\"1024\" height=\"784\" src=\"https:\/\/cp-prod-wordpress.alfa.sx\/wp-content\/uploads\/2024\/05\/authorize-de.png\" alt=\"Screenshot des Reiters Datenschutz &amp; Sicherheit in den Systemeinstellungen unter Sonoma\" class=\"wp-image-3881\" srcset=\"https:\/\/cp-prod-wordpress.alfa.sx\/wp-content\/uploads\/2024\/05\/authorize-de.png 1024w, https:\/\/cp-prod-wordpress.alfa.sx\/wp-content\/uploads\/2024\/05\/authorize-de-300x230.png 300w, https:\/\/cp-prod-wordpress.alfa.sx\/wp-content\/uploads\/2024\/05\/authorize-de-768x588.png 768w\" sizes=\"auto, (max-width: 1024px) 100vw, 1024px\" \/><\/a><figcaption class=\"wp-element-caption\">Der Reiter Datenschutz &amp; Sicherheit in den Systemeinstellungen<\/figcaption><\/figure>\n\n\n\n<figure class=\"wp-block-image size-full is-resized\"><a href=\"https:\/\/cp-prod-wordpress.alfa.sx\/wp-content\/uploads\/2024\/05\/autorize-camera-de.png\"><img loading=\"lazy\" decoding=\"async\" width=\"684\" height=\"163\" src=\"https:\/\/cp-prod-wordpress.alfa.sx\/wp-content\/uploads\/2024\/05\/autorize-camera-de.png\" alt=\"Screenshot der Zugriffsliste auf die Kamera, der Schieberegler neben dem alfaview-Symbol ist aktiviert\" class=\"wp-image-3883\" style=\"width:252px;height:auto\" srcset=\"https:\/\/cp-prod-wordpress.alfa.sx\/wp-content\/uploads\/2024\/05\/autorize-camera-de.png 684w, https:\/\/cp-prod-wordpress.alfa.sx\/wp-content\/uploads\/2024\/05\/autorize-camera-de-300x71.png 300w\" sizes=\"auto, (max-width: 684px) 100vw, 684px\" \/><\/a><figcaption class=\"wp-element-caption\">alfaview den Zugriff auf die Kamera erlauben<\/figcaption><\/figure>\n<\/div>\n<\/div>\n\n\n\n<h2 class=\"wp-block-heading\" class=\"wp-block-heading\" id=\"macos-10-14-mojave\">macOS 10.14 (Mojave)<a href=\"#macos-10-14-mojave\" class=\"av-heading-anchor\"><i class=\"bi bi-link\"><\/i><\/a><\/h2>\n\n\n\n<p>Bei einer ersten Nutzung von alfaview m\u00fcssen Sie den Zugriff auf Ihre Kamera, Ihr Mikrofon sowie Ihre Bedienungshilfen gew\u00e4hren, damit die anderen Personen Sie h\u00f6ren und sehen k\u00f6nnen. Sie k\u00f6nnen die Erlaubnis jederzeit in Ihren Systemeinstellungen anpassen:<\/p>\n\n\n<div class=\"wp-block-image\">\n<figure class=\"alignright size-full is-resized\"><a href=\"https:\/\/cp-prod-wordpress.alfa.sx\/wp-content\/uploads\/2023\/11\/mac-system-preferences-allow-cam-access-de.png\"><img loading=\"lazy\" decoding=\"async\" width=\"874\" height=\"685\" src=\"https:\/\/cp-prod-wordpress.alfa.sx\/wp-content\/uploads\/2023\/11\/mac-system-preferences-allow-cam-access-de.png\" alt=\"Screenshot des Reiters Datenschutz &amp; Sicherheit in den Systemeinstellungen unter Mojave, im Reiter Kamera wurde alfaview der Zugriff gew\u00e4hrt\" class=\"wp-image-1704\" style=\"width:250px\" srcset=\"https:\/\/cp-prod-wordpress.alfa.sx\/wp-content\/uploads\/2023\/11\/mac-system-preferences-allow-cam-access-de.png 874w, https:\/\/cp-prod-wordpress.alfa.sx\/wp-content\/uploads\/2023\/11\/mac-system-preferences-allow-cam-access-de-300x235.png 300w, https:\/\/cp-prod-wordpress.alfa.sx\/wp-content\/uploads\/2023\/11\/mac-system-preferences-allow-cam-access-de-768x602.png 768w\" sizes=\"auto, (max-width: 874px) 100vw, 874px\" \/><\/a><figcaption class=\"wp-element-caption\">Systemeinstellungen zur Kamerafreigabe unter macOS<\/figcaption><\/figure>\n<\/div>\n\n\n<ul class=\"wp-block-list\">\n<li>\u00d6ffnen Sie die <strong>Systemeinstellungen<\/strong>.<\/li>\n\n\n\n<li>Wechseln Sie in den Reiter <strong>Datenschutz &amp; Sicherheit<\/strong>.<\/li>\n\n\n\n<li>Klicken Sie in der Liste auf <strong>Kamera<\/strong>, <strong>Mikrofon<\/strong> oder <strong>Bedienungshilfen<\/strong>, um die jeweilige Berechtigung zu bearbeiten.<\/li>\n\n\n\n<li>Klicken Sie nun in das K\u00e4stchen links neben <strong>alfaview<\/strong>. Die Erlaubnis zur Nutzung ist erteilt, wenn das K\u00e4stchen abgehakt ist.<\/li>\n\n\n\n<li>Die Freigabe der <strong>Bedienungshilfen<\/strong> ist erforderlich, wenn die Funktion <strong>Push-To-Talk (PTT)<\/strong> verwendet wird. Wie die Mikrofon- und Kamerafreigabe kann auch die Freigabe der Bedienungshilfen jederzeit widerrufen werden.<\/li>\n\n\n\n<li>Wird der Zugriff verweigert, erfolgt die Aufforderung, den Zugriff wieder zu erlauben, erneut, sobald alfaview versucht, die Kamera oder das Mikrofon zu verwenden.<\/li>\n<\/ul>\n","protected":false},"excerpt":{"rendered":"<p>Sie m\u00fcssen alfaview beim ersten Start den Zugriff auf Ihre Kamera und Ihr Mikrofon gew\u00e4hren, damit das Kamerabild und der Ton in der alfaview-App \u00fcbertragen wird. Erlauben Sie daf\u00fcr den Zugriff im Hinweisfenster, das bei [&hellip;]<\/p>\n","protected":false},"author":5,"featured_media":0,"parent":5590,"menu_order":35,"comment_status":"closed","ping_status":"closed","template":"","meta":{"footnotes":""},"class_list":["post-1710","page","type-page","status-publish","hentry"],"_links":{"self":[{"href":"https:\/\/cp-prod-wordpress.alfa.sx\/de\/wp-json\/wp\/v2\/pages\/1710","targetHints":{"allow":["GET"]}}],"collection":[{"href":"https:\/\/cp-prod-wordpress.alfa.sx\/de\/wp-json\/wp\/v2\/pages"}],"about":[{"href":"https:\/\/cp-prod-wordpress.alfa.sx\/de\/wp-json\/wp\/v2\/types\/page"}],"author":[{"embeddable":true,"href":"https:\/\/cp-prod-wordpress.alfa.sx\/de\/wp-json\/wp\/v2\/users\/5"}],"replies":[{"embeddable":true,"href":"https:\/\/cp-prod-wordpress.alfa.sx\/de\/wp-json\/wp\/v2\/comments?post=1710"}],"version-history":[{"count":12,"href":"https:\/\/cp-prod-wordpress.alfa.sx\/de\/wp-json\/wp\/v2\/pages\/1710\/revisions"}],"predecessor-version":[{"id":1711,"href":"https:\/\/cp-prod-wordpress.alfa.sx\/de\/wp-json\/wp\/v2\/pages\/1710\/revisions\/1711"}],"up":[{"embeddable":true,"href":"https:\/\/cp-prod-wordpress.alfa.sx\/de\/wp-json\/wp\/v2\/pages\/5590"}],"wp:attachment":[{"href":"https:\/\/cp-prod-wordpress.alfa.sx\/de\/wp-json\/wp\/v2\/media?parent=1710"}],"curies":[{"name":"wp","href":"https:\/\/api.w.org\/{rel}","templated":true}]}}