{"id":1762,"date":"2023-11-22T07:30:49","date_gmt":"2023-11-22T07:30:49","guid":{"rendered":"https:\/\/strange-sammet.82-165-59-152.plesk.page\/?page_id=1762"},"modified":"2025-06-10T09:41:17","modified_gmt":"2025-06-10T09:41:17","slug":"request-your-api-credentials","status":"publish","type":"page","link":"https:\/\/cp-prod-wordpress.alfa.sx\/de\/developers\/request-your-api-credentials\/","title":{"rendered":"API-Zugangsdaten anfordern"},"content":{"rendered":"<div class=\"wp-block-image\">\n<figure class=\"alignright size-large is-resized\"><a href=\"https:\/\/cp-prod-wordpress.alfa.sx\/wp-content\/uploads\/2024\/04\/api-keys-de.png\"><img loading=\"lazy\" decoding=\"async\" width=\"1024\" height=\"510\" src=\"https:\/\/cp-prod-wordpress.alfa.sx\/wp-content\/uploads\/2024\/04\/api-keys-de-1024x510.png\" alt=\"Screenshot der Seite Company in der Verwaltung, der Reiter API-Keys ist ge\u00f6ffnet.\" class=\"wp-image-3549\" style=\"width:250px\" srcset=\"https:\/\/cp-prod-wordpress.alfa.sx\/wp-content\/uploads\/2024\/04\/api-keys-de-1024x510.png 1024w, https:\/\/cp-prod-wordpress.alfa.sx\/wp-content\/uploads\/2024\/04\/api-keys-de-300x150.png 300w, https:\/\/cp-prod-wordpress.alfa.sx\/wp-content\/uploads\/2024\/04\/api-keys-de-768x383.png 768w, https:\/\/cp-prod-wordpress.alfa.sx\/wp-content\/uploads\/2024\/04\/api-keys-de-1536x766.png 1536w, https:\/\/cp-prod-wordpress.alfa.sx\/wp-content\/uploads\/2024\/04\/api-keys-de.png 1848w\" sizes=\"auto, (max-width: 1024px) 100vw, 1024px\" \/><\/a><figcaption class=\"wp-element-caption\">API-Zugangsdaten anfordern<\/figcaption><\/figure>\n<\/div>\n\n\n<p>Um Ihre API-Zugangsdaten zu erhalten, gehen Sie wie folgt vor:<\/p>\n\n\n\n<ul class=\"wp-block-list\">\n<li>Melden Sie sich auf der&nbsp;<a href=\"https:\/\/cp-prod-wordpress.alfa.sx\/de\/administration\/general\/adminstration-interface\/\">Verwaltungsoberfl\u00e4che<\/a>&nbsp;an.<\/li>\n\n\n\n<li>Klicken Sie im Men\u00fc auf der linken Seite auf <strong>Company<\/strong>.<\/li>\n\n\n\n<li>W\u00e4hlen Sie den Reiter <strong>API Keys<\/strong>.<\/li>\n\n\n\n<li>Geben Sie einen Namen in das Alias-Feld ein.<\/li>\n\n\n\n<li>Klicken Sie auf <button class=\"av-button av-button--primary\">Erstellen<\/button>.<\/li>\n\n\n\n<li>Speichern bzw. notieren Sie Alias, Code und Account ID.<\/li>\n<\/ul>\n\n\n\n<p>Klicken Sie auf die Schaltfl\u00e4che <button class=\"av-button av-button--default\">Dokumentation<\/button>, um eine <a href=\"https:\/\/app.alfaview.com\/developers\">Liste der meistgenutzten API Keys<\/a> zu \u00f6ffnen. Auch auf GitHub k\u00f6nnen Sie die <a href=\"https:\/\/github.com\/alfatraining\/alfaview-php-sdk\">API-Dokumentation f\u00fcr alfaview<\/a> einsehen.<\/p>\n","protected":false},"excerpt":{"rendered":"<p>Erfahren Sie, wie Sie unsere API-Keys verwenden k\u00f6nnen. Au\u00dferdem finden Sie hier eine Liste h\u00e4ufig verwendeter API-Keys und unsere API-Dokumentation.<\/p>\n","protected":false},"author":5,"featured_media":0,"parent":947,"menu_order":0,"comment_status":"closed","ping_status":"closed","template":"","meta":{"footnotes":""},"class_list":["post-1762","page","type-page","status-publish","hentry"],"_links":{"self":[{"href":"https:\/\/cp-prod-wordpress.alfa.sx\/de\/wp-json\/wp\/v2\/pages\/1762","targetHints":{"allow":["GET"]}}],"collection":[{"href":"https:\/\/cp-prod-wordpress.alfa.sx\/de\/wp-json\/wp\/v2\/pages"}],"about":[{"href":"https:\/\/cp-prod-wordpress.alfa.sx\/de\/wp-json\/wp\/v2\/types\/page"}],"author":[{"embeddable":true,"href":"https:\/\/cp-prod-wordpress.alfa.sx\/de\/wp-json\/wp\/v2\/users\/5"}],"replies":[{"embeddable":true,"href":"https:\/\/cp-prod-wordpress.alfa.sx\/de\/wp-json\/wp\/v2\/comments?post=1762"}],"version-history":[{"count":17,"href":"https:\/\/cp-prod-wordpress.alfa.sx\/de\/wp-json\/wp\/v2\/pages\/1762\/revisions"}],"predecessor-version":[{"id":1763,"href":"https:\/\/cp-prod-wordpress.alfa.sx\/de\/wp-json\/wp\/v2\/pages\/1762\/revisions\/1763"}],"up":[{"embeddable":true,"href":"https:\/\/cp-prod-wordpress.alfa.sx\/de\/wp-json\/wp\/v2\/pages\/947"}],"wp:attachment":[{"href":"https:\/\/cp-prod-wordpress.alfa.sx\/de\/wp-json\/wp\/v2\/media?parent=1762"}],"curies":[{"name":"wp","href":"https:\/\/api.w.org\/{rel}","templated":true}]}}