{"id":190,"date":"2023-10-10T12:18:08","date_gmt":"2023-10-10T12:18:08","guid":{"rendered":"https:\/\/strange-sammet.82-165-59-152.plesk.page\/?page_id=190"},"modified":"2025-02-25T14:50:22","modified_gmt":"2025-02-25T14:50:22","slug":"invite-a-guest","status":"publish","type":"page","link":"https:\/\/cp-prod-wordpress.alfa.sx\/de\/first-steps\/your-start-in-alfaview\/invite-a-guest\/","title":{"rendered":"G\u00e4ste einladen"},"content":{"rendered":"<div class=\"wp-block-image\">\n<figure class=\"alignright size-full is-resized\"><a href=\"https:\/\/cp-prod-wordpress.alfa.sx\/wp-content\/uploads\/2025\/02\/guest_links_de.png\"><img loading=\"lazy\" decoding=\"async\" width=\"868\" height=\"381\" src=\"https:\/\/cp-prod-wordpress.alfa.sx\/wp-content\/uploads\/2025\/02\/guest_links_de.png\" alt=\"Ein Screenshot des Reiters Gastlinks in den Raumeinstellungen auf der Administrationsseite\" class=\"wp-image-5466\" style=\"width:250px;height:undefinedpx\" srcset=\"https:\/\/cp-prod-wordpress.alfa.sx\/wp-content\/uploads\/2025\/02\/guest_links_de.png 868w, https:\/\/cp-prod-wordpress.alfa.sx\/wp-content\/uploads\/2025\/02\/guest_links_de-300x132.png 300w, https:\/\/cp-prod-wordpress.alfa.sx\/wp-content\/uploads\/2025\/02\/guest_links_de-768x337.png 768w\" sizes=\"auto, (max-width: 868px) 100vw, 868px\" \/><\/a><figcaption class=\"wp-element-caption\">Gastlinks<\/figcaption><\/figure>\n<\/div>\n\n\n<p>Laden Sie als Raumadministrator:in G\u00e4ste, die nicht Teil Ihrer Company sind, in Ihren alfaview-Raum ein. Auch die Einladung in einen tempor\u00e4ren Meetingraum ist m\u00f6glich. Daf\u00fcr ben\u00f6tigt Ihr Gast kein eigenes alfaview-Benutzerkonto, sondern betritt den Raum \u00fcber einen Einladungslink.<\/p>\n\n\n<div class=\"wp-block-image\">\n<figure class=\"alignright size-full is-resized\"><a href=\"https:\/\/cp-prod-wordpress.alfa.sx\/wp-content\/uploads\/2025\/02\/group_link_de.png\"><img loading=\"lazy\" decoding=\"async\" width=\"868\" height=\"390\" src=\"https:\/\/cp-prod-wordpress.alfa.sx\/wp-content\/uploads\/2025\/02\/group_link_de.png\" alt=\"Screenshot der Benutzeroberfl\u00e4che. Der Reiter Gruppenlinks in den Raumeinstellungen ist ge\u00f6ffnet.\" class=\"wp-image-5419\" style=\"width:250px\" srcset=\"https:\/\/cp-prod-wordpress.alfa.sx\/wp-content\/uploads\/2025\/02\/group_link_de.png 868w, https:\/\/cp-prod-wordpress.alfa.sx\/wp-content\/uploads\/2025\/02\/group_link_de-300x135.png 300w, https:\/\/cp-prod-wordpress.alfa.sx\/wp-content\/uploads\/2025\/02\/group_link_de-768x345.png 768w\" sizes=\"auto, (max-width: 868px) 100vw, 868px\" \/><\/a><figcaption class=\"wp-element-caption\">Gruppenlinks<\/figcaption><\/figure>\n<\/div>\n\n\n<p>Sie k\u00f6nnen Ihre G\u00e4ste entweder mit einem personalisierten Gastlink oder einem allgemeinen Gruppenlink einladen. Weitere Informationen und eine Anleitung zur Erstellung von Einladungslinks finden Sie auf der Seite <a href=\"https:\/\/cp-prod-wordpress.alfa.sx\/de\/administration\/room-management\/guest-link\/\">Gast- und Gruppenlinks<\/a>.<\/p>\n","protected":false},"excerpt":{"rendered":"<p>Laden Sie als Raumadministrator:in G\u00e4ste, die nicht Teil Ihrer Company sind, in Ihren alfaview-Raum ein. Auch die Einladung in einen tempor\u00e4ren Meetingraum ist m\u00f6glich. Daf\u00fcr ben\u00f6tigt Ihr Gast kein eigenes alfaview-Benutzerkonto, sondern betritt den Raum [&hellip;]<\/p>\n","protected":false},"author":6,"featured_media":0,"parent":239,"menu_order":30,"comment_status":"closed","ping_status":"closed","template":"","meta":{"footnotes":""},"class_list":["post-190","page","type-page","status-publish","hentry"],"_links":{"self":[{"href":"https:\/\/cp-prod-wordpress.alfa.sx\/de\/wp-json\/wp\/v2\/pages\/190","targetHints":{"allow":["GET"]}}],"collection":[{"href":"https:\/\/cp-prod-wordpress.alfa.sx\/de\/wp-json\/wp\/v2\/pages"}],"about":[{"href":"https:\/\/cp-prod-wordpress.alfa.sx\/de\/wp-json\/wp\/v2\/types\/page"}],"author":[{"embeddable":true,"href":"https:\/\/cp-prod-wordpress.alfa.sx\/de\/wp-json\/wp\/v2\/users\/6"}],"replies":[{"embeddable":true,"href":"https:\/\/cp-prod-wordpress.alfa.sx\/de\/wp-json\/wp\/v2\/comments?post=190"}],"version-history":[{"count":16,"href":"https:\/\/cp-prod-wordpress.alfa.sx\/de\/wp-json\/wp\/v2\/pages\/190\/revisions"}],"predecessor-version":[{"id":191,"href":"https:\/\/cp-prod-wordpress.alfa.sx\/de\/wp-json\/wp\/v2\/pages\/190\/revisions\/191"}],"up":[{"embeddable":true,"href":"https:\/\/cp-prod-wordpress.alfa.sx\/de\/wp-json\/wp\/v2\/pages\/239"}],"wp:attachment":[{"href":"https:\/\/cp-prod-wordpress.alfa.sx\/de\/wp-json\/wp\/v2\/media?parent=190"}],"curies":[{"name":"wp","href":"https:\/\/api.w.org\/{rel}","templated":true}]}}