{"id":2152,"date":"2023-12-18T15:44:08","date_gmt":"2023-12-18T15:44:08","guid":{"rendered":"https:\/\/support.alfaview.com\/?page_id=2152"},"modified":"2025-04-15T13:02:28","modified_gmt":"2025-04-15T13:02:28","slug":"simultaneous-interpreting-function","status":"publish","type":"page","link":"https:\/\/cp-prod-wordpress.alfa.sx\/de\/miscellaneous\/simultaneous-interpreting-function\/","title":{"rendered":"Simultandolmetscherfunktion"},"content":{"rendered":"\n<p>Die Simultandolmetscherfunktion bietet Ihnen die M\u00f6glichkeit, mehrsprachigen Meetings, Unterhaltungen und Veranstaltungen live ohne Sprachbarrieren zu folgen. Neben dem direkten Dolmetschen ist auch ein Dolmetschen im Relais m\u00f6glich. So k\u00f6nnen Sie den Teilnehmenden in Ihrem alfaview-Raum m\u00f6glichst viele verschiedene \u00ad\u00adSprachen anbieten.<\/p>\n\n\n\n<p>Dabei wird die dolmetschende Person neben den VIPs im alfaview-Raum angezeigt und die Teilnehmenden entscheiden, ob sie dem Originalton oder der gedolmetschten Version zuh\u00f6ren. Wenn die Teilnehmenden die Simultandolmetscherfunktion aktivieren, wird die Lautst\u00e4rke der vortragenden Person verringert und die dolmetschende Person ist lauter zu h\u00f6ren.<\/p>\n\n\n\n<ul class=\"wp-block-list\">\n<li><a href=\"\/de\/alfaview-app\/alfaview-room\/simultaneous-interpreting-function\/#aktivierung-der-dolmetscherfunktion-fuer-simultandolmetscherinnen\">Aktivierung der Dolmetscherfunktion f\u00fcr Simultandolmetscher:innen<\/a><\/li>\n\n\n\n<li><a href=\"\/de\/alfaview-app\/alfaview-room\/simultaneous-interpreting-function\/#aktivierung-der-dolmetscherfunktion-im-alfaview-raum-fuer-teilnehmende\">Aktivierung der Dolmetscherfunktion im alfaview-Raum f\u00fcr Teilnehmende<\/a><\/li>\n<\/ul>\n\n\n\n<h2 class=\"wp-block-heading\" class=\"wp-block-heading\" id=\"aktivierung-der-dolmetscherfunktion-fuer-simultandolmetscherinnen\">Aktivierung der Dolmetscherfunktion f\u00fcr Simultandolmetscher:innen<a href=\"#aktivierung-der-dolmetscherfunktion-fuer-simultandolmetscherinnen\" class=\"av-heading-anchor\"><i class=\"bi bi-link\"><\/i><\/a><\/h2>\n\n\n\n<div class=\"wp-block-alfaview-callout\">\n<p>Simultandolmetscher:innen ben\u00f6tigen ein eigenes Profil, um die Dolmetscherrolle zu aktivieren.<\/p>\n<\/div>\n\n\n<div class=\"wp-block-image\">\n<figure class=\"alignright size-full is-resized\"><a href=\"https:\/\/cp-prod-wordpress.alfa.sx\/wp-content\/uploads\/2023\/12\/interpreter-settings-de.png\"><img loading=\"lazy\" decoding=\"async\" width=\"490\" height=\"350\" src=\"https:\/\/cp-prod-wordpress.alfa.sx\/wp-content\/uploads\/2023\/12\/interpreter-settings-de.png\" alt=\"Screenshot des Reiters 'Ihr Benutzerprofil' auf der Seite Profil in der Verwaltung, im Feld Stadt ist INTERPRETER in Gro\u00dfbuchstaben eingetragen.\" class=\"wp-image-2171\" style=\"width:250px\" srcset=\"https:\/\/cp-prod-wordpress.alfa.sx\/wp-content\/uploads\/2023\/12\/interpreter-settings-de.png 490w, https:\/\/cp-prod-wordpress.alfa.sx\/wp-content\/uploads\/2023\/12\/interpreter-settings-de-300x214.png 300w\" sizes=\"auto, (max-width: 490px) 100vw, 490px\" \/><\/a><\/figure>\n<\/div>\n\n\n<ul class=\"wp-block-list\">\n<li>Klicken Sie auf <strong>Profil<\/strong> im linken Men\u00fc der Verwaltungsoberfl\u00e4che.<\/li>\n\n\n\n<li>Tragen Sie im Reiter <strong>Ihr Benutzerprofil<\/strong> das Wort \u201e<strong>INTERPRETER<\/strong>\u201c in Blockbuchstaben in das Eingabefeld unter &#8222;Stadt&#8220; ein. Achten Sie auf eine korrekte Schreibweise.<\/li>\n\n\n\n<li>Klicken Sie anschlie\u00dfend auf die Schaltfl\u00e4che <button class=\"av-button av-button--primary\">Speichern<\/button>.<\/li>\n\n\n\n<li>Sie k\u00f6nnen die Dolmetscherfunktion deaktivieren, indem Sie das Wort \u201e<strong>INTERPRETER<\/strong>\u201c aus dem Eingabefeld l\u00f6schen.<\/li>\n\n\n\n<li>Klicken Sie anschlie\u00dfend erneut auf die Schaltfl\u00e4che <button class=\"av-button av-button--primary\">Speichern<\/button>, um die \u00c4nderungen zu \u00fcbernehmen.<\/li>\n<\/ul>\n\n\n\n<div style=\"height:1px\" aria-hidden=\"true\" class=\"wp-block-spacer\"><\/div>\n\n\n\n<div class=\"wp-block-alfaview-callout\">\n<p>Unser Tipp: Geben Sie hinter Ihrem Nachnamen die Zielsprache an. So k\u00f6nnen die Teilnehmer:innen erkennen, in welche Sprache Sie dolmetschen.<\/p>\n<\/div>\n\n\n\n<h2 class=\"wp-block-heading\" class=\"wp-block-heading\" id=\"aktivierung-der-dolmetscherfunktion-im-alfaview-raum-fuer-teilnehmende\">Aktivierung der Dolmetscherfunktion im alfaview-Raum f\u00fcr Teilnehmende<a href=\"#aktivierung-der-dolmetscherfunktion-im-alfaview-raum-fuer-teilnehmende\" class=\"av-heading-anchor\"><i class=\"bi bi-link\"><\/i><\/a><\/h2>\n\n\n\n<p>Wenn sich Dolmetscher:innen in einem alfaview-Raum befinden, werden diese in der linken oberen Ecke neben den VIPs angezeigt. Auch in der Teilnehmerliste finden Sie Dolmetscher:innen an oberster Stelle.<\/p>\n\n\n<div class=\"wp-block-image\">\n<figure class=\"alignright size-large is-resized\"><a href=\"https:\/\/cp-prod-wordpress.alfa.sx\/wp-content\/uploads\/2024\/02\/simultaneous-interpreting-function-de.png\"><img loading=\"lazy\" decoding=\"async\" width=\"1024\" height=\"487\" src=\"https:\/\/cp-prod-wordpress.alfa.sx\/wp-content\/uploads\/2024\/02\/simultaneous-interpreting-function-de-1024x487.png\" alt=\"Screenshot eines alfaview-Raums, \u00fcber dem Video der Dolmetscherin wird die blaue Schaltfl\u00e4che Einschalten angezeigt.\" class=\"wp-image-2527\" style=\"width:250px\" srcset=\"https:\/\/cp-prod-wordpress.alfa.sx\/wp-content\/uploads\/2024\/02\/simultaneous-interpreting-function-de-1024x487.png 1024w, https:\/\/cp-prod-wordpress.alfa.sx\/wp-content\/uploads\/2024\/02\/simultaneous-interpreting-function-de-300x143.png 300w, https:\/\/cp-prod-wordpress.alfa.sx\/wp-content\/uploads\/2024\/02\/simultaneous-interpreting-function-de-768x365.png 768w, https:\/\/cp-prod-wordpress.alfa.sx\/wp-content\/uploads\/2024\/02\/simultaneous-interpreting-function-de-1536x730.png 1536w, https:\/\/cp-prod-wordpress.alfa.sx\/wp-content\/uploads\/2024\/02\/simultaneous-interpreting-function-de.png 1914w\" sizes=\"auto, (max-width: 1024px) 100vw, 1024px\" \/><\/a><figcaption class=\"wp-element-caption\">Aktivierung der Simultandolmetscherfunktion<\/figcaption><\/figure>\n<\/div>\n\n\n<ul class=\"wp-block-list\">\n<li>Aktivieren Sie die Verdolmetschung, indem Sie mit Ihrer Maus \u00fcber das Videobild der dolmetschenden Person fahren.<\/li>\n\n\n\n<li>Klicken Sie dann auf die Schaltfl\u00e4che <button class=\"av-button av-button--primary\">Einschalten<\/button>.<\/li>\n\n\n\n<li>Wenn Sie einem alfaview-Raum mit einem mobilen Ger\u00e4t beitreten, k\u00f6nnen Sie die Verdolmetschung in der Teilnehmerliste aktivieren. Klicken Sie dort auf den Namen der dolmetschenden Person und setzen Sie anschlie\u00dfend einen Haken im kleinen K\u00e4stchen neben &#8222;Diesem Dolmetscher zuh\u00f6ren&#8220;.<\/li>\n<\/ul>\n\n\n\n<div class=\"wp-block-alfaview-callout\">\n<p>Sobald \u00fcbersetzt wird, reduziert sich die Lautst\u00e4rke der vortragenden Person und Sie h\u00f6ren die dolmetschende Person lauter.<\/p>\n<\/div>\n\n\n<div class=\"wp-block-image\">\n<figure class=\"alignright size-large is-resized\"><a href=\"https:\/\/cp-prod-wordpress.alfa.sx\/wp-content\/uploads\/2024\/02\/simultaneous-interpreting-function-off-de.png\"><img loading=\"lazy\" decoding=\"async\" width=\"1024\" height=\"491\" src=\"https:\/\/cp-prod-wordpress.alfa.sx\/wp-content\/uploads\/2024\/02\/simultaneous-interpreting-function-off-de-1024x491.png\" alt=\"Screenshot eines alfaview-Raums, \u00fcber dem Video der Dolmetscherin wird die rote Schaltfl\u00e4che Ausschalten angezeigt.\" class=\"wp-image-2529\" style=\"width:250px\" srcset=\"https:\/\/cp-prod-wordpress.alfa.sx\/wp-content\/uploads\/2024\/02\/simultaneous-interpreting-function-off-de-1024x491.png 1024w, https:\/\/cp-prod-wordpress.alfa.sx\/wp-content\/uploads\/2024\/02\/simultaneous-interpreting-function-off-de-300x144.png 300w, https:\/\/cp-prod-wordpress.alfa.sx\/wp-content\/uploads\/2024\/02\/simultaneous-interpreting-function-off-de-768x368.png 768w, https:\/\/cp-prod-wordpress.alfa.sx\/wp-content\/uploads\/2024\/02\/simultaneous-interpreting-function-off-de-1536x736.png 1536w, https:\/\/cp-prod-wordpress.alfa.sx\/wp-content\/uploads\/2024\/02\/simultaneous-interpreting-function-off-de.png 1915w\" sizes=\"auto, (max-width: 1024px) 100vw, 1024px\" \/><\/a><figcaption class=\"wp-element-caption\">Deaktivierung der Simultandolmetscherfunktion<\/figcaption><\/figure>\n<\/div>\n\n\n<ul class=\"wp-block-list\">\n<li>Sie k\u00f6nnen die Verdolmetschung deaktivieren, indem Sie mit der Maus wieder \u00fcber das Videobild der dolmetschenden Person fahren.<\/li>\n\n\n\n<li>Klicken Sie auf die Schaltfl\u00e4che <button class=\"av-button av-button--error\">Ausschalten<\/button>.<\/li>\n<\/ul>\n","protected":false},"excerpt":{"rendered":"<p>Nutzen Sie die Simultandolmetscherfunktion, um Fremdsprachen- und Geb\u00e4rdendolmetscher:innen in Ihre Meetings einzubinden.<\/p>\n","protected":false},"author":5,"featured_media":0,"parent":1612,"menu_order":15,"comment_status":"closed","ping_status":"closed","template":"","meta":{"footnotes":""},"class_list":["post-2152","page","type-page","status-publish","hentry"],"_links":{"self":[{"href":"https:\/\/cp-prod-wordpress.alfa.sx\/de\/wp-json\/wp\/v2\/pages\/2152","targetHints":{"allow":["GET"]}}],"collection":[{"href":"https:\/\/cp-prod-wordpress.alfa.sx\/de\/wp-json\/wp\/v2\/pages"}],"about":[{"href":"https:\/\/cp-prod-wordpress.alfa.sx\/de\/wp-json\/wp\/v2\/types\/page"}],"author":[{"embeddable":true,"href":"https:\/\/cp-prod-wordpress.alfa.sx\/de\/wp-json\/wp\/v2\/users\/5"}],"replies":[{"embeddable":true,"href":"https:\/\/cp-prod-wordpress.alfa.sx\/de\/wp-json\/wp\/v2\/comments?post=2152"}],"version-history":[{"count":27,"href":"https:\/\/cp-prod-wordpress.alfa.sx\/de\/wp-json\/wp\/v2\/pages\/2152\/revisions"}],"predecessor-version":[{"id":2153,"href":"https:\/\/cp-prod-wordpress.alfa.sx\/de\/wp-json\/wp\/v2\/pages\/2152\/revisions\/2153"}],"up":[{"embeddable":true,"href":"https:\/\/cp-prod-wordpress.alfa.sx\/de\/wp-json\/wp\/v2\/pages\/1612"}],"wp:attachment":[{"href":"https:\/\/cp-prod-wordpress.alfa.sx\/de\/wp-json\/wp\/v2\/media?parent=2152"}],"curies":[{"name":"wp","href":"https:\/\/api.w.org\/{rel}","templated":true}]}}