{"id":2353,"date":"2024-01-08T10:39:59","date_gmt":"2024-01-08T10:39:59","guid":{"rendered":"https:\/\/support.alfaview.com\/?page_id=2353"},"modified":"2025-06-23T13:58:20","modified_gmt":"2025-06-23T13:58:20","slug":"account-management","status":"publish","type":"page","link":"https:\/\/cp-prod-wordpress.alfa.sx\/de\/administration\/company\/account-management\/","title":{"rendered":"Verwaltung Ihrer Company"},"content":{"rendered":"\n<p>Sie k\u00f6nnen als Besitzer:in oder Manager:in einer Company bei alfaview Informationen rund um Ihre Kontingente, API Keys und Add-Ins abrufen und bearbeiten. Auch k\u00f6nnen Sie den Namen der Company \u00e4ndern oder Ihre Company l\u00f6schen.<\/p>\n\n\n\n<ul class=\"wp-block-list\">\n<li><a href=\"https:\/\/cp-prod-wordpress.alfa.sx\/de\/administration\/company\/account-management\/#allgemein\">Allgemein<\/a><\/li>\n\n\n\n<li><a href=\"https:\/\/cp-prod-wordpress.alfa.sx\/de\/administration\/company\/account-management\/#kontingente\">Kontingente<\/a><\/li>\n\n\n\n<li><a href=\"https:\/\/cp-prod-wordpress.alfa.sx\/de\/administration\/company\/account-management\/#nutzung\">Nutzung<\/a><\/li>\n\n\n\n<li><a href=\"https:\/\/cp-prod-wordpress.alfa.sx\/de\/administration\/company\/account-management\/#api-keys\">API Keys<\/a><\/li>\n\n\n\n<li><a href=\"https:\/\/cp-prod-wordpress.alfa.sx\/de\/administration\/company\/account-management\/#add-ins\">Add-Ins<\/a><\/li>\n<\/ul>\n\n\n<div class=\"wp-block-image\">\n<figure class=\"alignright size-large is-resized\"><a href=\"https:\/\/cp-prod-wordpress.alfa.sx\/wp-content\/uploads\/2025\/06\/Company-management-de-1024x449.png\"><img loading=\"lazy\" decoding=\"async\" width=\"1024\" height=\"449\" src=\"https:\/\/cp-prod-wordpress.alfa.sx\/wp-content\/uploads\/2025\/06\/Company-management-de-1024x449.png\" alt=\"\" class=\"wp-image-6278\" style=\"width:250px\" srcset=\"https:\/\/cp-prod-wordpress.alfa.sx\/wp-content\/uploads\/2025\/06\/Company-management-de-1024x449.png 1024w, https:\/\/cp-prod-wordpress.alfa.sx\/wp-content\/uploads\/2025\/06\/Company-management-de-300x131.png 300w, https:\/\/cp-prod-wordpress.alfa.sx\/wp-content\/uploads\/2025\/06\/Company-management-de-768x337.png 768w, https:\/\/cp-prod-wordpress.alfa.sx\/wp-content\/uploads\/2025\/06\/Company-management-de-1536x673.png 1536w, https:\/\/cp-prod-wordpress.alfa.sx\/wp-content\/uploads\/2025\/06\/Company-management-de.png 1905w\" sizes=\"auto, (max-width: 1024px) 100vw, 1024px\" \/><\/a><figcaption class=\"wp-element-caption\">Verwaltung Ihrer Company<\/figcaption><\/figure>\n<\/div>\n\n\n<p>Sie finden die Verwaltung Ihrer Company auf der alfaview-Verwaltungsseite.<\/p>\n\n\n\n<ul class=\"wp-block-list\">\n<li>Melden Sie sich auf der <a href=\"https:\/\/app.alfaview.com\/#\/login\">Verwaltungsseite<\/a> von alfaview an.<\/li>\n\n\n\n<li>Klicken Sie im Men\u00fc links neben der Verwaltungsoberfl\u00e4che auf&nbsp;<strong>Company<\/strong>.<\/li>\n\n\n\n<li>Sie k\u00f6nnen nun in den Reitern <strong>Allgemein, Kontingente, API Keys <\/strong>und<strong> Add-Ins<\/strong> verschiedene \u00c4nderungen vornehmen und Informationen zu Ihrer Company erhalten.<\/li>\n<\/ul>\n\n\n\n<h2 class=\"wp-block-heading\" class=\"wp-block-heading\" id=\"allgemein\">Allgemein<a href=\"#allgemein\" class=\"av-heading-anchor\"><i class=\"bi bi-link\"><\/i><\/a><\/h2>\n\n\n<div class=\"wp-block-image\">\n<figure class=\"alignright size-full is-resized\"><a href=\"https:\/\/cp-prod-wordpress.alfa.sx\/wp-content\/uploads\/2025\/06\/Company-setting-allgemeines-de.png\"><img loading=\"lazy\" decoding=\"async\" width=\"971\" height=\"416\" src=\"https:\/\/cp-prod-wordpress.alfa.sx\/wp-content\/uploads\/2025\/06\/Company-setting-allgemeines-de.png\" alt=\"\" class=\"wp-image-6276\" style=\"width:250px\" srcset=\"https:\/\/cp-prod-wordpress.alfa.sx\/wp-content\/uploads\/2025\/06\/Company-setting-allgemeines-de.png 971w, https:\/\/cp-prod-wordpress.alfa.sx\/wp-content\/uploads\/2025\/06\/Company-setting-allgemeines-de-300x129.png 300w, https:\/\/cp-prod-wordpress.alfa.sx\/wp-content\/uploads\/2025\/06\/Company-setting-allgemeines-de-768x329.png 768w\" sizes=\"auto, (max-width: 971px) 100vw, 971px\" \/><\/a><figcaption class=\"wp-element-caption\">Verwaltung der allgemeinen Company-Informationen<\/figcaption><\/figure>\n<\/div>\n\n\n<p>Im Reiter <strong>Allgemein <\/strong>k\u00f6nnen Sie den Namen Ihrer Company \u00e4ndern. Sie k\u00f6nnen au\u00dferdem die Datenschutzhinweise f\u00fcr Ihre Company verlinken. Diese werden den Teilnehmenden angezeigt, bevor diese einen Ihrer alfaview-R\u00e4ume betreten.<\/p>\n\n\n\n<p>Es ist in diesem Reiter auch m\u00f6glich, Ihre Company dauerhaft zu l\u00f6schen.<\/p>\n\n\n\n<h3 class=\"wp-block-heading\" class=\"wp-block-heading\" id=\"name-der-company-aendern\">Name der Company \u00e4ndern<a href=\"#name-der-company-aendern\" class=\"av-heading-anchor\"><i class=\"bi bi-link\"><\/i><\/a><\/h3>\n\n\n\n<ul class=\"wp-block-list\">\n<li>Klicken Sie in das Eingabefeld, in dem der aktuelle Name steht.<\/li>\n\n\n\n<li>Geben Sie den neuen Namen ein.<\/li>\n\n\n\n<li>Best\u00e4tigen Sie die \u00c4nderungen mit einem Klick auf die Schaltfl\u00e4che <button class=\"av-button av-button--primary\">Speichern<\/button>.<\/li>\n<\/ul>\n\n\n\n<h3 class=\"wp-block-heading\" class=\"wp-block-heading\" id=\"verlinkung-der-datenschutzhinweise\">Verlinkung der Datenschutzhinweise<a href=\"#verlinkung-der-datenschutzhinweise\" class=\"av-heading-anchor\"><i class=\"bi bi-link\"><\/i><\/a><\/h3>\n\n\n\n<ul class=\"wp-block-list\">\n<li>Klicken Sie in das Eingabefeld und geben Sie die URL zu Ihren Datenschutzhinweisen ein.<\/li>\n\n\n\n<li>Best\u00e4tigen Sie die Eingabe mit einem Klick auf die Schaltfl\u00e4che <button class=\"av-button av-button--primary\">Speichern<\/button>.<\/li>\n\n\n\n<li>Wenn Sie die eingegebenen Datenschutzhinweise l\u00f6schen m\u00f6chten, klicken Sie auf die Schaltfl\u00e4che <button class=\"av-button av-button--default\">Zur\u00fccksetzen<\/button>.<\/li>\n<\/ul>\n\n\n\n<h3 class=\"wp-block-heading\" class=\"wp-block-heading\" id=\"company-dauerhaft-loeschen\">Company dauerhaft l\u00f6schen<a href=\"#company-dauerhaft-loeschen\" class=\"av-heading-anchor\"><i class=\"bi bi-link\"><\/i><\/a><\/h3>\n\n\n\n<ul class=\"wp-block-list\">\n<li>Klicken Sie auf die Schaltfl\u00e4che <button class=\"av-button av-button--error\">Company l\u00f6schen<\/button>.<\/li>\n\n\n\n<li>Best\u00e4tigen Sie den L\u00f6schvorgang mit einem Klick auf die Schaltfl\u00e4che <button class=\"av-button av-button--error\">Company l\u00f6schen<\/button> im neu ge\u00f6ffneten Fenster.<\/li>\n\n\n\n<li>Sie erhalten anschlie\u00dfend eine E-Mail, in der Sie die L\u00f6schung best\u00e4tigen m\u00fcssen.<\/li>\n<\/ul>\n\n\n\n<div class=\"wp-block-alfaview-callout\">\n<p>Bitte beachten Sie, dass mit der L\u00f6schung einer Company alle Daten (Benutzer:innen, R\u00e4ume, Gast- und Gruppenlinks) gel\u00f6scht werden und Sie alle Zug\u00e4nge verlieren.<\/p>\n<\/div>\n\n\n\n<h2 class=\"wp-block-heading\" class=\"wp-block-heading\" id=\"kontingente\">Kontingente<a href=\"#kontingente\" class=\"av-heading-anchor\"><i class=\"bi bi-link\"><\/i><\/a><\/h2>\n\n\n<div class=\"wp-block-image\">\n<figure class=\"alignright size-full is-resized\"><a href=\"https:\/\/cp-prod-wordpress.alfa.sx\/wp-content\/uploads\/2024\/07\/company-management-quotas-de.png\"><img loading=\"lazy\" decoding=\"async\" width=\"981\" height=\"387\" src=\"https:\/\/cp-prod-wordpress.alfa.sx\/wp-content\/uploads\/2024\/07\/company-management-quotas-de.png\" alt=\"Screenshot des Reiters Kontingent der Company-Verwaltung in der Verwaltungsoberfl\u00e4che\" class=\"wp-image-4362\" style=\"width:250px\" srcset=\"https:\/\/cp-prod-wordpress.alfa.sx\/wp-content\/uploads\/2024\/07\/company-management-quotas-de.png 981w, https:\/\/cp-prod-wordpress.alfa.sx\/wp-content\/uploads\/2024\/07\/company-management-quotas-de-300x118.png 300w, https:\/\/cp-prod-wordpress.alfa.sx\/wp-content\/uploads\/2024\/07\/company-management-quotas-de-768x303.png 768w\" sizes=\"auto, (max-width: 981px) 100vw, 981px\" \/><\/a><figcaption class=\"wp-element-caption\">Kontingent Ihrer Company<\/figcaption><\/figure>\n<\/div>\n\n\n<p>Sie k\u00f6nnen in diesem Reiter die Kontingente f\u00fcr Ihre <strong>R\u00e4ume<\/strong> und <strong>Meetings <\/strong>sowie f\u00fcr die Funktion <strong>Transkription <\/strong>einsehen, die Ihnen zur Verf\u00fcgung stehen.<\/p>\n\n\n\n<h3 class=\"wp-block-heading\" class=\"wp-block-heading\" id=\"raeume\">R\u00e4ume<a href=\"#raeume\" class=\"av-heading-anchor\"><i class=\"bi bi-link\"><\/i><\/a><\/h3>\n\n\n\n<ul class=\"wp-block-list\">\n<li><strong>Raumtyp<\/strong><br>Es wird Ihnen angezeigt, welchen Raumtypen Sie gebucht haben. Au\u00dferdem sehen Sie, wie viele R\u00e4ume Ihnen zur Verf\u00fcgung stehen, Sie bereits nutzen und wie viele R\u00e4ume Sie noch nutzen k\u00f6nnen.<\/li>\n\n\n\n<li><strong>Teilnehmer<\/strong><br>Sie k\u00f6nnen hier sehen, wie viele Teilnehmerinnen und Teilnehmer gleichzeitig in einem Raum anwesend sein k\u00f6nnen.<\/li>\n\n\n\n<li><strong>Zuschauer<\/strong><br>Dieses Kontingent gibt an, wie viele Zuschauer gleichzeitig in Ihrem alfaview-Raum anwesend sein k\u00f6nnen.<\/li>\n\n\n\n<li><strong>Gruppen<\/strong><br>Sehen Sie hier nach, wie viele Gruppen Sie pro alfaview-Raum anlegen k\u00f6nnen.<\/li>\n<\/ul>\n\n\n\n<h3 class=\"wp-block-heading\" class=\"wp-block-heading\" id=\"meetings\">Meetings<a href=\"#meetings\" class=\"av-heading-anchor\"><i class=\"bi bi-link\"><\/i><\/a><\/h3>\n\n\n\n<ul class=\"wp-block-list\">\n<li><strong>Meetingtyp<\/strong><br>Hier k\u00f6nnen Sie sehen, \u00fcber welchen Meetingtypen Sie verf\u00fcgen. Zus\u00e4tzlich wird Ihnen das Limit f\u00fcr gleichzeitig abgehaltene Meetings angezeigt.<\/li>\n\n\n\n<li><strong>Teilnehmer<\/strong><br>Dieses Kontingent gibt an, wie viele Teilnehmerinnen und Teilnehmer gleichzeitig an einem Meeting teilnehmen k\u00f6nnen.<\/li>\n\n\n\n<li><strong>Zuschauer<\/strong><br>Sie sehen hier, wie viele Zuschauer w\u00e4hrend Ihres Meetings gleichzeitig anwesend sein k\u00f6nnen.<\/li>\n\n\n\n<li><strong>Gruppen<\/strong><br>Sie k\u00f6nnen hier nachlesen, wie viele Gruppen Sie pro Meeting anlegen k\u00f6nnen.<\/li>\n<\/ul>\n\n\n\n<h3 class=\"wp-block-heading\" class=\"wp-block-heading\" id=\"transkription\">Transkription<a href=\"#transkription\" class=\"av-heading-anchor\"><i class=\"bi bi-link\"><\/i><\/a><\/h3>\n\n\n\n<p>Dieses Kontingent zeigt Ihnen an, wie viele Minuten und Stunden der f\u00fcr Sie verf\u00fcgbaren Transkriptionszeit Sie bereits verwendet haben und wie viel Zeit Ihnen noch zur Verf\u00fcgung steht.<\/p>\n\n\n\n<p>Au\u00dferdem wird Ihnen angezeigt, wann sich Ihr Transkriptionskontingent erneuert.<\/p>\n\n\n\n<h2 class=\"wp-block-heading\" class=\"wp-block-heading\" id=\"nutzung\">Nutzung<a href=\"#nutzung\" class=\"av-heading-anchor\"><i class=\"bi bi-link\"><\/i><\/a><\/h2>\n\n\n\n<div class=\"wp-block-columns is-not-stacked-on-mobile is-layout-flex wp-container-core-columns-is-layout-9d6595d7 wp-block-columns-is-layout-flex\">\n<div class=\"wp-block-column is-layout-flow wp-block-column-is-layout-flow\">\n<p>Im Reiter <strong>Nutzung <\/strong>k\u00f6nnen Sie Statistiken zur Dauer der Nutzung sowie die Anzahl an Beitritten Ihrer R\u00e4ume und Meetings einsehen. Der Bericht kann f\u00fcr einen Zeitraum von bis zu 32 zusammenh\u00e4ngenden Tagen und bis zu 45 Tage in die Vergangenheit erstellt und anschlie\u00dfend heruntergeladen werden.<\/p>\n\n\n\n<p>Die Statistiken werden in zwei Diagrammen visualisiert, eines f\u00fcr die Raumnutzung und eines f\u00fcr die Meetings.<\/p>\n\n\n\n<h3 class=\"wp-block-heading\" class=\"wp-block-heading\" id=\"bericht-erstellen-und-herunterladen\">Bericht erstellen und herunterladen<a href=\"#bericht-erstellen-und-herunterladen\" class=\"av-heading-anchor\"><i class=\"bi bi-link\"><\/i><\/a><\/h3>\n\n\n\n<ul class=\"wp-block-list\">\n<li>W\u00e4hlen Sie das Startdatum aus, indem Sie auf das Kalendersymbol in der Zeile &#8222;<strong>Von<\/strong>&#8220; klicken.<\/li>\n\n\n\n<li>W\u00e4hlen Sie nun im Kalender den Tag aus, f\u00fcr den Sie den Bericht generieren m\u00f6chten. Sie k\u00f6nnen ein Datum der letzten 45 Tage ausw\u00e4hlen.<\/li>\n\n\n\n<li>Geben Sie dann die Startuhrzeit ein. Wenn Sie keine Uhrzeit eingeben, wird automatisch 0:00 Uhr des Tages ausgew\u00e4hlt. Klicken Sie zum Best\u00e4tigen auf die Schaltfl\u00e4che&nbsp;<button class=\"av-button av-button--primary\">Ausw\u00e4hlen<\/button>.<\/li>\n\n\n\n<li>Wiederholen Sie dieselben Schritte in der Zeile \u201e<strong>Bis<\/strong>\u201c, um Ihr Enddatum sowie die Enduhrzeit einzustellen.<\/li>\n\n\n\n<li>Mit einem Klick auf die Schaltfl\u00e4che <button class=\"av-button av-button--default\">CSV herunterladen<\/button> k\u00f6nnen Sie den Bericht als CSV-Datei herunterladen.<\/li>\n<\/ul>\n<\/div>\n\n\n\n<div class=\"wp-block-column is-layout-flow wp-block-column-is-layout-flow\" style=\"flex-basis:250px\">\n<figure class=\"wp-block-image size-full is-resized\"><a href=\"https:\/\/cp-prod-wordpress.alfa.sx\/wp-content\/uploads\/2024\/08\/company-usage-statistic-de.png\"><img loading=\"lazy\" decoding=\"async\" width=\"919\" height=\"732\" src=\"https:\/\/cp-prod-wordpress.alfa.sx\/wp-content\/uploads\/2024\/08\/company-usage-statistic-de.png\" alt=\"Screenshot der Statistiken zur Raum- und Meetingnutzung\" class=\"wp-image-4821\" style=\"width:250px\" srcset=\"https:\/\/cp-prod-wordpress.alfa.sx\/wp-content\/uploads\/2024\/08\/company-usage-statistic-de.png 919w, https:\/\/cp-prod-wordpress.alfa.sx\/wp-content\/uploads\/2024\/08\/company-usage-statistic-de-300x239.png 300w, https:\/\/cp-prod-wordpress.alfa.sx\/wp-content\/uploads\/2024\/08\/company-usage-statistic-de-768x612.png 768w\" sizes=\"auto, (max-width: 919px) 100vw, 919px\" \/><\/a><figcaption class=\"wp-element-caption\">Visualisierung der Raum- und Meetingnutzung<\/figcaption><\/figure>\n\n\n<div class=\"wp-block-image\">\n<figure class=\"alignright size-full is-resized\"><a href=\"https:\/\/cp-prod-wordpress.alfa.sx\/wp-content\/uploads\/2024\/07\/company-management-usage-de.png\"><img loading=\"lazy\" decoding=\"async\" width=\"979\" height=\"468\" src=\"https:\/\/cp-prod-wordpress.alfa.sx\/wp-content\/uploads\/2024\/07\/company-management-usage-de.png\" alt=\"Screenshot des Reiters Nutzung in der Verwaltungsoberfl\u00e4che\" class=\"wp-image-4364\" style=\"width:250px\" srcset=\"https:\/\/cp-prod-wordpress.alfa.sx\/wp-content\/uploads\/2024\/07\/company-management-usage-de.png 979w, https:\/\/cp-prod-wordpress.alfa.sx\/wp-content\/uploads\/2024\/07\/company-management-usage-de-300x143.png 300w, https:\/\/cp-prod-wordpress.alfa.sx\/wp-content\/uploads\/2024\/07\/company-management-usage-de-768x367.png 768w\" sizes=\"auto, (max-width: 979px) 100vw, 979px\" \/><\/a><figcaption class=\"wp-element-caption\">Nutzungsstatistiken Ihrer Company<\/figcaption><\/figure>\n<\/div><\/div>\n<\/div>\n\n\n\n<div class=\"wp-block-alfaview-callout\">\n<p>Wenn Sie kein spezifisches Enddatum ausw\u00e4hlen, wird der Bericht automatisch bis zum aktuellen Zeitpunkt generiert.<\/p>\n<\/div>\n\n\n\n<h3 class=\"wp-block-heading\" class=\"wp-block-heading\" id=\"nutzungsstatistiken\">Nutzungsstatistiken<a href=\"#nutzungsstatistiken\" class=\"av-heading-anchor\"><i class=\"bi bi-link\"><\/i><\/a><\/h3>\n\n\n\n<ul class=\"wp-block-list\">\n<li><strong>Verwendet<\/strong><br>Diese Statistik zeigt Ihnen an, wie viele Ihrer R\u00e4ume oder Meetings im ausgew\u00e4hlten Zeitraum genutzt wurden.<\/li>\n\n\n\n<li><strong>Online-Stunden<br><\/strong>Die Anzahl der Online-Stunden gibt Ihnen an, wie viele Stunden mindestens eine Person im ausgew\u00e4hlten Zeitraum in Ihren R\u00e4umen oder Meetings anwesend war.<\/li>\n\n\n\n<li><strong>Benutzer-Stunden<br><\/strong>Die Anwesenheitsdauer aller Teilnehmer:innen in Ihren R\u00e4umen oder Meetings wird in dieser Statistik der Benutzer-Stunden addiert und als Gesamtsumme angegeben.<\/li>\n\n\n\n<li><strong>Beitritte<\/strong><br>Diese Statistik zeigt Ihnen die Anzahl der Beitritte in Ihre R\u00e4ume oder Meetings im ausgew\u00e4hlten Zeitraum an. Auch mehrfache Beitritte einer Person werden einzeln gewertet.<\/li>\n<\/ul>\n\n\n\n<h2 class=\"wp-block-heading\" class=\"wp-block-heading\" id=\"api-keys\">API Keys<a href=\"#api-keys\" class=\"av-heading-anchor\"><i class=\"bi bi-link\"><\/i><\/a><\/h2>\n\n\n<div class=\"wp-block-image\">\n<figure class=\"alignright size-full is-resized\"><a href=\"https:\/\/cp-prod-wordpress.alfa.sx\/wp-content\/uploads\/2024\/07\/company-management-api-keys-de.png\"><img loading=\"lazy\" decoding=\"async\" width=\"982\" height=\"398\" src=\"https:\/\/cp-prod-wordpress.alfa.sx\/wp-content\/uploads\/2024\/07\/company-management-api-keys-de.png\" alt=\"Screenshot des Reiters API Keys der Company-Verwaltung in der Verwaltungsoberfl\u00e4che\" class=\"wp-image-4366\" style=\"width:250px\" srcset=\"https:\/\/cp-prod-wordpress.alfa.sx\/wp-content\/uploads\/2024\/07\/company-management-api-keys-de.png 982w, https:\/\/cp-prod-wordpress.alfa.sx\/wp-content\/uploads\/2024\/07\/company-management-api-keys-de-300x122.png 300w, https:\/\/cp-prod-wordpress.alfa.sx\/wp-content\/uploads\/2024\/07\/company-management-api-keys-de-768x311.png 768w\" sizes=\"auto, (max-width: 982px) 100vw, 982px\" \/><\/a><figcaption class=\"wp-element-caption\">Organisation der API Keys<\/figcaption><\/figure>\n<\/div>\n\n\n<p>Im Reiter API Keys k\u00f6nnen Sie eigene API Keys erstellen, um alfaview in eine Drittsoftware zu integrieren. Eine Anleitung, wie Sie Ihre API-Zugangsdaten erhalten, finden Sie auf der Seite <a href=\"https:\/\/cp-prod-wordpress.alfa.sx\/de\/developers\/request-your-api-credentials\/\">API-Zugangsdaten anfordern<\/a>.<\/p>\n\n\n\n<p>Wenn Sie bereits einen oder mehrere API Keys verwenden, k\u00f6nnen Sie diese in der Liste einsehen. Sie k\u00f6nnen den API Key deaktivieren, indem Sie auf die Schaltfl\u00e4che <button class=\"av-button av-button--default\">Deaktivieren<\/button> klicken. Best\u00e4tigen Sie die Deaktivierung im neuen Fenster mit einem Klick auf die Schaltfl\u00e4che <button class=\"av-button av-button--error\">Deaktivieren<\/button>.<\/p>\n\n\n\n<p>Sie finden die am h\u00e4ufigsten verwendeten APIs, wenn Sie auf die Schaltfl\u00e4che <strong>Dokumentation <\/strong>klicken.<\/p>\n\n\n\n<h2 class=\"wp-block-heading\" class=\"wp-block-heading\" id=\"add-ins\">Add-Ins<a href=\"#add-ins\" class=\"av-heading-anchor\"><i class=\"bi bi-link\"><\/i><\/a><\/h2>\n\n\n<div class=\"wp-block-image\">\n<figure class=\"alignright size-full is-resized\"><a href=\"https:\/\/cp-prod-wordpress.alfa.sx\/wp-content\/uploads\/2024\/07\/company-management-add-ins-de.png\"><img loading=\"lazy\" decoding=\"async\" width=\"979\" height=\"257\" src=\"https:\/\/cp-prod-wordpress.alfa.sx\/wp-content\/uploads\/2024\/07\/company-management-add-ins-de.png\" alt=\"Screenshot des Reiters Add-Ins der Company-Verwaltung in der Verwaltungsoberfl\u00e4che\" class=\"wp-image-4368\" style=\"width:250px\" srcset=\"https:\/\/cp-prod-wordpress.alfa.sx\/wp-content\/uploads\/2024\/07\/company-management-add-ins-de.png 979w, https:\/\/cp-prod-wordpress.alfa.sx\/wp-content\/uploads\/2024\/07\/company-management-add-ins-de-300x79.png 300w, https:\/\/cp-prod-wordpress.alfa.sx\/wp-content\/uploads\/2024\/07\/company-management-add-ins-de-768x202.png 768w\" sizes=\"auto, (max-width: 979px) 100vw, 979px\" \/><\/a><figcaption class=\"wp-element-caption\">Organisation der Add-Ins<\/figcaption><\/figure>\n<\/div>\n\n\n<p>Sie k\u00f6nnen alfaview als Add-In zu Outlook hinzuf\u00fcgen. Hinweise zur Installation sowie Informationen zur Nutzung des Add-Ins finden Sie auf der Seite <a href=\"https:\/\/cp-prod-wordpress.alfa.sx\/de\/miscellaneous\/outlook-add-in\/\">Add-In f\u00fcr Microsoft Outlook 265<\/a>.<\/p>\n\n\n\n<h2 class=\"wp-block-heading\" class=\"wp-block-heading\" id=\"branding\">Branding<a href=\"#branding\" class=\"av-heading-anchor\"><i class=\"bi bi-link\"><\/i><\/a><\/h2>\n\n\n<div class=\"wp-block-image\">\n<figure class=\"alignright size-full is-resized\"><a href=\"https:\/\/staging-cp-prod-wordpress.alfa.sx\/wp-content\/uploads\/2025\/06\/Company-setting-branding-de.png\"><img decoding=\"async\" src=\"https:\/\/staging-cp-prod-wordpress.alfa.sx\/wp-content\/uploads\/2025\/06\/Company-setting-branding-de.png\" alt=\"\" class=\"wp-image-9909\" style=\"width:250px\"\/><\/a><figcaption class=\"wp-element-caption\">Branding Ihres Gastzugangs<\/figcaption><\/figure>\n<\/div>\n\n\n<p>Als Besitzer:in oder Manager:in der Company k\u00f6nnen Sie Ihre Gastzug\u00e4nge au\u00dferdem individuell mit Ihrem Logo gestalten<\/p>\n\n\n\n<ul class=\"wp-block-list\">\n<li>Aktivieren Sie daf\u00fcr den Schieberegler neben <strong>Branding aktivieren<\/strong>. Der Schieberegler ist aktiviert, wenn er blau angezeigt wird. <\/li>\n\n\n\n<li>Nun erscheint der Einstellungsreiter <strong>Logo<\/strong> sowie die zwei Schaltfl\u00e4chen <button class=\"av-button av-button--default\">Logo entfernen<\/button> und  <button class=\"av-button--primary av-button\">Bild hochladen<\/button>.<\/li>\n\n\n\n<li>Mit einem Klick auf <button class=\"av-button--primary av-button\">Bild hochladen<\/button> \u00f6ffnet sich die Dateiablage. Dort k\u00f6nnen Sie das gew\u00fcnschte Logo ausw\u00e4hlen.<\/li>\n<\/ul>\n","protected":false},"excerpt":{"rendered":"<p>Sie k\u00f6nnen Ihre Kontingente und die Nutzung Ihrer Company einsehen, API-Keys und Add-Ins hinzuf\u00fcgen, den Namen Ihrer Company und die Datenschutzhinweise \u00e4ndern oder Ihre Company l\u00f6schen.<\/p>\n","protected":false},"author":5,"featured_media":0,"parent":4524,"menu_order":0,"comment_status":"closed","ping_status":"closed","template":"","meta":{"footnotes":""},"class_list":["post-2353","page","type-page","status-publish","hentry"],"_links":{"self":[{"href":"https:\/\/cp-prod-wordpress.alfa.sx\/de\/wp-json\/wp\/v2\/pages\/2353","targetHints":{"allow":["GET"]}}],"collection":[{"href":"https:\/\/cp-prod-wordpress.alfa.sx\/de\/wp-json\/wp\/v2\/pages"}],"about":[{"href":"https:\/\/cp-prod-wordpress.alfa.sx\/de\/wp-json\/wp\/v2\/types\/page"}],"author":[{"embeddable":true,"href":"https:\/\/cp-prod-wordpress.alfa.sx\/de\/wp-json\/wp\/v2\/users\/5"}],"replies":[{"embeddable":true,"href":"https:\/\/cp-prod-wordpress.alfa.sx\/de\/wp-json\/wp\/v2\/comments?post=2353"}],"version-history":[{"count":35,"href":"https:\/\/cp-prod-wordpress.alfa.sx\/de\/wp-json\/wp\/v2\/pages\/2353\/revisions"}],"predecessor-version":[{"id":2354,"href":"https:\/\/cp-prod-wordpress.alfa.sx\/de\/wp-json\/wp\/v2\/pages\/2353\/revisions\/2354"}],"up":[{"embeddable":true,"href":"https:\/\/cp-prod-wordpress.alfa.sx\/de\/wp-json\/wp\/v2\/pages\/4524"}],"wp:attachment":[{"href":"https:\/\/cp-prod-wordpress.alfa.sx\/de\/wp-json\/wp\/v2\/media?parent=2353"}],"curies":[{"name":"wp","href":"https:\/\/api.w.org\/{rel}","templated":true}]}}