{"id":2490,"date":"2024-01-26T09:29:04","date_gmt":"2024-01-26T09:29:04","guid":{"rendered":"https:\/\/support.alfaview.com\/?page_id=2490"},"modified":"2025-02-04T14:15:39","modified_gmt":"2025-02-04T14:15:39","slug":"video-and-screen-share-resolutions","status":"publish","type":"page","link":"https:\/\/cp-prod-wordpress.alfa.sx\/de\/miscellaneous\/technical-information\/video-and-screen-share-resolutions\/","title":{"rendered":"Aufl\u00f6sungen der Videos und Bildschirm\u00fcbertragungen"},"content":{"rendered":"\n<h2 class=\"wp-block-heading\" class=\"wp-block-heading\" id=\"personenvideos\">Personenvideos<a href=\"#personenvideos\" class=\"av-heading-anchor\"><i class=\"bi bi-link\"><\/i><\/a><\/h2>\n\n\n\n<p>Die Videoaufl\u00f6sung in einem alfaview-Raum h\u00e4ngt von der Rolle der betreffenden Person ab.<\/p>\n\n\n\n<ul class=\"wp-block-list\">\n<li>Im Standardseitenverh\u00e4ltnis von 4:3 haben Videos eine maximale Aufl\u00f6sung von&nbsp;<strong>640x480p<\/strong>.<\/li>\n\n\n\n<li>Wenn Sie in den Einstellungen der Raumverwaltung das<a href=\"\/de\/administration\/room-management\/room-features\/\">\u00a0Raum-Feature<\/a>\u00a0<strong>16:9 Seitenverh\u00e4ltnis f\u00fcr Teilnehmervideos verwenden<\/strong>\u00a0ausgew\u00e4hlt haben, steht Ihnen eine maximale Videoaufl\u00f6sung von\u00a0<strong>1280x720p<\/strong>\u00a0zur Verf\u00fcgung. Die Videos aller anderen Personen haben eine maximale Aufl\u00f6sung von\u00a0<strong>1024x576p<\/strong>.<\/li>\n\n\n\n<li>Sowohl f\u00fcr das 4:3- als auch f\u00fcr das 16:9-Videoseitenverh\u00e4ltnis gilt die folgende Anzahl von Bildern pro Sekunde (fps):\n<ul class=\"wp-block-list\">\n<li>Wenn sich zwischen 1 und 12 Personen in einem Raum befinden, werden die Videos mit 30 fps angezeigt.<\/li>\n\n\n\n<li>Befinden sich 13 oder mehr Personen in einem Raum, wird das Video mit 24 fps angezeigt. Videos von VIPs und Personen, die gerade sprechen, werden weiterhin mit 30 fps angezeigt.<\/li>\n<\/ul>\n<\/li>\n<\/ul>\n\n\n\n<div class=\"wp-block-alfaview-callout\">\n<p>Videos mit einer h\u00f6heren Aufl\u00f6sung als der vorgegebenen Maximalaufl\u00f6sung werden automatisch herunterskaliert.<\/p>\n<\/div>\n\n\n\n<h2 class=\"wp-block-heading\" class=\"wp-block-heading\" id=\"bildschirmuebertragung\">Bildschirm\u00fcbertragung<a href=\"#bildschirmuebertragung\" class=\"av-heading-anchor\"><i class=\"bi bi-link\"><\/i><\/a><\/h2>\n\n\n\n<p>Bei einer Bildschirm\u00fcbertragung betr\u00e4gt die maximale Aufl\u00f6sung <strong>1920x1200p<\/strong>. H\u00f6here Bildschirmaufl\u00f6sungen werden automatisch herunterskaliert.<\/p>\n\n\n\n<h2 class=\"wp-block-heading\" class=\"wp-block-heading\" id=\"zweitkamera\">Zweitkamera<a href=\"#zweitkamera\" class=\"av-heading-anchor\"><i class=\"bi bi-link\"><\/i><\/a><\/h2>\n\n\n\n<p>Wenn Sie eine Zweitkamera verwenden m\u00f6chten, k\u00f6nnen Sie in Ihrem alfaview-Raum zwischen drei Aufl\u00f6sungen w\u00e4hlen:<\/p>\n\n\n\n<ul class=\"wp-block-list\">\n<li>640x480p<\/li>\n\n\n\n<li>1280x720p<\/li>\n\n\n\n<li>1920x1080p<\/li>\n<\/ul>\n\n\n\n<p>\u00d6ffnen Sie im Funktionsmen\u00fc den Reiter <strong>Einstellungen<\/strong>. Klicken Sie auf die Schaltfl\u00e4che <button class=\"av-button av-button--secondary\">Alle Einstellungen anzeigen<\/button>. W\u00e4hlen Sie im Reiter <strong>Video <\/strong>die gew\u00fcnschte Aufl\u00f6sung (<strong>480p, 720p, 1080p<\/strong>) aus, welche von Ihrer Kamera unterst\u00fctzt wird.<\/p>\n\n\n\n<div class=\"wp-block-alfaview-callout\">\n<p>Videos mit einer h\u00f6heren Aufl\u00f6sung als der vorgegebenen Maximalaufl\u00f6sung werden automatisch herunterskaliert.<\/p>\n<\/div>\n","protected":false},"excerpt":{"rendered":"<p>Personenvideos Die Videoaufl\u00f6sung in einem alfaview-Raum h\u00e4ngt von der Rolle der betreffenden Person ab. Im Standardseitenverh\u00e4ltnis von 4:3 haben Videos eine maximale Aufl\u00f6sung von&nbsp;640x480p. Wenn Sie in den Einstellungen der Raumverwaltung das\u00a0Raum-Feature\u00a016:9 Seitenverh\u00e4ltnis f\u00fcr Teilnehmervideos [&hellip;]<\/p>\n","protected":false},"author":5,"featured_media":0,"parent":4546,"menu_order":5,"comment_status":"closed","ping_status":"closed","template":"","meta":{"footnotes":""},"class_list":["post-2490","page","type-page","status-publish","hentry"],"_links":{"self":[{"href":"https:\/\/cp-prod-wordpress.alfa.sx\/de\/wp-json\/wp\/v2\/pages\/2490","targetHints":{"allow":["GET"]}}],"collection":[{"href":"https:\/\/cp-prod-wordpress.alfa.sx\/de\/wp-json\/wp\/v2\/pages"}],"about":[{"href":"https:\/\/cp-prod-wordpress.alfa.sx\/de\/wp-json\/wp\/v2\/types\/page"}],"author":[{"embeddable":true,"href":"https:\/\/cp-prod-wordpress.alfa.sx\/de\/wp-json\/wp\/v2\/users\/5"}],"replies":[{"embeddable":true,"href":"https:\/\/cp-prod-wordpress.alfa.sx\/de\/wp-json\/wp\/v2\/comments?post=2490"}],"version-history":[{"count":11,"href":"https:\/\/cp-prod-wordpress.alfa.sx\/de\/wp-json\/wp\/v2\/pages\/2490\/revisions"}],"predecessor-version":[{"id":2491,"href":"https:\/\/cp-prod-wordpress.alfa.sx\/de\/wp-json\/wp\/v2\/pages\/2490\/revisions\/2491"}],"up":[{"embeddable":true,"href":"https:\/\/cp-prod-wordpress.alfa.sx\/de\/wp-json\/wp\/v2\/pages\/4546"}],"wp:attachment":[{"href":"https:\/\/cp-prod-wordpress.alfa.sx\/de\/wp-json\/wp\/v2\/media?parent=2490"}],"curies":[{"name":"wp","href":"https:\/\/api.w.org\/{rel}","templated":true}]}}