{"id":2737,"date":"2024-02-27T09:34:52","date_gmt":"2024-02-27T09:34:52","guid":{"rendered":"https:\/\/support.alfaview.com\/?page_id=2737"},"modified":"2025-06-04T11:57:04","modified_gmt":"2025-06-04T11:57:04","slug":"mini-window","status":"publish","type":"page","link":"https:\/\/cp-prod-wordpress.alfa.sx\/de\/alfaview-app\/alfaview-room\/participant-videos-and-presentation-area\/mini-window\/","title":{"rendered":"Minifenster"},"content":{"rendered":"<div class=\"wp-block-image\">\n<figure class=\"alignright size-full is-resized\"><a href=\"https:\/\/cp-prod-wordpress.alfa.sx\/wp-content\/uploads\/2024\/02\/mini-window-gallery-view.png\"><img loading=\"lazy\" decoding=\"async\" width=\"434\" height=\"280\" src=\"https:\/\/cp-prod-wordpress.alfa.sx\/wp-content\/uploads\/2024\/02\/mini-window-gallery-view.png\" alt=\"Screenshot des Minifensters mit vier Teilnehmenden\" class=\"wp-image-2718\" style=\"width:250px\" srcset=\"https:\/\/cp-prod-wordpress.alfa.sx\/wp-content\/uploads\/2024\/02\/mini-window-gallery-view.png 434w, https:\/\/cp-prod-wordpress.alfa.sx\/wp-content\/uploads\/2024\/02\/mini-window-gallery-view-300x194.png 300w\" sizes=\"auto, (max-width: 434px) 100vw, 434px\" \/><\/a><figcaption class=\"wp-element-caption\">Galerieansicht<\/figcaption><\/figure>\n<\/div>\n\n\n<p>Mit dem Minifenster bleiben Sie immer mit den anderen Teilnehmenden im Kontakt, w\u00e4hrend Sie gleichzeitig in anderen Anwendungen aktiv sind oder Ihren Bildschirm teilen. Dabei k\u00f6nnen Sie auf die wichtigsten Funktionen von alfaview zugreifen.<\/p>\n\n\n\n<div class=\"wp-block-columns is-layout-flex wp-container-core-columns-is-layout-9d6595d7 wp-block-columns-is-layout-flex\">\n<div class=\"wp-block-column is-layout-flow wp-block-column-is-layout-flow\" style=\"flex-basis:50px\">\n<button class=\"wp-block-alfaview-button av-button-main-menu av-button-grey\" disabled aria-label=\"Minifenster manuell \u00f6ffnen\"><i class=\"icon icon-ic_mini_window_filled_variant_24dp\"><\/i><\/button>\n<\/div>\n\n\n\n<div class=\"wp-block-column is-layout-flow wp-block-column-is-layout-flow\">\n<p><strong>Minifenster manuell \u00f6ffnen<\/strong><br>Um das Minifenster manuell zu \u00f6ffnen, klicken Sie auf das Symbol Minifenster im&nbsp;<a href=\"https:\/\/cp-prod-wordpress.alfa.sx\/de\/alfaview-app\/alfaview-room\/primary-and-secondary-controls\/\">Statusmen\u00fc<\/a>.<\/p>\n<\/div>\n<\/div>\n\n\n\n<div style=\"height:1px\" aria-hidden=\"true\" class=\"wp-block-spacer\"><\/div>\n\n\n\n<div class=\"wp-block-alfaview-callout\">\n<div class=\"wp-block-columns is-not-stacked-on-mobile is-layout-flex wp-container-core-columns-is-layout-9d6595d7 wp-block-columns-is-layout-flex\">\n<div class=\"wp-block-column is-layout-flow wp-block-column-is-layout-flow\">\n<p><strong>Deaktivierung des Minifensters<br><\/strong>Wenn Sie das Hauptfenster minimieren, wird das Minifenster automatisch angezeigt. Diese Funktion k\u00f6nnen Sie in den <a href=\"https:\/\/cp-prod-wordpress.alfa.sx\/de\/alfaview-app\/alfaview-room\/primary-and-secondary-controls\/settings\/general-settings\/\">Einstellungen<\/a> im Reiter <strong>Allgemein <\/strong>deaktivieren, indem Sie den Haken aus dem Kasten neben <strong>Minifenster beim Minimieren anzeigen<\/strong> entfernen.<\/p>\n<\/div>\n\n\n\n<div class=\"wp-block-column is-layout-flow wp-block-column-is-layout-flow\" style=\"flex-basis:250px\">\n<figure class=\"wp-block-image size-full\"><a href=\"https:\/\/cp-prod-wordpress.alfa.sx\/wp-content\/uploads\/2024\/03\/mini-window-deactivate-de.png\"><img loading=\"lazy\" decoding=\"async\" width=\"294\" height=\"104\" src=\"https:\/\/cp-prod-wordpress.alfa.sx\/wp-content\/uploads\/2024\/03\/mini-window-deactivate-de.png\" alt=\"Screenshot der Einstellungen: Option &quot;Minifenster beim Minimieren anzeigen&quot; in den Einstellungen von alfaview ist nicht ausgew\u00e4hlt.\" class=\"wp-image-3131\"\/><\/a><figcaption class=\"wp-element-caption\">Deaktivierung des Minifensters in den Einstellungen<\/figcaption><\/figure>\n<\/div>\n<\/div>\n<\/div>\n\n\n\n<h2 class=\"wp-block-heading\" class=\"wp-block-heading\" id=\"videoansicht\">Videoansicht<a href=\"#videoansicht\" class=\"av-heading-anchor\"><i class=\"bi bi-link\"><\/i><\/a><\/h2>\n\n\n\n<p>Im Minifenster k\u00f6nnen Sie zwischen der Sprecheransicht und der Galerieansicht w\u00e4hlen. Klicken Sie daf\u00fcr in der oberen rechten Ecke des Minifensters auf das entsprechende Symbol.<\/p>\n\n\n<div class=\"wp-block-image\">\n<figure class=\"alignright size-full is-resized\"><a href=\"https:\/\/cp-prod-wordpress.alfa.sx\/wp-content\/uploads\/2024\/05\/mini-window-layout-en.gif\"><img loading=\"lazy\" decoding=\"async\" width=\"497\" height=\"317\" src=\"https:\/\/cp-prod-wordpress.alfa.sx\/wp-content\/uploads\/2024\/05\/mini-window-layout-en.gif\" alt=\"Gif: Wechsel zwischen Sprecher- und Galerieansicht durch Klick auf das Symbol in der oberen rechten Ecke des Minifensters\" class=\"wp-image-3846\" style=\"width:250px\"\/><\/a><figcaption class=\"wp-element-caption\">Wechsel zwischen Sprecher- und Galerieansicht<\/figcaption><\/figure>\n<\/div>\n\n\n<div class=\"wp-block-columns is-layout-flex wp-container-core-columns-is-layout-9d6595d7 wp-block-columns-is-layout-flex\">\n<div class=\"wp-block-column is-layout-flow wp-block-column-is-layout-flow\" style=\"flex-basis:50px\">\n<button class=\"wp-block-alfaview-button av-button-main-menu av-button-grey\" disabled aria-label=\"Galerieansicht\"><i class=\"icon icon-ic_gallery_view_variant_24dp\"><\/i><\/button>\n<\/div>\n\n\n\n<div class=\"wp-block-column is-layout-flow wp-block-column-is-layout-flow\">\n<p><strong>Galerieansicht<\/strong><br>In der Galerieansicht werden die Videos aller Teilnehmenden gleichm\u00e4\u00dfig auf der B\u00fchne verteilt.<\/p>\n<\/div>\n<\/div>\n\n\n\n<div class=\"wp-block-columns is-layout-flex wp-container-core-columns-is-layout-9d6595d7 wp-block-columns-is-layout-flex\">\n<div class=\"wp-block-column is-layout-flow wp-block-column-is-layout-flow\" style=\"flex-basis:50px\">\n<button class=\"wp-block-alfaview-button av-button-main-menu av-button-grey\" disabled aria-label=\"Sprecheransicht\"><i class=\"icon icon-ic_speaker_view_variant_24dp\"><\/i><\/button>\n<\/div>\n\n\n\n<div class=\"wp-block-column is-layout-flow wp-block-column-is-layout-flow\">\n<p><strong>Sprecheransicht<br><\/strong>In der Sprecheransicht f\u00fcllt das Video der sprechenden Person das Minifenster aus. Die Videos der anderen Teilnehmenden werden am unteren Rand der B\u00fchne in einer Reihe angezeigt.<\/p>\n<\/div>\n<\/div>\n\n\n\n<h2 class=\"wp-block-heading\" class=\"wp-block-heading\" id=\"kompakte-funktionsansicht\">Kompakte Funktionsansicht<a href=\"#kompakte-funktionsansicht\" class=\"av-heading-anchor\"><i class=\"bi bi-link\"><\/i><\/a><\/h2>\n\n\n<div class=\"wp-block-image\">\n<figure class=\"alignright size-full is-resized\"><a href=\"https:\/\/cp-prod-wordpress.alfa.sx\/wp-content\/uploads\/2024\/02\/mini-window-control-only-en.png\"><img loading=\"lazy\" decoding=\"async\" width=\"338\" height=\"114\" src=\"https:\/\/cp-prod-wordpress.alfa.sx\/wp-content\/uploads\/2024\/02\/mini-window-control-only-en.png\" alt=\"Screenshot der kompakten Funktionsansicht des Minifensters\" class=\"wp-image-2722\" style=\"width:250px\" srcset=\"https:\/\/cp-prod-wordpress.alfa.sx\/wp-content\/uploads\/2024\/02\/mini-window-control-only-en.png 338w, https:\/\/cp-prod-wordpress.alfa.sx\/wp-content\/uploads\/2024\/02\/mini-window-control-only-en-300x101.png 300w\" sizes=\"auto, (max-width: 338px) 100vw, 338px\" \/><\/a><figcaption class=\"wp-element-caption\">Kompakte Funktionsansicht<\/figcaption><\/figure>\n<\/div>\n\n\n<p>Anstelle der Videoansicht k\u00f6nnen Sie sich eine kompakte Funktionsansicht anzeigen lassen. In dieser Ansicht haben Sie Zugriff auf alle Einstellungen des&nbsp;<a href=\"https:\/\/cp-prod-wordpress.alfa.sx\/de\/alfaview-app\/alfaview-room\/primary-and-secondary-controls\/\">Hauptmen\u00fcs<\/a>.<\/p>\n\n\n<div class=\"wp-block-image\">\n<figure class=\"alignright size-full is-resized\"><a href=\"https:\/\/cp-prod-wordpress.alfa.sx\/wp-content\/uploads\/2024\/05\/mini-window-en.gif\"><img loading=\"lazy\" decoding=\"async\" width=\"503\" height=\"341\" src=\"https:\/\/cp-prod-wordpress.alfa.sx\/wp-content\/uploads\/2024\/05\/mini-window-en.gif\" alt=\"Gif: Das Minifenster wird mit der Maus in einer Ecke von der normalen Minifensteransicht zur kompakten Funktionsansicht gezogen.\" class=\"wp-image-3849\" style=\"width:250px\"\/><\/a><figcaption class=\"wp-element-caption\">Wechsel zur kompakten Funktionsansicht<\/figcaption><\/figure>\n<\/div>\n\n\n<ul class=\"wp-block-list\">\n<li>Bewegen Sie die Maus an eine Ecke des Minifensters, sodass der Mauszeiger zu einem Doppelpfeil wird.<\/li>\n\n\n\n<li>Klicken Sie mit der linken Maustaste und halten Sie die Taste gedr\u00fcckt.<\/li>\n\n\n\n<li>Ziehen Sie das Fenster kleiner.<\/li>\n\n\n\n<li>Sobald im Fenster die kompakte Funktionsansicht sichtbar ist, lassen Sie die Maustaste los.<\/li>\n<\/ul>\n\n\n\n<p>Klicken Sie auf das Symbol Minifenster, um zur\u00fcck zum Hauptfenster von alfaview zu wechseln.<\/p>\n\n\n\n<h2 class=\"wp-block-heading\" class=\"wp-block-heading\" id=\"funktionen-im-minifenster\">Funktionen im Minifenster<a href=\"#funktionen-im-minifenster\" class=\"av-heading-anchor\"><i class=\"bi bi-link\"><\/i><\/a><\/h2>\n\n\n<div class=\"wp-block-image\">\n<figure class=\"alignright size-full is-resized\"><a href=\"https:\/\/cp-prod-wordpress.alfa.sx\/wp-content\/uploads\/2024\/02\/mini-window-function.png\"><img loading=\"lazy\" decoding=\"async\" width=\"434\" height=\"288\" src=\"https:\/\/cp-prod-wordpress.alfa.sx\/wp-content\/uploads\/2024\/02\/mini-window-function.png\" alt=\"Screenshot des Minifensters mit den  Funktionen: Mikrofon aktiviert, Kamera aktiviert, Bildschirm teilen, Pause, Wechsel zu gro\u00dfem Fenster\" class=\"wp-image-2724\" style=\"width:250px\" srcset=\"https:\/\/cp-prod-wordpress.alfa.sx\/wp-content\/uploads\/2024\/02\/mini-window-function.png 434w, https:\/\/cp-prod-wordpress.alfa.sx\/wp-content\/uploads\/2024\/02\/mini-window-function-300x199.png 300w\" sizes=\"auto, (max-width: 434px) 100vw, 434px\" \/><\/a><figcaption class=\"wp-element-caption\">Funktionen im Minifenster<\/figcaption><\/figure>\n<\/div>\n\n\n<p>Im Minifenster finden Sie die wichtigsten Funktionen und Informationen aus dem <a href=\"https:\/\/cp-prod-wordpress.alfa.sx\/de\/alfaview-app\/alfaview-room\/primary-and-secondary-controls\/\">Haupt- und Statusmen\u00fc<\/a>.<\/p>\n\n\n\n<h3 class=\"wp-block-heading\" class=\"wp-block-heading\" id=\"hauptmenue\">Hauptmen\u00fc<a href=\"#hauptmenue\" class=\"av-heading-anchor\"><i class=\"bi bi-link\"><\/i><\/a><\/h3>\n\n\n\n<p>Das Minifenster enth\u00e4lt alle Funktionen des&nbsp;<a href=\"https:\/\/cp-prod-wordpress.alfa.sx\/de\/alfaview-app\/alfaview-room\/primary-and-secondary-controls\/\">Hauptmen\u00fcs<\/a> und erm\u00f6glicht es Ihnen, zum gro\u00dfen alfaview-Fenster zur\u00fcckzukehren.<\/p>\n\n\n\n<div class=\"wp-block-alfaview-callout\">\n<p>Das Minifenster \u00f6ffnet sich bei der n\u00e4chsten Verwendung wieder an derselben Stelle.<\/p>\n<\/div>\n\n\n\n<h3 class=\"wp-block-heading\" class=\"wp-block-heading\" id=\"statusmenue\">Statusmen\u00fc<a href=\"#statusmenue\" class=\"av-heading-anchor\"><i class=\"bi bi-link\"><\/i><\/a><\/h3>\n\n\n<div class=\"wp-block-image\">\n<figure class=\"alignright size-full is-resized\"><a href=\"https:\/\/cp-prod-wordpress.alfa.sx\/wp-content\/uploads\/2024\/05\/mini-window-status-en.gif\"><img loading=\"lazy\" decoding=\"async\" width=\"316\" height=\"147\" src=\"https:\/\/cp-prod-wordpress.alfa.sx\/wp-content\/uploads\/2024\/05\/mini-window-status-en.gif\" alt=\"Gif des Statusmen\u00fcs, um die Informationen Anzahl Personen im Raum, Anzahl gehobene H\u00e4nde, Personen im Warteraum, Kamera und Mikrofon aktiviert darzustellen\" class=\"wp-image-3851\" style=\"width:250px\"\/><\/a><figcaption class=\"wp-element-caption\">Statusmen\u00fc des Minifensters<\/figcaption><\/figure>\n<\/div>\n\n\n<p>Im <a href=\"https:\/\/cp-prod-wordpress.alfa.sx\/de\/alfaview-app\/alfaview-room\/primary-and-secondary-controls\/\">Statusmen\u00fc<\/a> finden Sie die wichtigsten Informationen zum alfaview-Raum.<\/p>\n\n\n\n<div class=\"wp-block-columns is-layout-flex wp-container-core-columns-is-layout-9d6595d7 wp-block-columns-is-layout-flex\">\n<div class=\"wp-block-column is-layout-flow wp-block-column-is-layout-flow\" style=\"flex-basis:50px\">\n<button class=\"wp-block-alfaview-button av-button-status-menu av-button-grey\" disabled aria-label=\"Anzahl Teilnehmer\"><i class=\"icon icon-ic_person_24dp\"><\/i>2<\/button>\n<\/div>\n\n\n\n<div class=\"wp-block-column is-layout-flow wp-block-column-is-layout-flow\">\n<p><strong>Anzahl Teilnehmer<\/strong><br>Hier sehen Sie die Anzahl der Personen im alfaview-Raum. <\/p>\n<\/div>\n<\/div>\n\n\n\n<div class=\"wp-block-columns is-layout-flex wp-container-core-columns-is-layout-9d6595d7 wp-block-columns-is-layout-flex\">\n<div class=\"wp-block-column is-layout-flow wp-block-column-is-layout-flow\" style=\"flex-basis:50px\">\n<button class=\"wp-block-alfaview-button av-button-status-menu av-button-grey\" disabled aria-label=\"Hand heben\"><i class=\"icon icon-ic_hand_front_right_24dp\"><\/i>4<\/button>\n<\/div>\n\n\n\n<div class=\"wp-block-column is-layout-flow wp-block-column-is-layout-flow\">\n<p><strong><strong>Hand heben<\/strong><\/strong><br>Hier sehen Sie die Anzahl der Personen, die ihre Hand heben.<\/p>\n<\/div>\n<\/div>\n\n\n\n<div class=\"wp-block-columns is-layout-flex wp-container-core-columns-is-layout-9d6595d7 wp-block-columns-is-layout-flex\">\n<div class=\"wp-block-column is-layout-flow wp-block-column-is-layout-flow\" style=\"flex-basis:50px\">\n<button class=\"wp-block-alfaview-button av-button-status-menu av-button-grey2\" disabled aria-label=\"Warteraum\"><i class=\"icon icon-ic_waiting_room_24dp\"><\/i>1<\/button>\n<\/div>\n\n\n\n<div class=\"wp-block-column is-layout-flow wp-block-column-is-layout-flow\">\n<p><strong>Warteraum<\/strong><br>Hier sehen Sie die Anzahl der Personen, die sich gerade im Warteraum befinden.<br>Diese Information ist ausschlie\u00dflich f\u00fcr Moderator:innen und Raumadministrator:innen sichtbar.<br>Weitere Informationen finden Sie auf der Seite <a href=\"https:\/\/cp-prod-wordpress.alfa.sx\/de\/alfaview-app\/alfaview-room\/primary-and-secondary-controls\/participant-list-and-breakout-groups\/waiting-room\/\">Warteraum<\/a>.<\/p>\n<\/div>\n<\/div>\n\n\n\n<div class=\"wp-block-columns is-layout-flex wp-container-core-columns-is-layout-9d6595d7 wp-block-columns-is-layout-flex\">\n<div class=\"wp-block-column is-layout-flow wp-block-column-is-layout-flow\" style=\"flex-basis:50px\">\n<button class=\"wp-block-alfaview-button av-button-main-menu av-button-blue\" disabled aria-label=\"Mikrofon an\"><i class=\"icon icon-ic_mic_24dp\"><\/i><\/button>\n<\/div>\n\n\n\n<div class=\"wp-block-column is-layout-flow wp-block-column-is-layout-flow\">\n<p><strong>Mikrofon<\/strong><\/p>\n\n\n\n<ul class=\"wp-block-list\">\n<li>Ist Ihr Mikrofon aktiviert, wird das Symbol <img loading=\"lazy\" decoding=\"async\" width=\"20\" height=\"20\" class=\"wp-image-652\" style=\"width: 20px;\" src=\"https:\/\/cp-prod-wordpress.alfa.sx\/wp-content\/uploads\/2023\/10\/icon-microphone-active.png\" alt=\"Mikrofon an Symbol\"> <strong>Mikrofon <\/strong>blau angezeigt.<\/li>\n\n\n\n<li>Das Symbol <img loading=\"lazy\" decoding=\"async\" width=\"20\" height=\"20\" class=\"wp-image-648\" style=\"width: 20px;\" src=\"https:\/\/cp-prod-wordpress.alfa.sx\/wp-content\/uploads\/2023\/10\/icon-microphone-inactive.png\" alt=\"Mikrofon aus Symbol\"> <strong>Mikrofon <\/strong>wird grau angezeigt, wenn Ihr Mikrofon deaktiviert ist.<\/li>\n<\/ul>\n<\/div>\n<\/div>\n\n\n\n<div class=\"wp-block-columns is-layout-flex wp-container-core-columns-is-layout-9d6595d7 wp-block-columns-is-layout-flex\">\n<div class=\"wp-block-column is-layout-flow wp-block-column-is-layout-flow\" style=\"flex-basis:50px\">\n<button class=\"wp-block-alfaview-button av-button-main-menu av-button-blue\" disabled aria-label=\"Kamera an\"><i class=\"icon icon-ic_videocam_24dp\"><\/i><\/button>\n<\/div>\n\n\n\n<div class=\"wp-block-column is-layout-flow wp-block-column-is-layout-flow\">\n<p><strong>Kamera<\/strong><\/p>\n\n\n\n<ul class=\"wp-block-list\">\n<li>Ist Ihre Kamera aktiviert, wird das Symbol <img loading=\"lazy\" decoding=\"async\" width=\"20\" height=\"20\" class=\"wp-image-662\" style=\"width: 20px;\" src=\"https:\/\/cp-prod-wordpress.alfa.sx\/wp-content\/uploads\/2023\/10\/icon-camera-on.png\" alt=\"Kamera an Smbol\"> <strong>Kamera <\/strong>blau angezeigt.<\/li>\n\n\n\n<li>Senden Sie Ihr Kamerabild nur an VIPs im alfaview-Raum, wird das Symbol <img loading=\"lazy\" decoding=\"async\" width=\"20\" height=\"20\" class=\"wp-image-660\" style=\"width: 20px;\" src=\"https:\/\/cp-prod-wordpress.alfa.sx\/wp-content\/uploads\/2023\/10\/icon-vip-camera-on.png\" alt=\"Kamera an VIP Symbol\"> <strong>Kamera<\/strong> mit einem kleinen Stern angezeigt.<\/li>\n\n\n\n<li>Das Symbol <img loading=\"lazy\" decoding=\"async\" width=\"20\" height=\"20\" class=\"wp-image-658\" style=\"width: 20px;\" src=\"https:\/\/cp-prod-wordpress.alfa.sx\/wp-content\/uploads\/2023\/10\/icon-camera-off.png\" alt=\"Kamera aus Symbol\"> <strong>Kamera<\/strong> wird grau angezeigt, wenn Ihre Kamera deaktiviert ist.<\/li>\n<\/ul>\n<\/div>\n<\/div>\n\n\n\n<div class=\"wp-block-columns is-layout-flex wp-container-core-columns-is-layout-9d6595d7 wp-block-columns-is-layout-flex\">\n<div class=\"wp-block-column is-layout-flow wp-block-column-is-layout-flow\" style=\"flex-basis:50px\">\n<button class=\"wp-block-alfaview-button av-button-main-menu av-button-blue\" disabled aria-label=\"Bildschirm teilen aktiviert\"><i class=\"icon icon-ic_media_share_24dp\"><\/i><\/button>\n<\/div>\n\n\n\n<div class=\"wp-block-column is-layout-flow wp-block-column-is-layout-flow\">\n<p><strong>Bildschirm\u00fcbertragung<\/strong><br>Wenn Sie Inhalte \u00fcbertragen, wird Ihnen das \u00dcbertragungssymbol angezeigt.<\/p>\n<\/div>\n<\/div>\n\n\n\n<h2 class=\"wp-block-heading\" class=\"wp-block-heading\" id=\"bildschirmuebertragung-und-geteilte-inhalte\">Bildschirm\u00fcbertragung und geteilte Inhalte<a href=\"#bildschirmuebertragung-und-geteilte-inhalte\" class=\"av-heading-anchor\"><i class=\"bi bi-link\"><\/i><\/a><\/h2>\n\n\n\n<h3 class=\"wp-block-heading\" class=\"wp-block-heading\" id=\"inhalte-teilen\">Inhalte teilen<a href=\"#inhalte-teilen\" class=\"av-heading-anchor\"><i class=\"bi bi-link\"><\/i><\/a><\/h3>\n\n\n\n<p>Sie k\u00f6nnen mit einem Klick auf das \u00dcbertragungssymbol eigene Inhalte (Bildschirm, Bildschirmbereich oder Zweitkamera) mit den anderen Teilnehmenden teilen.<br>Weitere Informationen finden Sie auf der Seite <a href=\"https:\/\/cp-prod-wordpress.alfa.sx\/de\/alfaview-app\/alfaview-room\/screen-and-audio-share\/\">Bildschirm- und Ton\u00fcbertragung<\/a>.<\/p>\n\n\n<div class=\"wp-block-image\">\n<figure class=\"alignright size-full is-resized\"><a href=\"https:\/\/cp-prod-wordpress.alfa.sx\/wp-content\/uploads\/2024\/02\/mini-window-share-content.png\"><img loading=\"lazy\" decoding=\"async\" width=\"432\" height=\"283\" src=\"https:\/\/cp-prod-wordpress.alfa.sx\/wp-content\/uploads\/2024\/02\/mini-window-share-content.png\" alt=\"\" class=\"wp-image-2728\" style=\"width:250px\" srcset=\"https:\/\/cp-prod-wordpress.alfa.sx\/wp-content\/uploads\/2024\/02\/mini-window-share-content.png 432w, https:\/\/cp-prod-wordpress.alfa.sx\/wp-content\/uploads\/2024\/02\/mini-window-share-content-300x197.png 300w\" sizes=\"auto, (max-width: 432px) 100vw, 432px\" \/><\/a><figcaption class=\"wp-element-caption\">Inhalte im Minifenster teilen<\/figcaption><\/figure>\n<\/div>\n\n\n<div class=\"wp-block-columns is-layout-flex wp-container-core-columns-is-layout-9d6595d7 wp-block-columns-is-layout-flex\">\n<div class=\"wp-block-column is-layout-flow wp-block-column-is-layout-flow\" style=\"flex-basis:50px\">\n<button class=\"wp-block-alfaview-button av-button-status-menu av-button-grey\" disabled aria-label=\"Inhalte im Minifenster teilen\"><i class=\"icon icon-ic_desktop_mac_24dp\"><\/i>1<\/button>\n<\/div>\n\n\n\n<div class=\"wp-block-column is-layout-flow wp-block-column-is-layout-flow\">\n<p>Wenn Sie Ihren Bildschirm teilen, erscheint in der oberen rechten Ecke des Minifensters das Bildschirmsymbol. Klicken Sie darauf, um Ihre eigene \u00dcbertragung im Minifenster zu sehen.<br>Um zur Videoansicht zur\u00fcckzukehren, klicken Sie erneut auf das Symbol.<\/p>\n<\/div>\n<\/div>\n\n\n\n<h3 class=\"wp-block-heading\" class=\"wp-block-heading\" id=\"geteilte-inhalte-verfolgen\">Geteilte Inhalte verfolgen<a href=\"#geteilte-inhalte-verfolgen\" class=\"av-heading-anchor\"><i class=\"bi bi-link\"><\/i><\/a><\/h3>\n\n\n<div class=\"wp-block-image\">\n<figure class=\"alignright size-full is-resized\"><a href=\"https:\/\/cp-prod-wordpress.alfa.sx\/wp-content\/uploads\/2024\/02\/mini-window-shared-content-de.png\"><img loading=\"lazy\" decoding=\"async\" width=\"550\" height=\"298\" src=\"https:\/\/cp-prod-wordpress.alfa.sx\/wp-content\/uploads\/2024\/02\/mini-window-shared-content-de.png\" alt=\"Screenshot des Minifenster: Die Auswahlliste aller geteilten Inhalte, um zwischen den Inhalten zu wechseln. Im Minifenster wird die Bildschirm\u00fcbertragung einer Teilnehmerin \u00fcbertragen.\" class=\"wp-image-2732\" style=\"width:250px\" srcset=\"https:\/\/cp-prod-wordpress.alfa.sx\/wp-content\/uploads\/2024\/02\/mini-window-shared-content-de.png 550w, https:\/\/cp-prod-wordpress.alfa.sx\/wp-content\/uploads\/2024\/02\/mini-window-shared-content-de-300x163.png 300w\" sizes=\"auto, (max-width: 550px) 100vw, 550px\" \/><\/a><figcaption class=\"wp-element-caption\">Geteilte Inhalte anderen Teilnehmenden ansehen<\/figcaption><\/figure>\n<\/div>\n\n\n<div class=\"wp-block-columns is-layout-flex wp-container-core-columns-is-layout-9d6595d7 wp-block-columns-is-layout-flex\">\n<div class=\"wp-block-column is-layout-flow wp-block-column-is-layout-flow\" style=\"flex-basis:50px\">\n<button class=\"wp-block-alfaview-button av-button-status-menu av-button-blue\" disabled aria-label=\"Geteilter Inhalt im Minifenster anzeigen\"><i class=\"icon icon-ic_desktop_mac_24dp\"><\/i>3<\/button>\n<\/div>\n\n\n\n<div class=\"wp-block-column is-layout-flow wp-block-column-is-layout-flow\">\n<p>Sobald eine Bildschirm\u00fcbertragung aktiv ist, erscheint in der oberen rechten Ecke des Minifensters das Bildschirmsymbol. Wenn mehrere Personen gleichzeitig Inhalte teilen, k\u00f6nnen Sie ausw\u00e4hlen, welche \u00dcbertragung Ihnen angezeigt wird.<\/p>\n<\/div>\n<\/div>\n\n\n\n<ul class=\"wp-block-list\">\n<li>Klicken Sie auf das Bildschirmsymbol.<\/li>\n\n\n\n<li>W\u00e4hlen Sie nun aus der Liste die gew\u00fcnschte \u00dcbertragung aus.<\/li>\n\n\n\n<li>Klicken Sie auf die Schaltfl\u00e4che <button class=\"av-button av-button--primary\">Ausw\u00e4hlen<\/button>.<\/li>\n\n\n\n<li>Um zur Videoansicht zur\u00fcckzukehren, klicken Sie erneut auf das Bildschirmsymbol. W\u00e4hlen Sie dann <strong>Geteilte Inhalte ausblenden<\/strong>.<\/li>\n<\/ul>\n","protected":false},"excerpt":{"rendered":"<p>Bleiben Sie \u00fcber das Minifenster mit anderen Teilnehmenden in Kontakt, w\u00e4hrend Sie Ihren Bildschirm teilen oder in einer anderen Anwendung aktiv sind.<\/p>\n","protected":false},"author":5,"featured_media":0,"parent":917,"menu_order":0,"comment_status":"closed","ping_status":"closed","template":"","meta":{"footnotes":""},"class_list":["post-2737","page","type-page","status-publish","hentry"],"_links":{"self":[{"href":"https:\/\/cp-prod-wordpress.alfa.sx\/de\/wp-json\/wp\/v2\/pages\/2737","targetHints":{"allow":["GET"]}}],"collection":[{"href":"https:\/\/cp-prod-wordpress.alfa.sx\/de\/wp-json\/wp\/v2\/pages"}],"about":[{"href":"https:\/\/cp-prod-wordpress.alfa.sx\/de\/wp-json\/wp\/v2\/types\/page"}],"author":[{"embeddable":true,"href":"https:\/\/cp-prod-wordpress.alfa.sx\/de\/wp-json\/wp\/v2\/users\/5"}],"replies":[{"embeddable":true,"href":"https:\/\/cp-prod-wordpress.alfa.sx\/de\/wp-json\/wp\/v2\/comments?post=2737"}],"version-history":[{"count":26,"href":"https:\/\/cp-prod-wordpress.alfa.sx\/de\/wp-json\/wp\/v2\/pages\/2737\/revisions"}],"predecessor-version":[{"id":2738,"href":"https:\/\/cp-prod-wordpress.alfa.sx\/de\/wp-json\/wp\/v2\/pages\/2737\/revisions\/2738"}],"up":[{"embeddable":true,"href":"https:\/\/cp-prod-wordpress.alfa.sx\/de\/wp-json\/wp\/v2\/pages\/917"}],"wp:attachment":[{"href":"https:\/\/cp-prod-wordpress.alfa.sx\/de\/wp-json\/wp\/v2\/media?parent=2737"}],"curies":[{"name":"wp","href":"https:\/\/api.w.org\/{rel}","templated":true}]}}