{"id":2751,"date":"2024-02-27T12:33:12","date_gmt":"2024-02-27T12:33:12","guid":{"rendered":"https:\/\/support.alfaview.com\/?page_id=2751"},"modified":"2024-07-02T13:00:00","modified_gmt":"2024-07-02T13:00:00","slug":"room-admin-controls","status":"publish","type":"page","link":"https:\/\/cp-prod-wordpress.alfa.sx\/de\/alfaview-app\/alfaview-room\/primary-and-secondary-controls\/participant-list-and-breakout-groups\/room-admin-controls\/","title":{"rendered":"Administrationsfunktionen"},"content":{"rendered":"<div class=\"wp-block-image\">\n<figure class=\"alignright size-full is-resized\"><a href=\"https:\/\/cp-prod-wordpress.alfa.sx\/wp-content\/uploads\/2024\/02\/admin-controls-de.png\"><img loading=\"lazy\" decoding=\"async\" width=\"430\" height=\"515\" src=\"https:\/\/cp-prod-wordpress.alfa.sx\/wp-content\/uploads\/2024\/02\/admin-controls-de.png\" alt=\"Das ge\u00f6ffnete Kontextmen\u00fc eines alfaview-Raumes mit allen Administrationsfunktonen\" class=\"wp-image-2749\" style=\"width:250px\" srcset=\"https:\/\/cp-prod-wordpress.alfa.sx\/wp-content\/uploads\/2024\/02\/admin-controls-de.png 430w, https:\/\/cp-prod-wordpress.alfa.sx\/wp-content\/uploads\/2024\/02\/admin-controls-de-250x300.png 250w\" sizes=\"auto, (max-width: 430px) 100vw, 430px\" \/><\/a><figcaption class=\"wp-element-caption\">Funktionen f\u00fcr die Raumadministration<\/figcaption><\/figure>\n<\/div>\n\n\n<p>Als Raumadministrator:in haben Sie in der App zus\u00e4tzliche Funktionen neben den Moderationsfunktionen. \u00d6ffnen Sie dazu die <img loading=\"lazy\" decoding=\"async\" width=\"20\" height=\"20\" class=\"wp-image-2099\" style=\"width: 20px;\" src=\"https:\/\/cp-prod-wordpress.alfa.sx\/wp-content\/uploads\/2023\/12\/icon-participants.png\" alt=\"\"> <a href=\"https:\/\/cp-prod-wordpress.alfa.sx\/de\/alfaview-app\/alfaview-room\/participant-list-and-breakout-groups\/\">Teilnehmerliste<\/a> im Funktionsmen\u00fc.<\/p>\n\n\n\n<ul class=\"wp-block-list\">\n<li>Klicken Sie neben dem Namen des alfaview-Raumes auf das Kontextmen\u00fc <img loading=\"lazy\" decoding=\"async\" width=\"20\" height=\"20\" class=\"wp-image-2122\" style=\"width: 20px;\" src=\"https:\/\/cp-prod-wordpress.alfa.sx\/wp-content\/uploads\/2023\/12\/dots.png\" alt=\"\">.<\/li>\n\n\n\n<li>W\u00e4hlen Sie nun aus der Liste eine der folgenden Funktionen:<\/li>\n<\/ul>\n\n\n\n<div class=\"wp-block-columns is-not-stacked-on-mobile is-layout-flex wp-container-core-columns-is-layout-9d6595d7 wp-block-columns-is-layout-flex\">\n<div class=\"wp-block-column is-layout-flow wp-block-column-is-layout-flow\" style=\"flex-basis:50px\">\n<button class=\"wp-block-alfaview-button av-button-main-menu av-button-grey\" disabled><i class=\"icon icon-ic_send_group_variant_24dp\"><\/i><\/button>\n<\/div>\n\n\n\n<div class=\"wp-block-column is-layout-flow wp-block-column-is-layout-flow\">\n<p><strong>Kurznachricht an diese Gruppe<\/strong><br>Senden Sie allen Teilnehmenden in einer Gruppe gleichzeitig eine Kurznachricht.<\/p>\n<\/div>\n<\/div>\n\n\n\n<div class=\"wp-block-columns is-not-stacked-on-mobile is-layout-flex wp-container-core-columns-is-layout-9d6595d7 wp-block-columns-is-layout-flex\">\n<div class=\"wp-block-column is-layout-flow wp-block-column-is-layout-flow\" style=\"flex-basis:50px\">\n<button class=\"wp-block-alfaview-button av-button-main-menu av-button-grey\" disabled><i class=\"icon icon-ic_send_room_variant_24dp\"><\/i><\/button>\n<\/div>\n\n\n\n<div class=\"wp-block-column is-layout-flow wp-block-column-is-layout-flow\">\n<p><strong>Kurznachricht an alle Gruppen<\/strong><br>Senden Sie den Teilnehmenden in allen Gruppen gleichzeitig eine Kurznachricht.<\/p>\n<\/div>\n<\/div>\n\n\n\n<div class=\"wp-block-columns is-not-stacked-on-mobile is-layout-flex wp-container-core-columns-is-layout-9d6595d7 wp-block-columns-is-layout-flex\">\n<div class=\"wp-block-column is-layout-flow wp-block-column-is-layout-flow\" style=\"flex-basis:50px\">\n<button class=\"wp-block-alfaview-button av-button-main-menu av-button-grey\" disabled><i class=\"icon icon-ic_settings_room_24dp\"><\/i><\/button>\n<\/div>\n\n\n\n<div class=\"wp-block-column is-layout-flow wp-block-column-is-layout-flow\">\n<p><strong>Raum verwalten<\/strong><br>Klicken Sie auf die Schaltfl\u00e4che <strong>Raum verwalten<\/strong>, um zur Verwaltungsoberfl\u00e4che zu gelangen. Dort k\u00f6nnen Sie beispielsweise \u00c4nderungen am Raumnamen oder der Gruppenanzahl vornehmen.<br>Alle Informationen finden Sie auf der Seite <a href=\"https:\/\/cp-prod-wordpress.alfa.sx\/de\/administration\/room-management\/\">Raumverwaltung<\/a>.<\/p>\n<\/div>\n<\/div>\n\n\n\n<div class=\"wp-block-columns is-not-stacked-on-mobile is-layout-flex wp-container-core-columns-is-layout-9d6595d7 wp-block-columns-is-layout-flex\">\n<div class=\"wp-block-column is-layout-flow wp-block-column-is-layout-flow\" style=\"flex-basis:50px\">\n<button class=\"wp-block-alfaview-button av-button-main-menu av-button-grey\" disabled><i class=\"icon icon-ic_link_variant_24dp\"><\/i><\/button>\n<\/div>\n\n\n\n<div class=\"wp-block-column is-layout-flow wp-block-column-is-layout-flow\">\n<p><strong>Gastlinks verwalten<\/strong><br>Klicken Sie auf die Schaltfl\u00e4che <strong>Gastlink verwalten<\/strong>, um bereits bestehende Gastlinks zu bearbeiten oder neue Gastlinks zu erstellen. Sie werden zur Verwaltungsoberfl\u00e4che weitergeleitet.<br>Alle Informationen finden Sie auf der Seite <a href=\"https:\/\/cp-prod-wordpress.alfa.sx\/de\/administration\/room-management\/guest-link\/\">Gast- und Gruppenlinks<\/a>.<\/p>\n<\/div>\n<\/div>\n\n\n\n<div class=\"wp-block-columns is-not-stacked-on-mobile is-layout-flex wp-container-core-columns-is-layout-9d6595d7 wp-block-columns-is-layout-flex\">\n<div class=\"wp-block-column is-layout-flow wp-block-column-is-layout-flow\" style=\"flex-basis:50px\">\n<button class=\"wp-block-alfaview-button av-button-main-menu av-button-grey\" disabled><i class=\"icon icon-ic_link_variant_24dp\"><\/i><\/button>\n<\/div>\n\n\n\n<div class=\"wp-block-column is-layout-flow wp-block-column-is-layout-flow\">\n<p><strong>Gruppenlinks verwalten<\/strong><br>Klicken Sie auf die <strong>Schaltfl\u00e4che <\/strong>Gruppenlinks verwalten, um neue Gruppenlinks zu erstellen oder bereits bestehende Gruppenlinks zu bearbeiten. Sie werden zur Verwaltungsoberfl\u00e4che weitergeleitet.<br>Alle Informationen finden Sie auf der Seite <a href=\"https:\/\/cp-prod-wordpress.alfa.sx\/de\/administration\/room-management\/guest-link\/\">Gast- und Gruppenlinks<\/a>.<\/p>\n<\/div>\n<\/div>\n\n\n\n<div class=\"wp-block-columns is-not-stacked-on-mobile is-layout-flex wp-container-core-columns-is-layout-9d6595d7 wp-block-columns-is-layout-flex\">\n<div class=\"wp-block-column is-layout-flow wp-block-column-is-layout-flow\" style=\"flex-basis:50px\">\n<button class=\"wp-block-alfaview-button av-button-main-menu av-button-grey\" disabled><i class=\"icon icon-ic_file_copy_variant_24dp\"><\/i><\/button>\n<\/div>\n\n\n\n<div class=\"wp-block-column is-layout-flow wp-block-column-is-layout-flow\">\n<p><strong>Anwesenheitsliste kopieren<\/strong><br>Erstellen Sie eine Anwesenheitsliste, die alle Teilnehmenden im Hauptraum sowie den Gruppen umfasst. Alle Informationen finden Sie auf der Seite <a href=\"https:\/\/cp-prod-wordpress.alfa.sx\/de\/administration\/room-management\/attendance-list-and-attendance-report\/\">Anwesenheitsliste und Anwesenheitsbericht<\/a>.<\/p>\n<\/div>\n<\/div>\n\n\n\n<div class=\"wp-block-columns is-not-stacked-on-mobile is-layout-flex wp-container-core-columns-is-layout-9d6595d7 wp-block-columns-is-layout-flex\">\n<div class=\"wp-block-column is-layout-flow wp-block-column-is-layout-flow\" style=\"flex-basis:50px\">\n<button class=\"wp-block-alfaview-button av-button-main-menu av-button-grey\" disabled><i class=\"icon icon-ic_info_outline_24dp\"><\/i><\/button>\n<\/div>\n\n\n\n<div class=\"wp-block-column is-layout-flow wp-block-column-is-layout-flow\">\n<p><strong>Raumdetails anzeigen<\/strong><br>In den Raumdetails k\u00f6nnen Sie in den Reitern <strong>Gruppen <\/strong>und <strong>Teilnehmer <\/strong>sehen, welche Teilnehmenden sich gerade in welchen Gruppen befinden.<\/p>\n<\/div>\n<\/div>\n","protected":false},"excerpt":{"rendered":"<p>Als Raumadministrator:in haben Sie in der App zus\u00e4tzliche Funktionen neben den Moderationsfunktionen. \u00d6ffnen Sie dazu die Teilnehmerliste im Funktionsmen\u00fc. Klicken Sie neben dem Namen des alfaview-Raumes auf das Kontextmen\u00fc . W\u00e4hlen Sie nun aus der [&hellip;]<\/p>\n","protected":false},"author":5,"featured_media":0,"parent":933,"menu_order":5,"comment_status":"closed","ping_status":"closed","template":"","meta":{"footnotes":""},"class_list":["post-2751","page","type-page","status-publish","hentry"],"_links":{"self":[{"href":"https:\/\/cp-prod-wordpress.alfa.sx\/de\/wp-json\/wp\/v2\/pages\/2751","targetHints":{"allow":["GET"]}}],"collection":[{"href":"https:\/\/cp-prod-wordpress.alfa.sx\/de\/wp-json\/wp\/v2\/pages"}],"about":[{"href":"https:\/\/cp-prod-wordpress.alfa.sx\/de\/wp-json\/wp\/v2\/types\/page"}],"author":[{"embeddable":true,"href":"https:\/\/cp-prod-wordpress.alfa.sx\/de\/wp-json\/wp\/v2\/users\/5"}],"replies":[{"embeddable":true,"href":"https:\/\/cp-prod-wordpress.alfa.sx\/de\/wp-json\/wp\/v2\/comments?post=2751"}],"version-history":[{"count":7,"href":"https:\/\/cp-prod-wordpress.alfa.sx\/de\/wp-json\/wp\/v2\/pages\/2751\/revisions"}],"predecessor-version":[{"id":2752,"href":"https:\/\/cp-prod-wordpress.alfa.sx\/de\/wp-json\/wp\/v2\/pages\/2751\/revisions\/2752"}],"up":[{"embeddable":true,"href":"https:\/\/cp-prod-wordpress.alfa.sx\/de\/wp-json\/wp\/v2\/pages\/933"}],"wp:attachment":[{"href":"https:\/\/cp-prod-wordpress.alfa.sx\/de\/wp-json\/wp\/v2\/media?parent=2751"}],"curies":[{"name":"wp","href":"https:\/\/api.w.org\/{rel}","templated":true}]}}