{"id":281,"date":"2023-10-11T10:07:02","date_gmt":"2023-10-11T10:07:02","guid":{"rendered":"https:\/\/strange-sammet.82-165-59-152.plesk.page\/?page_id=281"},"modified":"2025-04-23T06:33:48","modified_gmt":"2025-04-23T06:33:48","slug":"installation-mac","status":"publish","type":"page","link":"https:\/\/cp-prod-wordpress.alfa.sx\/de\/first-steps\/your-start-in-alfaview\/installation-mac\/","title":{"rendered":"Download und Installation f\u00fcr Mac"},"content":{"rendered":"\n<p>Wenn Sie Ihre alfaview-App aktualisieren m\u00f6chten, finden Sie weitere Informationen auf der Seite <a href=\"https:\/\/cp-prod-wordpress.alfa.sx\/de\/first-steps\/getting-started\/updates\/\">Updates<\/a>.<\/p>\n\n\n\n<div class=\"wp-block-alfaview-callout\">\n<p>Bitte beachten Sie die <a href=\"\/de\/first-steps\/getting-started\/system-and-network-requirements\/\">System- und Netzwerkanforderungen<\/a>.<\/p>\n<\/div>\n\n\n<div class=\"wp-block-image\">\n<figure class=\"alignright size-full is-resized\"><a href=\"https:\/\/cp-prod-wordpress.alfa.sx\/wp-content\/uploads\/2025\/01\/mac_installation_de.png\"><img loading=\"lazy\" decoding=\"async\" width=\"1524\" height=\"1002\" src=\"https:\/\/cp-prod-wordpress.alfa.sx\/wp-content\/uploads\/2025\/01\/mac_installation_de.png\" alt=\"Ein Screenshot des Installationsfensters\" class=\"wp-image-5315\" style=\"width:250px;height:undefinedpx\" srcset=\"https:\/\/cp-prod-wordpress.alfa.sx\/wp-content\/uploads\/2025\/01\/mac_installation_de.png 1524w, https:\/\/cp-prod-wordpress.alfa.sx\/wp-content\/uploads\/2025\/01\/mac_installation_de-300x197.png 300w, https:\/\/cp-prod-wordpress.alfa.sx\/wp-content\/uploads\/2025\/01\/mac_installation_de-1024x673.png 1024w, https:\/\/cp-prod-wordpress.alfa.sx\/wp-content\/uploads\/2025\/01\/mac_installation_de-768x505.png 768w\" sizes=\"auto, (max-width: 1524px) 100vw, 1524px\" \/><\/a><figcaption class=\"wp-element-caption\">Installation auf Ihrem macOS-Ger\u00e4t<\/figcaption><\/figure>\n<\/div>\n\n\n<ul class=\"wp-block-list\">\n<li>Laden Sie alfaview auf der <a href=\"https:\/\/alfaview.com\/de\/download\/\">Downloadseite<\/a> herunter. Klicken Sie daf\u00fcr auf die blaue Schaltfl\u00e4che <button class=\"av-button--primary av-button\" disabled=\"\" style=\"cursor: unset\">Download<\/button> unterhalb des Apple-Logos. Der Download beginnt automatisch.<\/li>\n\n\n\n<li>\u00d6ffnen Sie die Downloadliste mit einem Klick auf das Symbol <i class=\"bi bi-arrow-down-circle\"><\/i> <strong>Download<\/strong>. Warten Sie, bis der blaue Fortschrittsbalken abgeschlossen ist. \u00d6ffnen Sie die heruntergeladene Datei <strong>alfaview-mac-production<\/strong> mit einem Doppelklick in der Liste.<br>Alternativ k\u00f6nnen Sie die heruntergeladene Datei \u00fcber die Downloadliste in Ihrem Dock \u00f6ffnen. Klicken Sie dort auf <strong>alfaview-mac-production<\/strong>.<\/li>\n\n\n\n<li>Es \u00f6ffnet sich ein Fenster, das Sie durch den Installationsprozess f\u00fchrt. Folgen Sie den Anweisungen, um die Installation durchzuf\u00fchren.<\/li>\n\n\n\n<li>alfaview ist jetzt installiert und kann verwendet werden.<\/li>\n<\/ul>\n","protected":false},"excerpt":{"rendered":"<p>Wenn Sie Ihre alfaview-App aktualisieren m\u00f6chten, finden Sie weitere Informationen auf der Seite Updates. Bitte beachten Sie die System- und Netzwerkanforderungen. Laden Sie alfaview auf der Downloadseite herunter. Klicken Sie daf\u00fcr auf die blaue Schaltfl\u00e4che [&hellip;]<\/p>\n","protected":false},"author":6,"featured_media":0,"parent":239,"menu_order":10,"comment_status":"closed","ping_status":"closed","template":"","meta":{"footnotes":""},"class_list":["post-281","page","type-page","status-publish","hentry"],"_links":{"self":[{"href":"https:\/\/cp-prod-wordpress.alfa.sx\/de\/wp-json\/wp\/v2\/pages\/281","targetHints":{"allow":["GET"]}}],"collection":[{"href":"https:\/\/cp-prod-wordpress.alfa.sx\/de\/wp-json\/wp\/v2\/pages"}],"about":[{"href":"https:\/\/cp-prod-wordpress.alfa.sx\/de\/wp-json\/wp\/v2\/types\/page"}],"author":[{"embeddable":true,"href":"https:\/\/cp-prod-wordpress.alfa.sx\/de\/wp-json\/wp\/v2\/users\/6"}],"replies":[{"embeddable":true,"href":"https:\/\/cp-prod-wordpress.alfa.sx\/de\/wp-json\/wp\/v2\/comments?post=281"}],"version-history":[{"count":16,"href":"https:\/\/cp-prod-wordpress.alfa.sx\/de\/wp-json\/wp\/v2\/pages\/281\/revisions"}],"predecessor-version":[{"id":282,"href":"https:\/\/cp-prod-wordpress.alfa.sx\/de\/wp-json\/wp\/v2\/pages\/281\/revisions\/282"}],"up":[{"embeddable":true,"href":"https:\/\/cp-prod-wordpress.alfa.sx\/de\/wp-json\/wp\/v2\/pages\/239"}],"wp:attachment":[{"href":"https:\/\/cp-prod-wordpress.alfa.sx\/de\/wp-json\/wp\/v2\/media?parent=281"}],"curies":[{"name":"wp","href":"https:\/\/api.w.org\/{rel}","templated":true}]}}