{"id":328,"date":"2023-10-12T07:58:07","date_gmt":"2023-10-12T07:58:07","guid":{"rendered":"https:\/\/strange-sammet.82-165-59-152.plesk.page\/?page_id=328"},"modified":"2025-06-10T11:51:36","modified_gmt":"2025-06-10T11:51:36","slug":"webclient","status":"publish","type":"page","link":"https:\/\/cp-prod-wordpress.alfa.sx\/de\/miscellaneous\/webclient\/","title":{"rendered":"Webclient von alfaview"},"content":{"rendered":"\n<p>Mit dem Webclient k\u00f6nnen Sie alfaview auch ohne Installation nutzen, wenn die Raumadministration diese Funktion erlaubt hat. Derzeit werden die Browser <strong>Google Chrome<\/strong>, <strong>Microsoft Edge<\/strong> und <strong>Firefox<\/strong> unterst\u00fctzt.<\/p>\n\n\n\n<ul class=\"wp-block-list\">\n<li><a href=\"\/de\/first-steps\/getting-started\/webclient\/#beitritt-mit-einem-einladungslink\">Beitritt mit einem Einladungslink<\/a><\/li>\n\n\n\n<li><a href=\"\/de\/first-steps\/getting-started\/webclient\/#verwendung-mit-benutzerkonto\">Verwendung mit Benutzerkonto<\/a><\/li>\n\n\n\n<li><a href=\"\/de\/first-steps\/getting-started\/webclient\/#kamera-mikrofon-und-bildschirmuebertragung-freigeben-bei-google-chrome-und-microsoft-edge\">Kamera, Mikrofon und Bildschirm\u00fcbertragung freigeben bei Google Chrome und Microsoft Edge<\/a><\/li>\n\n\n\n<li><a href=\"\/de\/first-steps\/getting-started\/webclient\/#kamera-mikrofon-und-bedienungshilfen-freigeben-unter-macos\">Kamera, Mikrofon und Bedienungshilfen freigeben unter macOS<\/a><\/li>\n<\/ul>\n\n\n\n<div class=\"wp-block-alfaview-callout\">\n<p>Auf mobilen Endger\u00e4ten wird der Webclient nicht unterst\u00fctzt. <a href=\"\/de\/first-steps\/getting-started\/installation-linux-mobile\/\">Installieren Sie die App<\/a> im App Store oder Play Store, um alfaview auf Ihrem mobilen Endger\u00e4t zu verwenden.<\/p>\n<\/div>\n\n\n\n<h2 class=\"wp-block-heading\" class=\"wp-block-heading\" id=\"beitritt-mit-einem-einladungslink\">Beitritt mit einem Einladungslink<a href=\"https:\/\/cp-prod-wordpress.alfa.sx\/de\/first-steps\/getting-started\/webclient\/#beitritt-\u00fcber-einen-gast--bzw-gruppenlink\"><\/a><a href=\"#beitritt-mit-einem-einladungslink\" class=\"av-heading-anchor\"><i class=\"bi bi-link\"><\/i><\/a><\/h2>\n\n\n<div class=\"wp-block-image\">\n<figure class=\"alignright size-full is-resized\"><a href=\"https:\/\/cp-prod-wordpress.alfa.sx\/wp-content\/uploads\/2024\/03\/join-room-as-guest-de.png\"><img loading=\"lazy\" decoding=\"async\" width=\"850\" height=\"471\" src=\"https:\/\/cp-prod-wordpress.alfa.sx\/wp-content\/uploads\/2024\/03\/join-room-as-guest-de.png\" alt=\"Screenshot des Raum betreten Fensters von alfaview im Webbrowser\" class=\"wp-image-3061\" style=\"width:250px;height:undefinedpx\" srcset=\"https:\/\/cp-prod-wordpress.alfa.sx\/wp-content\/uploads\/2024\/03\/join-room-as-guest-de.png 850w, https:\/\/cp-prod-wordpress.alfa.sx\/wp-content\/uploads\/2024\/03\/join-room-as-guest-de-300x166.png 300w, https:\/\/cp-prod-wordpress.alfa.sx\/wp-content\/uploads\/2024\/03\/join-room-as-guest-de-768x426.png 768w\" sizes=\"auto, (max-width: 850px) 100vw, 850px\" \/><\/a><figcaption class=\"wp-element-caption\">alfaview-Raum als Gast betreten<\/figcaption><\/figure>\n<\/div>\n\n\n<ul class=\"wp-block-list\">\n<li>Klicken Sie auf den Einladungslink, der Ihnen zugesendet wurde. Alternativ k\u00f6nnen Sie den vollst\u00e4ndigen Link kopieren und in die Adresszeile Ihres Internetbrowsers einf\u00fcgen.<\/li>\n\n\n\n<li>Geben Sie Ihren Namen in das Eingabefeld ein, falls dieser noch nicht hinterlegt ist.<\/li>\n\n\n\n<li>Klicken Sie auf die Schaltfl\u00e4che <button class=\"av-button av-button--default\">Mit Browser betreten<\/button> .<\/li>\n\n\n\n<li>Akzeptieren Sie die Nutzungsrichtlinien und Datenschutzerkl\u00e4rung.<\/li>\n\n\n\n<li>Klicken Sie anschlie\u00dfend auf die Schaltfl\u00e4che <button class=\"av-button av-button--primary\">Betreten<\/button>. Sie werden nun zum ausgew\u00e4hlten alfaview-Raum weitergeleitet.<\/li>\n<\/ul>\n\n\n\n<div class=\"wp-block-alfaview-callout\">\n<p><strong><strong><strong><strong>Beachten Sie beim ersten Start des Webclients bitte folgende Hinweise:<\/strong><\/strong><\/strong><\/strong><\/p>\n\n\n\n<ul class=\"wp-block-list\">\n<li>Erteilen Sie Ihrem Internetbrowser die n\u00f6tigen Berechtigungen, damit alfaview auf Ihre Kamera und Ihr Mikrofon zugreifen kann.<\/li>\n\n\n\n<li>F\u00fcr eine Bildschirm\u00fcbertragung auf einem Apple macOS-Ger\u00e4t m\u00fcssen zus\u00e4tzliche Berechtigungen erteilt werden. Sie finden weitere Informationen und eine Anleitung zur Berechtigungsfreigabe auf der Seite <a href=\"\/de\/?page_id=1727\">Hinweise zum Webclient von alfaview<\/a>.<\/li>\n<\/ul>\n<\/div>\n\n\n\n<h2 class=\"wp-block-heading\" class=\"wp-block-heading\" id=\"verwendung-mit-benutzerkonto\">Verwendung mit Benutzerkonto<a href=\"https:\/\/cp-prod-wordpress.alfa.sx\/de\/first-steps\/getting-started\/webclient\/#verwendung-mit-benutzerkonto\"><\/a><a href=\"#verwendung-mit-benutzerkonto\" class=\"av-heading-anchor\"><i class=\"bi bi-link\"><\/i><\/a><\/h2>\n\n\n<div class=\"wp-block-image\">\n<figure class=\"alignright size-large is-resized\"><a href=\"https:\/\/cp-prod-wordpress.alfa.sx\/wp-content\/uploads\/2023\/10\/login-web-1-1024x499.png\"><img loading=\"lazy\" decoding=\"async\" width=\"1024\" height=\"499\" src=\"https:\/\/cp-prod-wordpress.alfa.sx\/wp-content\/uploads\/2023\/10\/login-web-1-1024x499.png\" alt=\"Screenshot der Startseite des Webclients mit Anmeldeabfrage\" class=\"wp-image-335\" style=\"width:250px;height:undefinedpx\" srcset=\"https:\/\/cp-prod-wordpress.alfa.sx\/wp-content\/uploads\/2023\/10\/login-web-1-1024x499.png 1024w, https:\/\/cp-prod-wordpress.alfa.sx\/wp-content\/uploads\/2023\/10\/login-web-1-300x146.png 300w, https:\/\/cp-prod-wordpress.alfa.sx\/wp-content\/uploads\/2023\/10\/login-web-1-768x374.png 768w, https:\/\/cp-prod-wordpress.alfa.sx\/wp-content\/uploads\/2023\/10\/login-web-1-1536x748.png 1536w, https:\/\/cp-prod-wordpress.alfa.sx\/wp-content\/uploads\/2023\/10\/login-web-1.png 1920w\" sizes=\"auto, (max-width: 1024px) 100vw, 1024px\" \/><\/a><figcaption class=\"wp-element-caption\">Anmeldebildschirm<\/figcaption><\/figure>\n<\/div>\n\n\n<ul class=\"wp-block-list\">\n<li>Melden Sie sich mit Ihrer E-Mailadresse und Ihrem Passwort auf der Startseite des <a href=\"https:\/\/webclient.alfaview.com\/\">Webclients<\/a> an.<\/li>\n\n\n\n<li>Es erscheint nun die Startseite mit Raum- und Meetingliste. Hier sehen Sie alle alfaview-R\u00e4ume, die Sie betreten k\u00f6nnen, sowie die von Ihnen erstellten Meetings.<\/li>\n\n\n\n<li>Um einen alfaview-Raum oder Meetingraum zu betreten, klicken Sie bitte auf die Schaltfl\u00e4che <button class=\"av-button--primary av-button\">Betreten<\/button> hinter dem Raum- oder Meetingnamen.<\/li>\n<\/ul>\n\n\n\n<div style=\"height:1px\" aria-hidden=\"true\" class=\"wp-block-spacer\"><\/div>\n\n\n\n<div class=\"wp-block-alfaview-callout\">\n<p>Alternativ k\u00f6nnen Sie sich auch auf der Verwaltungsseite anmelden. Klicken Sie hier auf der Startseite auf die graue Schaltfl\u00e4che <button class=\"av-button av-button--default\">Mit Browser betreten<\/button>, um zur Raum- und Meetingliste des Webclients zu gelangen.<\/p>\n<\/div>\n\n\n\n<div class=\"wp-block-columns is-not-stacked-on-mobile is-layout-flex wp-container-core-columns-is-layout-9d6595d7 wp-block-columns-is-layout-flex\">\n<div class=\"wp-block-column is-layout-flow wp-block-column-is-layout-flow\">\n<h2 class=\"wp-block-heading\" class=\"wp-block-heading\" id=\"kamera-mikrofon-und-bildschirmuebertragung-freigeben-bei-google-chrome-und-microsoft-edge\">Kamera, Mikrofon und Bildschirm\u00fcbertragung freigeben bei Google Chrome und Microsoft Edge<a href=\"#kamera-mikrofon-und-bildschirmuebertragung-freigeben-bei-google-chrome-und-microsoft-edge\" class=\"av-heading-anchor\"><i class=\"bi bi-link\"><\/i><\/a><\/h2>\n\n\n\n<p>Beim ersten Start des Webclients wird Ihr Browser den Zugriff auf die Kamera und das Mikrofon anfragen. Bitte best\u00e4tigen Sie diese Anfrage, um alle Funktionen von alfaview nutzen zu k\u00f6nnen.<\/p>\n\n\n\n<p>Bei den Internetbrowsern Google Chrome und Microsoft Edge sind keine zus\u00e4tzliche Berechtigungen n\u00f6tig, um eine Bildschirm\u00fcbertragung zu starten.<\/p>\n<\/div>\n\n\n\n<div class=\"wp-block-column is-layout-flow wp-block-column-is-layout-flow\" style=\"flex-basis:250px\">\n<div style=\"height:70px\" aria-hidden=\"true\" class=\"wp-block-spacer\"><\/div>\n\n\n\n<figure class=\"wp-block-image size-large\"><a href=\"https:\/\/cp-prod-wordpress.alfa.sx\/wp-content\/uploads\/2023\/11\/browser-web-access-de.png\"><img loading=\"lazy\" decoding=\"async\" width=\"1024\" height=\"555\" src=\"https:\/\/cp-prod-wordpress.alfa.sx\/wp-content\/uploads\/2023\/11\/browser-web-access-de-1024x555.png\" alt=\"Screenshot eines Webbrowsers, in dem alfaview l\u00e4uft und der um Freigabe des Mikrofons und der Bildschirm\u00fcbertragung bittet\" class=\"wp-image-1719\" srcset=\"https:\/\/cp-prod-wordpress.alfa.sx\/wp-content\/uploads\/2023\/11\/browser-web-access-de-1024x555.png 1024w, https:\/\/cp-prod-wordpress.alfa.sx\/wp-content\/uploads\/2023\/11\/browser-web-access-de-300x163.png 300w, https:\/\/cp-prod-wordpress.alfa.sx\/wp-content\/uploads\/2023\/11\/browser-web-access-de-768x416.png 768w, https:\/\/cp-prod-wordpress.alfa.sx\/wp-content\/uploads\/2023\/11\/browser-web-access-de-1536x832.png 1536w, https:\/\/cp-prod-wordpress.alfa.sx\/wp-content\/uploads\/2023\/11\/browser-web-access-de.png 1920w\" sizes=\"auto, (max-width: 1024px) 100vw, 1024px\" \/><\/a><figcaption class=\"wp-element-caption\">Browserberechtigung f\u00fcr Kamera und Mikrofon<\/figcaption><\/figure>\n<\/div>\n<\/div>\n\n\n\n<div class=\"wp-block-columns is-not-stacked-on-mobile is-layout-flex wp-container-core-columns-is-layout-9d6595d7 wp-block-columns-is-layout-flex\">\n<div class=\"wp-block-column is-layout-flow wp-block-column-is-layout-flow\">\n<h2 class=\"wp-block-heading\" class=\"wp-block-heading\" id=\"kamera-mikrofon-und-bedienungshilfen-freigeben-unter-macos\">Kamera, Mikrofon und Bedienungshilfen freigeben unter macOS<a href=\"#kamera-mikrofon-und-bedienungshilfen-freigeben-unter-macos\" class=\"av-heading-anchor\"><i class=\"bi bi-link\"><\/i><\/a><\/h2>\n\n\n\n<p>Beim ersten Start des Webclients von alfaview unter macOS 10.14 (Mojave) erscheint eine Aufforderung, den Zugriff auf Kamera und Mikrofon freizugeben. Die Freigabe wird ben\u00f6tigt, um das Kamerabild und den Ton zu den anderen Teilnehmer:innen zu \u00fcbertragen.<\/p>\n\n\n\n<p>Diese Freigaben k\u00f6nnen jederzeit widerrufen werden:<\/p>\n\n\n\n<ul class=\"wp-block-list\">\n<li>Dazu in den Systemeinstellungen auf Sicherheit und dann Datenschutz klicken.<\/li>\n\n\n\n<li>Dann entweder auf Kamera oder Mikrofon klicken.<\/li>\n\n\n\n<li>Um den Zugriff auf Kamera oder Mikrofon zu verhindern, muss das Feld neben dem Symbol Ihres pr\u00e4ferierten Browsers deaktiviert werden.<\/li>\n\n\n\n<li>Wird der Zugriff verhindert, erfolgt die Aufforderung den Zugriff wieder zu gestatten erneut, sobald alfaview versucht, die Kamera oder das Mikrofon zu verwenden.<\/li>\n\n\n\n<li>Die Freigabe der Bedienungshilfen wird ben\u00f6tigt, falls die Funktion Push-To-Talk (PTT) verwendet wird. Genau wie die Freigabe f\u00fcr Mikrofon und Kamera kann diese ebenfalls widerrufen werden.<\/li>\n<\/ul>\n<\/div>\n\n\n\n<div class=\"wp-block-column is-layout-flow wp-block-column-is-layout-flow\" style=\"flex-basis:250px\">\n<div style=\"height:70px\" aria-hidden=\"true\" class=\"wp-block-spacer\"><\/div>\n\n\n\n<figure class=\"wp-block-image size-large\"><a href=\"https:\/\/cp-prod-wordpress.alfa.sx\/wp-content\/uploads\/2023\/11\/mac-web-camera-de.png\"><img loading=\"lazy\" decoding=\"async\" width=\"1024\" height=\"787\" src=\"https:\/\/cp-prod-wordpress.alfa.sx\/wp-content\/uploads\/2023\/11\/mac-web-camera-de-1024x787.png\" alt=\"Screenshot der macOS-Einstellungen, um die Kamera freizugeben\" class=\"wp-image-1721\" srcset=\"https:\/\/cp-prod-wordpress.alfa.sx\/wp-content\/uploads\/2023\/11\/mac-web-camera-de-1024x787.png 1024w, https:\/\/cp-prod-wordpress.alfa.sx\/wp-content\/uploads\/2023\/11\/mac-web-camera-de-300x231.png 300w, https:\/\/cp-prod-wordpress.alfa.sx\/wp-content\/uploads\/2023\/11\/mac-web-camera-de-768x590.png 768w, https:\/\/cp-prod-wordpress.alfa.sx\/wp-content\/uploads\/2023\/11\/mac-web-camera-de.png 1522w\" sizes=\"auto, (max-width: 1024px) 100vw, 1024px\" \/><\/a><figcaption class=\"wp-element-caption\">Kamerazugriff freigeben unter macOS<\/figcaption><\/figure>\n\n\n\n<figure class=\"wp-block-image size-large\"><a href=\"https:\/\/cp-prod-wordpress.alfa.sx\/wp-content\/uploads\/2023\/11\/mac-web-screen-de.png\"><img loading=\"lazy\" decoding=\"async\" width=\"1024\" height=\"818\" src=\"https:\/\/cp-prod-wordpress.alfa.sx\/wp-content\/uploads\/2023\/11\/mac-web-screen-de-1024x818.png\" alt=\"Screenshot der macOS-Einstellungen, um die Bildschirm\u00fcbertragung freizugeben\" class=\"wp-image-1723\" srcset=\"https:\/\/cp-prod-wordpress.alfa.sx\/wp-content\/uploads\/2023\/11\/mac-web-screen-de-1024x818.png 1024w, https:\/\/cp-prod-wordpress.alfa.sx\/wp-content\/uploads\/2023\/11\/mac-web-screen-de-300x240.png 300w, https:\/\/cp-prod-wordpress.alfa.sx\/wp-content\/uploads\/2023\/11\/mac-web-screen-de-768x614.png 768w, https:\/\/cp-prod-wordpress.alfa.sx\/wp-content\/uploads\/2023\/11\/mac-web-screen-de-1536x1227.png 1536w, https:\/\/cp-prod-wordpress.alfa.sx\/wp-content\/uploads\/2023\/11\/mac-web-screen-de.png 1750w\" sizes=\"auto, (max-width: 1024px) 100vw, 1024px\" \/><\/a><figcaption class=\"wp-element-caption\">Systemeinstellungen zur Bildschirmfreigabe unter macOS<\/figcaption><\/figure>\n<\/div>\n<\/div>\n","protected":false},"excerpt":{"rendered":"<p>Betreten Sie alfaview-R\u00e4ume, ohne die App zu installieren.<br \/>\nDiese Funktion muss von Raumadministrator:innen freigeschaltet werden.<\/p>\n","protected":false},"author":2,"featured_media":0,"parent":1612,"menu_order":5,"comment_status":"closed","ping_status":"closed","template":"","meta":{"footnotes":""},"class_list":["post-328","page","type-page","status-publish","hentry"],"_links":{"self":[{"href":"https:\/\/cp-prod-wordpress.alfa.sx\/de\/wp-json\/wp\/v2\/pages\/328","targetHints":{"allow":["GET"]}}],"collection":[{"href":"https:\/\/cp-prod-wordpress.alfa.sx\/de\/wp-json\/wp\/v2\/pages"}],"about":[{"href":"https:\/\/cp-prod-wordpress.alfa.sx\/de\/wp-json\/wp\/v2\/types\/page"}],"author":[{"embeddable":true,"href":"https:\/\/cp-prod-wordpress.alfa.sx\/de\/wp-json\/wp\/v2\/users\/2"}],"replies":[{"embeddable":true,"href":"https:\/\/cp-prod-wordpress.alfa.sx\/de\/wp-json\/wp\/v2\/comments?post=328"}],"version-history":[{"count":30,"href":"https:\/\/cp-prod-wordpress.alfa.sx\/de\/wp-json\/wp\/v2\/pages\/328\/revisions"}],"predecessor-version":[{"id":329,"href":"https:\/\/cp-prod-wordpress.alfa.sx\/de\/wp-json\/wp\/v2\/pages\/328\/revisions\/329"}],"up":[{"embeddable":true,"href":"https:\/\/cp-prod-wordpress.alfa.sx\/de\/wp-json\/wp\/v2\/pages\/1612"}],"wp:attachment":[{"href":"https:\/\/cp-prod-wordpress.alfa.sx\/de\/wp-json\/wp\/v2\/media?parent=328"}],"curies":[{"name":"wp","href":"https:\/\/api.w.org\/{rel}","templated":true}]}}