{"id":3485,"date":"2024-04-19T07:50:53","date_gmt":"2024-04-19T07:50:53","guid":{"rendered":"https:\/\/support.alfaview.com\/alfaview-app\/alfaview-room\/toolbox\/external-tool\/"},"modified":"2025-06-05T14:16:05","modified_gmt":"2025-06-05T14:16:05","slug":"external-tool","status":"publish","type":"page","link":"https:\/\/cp-prod-wordpress.alfa.sx\/de\/alfaview-app\/alfaview-room\/primary-and-secondary-controls\/toolbox\/external-tool\/","title":{"rendered":"Externes Tool"},"content":{"rendered":"\n<p>Als Moderator:in oder Raumadministrator:in k\u00f6nnen Sie in der Toolbox externe Webseiten oder Apps von Drittanbietern verlinken. Auf diese Links k\u00f6nnen alle Personen in einem alfaview-Raum zugreifen.<\/p>\n\n\n<div class=\"wp-block-image\">\n<figure class=\"alignright size-full is-resized\"><a href=\"https:\/\/cp-prod-wordpress.alfa.sx\/wp-content\/uploads\/2024\/04\/tool-manager-de.png\"><img loading=\"lazy\" decoding=\"async\" width=\"256\" height=\"208\" src=\"https:\/\/cp-prod-wordpress.alfa.sx\/wp-content\/uploads\/2024\/04\/tool-manager-de.png\" alt=\"Screenshot der Auswahlliste der unterschiedlichen Tool-Manager\" class=\"wp-image-3473\" style=\"width:250px\"\/><\/a><figcaption class=\"wp-element-caption\">Tool-Manager<\/figcaption><\/figure>\n<\/div>\n\n\n<h2 class=\"wp-block-heading\" class=\"wp-block-heading\" id=\"tool-manager-oeffnen\">Tool-Manager \u00f6ffnen<a href=\"#tool-manager-oeffnen\" class=\"av-heading-anchor\"><i class=\"bi bi-link\"><\/i><\/a><\/h2>\n\n\n\n<ul class=\"wp-block-list\">\n<li>\u00d6ffnen Sie die Toolbox im Funktionsmen\u00fc, indem Sie auf das Symbol <img loading=\"lazy\" decoding=\"async\" width=\"20\" height=\"20\" class=\"wp-image-4183\" style=\"width: 20px;\" src=\"https:\/\/cp-prod-wordpress.alfa.sx\/wp-content\/uploads\/2024\/06\/toolbox-icon.png\" alt=\"Toolbox Symbol\"> <strong>Toolbox <\/strong>klicken.<\/li>\n\n\n\n<li>Klicken Sie auf die Schaltfl\u00e4che <button class=\"av-button av-button--primary\">Tool-Manager<\/button>.<\/li>\n\n\n\n<li>W\u00e4hlen Sie anschlie\u00dfend die Schaltfl\u00e4che <strong>Externes Tool<\/strong> und klicken Sie darauf. Sie werden nun zum Tool-Manager in Ihrem Internetbrowser weitergeleitet.<\/li>\n<\/ul>\n\n\n\n<h2 class=\"wp-block-heading\" class=\"wp-block-heading\" id=\"externes-tool-erstellen\">Externes Tool erstellen<a href=\"#externes-tool-erstellen\" class=\"av-heading-anchor\"><i class=\"bi bi-link\"><\/i><\/a><\/h2>\n\n\n<div class=\"wp-block-image\">\n<figure class=\"alignright size-full is-resized\"><a href=\"https:\/\/cp-prod-wordpress.alfa.sx\/wp-content\/uploads\/2024\/04\/toolbox-create-link-de.png\"><img loading=\"lazy\" decoding=\"async\" width=\"735\" height=\"375\" src=\"https:\/\/cp-prod-wordpress.alfa.sx\/wp-content\/uploads\/2024\/04\/toolbox-create-link-de.png\" alt=\"Screenshot des Fensters zur Erstellung eines externen Tools\" class=\"wp-image-3477\" style=\"width:250px\" srcset=\"https:\/\/cp-prod-wordpress.alfa.sx\/wp-content\/uploads\/2024\/04\/toolbox-create-link-de.png 735w, https:\/\/cp-prod-wordpress.alfa.sx\/wp-content\/uploads\/2024\/04\/toolbox-create-link-de-300x153.png 300w\" sizes=\"auto, (max-width: 735px) 100vw, 735px\" \/><\/a><figcaption class=\"wp-element-caption\">Externes Tool erstellen<\/figcaption><\/figure>\n<\/div>\n\n\n<ul class=\"wp-block-list\">\n<li>Klicken Sie im Tool-Manager auf die Schaltfl\u00e4che <button class=\"av-button av-button--primary\">Erstellen<\/button>.<\/li>\n\n\n\n<li>Geben Sie nun die folgenden Informationen ein:\n<ul class=\"wp-block-list\">\n<li><strong>Linktitel<\/strong>: Geben Sie einen Titel f\u00fcr Ihren Link ein.<\/li>\n\n\n\n<li><strong>Details:<\/strong> F\u00fcgen Sie eine kurze Beschreibung f\u00fcr Ihren Link hinzu, damit die Teilnehmenden weitere Informationen zu diesem Link erhalten. Diese Eingabe ist <strong>optional<\/strong>.<\/li>\n\n\n\n<li><strong>Adresse:<\/strong> Geben Sie die Webadresse (URL) Ihres Links hier ein. Achten Sie darauf, dass die eingegebene Adresse ein g\u00fcltiger HTTP\/S-Link sein muss.<\/li>\n<\/ul>\n<\/li>\n\n\n\n<li>Sobald Sie auf die Schaltfl\u00e4che <button class=\"av-button av-button--primary\">Erstellen<\/button> klicken, k\u00f6nnen alle Teilnehmenden im alfaview-Raum in der Toolbox auf den Link zugreifen.<\/li>\n<\/ul>\n\n\n\n<h2 class=\"wp-block-heading\" class=\"wp-block-heading\" id=\"externes-tool-bearbeiten\">Externes Tool bearbeiten<a href=\"#externes-tool-bearbeiten\" class=\"av-heading-anchor\"><i class=\"bi bi-link\"><\/i><\/a><\/h2>\n\n\n<div class=\"wp-block-image\">\n<figure class=\"alignright size-full is-resized\"><a href=\"https:\/\/cp-prod-wordpress.alfa.sx\/wp-content\/uploads\/2024\/04\/toolbox-edit-link-de-1.png\"><img loading=\"lazy\" decoding=\"async\" width=\"741\" height=\"373\" src=\"https:\/\/cp-prod-wordpress.alfa.sx\/wp-content\/uploads\/2024\/04\/toolbox-edit-link-de-1.png\" alt=\"Fenster zur Aktualisierung eines externen Tools\" class=\"wp-image-3479\" style=\"width:250px\" srcset=\"https:\/\/cp-prod-wordpress.alfa.sx\/wp-content\/uploads\/2024\/04\/toolbox-edit-link-de-1.png 741w, https:\/\/cp-prod-wordpress.alfa.sx\/wp-content\/uploads\/2024\/04\/toolbox-edit-link-de-1-300x151.png 300w\" sizes=\"auto, (max-width: 741px) 100vw, 741px\" \/><\/a><figcaption class=\"wp-element-caption\">Externes Tool aktualisieren<\/figcaption><\/figure>\n<\/div>\n\n\n<ul class=\"wp-block-list\">\n<li>Klicken Sie in der Toolbox in der alfaview-App auf das Kontextmen\u00fc <img loading=\"lazy\" decoding=\"async\" width=\"20\" height=\"20\" class=\"wp-image-2121\" style=\"width: 20px;\" src=\"https:\/\/cp-prod-wordpress.alfa.sx\/wp-content\/uploads\/2023\/12\/dots.png\" alt=\"Kontextmen\u00fc Toolbox Symbol\"> des Links, den Sie bearbeiten m\u00f6chten.<\/li>\n\n\n\n<li>Klicken Sie im Men\u00fc auf <img loading=\"lazy\" decoding=\"async\" width=\"20\" height=\"20\" class=\"wp-image-2142\" style=\"width: 20px;\" src=\"https:\/\/cp-prod-wordpress.alfa.sx\/wp-content\/uploads\/2023\/12\/edit-grey.png\" alt=\"Bearbeiten Symbol\" srcset=\"https:\/\/cp-prod-wordpress.alfa.sx\/wp-content\/uploads\/2023\/12\/edit-grey.png 256w, https:\/\/cp-prod-wordpress.alfa.sx\/wp-content\/uploads\/2023\/12\/edit-grey-150x150.png 150w\" sizes=\"auto, (max-width: 20px) 100vw, 20px\" \/> <strong>Bearbeiten<\/strong>. Sie werden nun zum Tool-Manager weitergeleitet. Wenn Sie den Tool-Manager bereits ge\u00f6ffnet haben, k\u00f6nnen Sie den zu bearbeitenden Link direkt aus der Liste aller Links w\u00e4hlen. Klicken Sie dann auf das Symbol <img loading=\"lazy\" decoding=\"async\" width=\"20\" height=\"20\" class=\"wp-image-2142\" style=\"width: 20px;\" src=\"https:\/\/cp-prod-wordpress.alfa.sx\/wp-content\/uploads\/2023\/12\/edit-grey.png\" alt=\"Bearbeiten Symbol\" srcset=\"https:\/\/cp-prod-wordpress.alfa.sx\/wp-content\/uploads\/2023\/12\/edit-grey.png 256w, https:\/\/cp-prod-wordpress.alfa.sx\/wp-content\/uploads\/2023\/12\/edit-grey-150x150.png 150w\" sizes=\"auto, (max-width: 20px) 100vw, 20px\" \/> <strong>Bearbeiten<\/strong>.<\/li>\n\n\n\n<li>Sie k\u00f6nnen nun den Linktitel, die Details sowie die Adresse \u00e4ndern. Best\u00e4tigen Sie die \u00c4nderungen mit einem Klick auf die Schaltfl\u00e4che <button class=\"av-button av-button--primary\">Speichern<\/button>.<\/li>\n<\/ul>\n\n\n\n<h2 class=\"wp-block-heading\" class=\"wp-block-heading\" id=\"externes-tool-loeschen\">Externes Tool l\u00f6schen<a href=\"#externes-tool-loeschen\" class=\"av-heading-anchor\"><i class=\"bi bi-link\"><\/i><\/a><\/h2>\n\n\n\n<div class=\"wp-block-alfaview-callout\">\n<p><strong>Hinweis<\/strong>: Das externe Tool wird sofort gel\u00f6scht, sobald Sie in der Toolbox in der alfaview-App auf <img loading=\"lazy\" decoding=\"async\" width=\"20\" height=\"20\" class=\"wp-image-2145\" style=\"width: 20px;\" src=\"https:\/\/cp-prod-wordpress.alfa.sx\/wp-content\/uploads\/2023\/12\/delete-red.png\" alt=\"L\u00f6schen Symbol\" srcset=\"https:\/\/cp-prod-wordpress.alfa.sx\/wp-content\/uploads\/2023\/12\/delete-red.png 256w, https:\/\/cp-prod-wordpress.alfa.sx\/wp-content\/uploads\/2023\/12\/delete-red-150x150.png 150w\" sizes=\"auto, (max-width: 20px) 100vw, 20px\" \/> <strong>L\u00f6schen <\/strong>klicken.<\/p>\n<\/div>\n\n\n\n<p><strong><strong>In der alfaview-App:<\/strong><\/strong><\/p>\n\n\n\n<ul class=\"wp-block-list\">\n<li>\u00d6ffnen Sie die Toolbox in der alfaview-App.<\/li>\n\n\n\n<li>Klicken Sie auf das Kontextmen\u00fc <img loading=\"lazy\" decoding=\"async\" width=\"20\" height=\"20\" class=\"wp-image-2121\" style=\"width: 20px;\" src=\"https:\/\/cp-prod-wordpress.alfa.sx\/wp-content\/uploads\/2023\/12\/dots.png\" alt=\"Kontextmen\u00fc Toolbox Symbol\"> des Links, den Sie l\u00f6schen m\u00f6chten.<\/li>\n\n\n\n<li>Klicken Sie im Men\u00fc dann auf die Schaltfl\u00e4che <img loading=\"lazy\" decoding=\"async\" width=\"20\" height=\"20\" class=\"wp-image-2144\" style=\"width: 20px;\" src=\"https:\/\/cp-prod-wordpress.alfa.sx\/wp-content\/uploads\/2023\/12\/delete-red.png\" alt=\"L\u00f6schen Symbol\" srcset=\"https:\/\/cp-prod-wordpress.alfa.sx\/wp-content\/uploads\/2023\/12\/delete-red.png 256w, https:\/\/cp-prod-wordpress.alfa.sx\/wp-content\/uploads\/2023\/12\/delete-red-150x150.png 150w\" sizes=\"auto, (max-width: 20px) 100vw, 20px\" \/><strong> L\u00f6schen<\/strong>. Das externe Tool wird sofort gel\u00f6scht.<\/li>\n<\/ul>\n\n\n\n<p><strong><strong>Im Tool-Manager:<\/strong><\/strong><\/p>\n\n\n\n<ul class=\"wp-block-list\">\n<li>\u00d6ffnen Sie den Tool-Manager des externen Tools \u00fcber die Toolbox.<\/li>\n\n\n\n<li>W\u00e4hlen Sie den Link, den Sie l\u00f6schen m\u00f6chten, aus der Liste aller Links aus.<\/li>\n\n\n\n<li>Klicken Sie dann auf das Symbol <img loading=\"lazy\" decoding=\"async\" width=\"20\" height=\"20\" class=\"wp-image-2144\" style=\"width: 20px;\" src=\"https:\/\/cp-prod-wordpress.alfa.sx\/wp-content\/uploads\/2023\/12\/delete-red.png\" alt=\"L\u00f6schen Symbol\" srcset=\"https:\/\/cp-prod-wordpress.alfa.sx\/wp-content\/uploads\/2023\/12\/delete-red.png 256w, https:\/\/cp-prod-wordpress.alfa.sx\/wp-content\/uploads\/2023\/12\/delete-red-150x150.png 150w\" sizes=\"auto, (max-width: 20px) 100vw, 20px\" \/><strong>L\u00f6schen<\/strong>.<\/li>\n\n\n\n<li>Best\u00e4tigen Sie die L\u00f6schung im neuen Fenster mit einem Klick auf die Schaltfl\u00e4che <button class=\"av-button av-button--error\">Ja<\/button>.<\/li>\n<\/ul>\n","protected":false},"excerpt":{"rendered":"<p>Als Moderator:in oder Raumadministrator:in k\u00f6nnen Sie in der Toolbox externe Webseiten oder Apps von Drittanbietern verlinken. Auf diese Links k\u00f6nnen alle Personen in einem alfaview-Raum zugreifen. Tool-Manager \u00f6ffnen \u00d6ffnen Sie die Toolbox im Funktionsmen\u00fc, indem [&hellip;]<\/p>\n","protected":false},"author":5,"featured_media":0,"parent":809,"menu_order":0,"comment_status":"closed","ping_status":"closed","template":"","meta":{"footnotes":""},"class_list":["post-3485","page","type-page","status-publish","hentry"],"_links":{"self":[{"href":"https:\/\/cp-prod-wordpress.alfa.sx\/de\/wp-json\/wp\/v2\/pages\/3485","targetHints":{"allow":["GET"]}}],"collection":[{"href":"https:\/\/cp-prod-wordpress.alfa.sx\/de\/wp-json\/wp\/v2\/pages"}],"about":[{"href":"https:\/\/cp-prod-wordpress.alfa.sx\/de\/wp-json\/wp\/v2\/types\/page"}],"author":[{"embeddable":true,"href":"https:\/\/cp-prod-wordpress.alfa.sx\/de\/wp-json\/wp\/v2\/users\/5"}],"replies":[{"embeddable":true,"href":"https:\/\/cp-prod-wordpress.alfa.sx\/de\/wp-json\/wp\/v2\/comments?post=3485"}],"version-history":[{"count":15,"href":"https:\/\/cp-prod-wordpress.alfa.sx\/de\/wp-json\/wp\/v2\/pages\/3485\/revisions"}],"predecessor-version":[{"id":3486,"href":"https:\/\/cp-prod-wordpress.alfa.sx\/de\/wp-json\/wp\/v2\/pages\/3485\/revisions\/3486"}],"up":[{"embeddable":true,"href":"https:\/\/cp-prod-wordpress.alfa.sx\/de\/wp-json\/wp\/v2\/pages\/809"}],"wp:attachment":[{"href":"https:\/\/cp-prod-wordpress.alfa.sx\/de\/wp-json\/wp\/v2\/media?parent=3485"}],"curies":[{"name":"wp","href":"https:\/\/api.w.org\/{rel}","templated":true}]}}