{"id":359,"date":"2023-10-12T08:34:34","date_gmt":"2023-10-12T08:34:34","guid":{"rendered":"https:\/\/strange-sammet.82-165-59-152.plesk.page\/?page_id=359"},"modified":"2025-06-05T10:58:27","modified_gmt":"2025-06-05T10:58:27","slug":"signup-and-login","status":"publish","type":"page","link":"https:\/\/cp-prod-wordpress.alfa.sx\/de\/first-steps\/your-start-in-alfaview\/signup-and-login\/","title":{"rendered":"Registrierung und Anmeldung"},"content":{"rendered":"\n<ul class=\"wp-block-list\">\n<li><a href=\"https:\/\/cp-prod-wordpress.alfa.sx\/de\/first-steps\/your-start-in-alfaview\/signup-and-login\/#alfaview-fuer-unternehmen-non-profit-und-bildung\">alfaview f\u00fcr Unternehmen, Non-Profit und Bildung<\/a><\/li>\n\n\n\n<li><a href=\"https:\/\/cp-prod-wordpress.alfa.sx\/de\/first-steps\/your-start-in-alfaview\/signup-and-login\/#alfaview-fuer-privatpersonen\">alfaview f\u00fcr Privatpersonen<\/a><a href=\"https:\/\/staging-cp-prod-wordpress.alfa.sx\/de\/first-steps\/getting-started\/signup-and-login\/#alfaview-fuer-privatpersonen\"><\/a><\/li>\n\n\n\n<li><a href=\"https:\/\/cp-prod-wordpress.alfa.sx\/de\/first-steps\/your-start-in-alfaview\/signup-and-login\/#anmeldung-als-benutzerin\">Anmeldung als Benutzer:in<\/a><a href=\"https:\/\/staging-cp-prod-wordpress.alfa.sx\/de\/first-steps\/getting-started\/signup-and-login\/#anmeldung-als-benutzer\"><\/a><a href=\"https:\/\/staging-cp-prod-wordpress.alfa.sx\/de\/first-steps\/getting-started\/signup-and-login\/#anmeldung-als-benutzerin\"><\/a><\/li>\n\n\n\n<li><a href=\"https:\/\/cp-prod-wordpress.alfa.sx\/de\/first-steps\/your-start-in-alfaview\/signup-and-login\/#anmeldung-mit-einladungslink\">Anmeldung mit Einladungslink<\/a><a href=\"https:\/\/staging-cp-prod-wordpress.alfa.sx\/de\/first-steps\/getting-started\/signup-and-login\/#anmeldung-als-gast\"><\/a><a href=\"https:\/\/staging-cp-prod-wordpress.alfa.sx\/de\/first-steps\/getting-started\/signup-and-login\/#anmeldung-mit-einladungslink\"><\/a><\/li>\n<\/ul>\n\n\n\n<h2 class=\"wp-block-heading\" class=\"wp-block-heading\" id=\"alfaview-fuer-unternehmen-non-profit-und-bildung\">alfaview f\u00fcr Unternehmen, Non-Profit und Bildung<a href=\"#alfaview-fuer-unternehmen-non-profit-und-bildung\" class=\"av-heading-anchor\"><i class=\"bi bi-link\"><\/i><\/a><\/h2>\n\n\n\n<p>Nutzen Sie alfaview im professionellen Umfeld, um gemeinsam zu arbeiten, zu lernen oder Meetings abzuhalten. Laden Sie dazu weitere Benutzer:innen sowie G\u00e4ste in Ihre alfaview-Company ein.<\/p>\n\n\n\n<h3 class=\"wp-block-heading\" class=\"wp-block-heading\" id=\"company-buchen\">Company buchen<a href=\"#company-buchen\" class=\"av-heading-anchor\"><i class=\"bi bi-link\"><\/i><\/a><\/h3>\n\n\n\n<p>Nutzen Sie den&nbsp;<a href=\"https:\/\/alfaview.com\/de\/pricing\/\">Tarifrechner<\/a>&nbsp;auf der alfaview-Webseite, um eine alfaview-Company zu buchen, die auf Ihre W\u00fcnsche und Anforderungen zugeschnitten ist.<\/p>\n\n\n\n<ul class=\"wp-block-list\">\n<li>Sobald Ihre Company vom alfaview-Team angelegt wurde, erhalten Sie eine E-Mail mit einem Link, \u00fcber den Sie ein Passwort f\u00fcr Ihr Benutzerkonto erstellen k\u00f6nnen.<\/li>\n\n\n\n<li>Melden Sie sich mit Ihrer E-Mail-Adresse und Ihrem Passwort in der alfaview-App, im Webclient sowie auf der alfaview-Verwaltungsoberfl\u00e4che an. Sie k\u00f6nnen nun weitere&nbsp;<a href=\"https:\/\/cp-prod-wordpress.alfa.sx\/de\/administration\/user-management\/invite-user\/\">Benutzer:innen anlegen<\/a>,&nbsp;<a href=\"https:\/\/cp-prod-wordpress.alfa.sx\/de\/administration\/room-management\/guest-link\/\">G\u00e4ste einladen<\/a>&nbsp;und Ihre&nbsp;<a href=\"https:\/\/cp-prod-wordpress.alfa.sx\/de\/administration\/room-management\/\">alfaview-R\u00e4ume konfigurieren<\/a>.<\/li>\n\n\n\n<li>Wenn Sie Ihren bestehenden Tarif \u00e4ndern m\u00f6chten, wenden Sie sich bitte an Ihren Kundenberater, Ihre Kundenberaterin oder das <a href=\"https:\/\/alfaview.com\/de\/contact\/\">alfaview-Team<\/a>.<\/li>\n<\/ul>\n\n\n\n<h3 class=\"wp-block-heading\" class=\"wp-block-heading\" id=\"alfaview-kostenlos-testen\">alfaview kostenlos testen<a href=\"#alfaview-kostenlos-testen\" class=\"av-heading-anchor\"><i class=\"bi bi-link\"><\/i><\/a><\/h3>\n\n\n\n<p>Mit dem&nbsp;<strong>Tarif Free 500 Special<\/strong>&nbsp;k\u00f6nnen Sie alle Funktionen von alfaview f\u00fcr 30 Tage kostenlos und unverbindlich testen.<\/p>\n\n\n<div class=\"wp-block-image\">\n<figure class=\"alignright size-full is-resized\"><a href=\"https:\/\/cp-prod-wordpress.alfa.sx\/wp-content\/uploads\/2024\/04\/registration-free-500-de.png\"><img loading=\"lazy\" decoding=\"async\" width=\"621\" height=\"765\" src=\"https:\/\/cp-prod-wordpress.alfa.sx\/wp-content\/uploads\/2024\/04\/registration-free-500-de.png\" alt=\"Registrierungsseite des alfaview Free 500 Special Kontos\" class=\"wp-image-3291\" style=\"width:250px\" srcset=\"https:\/\/cp-prod-wordpress.alfa.sx\/wp-content\/uploads\/2024\/04\/registration-free-500-de.png 621w, https:\/\/cp-prod-wordpress.alfa.sx\/wp-content\/uploads\/2024\/04\/registration-free-500-de-244x300.png 244w\" sizes=\"auto, (max-width: 621px) 100vw, 621px\" \/><\/a><figcaption class=\"wp-element-caption\">Testen Sie alfaview kostenlos mit dem Free 500 Special Tarif<\/figcaption><\/figure>\n<\/div>\n\n\n<ul class=\"wp-block-list\">\n<li>\u00d6ffnen Sie die <a href=\"https:\/\/alfaview.com\/de\/pricing\/\">Tarifseite<\/a> auf der alfaview-Webseite.<\/li>\n\n\n\n<li>W\u00e4hlen Sie den Tarif <strong>Free 500 Special<\/strong>.<\/li>\n\n\n\n<li>Klicken Sie auf die Schaltfl\u00e4che <button class=\"av-button av-button--primary\">Jetzt kostenlos registrieren<\/button>.<\/li>\n\n\n\n<li>Klicken Sie erneut auf die Schaltfl\u00e4che <button class=\"av-button av-button--primary\">Jetzt kostenlos registrieren<\/button>. Sie gelangen nun zum Registrierungsformular.<\/li>\n\n\n\n<li>Erstellen Sie nun Ihre eigene Company mit dem dazugeh\u00f6rigen Benutzerkonto.<\/li>\n\n\n\n<li>Klicken Sie in das Eingabefeld <strong>Kontoname<\/strong>, um Ihrer alfaview-Company einen Namen zu geben.<\/li>\n\n\n\n<li>Geben Sie anschlie\u00dfend in den folgenden Eingabefeldern Ihre E-Mail-Adresse sowie Ihren Vor- und Nachnamen ein.<\/li>\n\n\n\n<li>Klicken Sie auf die Schaltfl\u00e4che <button class=\"av-button av-button--primary\">Konto erstellen<\/button>, um die Registrierung abzuschlie\u00dfen.<\/li>\n<\/ul>\n\n\n\n<h2 class=\"wp-block-heading\" class=\"wp-block-heading\" id=\"alfaview-fuer-privatpersonen\">alfaview f\u00fcr Privatpersonen<a href=\"https:\/\/cp-prod-wordpress.alfa.sx\/de\/first-steps\/getting-started\/signup-and-login\/#anmeldung-als-benutzer\"><\/a><a href=\"#alfaview-fuer-privatpersonen\" class=\"av-heading-anchor\"><i class=\"bi bi-link\"><\/i><\/a><\/h2>\n\n\n\n<p>Als Privatperson k\u00f6nnen Sie alfaview mit dem <strong>Tarif Free<\/strong> dauerhaft kostenlos nutzen. Mit der Registrierung erhalten Sie ein Benutzerkonto sowie eine eigene Company mit einem alfaview-Raum. Sie k\u00f6nnen <a href=\"https:\/\/cp-prod-wordpress.alfa.sx\/de\/administration\/meetings\/\">Meetings erstellen<\/a>, <a href=\"https:\/\/cp-prod-wordpress.alfa.sx\/de\/administration\/user-management\/invite-user\/\">Benutzer:innen zu Ihrer Company hinzuf\u00fcgen<\/a> und <a href=\"https:\/\/cp-prod-wordpress.alfa.sx\/de\/administration\/room-management\/guest-link\/\">G\u00e4ste einladen<\/a>. Bitte beachten Sie, dass dieser kostenlose Tarif nur f\u00fcr den privaten Gebrauch zur Verf\u00fcgung steht.<\/p>\n\n\n<div class=\"wp-block-image\">\n<figure class=\"alignright size-full is-resized\"><a href=\"https:\/\/cp-prod-wordpress.alfa.sx\/wp-content\/uploads\/2024\/04\/registration-free-de.png\"><img loading=\"lazy\" decoding=\"async\" width=\"626\" height=\"638\" src=\"https:\/\/cp-prod-wordpress.alfa.sx\/wp-content\/uploads\/2024\/04\/registration-free-de.png\" alt=\"Registrierungsseite des alfaview-Kontos f\u00fcr Privatpersonen\" class=\"wp-image-3293\" style=\"width:250px\" srcset=\"https:\/\/cp-prod-wordpress.alfa.sx\/wp-content\/uploads\/2024\/04\/registration-free-de.png 626w, https:\/\/cp-prod-wordpress.alfa.sx\/wp-content\/uploads\/2024\/04\/registration-free-de-294x300.png 294w\" sizes=\"auto, (max-width: 626px) 100vw, 626px\" \/><\/a><figcaption class=\"wp-element-caption\">Nutzen Sie alfaview als Privatperson kostenlos<\/figcaption><\/figure>\n<\/div>\n\n\n<ul class=\"wp-block-list\">\n<li>\u00d6ffnen Sie die <a href=\"https:\/\/alfaview.com\/de\/pricing\/\">Tarifseite<\/a> auf der alfaview-Webseite.<\/li>\n\n\n\n<li>Wechseln Sie in den Reiter <strong>Privat<\/strong>.<\/li>\n\n\n\n<li>Klicken Sie auf die Schaltfl\u00e4che <button class=\"av-button av-button--primary\">Jetzt kostenlos registrieren<\/button>.<\/li>\n\n\n\n<li>Klicken Sie erneut auf die Schaltfl\u00e4che <button class=\"av-button--primary av-button\">Jetzt kostenlos registrieren<\/button>. Sie gelangen nun zum Registrierungsformular.<\/li>\n<\/ul>\n\n\n\n<p>Erstellen Sie nun Ihre eigene Company mit dem dazugeh\u00f6rigen Benutzerkonto.<\/p>\n\n\n\n<ul class=\"wp-block-list\">\n<li>Klicken Sie in das Eingabefeld <strong>Kontoname<\/strong>, um Ihrer alfaview-Company einen Namen zu geben.<\/li>\n\n\n\n<li>Geben Sie anschlie\u00dfend in den folgenden Eingabefeldern Ihre E-Mail-Adresse sowie Ihren Vor- und Nachnamen ein.<\/li>\n<\/ul>\n\n\n\n<div style=\"height:1px\" aria-hidden=\"true\" class=\"wp-block-spacer\"><\/div>\n\n\n\n<div class=\"wp-block-alfaview-callout\">\n<p><strong><strong>Bitte beachten Sie, dass diese E-Mail-Adresse fest mit Ihrer alfaview-Company verkn\u00fcpft ist und eine nachtr\u00e4gliche \u00c4nderung der E-Mail-Adresse nicht m\u00f6glich ist.<\/strong><\/strong><\/p>\n<\/div>\n\n\n\n<ul class=\"wp-block-list\">\n<li>Klicken Sie auf die Schaltfl\u00e4che <button class=\"av-button av-button--primary\">Konto erstellen<\/button>, um die Registrierung abzuschlie\u00dfen.<\/li>\n<\/ul>\n\n\n\n<h2 class=\"wp-block-heading\" class=\"wp-block-heading\" id=\"anmeldung-als-benutzerin\">Anmeldung als Benutzer:in<a href=\"https:\/\/cp-prod-wordpress.alfa.sx\/de\/first-steps\/getting-started\/signup-and-login\/#anmeldung-als-gast\"><\/a><a href=\"#anmeldung-als-benutzerin\" class=\"av-heading-anchor\"><i class=\"bi bi-link\"><\/i><\/a><\/h2>\n\n\n<div class=\"wp-block-image\">\n<figure class=\"alignright size-full is-resized\"><a href=\"https:\/\/cp-prod-wordpress.alfa.sx\/wp-content\/uploads\/2023\/10\/client-login-de.png\"><img loading=\"lazy\" decoding=\"async\" width=\"2553\" height=\"1392\" src=\"https:\/\/cp-prod-wordpress.alfa.sx\/wp-content\/uploads\/2023\/10\/client-login-de.png\" alt=\"Anmeldeseite f\u00fcr Benutzer:innen in der alfaview-App\" class=\"wp-image-366\" style=\"width:250px;height:undefinedpx\" srcset=\"https:\/\/cp-prod-wordpress.alfa.sx\/wp-content\/uploads\/2023\/10\/client-login-de.png 2553w, https:\/\/cp-prod-wordpress.alfa.sx\/wp-content\/uploads\/2023\/10\/client-login-de-300x164.png 300w, https:\/\/cp-prod-wordpress.alfa.sx\/wp-content\/uploads\/2023\/10\/client-login-de-1024x558.png 1024w, https:\/\/cp-prod-wordpress.alfa.sx\/wp-content\/uploads\/2023\/10\/client-login-de-768x419.png 768w, https:\/\/cp-prod-wordpress.alfa.sx\/wp-content\/uploads\/2023\/10\/client-login-de-1536x837.png 1536w, https:\/\/cp-prod-wordpress.alfa.sx\/wp-content\/uploads\/2023\/10\/client-login-de-2048x1117.png 2048w\" sizes=\"auto, (max-width: 2553px) 100vw, 2553px\" \/><\/a><figcaption class=\"wp-element-caption\">Anmeldung in der alfaview-App <\/figcaption><\/figure>\n<\/div>\n\n\n<p>Benutzerinnen und Benutzer erhalten ein eigenes Benutzerkonto, das einer oder mehreren Companys zugeordnet ist. Sie k\u00f6nnen sich mit diesem Benutzerkonto in der alfaview-App, dem Webclient sowie der Verwaltungsoberfl\u00e4che anmelden. In der Verwaltung k\u00f6nnen Sie Einstellungen am eigenen Profil vornehmen und alle alfaview-R\u00e4ume, f\u00fcr die Sie eine Berechtigung haben, betreten.<\/p>\n\n\n\n<ul class=\"wp-block-list\">\n<li>Geben Sie beim ersten Start der alfaview-App Ihre Benutzerdaten ein. Die Anmeldung wird dauerhaft gespeichert und ist nur erforderlich, wenn Sie sich explizit abmelden.<\/li>\n\n\n\n<li>Das <a href=\"https:\/\/cp-prod-wordpress.alfa.sx\/de\/administration\/general\/personal-profile\/\">Benutzerprofil<\/a> kann \u00fcber die <a href=\"https:\/\/app.alfaview.com\/#\/login\">Verwaltungsoberfl\u00e4che<\/a> aktualisiert werden.<\/li>\n<\/ul>\n\n\n\n<h2 class=\"wp-block-heading\" class=\"wp-block-heading\" id=\"anmeldung-mit-einladungslink\">Anmeldung mit Einladungslink<a href=\"#anmeldung-mit-einladungslink\" class=\"av-heading-anchor\"><i class=\"bi bi-link\"><\/i><\/a><\/h2>\n\n\n\n<p>Sie besitzen als Gast kein eigenes Benutzerkonto. Stattdessen betreten Sie den alfaview-Raum \u00fcber den Einladungslink, der Ihnen geschickt wurde.<\/p>\n\n\n<div class=\"wp-block-image\">\n<figure class=\"alignright size-full is-resized\"><a href=\"https:\/\/cp-prod-wordpress.alfa.sx\/wp-content\/uploads\/2024\/03\/join-room-as-guest-de.png\"><img loading=\"lazy\" decoding=\"async\" width=\"850\" height=\"471\" src=\"https:\/\/cp-prod-wordpress.alfa.sx\/wp-content\/uploads\/2024\/03\/join-room-as-guest-de.png\" alt=\"Fenster, um alfaview-Raum als Gast zu betreten\" class=\"wp-image-3061\" style=\"width:250px\" srcset=\"https:\/\/cp-prod-wordpress.alfa.sx\/wp-content\/uploads\/2024\/03\/join-room-as-guest-de.png 850w, https:\/\/cp-prod-wordpress.alfa.sx\/wp-content\/uploads\/2024\/03\/join-room-as-guest-de-300x166.png 300w, https:\/\/cp-prod-wordpress.alfa.sx\/wp-content\/uploads\/2024\/03\/join-room-as-guest-de-768x426.png 768w\" sizes=\"auto, (max-width: 850px) 100vw, 850px\" \/><\/a><figcaption class=\"wp-element-caption\">alfaview-Raum als Gast betreten<\/figcaption><\/figure>\n<\/div>\n\n\n<ul class=\"wp-block-list\">\n<li>Klicken Sie auf den Einladungslink. Alternativ k\u00f6nnen Sie den kompletten Link kopieren und in die Adresszeile Ihres Internetbrowsers einf\u00fcgen.<\/li>\n\n\n\n<li>Falls Ihr Name nicht bereits eingetragen ist, klicken Sie in das Eingabefeld <strong>Ihr Name<\/strong>. Geben Sie Ihren Namen ein.<\/li>\n\n\n\n<li>Klicken Sie auf die Schaltfl\u00e4che <button class=\"av-button av-button--primary\">Mit alfaview-App betreten<\/button>, um den Raum in der App zu betreten. Alternativ k\u00f6nnen Sie den Raum auch \u00fcber den Webclient von alfaview betreten. Klicken Sie daf\u00fcr auf die Schaltfl\u00e4che <button class=\"av-button av-button--default\">Mit Browser betreten<\/button>.<\/li>\n<\/ul>\n\n\n\n<div class=\"wp-block-alfaview-callout\">\n<p>Wir empfehlen die Nutzung der alfaview-App, da der Zugang \u00fcber den Internetbrowser von der Raumadministration deaktiviert werden kann. Auch bei mobilen Endger\u00e4ten ist ein Beitritt \u00fcber den Internetbrowser nicht m\u00f6glich.<\/p>\n<\/div>\n","protected":false},"excerpt":{"rendered":"<p>alfaview f\u00fcr Unternehmen, Non-Profit und Bildung alfaview f\u00fcr Privatpersonen Anmeldung als Benutzer:in Anmeldung mit Einladungslink alfaview f\u00fcr Unternehmen, Non-Profit und Bildung Nutzen Sie alfaview im professionellen Umfeld, um gemeinsam zu arbeiten, zu lernen oder Meetings [&hellip;]<\/p>\n","protected":false},"author":2,"featured_media":0,"parent":239,"menu_order":25,"comment_status":"closed","ping_status":"closed","template":"","meta":{"footnotes":""},"class_list":["post-359","page","type-page","status-publish","hentry"],"_links":{"self":[{"href":"https:\/\/cp-prod-wordpress.alfa.sx\/de\/wp-json\/wp\/v2\/pages\/359","targetHints":{"allow":["GET"]}}],"collection":[{"href":"https:\/\/cp-prod-wordpress.alfa.sx\/de\/wp-json\/wp\/v2\/pages"}],"about":[{"href":"https:\/\/cp-prod-wordpress.alfa.sx\/de\/wp-json\/wp\/v2\/types\/page"}],"author":[{"embeddable":true,"href":"https:\/\/cp-prod-wordpress.alfa.sx\/de\/wp-json\/wp\/v2\/users\/2"}],"replies":[{"embeddable":true,"href":"https:\/\/cp-prod-wordpress.alfa.sx\/de\/wp-json\/wp\/v2\/comments?post=359"}],"version-history":[{"count":40,"href":"https:\/\/cp-prod-wordpress.alfa.sx\/de\/wp-json\/wp\/v2\/pages\/359\/revisions"}],"predecessor-version":[{"id":360,"href":"https:\/\/cp-prod-wordpress.alfa.sx\/de\/wp-json\/wp\/v2\/pages\/359\/revisions\/360"}],"up":[{"embeddable":true,"href":"https:\/\/cp-prod-wordpress.alfa.sx\/de\/wp-json\/wp\/v2\/pages\/239"}],"wp:attachment":[{"href":"https:\/\/cp-prod-wordpress.alfa.sx\/de\/wp-json\/wp\/v2\/media?parent=359"}],"curies":[{"name":"wp","href":"https:\/\/api.w.org\/{rel}","templated":true}]}}