{"id":3647,"date":"2024-05-15T08:29:44","date_gmt":"2024-05-15T08:29:44","guid":{"rendered":"https:\/\/support.alfaview.com\/?page_id=3647"},"modified":"2025-06-10T09:43:05","modified_gmt":"2025-06-10T09:43:05","slug":"command-line-options","status":"publish","type":"page","link":"https:\/\/cp-prod-wordpress.alfa.sx\/de\/developers\/command-line-options\/","title":{"rendered":"Kommandozeilenparameter"},"content":{"rendered":"\n<figure class=\"wp-block-table av-two-col-table\"><table><thead><tr><th>Parameter<\/th><th>Nutzung<\/th><\/tr><\/thead><tbody><tr><td><mark style=\"background-color:rgba(0, 0, 0, 0)\" class=\"has-inline-color has-vivid-red-color\"><code>--allowmultiple<\/code><\/mark><\/td><td>Mit diesem Parameter k\u00f6nnen Sie auf Windows und Linux mehrere alfaview-Applikationen gleichzeitig \u00f6ffnen.<br>Hinweis: Dieser Parameter funktioniert nicht, wenn Sie einen alfaview-Raum \u00fcber einen Link betreten.<\/td><\/tr><tr><td><mark style=\"background-color:rgba(0, 0, 0, 0)\" class=\"has-inline-color has-vivid-red-color\"><code>--autoacceptwelcome<\/code><\/mark><\/td><td>Dieser Parameter verhindert, dass bei der ersten Nutzung von alfaview die Einstellungen zur Barrierefreiheit, Allgemeine Einstellungen sowie Audio- und Videoeinstellungen vorab eingerichtet werden k\u00f6nnen.<br>\u00c4nderungen an diesen Einstellungen k\u00f6nnen sp\u00e4ter in der App oder im Webclient vorgenommen werden.<\/td><\/tr><tr><td><mark style=\"background-color:rgba(0, 0, 0, 0)\" class=\"has-inline-color has-vivid-red-color\"><code>--bypasssettings<\/code><\/mark><\/td><td>Dieser Parameter verhindert, dass gespeicherte Einstellungen von einer vorherigen Nutzung erneut angewendet werden. alfaview wird mit den Standardeinstellungen ge\u00f6ffnet. In der Sitzung gesetzte Einstellungen werden nicht gespeichert.<\/td><\/tr><tr><td><mark style=\"background-color:rgba(0, 0, 0, 0)\" class=\"has-inline-color has-vivid-red-color\"><code>--disableleaveroom<\/code><\/mark><\/td><td>Dieser Parameter verhindert, dass die teilnehmende Person den alfaview-Raum verlassen kann und zur\u00fcck zur Anmeldeseite oder zur Raum- und Meetingliste gelangt.<br>Das Symbol <img loading=\"lazy\" decoding=\"async\" width=\"20\" height=\"20\" class=\"wp-image-2602\" style=\"width: 20px;\" src=\"https:\/\/cp-prod-wordpress.alfa.sx\/wp-content\/uploads\/2024\/02\/icon-leave.png\" alt=\"\"> <strong>Raum verlassen<\/strong> wird den Teilnehmenden im alfaview-Raum nicht angezeigt.<\/td><\/tr><tr><td><mark style=\"background-color:rgba(0, 0, 0, 0)\" class=\"has-inline-color has-vivid-red-color\"><code>--help<\/code><\/mark><\/td><td>Dieser Parameter gibt Ihnen alle Hilfeinformationen aus.<\/td><\/tr><tr><td><mark style=\"background-color:rgba(0, 0, 0, 0)\" class=\"has-inline-color has-vivid-red-color\"><code>--loglevel<\/code><\/mark><\/td><td>Mit diesem Parameter k\u00f6nnen verschiedene Log-Eintr\u00e4ge nach Leveln ausgegeben werden.<br>G\u00fcltige Werte sind: <code>debug \/ info \/ warning \/ error \/ critical<\/code><br>Der Parameterwert <code>--loglevel=debug<\/code> entspricht dem Parameter <code>--verbose<\/code>.<br>Hinweis: Sie erhalten alle Log-Eintr\u00e4ge des Levels <code>info<\/code> (default), bis das von Ihnen eingestellte Level von alfaview gesetzt wird.<\/td><\/tr><tr><td><mark style=\"background-color:rgba(0, 0, 0, 0)\" class=\"has-inline-color has-vivid-red-color\"><code>--nocolor<\/code><\/mark><\/td><td>Dieser Parameter deaktiviert die Farbgebung im Terminal der Kommandozentrale.<\/td><\/tr><tr><td><mark style=\"background-color:rgba(0, 0, 0, 0)\" class=\"has-inline-color has-vivid-red-color\"><code>--noupdate<\/code><\/mark><\/td><td>Dieser Parameter verhindert, dass alfaview automatisch nach neuen Updates sucht.<br>Hinweis: Aktualisieren Sie alfaview regelm\u00e4\u00dfig. \u00c4ltere Versionen von alfaview werden nach und nach von der Nutzung ausgeschlossen.<\/td><\/tr><tr><td><mark style=\"background-color:rgba(0, 0, 0, 0)\" class=\"has-inline-color has-vivid-red-color\"><code>--skipportcheck<\/code><\/mark><\/td><td>Dieser Parameter verhindert, dass alfaview Ports \u00fcberpr\u00fcft und feststellt, ob eine Verbindung aufgebaut werden kann. alfaview wird direkt ausgef\u00fchrt.<br>Wir raten von der Nutzung ab, wenn es nicht unbedingt notwendig ist.<\/td><\/tr><tr><td><mark style=\"background-color:rgba(0, 0, 0, 0)\" class=\"has-inline-color has-vivid-red-color\"><code>--skipquicksetup<\/code><\/mark><\/td><td>Dieser Parameter verhindert, dass alfaview Ports \u00fcberpr\u00fcft und feststellt, ob eine Verbindung aufgebaut werden kann. alfaview wird direkt ausgef\u00fchrt.<br>Wir raten von der Nutzung ab, wenn es nicht unbedingt notwendig ist.<\/td><\/tr><tr><td><mark style=\"background-color:rgba(0, 0, 0, 0)\" class=\"has-inline-color has-vivid-red-color\"><code>--url<\/code><\/mark><\/td><td>Dieser Parameter ist bei Einladungslinks automatisch gesetzt und \u00f6ffnet den alfaview-Raum, f\u00fcr den die Beitrittsberechtigung vergeben wurde.<br>Ein Anwendungsbeispiel finden Sie auf der Seite <a href=\"https:\/\/cp-prod-wordpress.alfa.sx\/de\/developers\/request-your-api-credentials\/usage-examples\/generate-join-url-from-group-link\/\">Join-URL mit Gruppenlink generieren<\/a>.<\/td><\/tr><tr><td><mark style=\"background-color:rgba(0, 0, 0, 0)\" class=\"has-inline-color has-vivid-red-color\"><code>--verbose<\/code><\/mark><\/td><td>Dieser Parameter aktiviert das erweiterte Debug logging (mehr Details).<\/td><\/tr><tr><td><mark style=\"background-color:rgba(0, 0, 0, 0)\" class=\"has-inline-color has-vivid-red-color\"><code>--version<\/code><\/mark><\/td><td>Dieser Parameter zeigt die aktuell genutzte Version von alfaview an.<\/td><\/tr><\/tbody><\/table><\/figure>\n","protected":false},"excerpt":{"rendered":"<p>Erfahren Sie alles \u00fcber die verf\u00fcgbaren Kommandozeilenparameter und wof\u00fcr sie verwendet werden k\u00f6nnen.<\/p>\n","protected":false},"author":5,"featured_media":0,"parent":947,"menu_order":5,"comment_status":"closed","ping_status":"closed","template":"","meta":{"footnotes":""},"class_list":["post-3647","page","type-page","status-publish","hentry"],"_links":{"self":[{"href":"https:\/\/cp-prod-wordpress.alfa.sx\/de\/wp-json\/wp\/v2\/pages\/3647","targetHints":{"allow":["GET"]}}],"collection":[{"href":"https:\/\/cp-prod-wordpress.alfa.sx\/de\/wp-json\/wp\/v2\/pages"}],"about":[{"href":"https:\/\/cp-prod-wordpress.alfa.sx\/de\/wp-json\/wp\/v2\/types\/page"}],"author":[{"embeddable":true,"href":"https:\/\/cp-prod-wordpress.alfa.sx\/de\/wp-json\/wp\/v2\/users\/5"}],"replies":[{"embeddable":true,"href":"https:\/\/cp-prod-wordpress.alfa.sx\/de\/wp-json\/wp\/v2\/comments?post=3647"}],"version-history":[{"count":14,"href":"https:\/\/cp-prod-wordpress.alfa.sx\/de\/wp-json\/wp\/v2\/pages\/3647\/revisions"}],"predecessor-version":[{"id":3648,"href":"https:\/\/cp-prod-wordpress.alfa.sx\/de\/wp-json\/wp\/v2\/pages\/3647\/revisions\/3648"}],"up":[{"embeddable":true,"href":"https:\/\/cp-prod-wordpress.alfa.sx\/de\/wp-json\/wp\/v2\/pages\/947"}],"wp:attachment":[{"href":"https:\/\/cp-prod-wordpress.alfa.sx\/de\/wp-json\/wp\/v2\/media?parent=3647"}],"curies":[{"name":"wp","href":"https:\/\/api.w.org\/{rel}","templated":true}]}}