{"id":382,"date":"2023-10-12T09:06:14","date_gmt":"2023-10-12T09:06:14","guid":{"rendered":"https:\/\/strange-sammet.82-165-59-152.plesk.page\/?page_id=382"},"modified":"2025-04-11T13:02:32","modified_gmt":"2025-04-11T13:02:32","slug":"system-and-network-requirements","status":"publish","type":"page","link":"https:\/\/cp-prod-wordpress.alfa.sx\/de\/miscellaneous\/technical-information\/system-and-network-requirements\/","title":{"rendered":"System- und Netzwerkanforderungen"},"content":{"rendered":"\n<h2 class=\"wp-block-heading\" class=\"wp-block-heading\" id=\"betriebssystem\">Betriebssystem<a href=\"https:\/\/cp-prod-wordpress.alfa.sx\/de\/first-steps\/getting-started\/system-and-network-requirements\/#betriebssystem\"><\/a><a href=\"#betriebssystem\" class=\"av-heading-anchor\"><i class=\"bi bi-link\"><\/i><\/a><\/h2>\n\n\n\n<ul class=\"wp-block-list\">\n<li>Microsoft Windows 10 oder neuer (nur 64-bit)<\/li>\n\n\n\n<li>Apple macOS 12 oder neuer<\/li>\n\n\n\n<li>Linux (Debian und RedHat Distributionen)<\/li>\n\n\n\n<li>Versionen f\u00fcr iPhone und iPad (ab iOS 16) sind im Apple App Store erh\u00e4ltlich<\/li>\n\n\n\n<li>Eine Version f\u00fcr Android Smartphones und Tablets (ab Android 9) ist im Google Play Store erh\u00e4ltlich<\/li>\n<\/ul>\n\n\n\n<h2 class=\"wp-block-heading\" class=\"wp-block-heading\" id=\"hardware\">Hardware<a href=\"#hardware\" class=\"av-heading-anchor\"><i class=\"bi bi-link\"><\/i><\/a><\/h2>\n\n\n\n<ul class=\"wp-block-list\">\n<li>Handels\u00fcblicher Desktop-Rechner oder Notebook<\/li>\n\n\n\n<li>Prozessor:\n<ul class=\"wp-block-list\">\n<li><strong>Intel Nehalem Prozessor (2008)<\/strong> oder neuer<\/li>\n\n\n\n<li><strong>AMD Bulldozer Prozessor (2011)<\/strong> oder neuer<\/li>\n\n\n\n<li>1,5 GHz oder schnellerer 64-bit (x64) Prozessoren<\/li>\n<\/ul>\n<\/li>\n\n\n\n<li>Mind. 2 GB Arbeitsspeicher<\/li>\n\n\n\n<li>Mikrofon &amp; Lautsprecher (Headset empfohlen)<\/li>\n\n\n\n<li>Webcam<\/li>\n<\/ul>\n\n\n\n<h2 class=\"wp-block-heading\" class=\"wp-block-heading\" id=\"unterstuetzte-internetbrowser\">Unterst\u00fctzte Internetbrowser<a href=\"#unterstuetzte-internetbrowser\" class=\"av-heading-anchor\"><i class=\"bi bi-link\"><\/i><\/a><\/h2>\n\n\n\n<p>Sie k\u00f6nnen auch den Webclient von alfaview nutzen, ohne die alfaview-App herunterladen zu m\u00fcssen. Dabei werden die folgenden Internetbrowser unterst\u00fctzt:<\/p>\n\n\n\n<ul class=\"wp-block-list\">\n<li>Google Chrome<\/li>\n\n\n\n<li>Microsoft Edge<\/li>\n\n\n\n<li>Mozilla Firefox<\/li>\n<\/ul>\n\n\n\n<h2 class=\"wp-block-heading\" class=\"wp-block-heading\" id=\"internetverbindung\">Internetverbindung<a href=\"https:\/\/cp-prod-wordpress.alfa.sx\/de\/first-steps\/getting-started\/system-and-network-requirements\/#internetverbindung\"><\/a><a href=\"#internetverbindung\" class=\"av-heading-anchor\"><i class=\"bi bi-link\"><\/i><\/a><\/h2>\n\n\n\n<ul class=\"wp-block-list\">\n<li>Kabel oder DSL mit 8 MBit\/s Bandbreite (16 MBit\/s empfohlen)<\/li>\n\n\n\n<li>Eine drahtgebundene Netzwerkverbindung ist einer drahtlosen vorzuziehen.<\/li>\n<\/ul>\n\n\n\n<h2 class=\"wp-block-heading\" class=\"wp-block-heading\" id=\"netzwerkeinstellungen\">Netzwerkeinstellungen<a href=\"https:\/\/cp-prod-wordpress.alfa.sx\/de\/first-steps\/getting-started\/system-and-network-requirements\/#netzwerkeinstellungen\"><\/a><a href=\"#netzwerkeinstellungen\" class=\"av-heading-anchor\"><i class=\"bi bi-link\"><\/i><\/a><\/h2>\n\n\n\n<p>Bitte stellen Sie sicher, dass die Webseite <a href=\"https:\/\/alfaview.com\">alfaview.com<\/a> erreichbar ist. <\/p>\n\n\n\n<p>Folgende Portfreigaben und IP-Adressen bzw. IP-Adressbereiche sind in der Firewall zu konfigurieren, um alfaview nutzen zu k\u00f6nnen:<\/p>\n\n\n\n<p><\/p>\n\n\n\n<div class=\"wp-block-columns is-layout-flex wp-container-core-columns-is-layout-9d6595d7 wp-block-columns-is-layout-flex\">\n<div class=\"wp-block-column is-layout-flow wp-block-column-is-layout-flow\" style=\"flex-basis:100%\">\n<figure class=\"wp-block-table is-style-regular\"><table><tbody><tr><td><strong>Protokoll<\/strong><\/td><td><strong>Ports<\/strong><\/td><td><strong>Quelle<\/strong><\/td><td><strong>Ziel<\/strong><\/td><\/tr><tr><td>TCP<\/td><td>80,<br>443<\/td><td>Browser,<br>alfaview Client<\/td><td>alfaview.com,<br>*.alfaview.com<\/td><\/tr><tr><td>TCP<\/td><td>80,<br>443<\/td><td>alfaview Client<\/td><td>185.245.100.0\/22<br>185.127.28.0\/22<br>195.201.44.128\/25<br>88.99.123.0\/26<br>159.69.131.128\/27<br>49.12.59.224\/27<br>188.34.149.224\/27<br>188.34.150.0\/24<br>80.158.93.0\/24<br>2a0c:3c0::\/32<\/td><\/tr><\/tbody><\/table><\/figure>\n<\/div>\n<\/div>\n","protected":false},"excerpt":{"rendered":"<p>Betriebssystem Microsoft Windows 10 oder neuer (nur 64-bit) Apple macOS 12 oder neuer Linux (Debian und RedHat Distributionen) Versionen f\u00fcr iPhone und iPad (ab iOS 16) sind im Apple App Store erh\u00e4ltlich Eine Version f\u00fcr [&hellip;]<\/p>\n","protected":false},"author":2,"featured_media":0,"parent":4546,"menu_order":0,"comment_status":"closed","ping_status":"closed","template":"","meta":{"footnotes":""},"class_list":["post-382","page","type-page","status-publish","hentry"],"_links":{"self":[{"href":"https:\/\/cp-prod-wordpress.alfa.sx\/de\/wp-json\/wp\/v2\/pages\/382","targetHints":{"allow":["GET"]}}],"collection":[{"href":"https:\/\/cp-prod-wordpress.alfa.sx\/de\/wp-json\/wp\/v2\/pages"}],"about":[{"href":"https:\/\/cp-prod-wordpress.alfa.sx\/de\/wp-json\/wp\/v2\/types\/page"}],"author":[{"embeddable":true,"href":"https:\/\/cp-prod-wordpress.alfa.sx\/de\/wp-json\/wp\/v2\/users\/2"}],"replies":[{"embeddable":true,"href":"https:\/\/cp-prod-wordpress.alfa.sx\/de\/wp-json\/wp\/v2\/comments?post=382"}],"version-history":[{"count":11,"href":"https:\/\/cp-prod-wordpress.alfa.sx\/de\/wp-json\/wp\/v2\/pages\/382\/revisions"}],"predecessor-version":[{"id":383,"href":"https:\/\/cp-prod-wordpress.alfa.sx\/de\/wp-json\/wp\/v2\/pages\/382\/revisions\/383"}],"up":[{"embeddable":true,"href":"https:\/\/cp-prod-wordpress.alfa.sx\/de\/wp-json\/wp\/v2\/pages\/4546"}],"wp:attachment":[{"href":"https:\/\/cp-prod-wordpress.alfa.sx\/de\/wp-json\/wp\/v2\/media?parent=382"}],"curies":[{"name":"wp","href":"https:\/\/api.w.org\/{rel}","templated":true}]}}