{"id":4059,"date":"2024-06-14T09:46:59","date_gmt":"2024-06-14T09:46:59","guid":{"rendered":"https:\/\/support.alfaview.com\/miscellaneous\/phone-dial-in\/"},"modified":"2025-08-15T10:15:38","modified_gmt":"2025-08-15T10:15:38","slug":"phone-dial-in","status":"publish","type":"page","link":"https:\/\/cp-prod-wordpress.alfa.sx\/de\/miscellaneous\/phone-dial-in\/","title":{"rendered":"Telefoneinwahl"},"content":{"rendered":"<div class=\"wp-block-image\">\n<figure class=\"alignright size-full is-resized\"><a href=\"https:\/\/cp-prod-wordpress.alfa.sx\/wp-content\/uploads\/2024\/07\/phone-dial-in-participant-de.png\"><img loading=\"lazy\" decoding=\"async\" width=\"343\" height=\"256\" src=\"https:\/\/cp-prod-wordpress.alfa.sx\/wp-content\/uploads\/2024\/07\/phone-dial-in-participant-de.png\" alt=\"Screenshot von einer teilnehmenden Person, die den alfaview-Raum \u00fcber die Telefoneinwahl betreten hat\" class=\"wp-image-4418\" style=\"width:250px\" srcset=\"https:\/\/cp-prod-wordpress.alfa.sx\/wp-content\/uploads\/2024\/07\/phone-dial-in-participant-de.png 343w, https:\/\/cp-prod-wordpress.alfa.sx\/wp-content\/uploads\/2024\/07\/phone-dial-in-participant-de-300x224.png 300w\" sizes=\"auto, (max-width: 343px) 100vw, 343px\" \/><\/a><figcaption class=\"wp-element-caption\">Eine teilnehmende Person, die den alfaview-Raum \u00fcber die Telefoneinwahl betreten hat<\/figcaption><\/figure>\n<\/div>\n\n\n<p>Mit der Telefoneinwahl k\u00f6nnen Personen \u00fcber ihr Telefon einen alfaview-Raum betreten oder an einem Meeting teilnehmen.<br>Wenn Sie \u00fcber einen Gastlink beitreten, wird im alfaview-Raum der Name angezeigt, der in der Einladung angegeben wurde. Bei einem Beitritt \u00fcber einen Gruppenlink besteht Ihr Name aus den letzten drei Ziffern Ihrer Telefonnummer.<\/p>\n\n\n\n<p>Teilnehmende, die \u00fcber die Telefoneinwahl beitreten, werden im alfaview-Raum entsprechend ausgezeichnet.<\/p>\n\n\n\n<div style=\"height:1px\" aria-hidden=\"true\" class=\"wp-block-spacer\"><\/div>\n\n\n\n<div class=\"wp-block-alfaview-callout\">\n<p><strong>Information f\u00fcr Company-Besitzer:innen:<\/strong><\/p>\n\n\n\n<p>Damit eingeladene Personen die Telefoneinwahl nutzen k\u00f6nnen, m\u00fcssen Sie diese f\u00fcr Ihre Company aktivieren lassen. <a href=\"https:\/\/cp-prod-wordpress.alfa.sx\/de\/first-steps\/getting-started\/troubleshooting-and-log-files\/#ich-benoetige-unterstuetzung\">Kontaktieren Sie unser Support- oder Vertriebsteam<\/a>, wenn Sie die Telefoneinwahl testen oder buchen m\u00f6chten.<\/p>\n\n\n\n<p>Die Telefoneinwahl ist nur in Verbindung mit einem <a href=\"https:\/\/alfaview.com\/de\/pricing\/\">kostenpflichtigen Tarif<\/a> von alfaview buchbar.<\/p>\n<\/div>\n\n\n\n<h2 class=\"wp-block-heading\" class=\"wp-block-heading\" id=\"alfaview-raum-oder-meeting-ueber-die-telefoneinwahl-betreten\">alfaview-Raum oder Meeting \u00fcber die Telefoneinwahl betreten<a href=\"#alfaview-raum-oder-meeting-ueber-die-telefoneinwahl-betreten\" class=\"av-heading-anchor\"><i class=\"bi bi-link\"><\/i><\/a><\/h2>\n\n\n\n<p>Wenn Sie eine Einladungsmail erhalten haben, die \u00fcber das alfaview-System versendet wurde, finden Sie im unteren Teil der E-Mail die Telefonnummern und den Zertifizierungscode f\u00fcr die Telefoneinwahl.<\/p>\n\n\n\n<div class=\"wp-block-alfaview-callout\">\n<p>Bitte beachten Sie bei der Nutzung eines Gastlinks, dass Sie einen Raum oder ein Meeting nicht zeitgleich \u00fcber die alfaview-App und die Telefoneinwahl betreten k\u00f6nnen.<\/p>\n<\/div>\n\n\n\n<ul class=\"wp-block-list\">\n<li>Es stehen f\u00fcr einen alfaview-Raum standardm\u00e4\u00dfig zwei Telefonnummern zur Verf\u00fcgung: <strong>Deutsch<\/strong> und <strong>Englisch<\/strong>. W\u00e4hlen Sie eine der beiden Telefonnummern, um die Ansagen in der gew\u00fcnschten Sprache zu h\u00f6ren.<\/li>\n\n\n\n<li>Sobald Sie mit alfaview verbunden sind, werden Sie dazu aufgefordert, einen Verifizierungscode einzugeben. Den Code finden Sie in der Einladungsmail unterhalb der Telefonnummern.<\/li>\n\n\n\n<li>Geben Sie den 12-stelligen Code in Ihr Telefon ein.<\/li>\n\n\n\n<li>Best\u00e4tigen Sie den Code mit der Eingabe der #-Taste. Sie werden nun mit dem alfaview-Raum verbunden.<\/li>\n\n\n\n<li>Falls der Warteraum aktiviert ist, werden Sie zun\u00e4chst mit diesem verbunden. Sie m\u00fcssen nun warten, bis Sie von einem Moderator oder einer Moderatorin zum alfaview-Raum zugelassen werden.<\/li>\n\n\n\n<li>Verlassen Sie den alfaview-Raum, indem Sie den Anruf beenden.<\/li>\n<\/ul>\n\n\n\n<h3 class=\"wp-block-heading\" class=\"wp-block-heading\" id=\"im-alfaview-raum-stehen-ihnen-verschiedene-aktionen-zur-verfuegung\">Im alfaview-Raum stehen Ihnen verschiedene Aktionen zur Verf\u00fcgung:<a href=\"#im-alfaview-raum-stehen-ihnen-verschiedene-aktionen-zur-verfuegung\" class=\"av-heading-anchor\"><i class=\"bi bi-link\"><\/i><\/a><\/h3>\n\n\n\n<figure class=\"wp-block-table\"><table><thead><tr><th>Aktion<\/th><th>Erkl\u00e4rung<\/th><\/tr><\/thead><tbody><tr><td><strong>Mikrofon aktivieren \/ deaktivieren<\/strong><\/td><td>Dr\u00fccken Sie die <strong>Taste 1<\/strong>, um Ihr Mikrofon zu aktivieren oder zu deaktivieren.<br>Je nach Status Ihres Mikrofons h\u00f6ren Sie die Ansage <strong>&#8222;Ihr Mikrofon ist aktiviert&#8220;<\/strong> oder <strong>&#8222;Ihr Mikrofon ist deaktiviert&#8220;<\/strong>.<\/td><\/tr><tr><td><strong>Hand heben \/ senken<\/strong><\/td><td>Dr\u00fccken Sie die <strong>Taste 2<\/strong>, wenn Sie Ihre Hand heben m\u00f6chten, um die Aufmerksamkeit der Moderation auf sich zu ziehen.<br>Durch erneutes Dr\u00fccken der <strong>Taste 2<\/strong> wird die Hand wieder gesenkt.<br>Sie h\u00f6ren entsprechend die Ansage <strong>&#8222;Sie haben Ihre Hand gehoben&#8220;<\/strong> oder <strong>&#8222;Sie haben Ihre Hand gesenkt&#8220;<\/strong>.<\/td><\/tr><\/tbody><\/table><\/figure>\n\n\n\n<h2 class=\"wp-block-heading\" class=\"wp-block-heading\" id=\"telefoneinwahl-zu-ihrem-raum-oder-meeting-hinzufuegen\">Telefoneinwahl zu Ihrem Raum oder Meeting hinzuf\u00fcgen<a href=\"#telefoneinwahl-zu-ihrem-raum-oder-meeting-hinzufuegen\" class=\"av-heading-anchor\"><i class=\"bi bi-link\"><\/i><\/a><\/h2>\n\n\n<div class=\"wp-block-image\">\n<figure class=\"alignright size-full is-resized\"><a href=\"https:\/\/staging-cp-prod-wordpress.alfa.sx\/wp-content\/uploads\/2025\/08\/Gruppenlink-erstellen-Telefoneinwahl-DE.png\"><img decoding=\"async\" src=\"https:\/\/staging-cp-prod-wordpress.alfa.sx\/wp-content\/uploads\/2025\/08\/Gruppenlink-erstellen-Telefoneinwahl-DE.png\" alt=\"\" class=\"wp-image-10014\" style=\"width:250px\"\/><\/a><figcaption class=\"wp-element-caption\">Telefoneinwahl bei Gruppenlink aktivieren<\/figcaption><\/figure>\n<\/div>\n\n\n<p>Sobald die Telefoneinwahl f\u00fcr Ihre Company aktiviert wurde, k\u00f6nnen Sie diese zu <a href=\"https:\/\/cp-prod-wordpress.alfa.sx\/de\/administration\/room-management\/guest-link\/\">Gast- oder Gruppenlinks<\/a> hinzuf\u00fcgen.<\/p>\n\n\n\n<ul class=\"wp-block-list\">\n<li>Erstellen Sie einen Gast- oder Gruppenlink.<\/li>\n\n\n\n<li>Klicken Sie auf den Schalter <strong>Telefoneinwahl aktivieren<\/strong>. Die Telefoneinwahl ist aktiviert, wenn der Schalter blau angezeigt wird.<\/li>\n\n\n\n<li>Versenden Sie die Links nun \u00fcber das alfaview-System oder \u00fcber ein von Ihnen gew\u00e4hltes Kommunikationsmedium.<\/li>\n<\/ul>\n\n\n<div class=\"wp-block-image\">\n<figure class=\"alignright size-full is-resized\"><a href=\"https:\/\/staging-cp-prod-wordpress.alfa.sx\/wp-content\/uploads\/2025\/08\/Testraum-Telefon-aktivieren_DE.png\"><img decoding=\"async\" src=\"https:\/\/staging-cp-prod-wordpress.alfa.sx\/wp-content\/uploads\/2025\/08\/Testraum-Telefon-aktivieren_DE.png\" alt=\"\" class=\"wp-image-10024\" style=\"width:250px\"\/><\/a><figcaption class=\"wp-element-caption\">Telefoneinwahl bei Gruppenlink nachtr\u00e4glich bearbeiten<\/figcaption><\/figure>\n<\/div>\n\n\n<ul class=\"wp-block-list\">\n<li>Sie k\u00f6nnen die Telefoneinwahl auch nachtr\u00e4glich zu einem Link hinzuf\u00fcgen oder wieder deaktivieren. <\/li>\n\n\n\n<li>Klicken Sie auf das Kontextmen\u00fc <img loading=\"lazy\" decoding=\"async\" width=\"25\" height=\"25\" class=\"wp-image-2122\" style=\"width: 25px;\" src=\"https:\/\/staging-cp-prod-wordpress.alfa.sx\/wp-content\/uploads\/2023\/12\/dots.png\" alt=\"Symbol Kontextmen\u00fc\"> des Links, zu dem Sie die Telefoneinwahl hinzuf\u00fcgen oder deaktivieren m\u00f6chten.<\/li>\n\n\n\n<li>W\u00e4hlen Sie den Men\u00fcpunkt <strong>Telefoneinwahl aktivieren\/deaktivieren.<\/strong><\/li>\n<\/ul>\n\n\n\n<h3 class=\"wp-block-heading\" class=\"wp-block-heading\" id=\"informationen-der-telefoneinwahl\">Informationen der Telefoneinwahl<a href=\"#informationen-der-telefoneinwahl\" class=\"av-heading-anchor\"><i class=\"bi bi-link\"><\/i><\/a><\/h3>\n\n\n<div class=\"wp-block-image\">\n<figure class=\"alignright size-full is-resized\"><a href=\"https:\/\/staging-cp-prod-wordpress.alfa.sx\/wp-content\/uploads\/2025\/08\/Telefonteilnahme-aktiv_DE.png\"><img decoding=\"async\" src=\"https:\/\/staging-cp-prod-wordpress.alfa.sx\/wp-content\/uploads\/2025\/08\/Telefonteilnahme-aktiv_DE.png\" alt=\"\" class=\"wp-image-10016\" style=\"width:250px;height:auto\"\/><\/a><figcaption class=\"wp-element-caption\">Telefoneinwahl bei Gruppenlink aktiv<\/figcaption><\/figure>\n<\/div>\n\n\n<p>Sie k\u00f6nnen die Telefonnummern und den Einwahlcode eines jeden Gruppen- oder Gastlinks aufrufen, f\u00fcr den Sie die Telefoneinwahl aktiviert haben. Dort k\u00f6nnen Sie die Informationen kopieren, um sie an Ihre G\u00e4ste zu senden.<\/p>\n\n\n\n<ul class=\"wp-block-list\">\n<li>Klicken Sie auf <img decoding=\"async\" class=\"wp-image-10019\" style=\"width: 35px;\" src=\"https:\/\/staging-cp-prod-wordpress.alfa.sx\/wp-content\/uploads\/2025\/08\/Dial-in-Icon.png\" alt=\"\"> rechts neben dem Link.<\/li>\n\n\n\n<li>Es \u00f6ffnet sich ein Fenster mit allen Informationen.<\/li>\n<\/ul>\n\n\n\n<p>Sie k\u00f6nnen nun entweder eine einzelne Telefonnummer, den Code oder alle Informationen in Ihre Zwischenablage kopieren.<\/p>\n\n\n\n<div class=\"wp-block-columns is-not-stacked-on-mobile is-layout-flex wp-container-core-columns-is-layout-9d6595d7 wp-block-columns-is-layout-flex\">\n<div class=\"wp-block-column is-layout-flow wp-block-column-is-layout-flow\">\n<ul class=\"wp-block-list\">\n<li><strong>Telefonnummer kopieren<\/strong><br>Klicken Sie auf die Telefonnummer, die Sie kopieren m\u00f6chten.<\/li>\n\n\n\n<li><strong>Einwahlcode kopieren<\/strong><br>Klicken Sie auf den Einwahlcode, um diesen zu kopieren.<\/li>\n\n\n\n<li><strong>Alle Informationen kopieren<\/strong><br>Klicken Sie auf die Schaltfl\u00e4che <button class=\"av-button av-button--primary\">Alle Daten kopieren<\/button>, um beide Telefonnummern und den Code in Ihre Zwischenablage zu kopieren.<\/li>\n<\/ul>\n<\/div>\n\n\n\n<div class=\"wp-block-column is-layout-flow wp-block-column-is-layout-flow\" style=\"flex-basis:250px\">\n<figure class=\"wp-block-image size-full\"><a href=\"https:\/\/cp-prod-wordpress.alfa.sx\/wp-content\/uploads\/2024\/09\/dial-in-de.png\"><img loading=\"lazy\" decoding=\"async\" width=\"509\" height=\"579\" src=\"https:\/\/cp-prod-wordpress.alfa.sx\/wp-content\/uploads\/2024\/09\/dial-in-de.png\" alt=\"Screenshot der Telefoneinwahl-Informationen\" class=\"wp-image-4944\" srcset=\"https:\/\/cp-prod-wordpress.alfa.sx\/wp-content\/uploads\/2024\/09\/dial-in-de.png 509w, https:\/\/cp-prod-wordpress.alfa.sx\/wp-content\/uploads\/2024\/09\/dial-in-de-264x300.png 264w\" sizes=\"auto, (max-width: 509px) 100vw, 509px\" \/><\/a><figcaption class=\"wp-element-caption\">Informationen zur Telefoneinwahl<\/figcaption><\/figure>\n<\/div>\n<\/div>\n\n\n\n<div class=\"wp-block-alfaview-callout\">\n<p>Wir empfehlen, bei vertraulichen Besprechungen <strong>keine <\/strong>Telefoneinwahl zuzulassen. alfaview ist gem\u00e4\u00df den Richtlinien der Europ\u00e4ischen Union abh\u00f6rsicher TLS-verschl\u00fcsselt. Die Telefonie unterliegt den jeweiligen Nationalstaaten der Telefonanbieter. Aufgrund der dort geltenden Gesetze k\u00f6nnen Telefongespr\u00e4che m\u00f6glicherweise abgeh\u00f6rt werden.<\/p>\n<\/div>\n","protected":false},"excerpt":{"rendered":"<p>Erfahren Sie, wie Sie die Telefoneinwahl f\u00fcr Ihre alfaview-R\u00e4ume aktivieren k\u00f6nnen und wie Sie sich in diese R\u00e4ume einw\u00e4hlen k\u00f6nnen.<\/p>\n","protected":false},"author":5,"featured_media":0,"parent":1612,"menu_order":10,"comment_status":"closed","ping_status":"closed","template":"","meta":{"footnotes":""},"class_list":["post-4059","page","type-page","status-publish","hentry"],"_links":{"self":[{"href":"https:\/\/cp-prod-wordpress.alfa.sx\/de\/wp-json\/wp\/v2\/pages\/4059","targetHints":{"allow":["GET"]}}],"collection":[{"href":"https:\/\/cp-prod-wordpress.alfa.sx\/de\/wp-json\/wp\/v2\/pages"}],"about":[{"href":"https:\/\/cp-prod-wordpress.alfa.sx\/de\/wp-json\/wp\/v2\/types\/page"}],"author":[{"embeddable":true,"href":"https:\/\/cp-prod-wordpress.alfa.sx\/de\/wp-json\/wp\/v2\/users\/5"}],"replies":[{"embeddable":true,"href":"https:\/\/cp-prod-wordpress.alfa.sx\/de\/wp-json\/wp\/v2\/comments?post=4059"}],"version-history":[{"count":11,"href":"https:\/\/cp-prod-wordpress.alfa.sx\/de\/wp-json\/wp\/v2\/pages\/4059\/revisions"}],"predecessor-version":[{"id":4061,"href":"https:\/\/cp-prod-wordpress.alfa.sx\/de\/wp-json\/wp\/v2\/pages\/4059\/revisions\/4061"}],"up":[{"embeddable":true,"href":"https:\/\/cp-prod-wordpress.alfa.sx\/de\/wp-json\/wp\/v2\/pages\/1612"}],"wp:attachment":[{"href":"https:\/\/cp-prod-wordpress.alfa.sx\/de\/wp-json\/wp\/v2\/media?parent=4059"}],"curies":[{"name":"wp","href":"https:\/\/api.w.org\/{rel}","templated":true}]}}