{"id":475,"date":"2023-10-13T06:59:36","date_gmt":"2023-10-13T06:59:36","guid":{"rendered":"https:\/\/strange-sammet.82-165-59-152.plesk.page\/?page_id=475"},"modified":"2025-04-09T13:04:16","modified_gmt":"2025-04-09T13:04:16","slug":"adminstration-interface","status":"publish","type":"page","link":"https:\/\/cp-prod-wordpress.alfa.sx\/de\/administration\/general\/adminstration-interface\/","title":{"rendered":"Verwaltungsoberfl\u00e4che"},"content":{"rendered":"<div class=\"wp-block-image\">\n<figure class=\"alignright size-large is-resized\"><a href=\"https:\/\/cp-prod-wordpress.alfa.sx\/wp-content\/uploads\/2024\/04\/administration-page-de.png\"><img loading=\"lazy\" decoding=\"async\" width=\"1024\" height=\"512\" src=\"https:\/\/cp-prod-wordpress.alfa.sx\/wp-content\/uploads\/2024\/04\/administration-page-de-1024x512.png\" alt=\"Screenshot der alfaview Verwaltungsoberfl\u00e4che\" class=\"wp-image-3377\" style=\"width:250px\" srcset=\"https:\/\/cp-prod-wordpress.alfa.sx\/wp-content\/uploads\/2024\/04\/administration-page-de-1024x512.png 1024w, https:\/\/cp-prod-wordpress.alfa.sx\/wp-content\/uploads\/2024\/04\/administration-page-de-300x150.png 300w, https:\/\/cp-prod-wordpress.alfa.sx\/wp-content\/uploads\/2024\/04\/administration-page-de-768x384.png 768w, https:\/\/cp-prod-wordpress.alfa.sx\/wp-content\/uploads\/2024\/04\/administration-page-de-1536x768.png 1536w, https:\/\/cp-prod-wordpress.alfa.sx\/wp-content\/uploads\/2024\/04\/administration-page-de.png 1855w\" sizes=\"auto, (max-width: 1024px) 100vw, 1024px\" \/><\/a><figcaption class=\"wp-element-caption\">Verwaltungsoberfl\u00e4che<\/figcaption><\/figure>\n<\/div>\n\n\n<p>\u00dcber die Administrationsoberfl\u00e4che k\u00f6nnen Sie alfaview an Ihre Strukturen anpassen. Sie k\u00f6nnen Ihre <a href=\"\/de\/administration\/account-management\/\">Company<\/a>, Ihr <a href=\"\/de\/administration\/general\/personal-profile\/\">Profil<\/a>, Ihre <a href=\"\/de\/administration\/room-management\/\">R\u00e4ume<\/a> und <a href=\"\/de\/administration\/meetings\/\">Meetings<\/a> verwalten sowie <a href=\"\/de\/administration\/user-management\/\">Benutzer:innen<\/a> und <a href=\"\/de\/administration\/room-management\/guest-link\/\">G\u00e4ste<\/a> einladen und verwalten.<\/p>\n\n\n\n<p>Melden Sie sich daf\u00fcr auf der <a href=\"https:\/\/app.alfaview.com\/login\">Verwaltungsoberfl\u00e4che<\/a> an.<\/p>\n\n\n\n<div class=\"wp-block-alfaview-callout\">\n<p><strong>Company wechseln:<\/strong><br>Falls Sie mit Ihrer Email-Adresse in mehreren Companys angelegt sind, k\u00f6nnen Sie unten links im Men\u00fc zwischen den verschiedenen <a href=\"\/de\/alfaview-app\/home-screen\/switching-accounts\/\">Companys wechseln<\/a>.<\/p>\n<\/div>\n","protected":false},"excerpt":{"rendered":"<p>Die Verwaltungsoberfl\u00e4che im Webbrowser erm\u00f6glicht es Ihnen, alfaview an Ihre Strukturen anzupassen.<br \/>\nPassen Sie Ihr pers\u00f6nliches Profil an und verwalten Sie Ihre Company, R\u00e4ume und Meetings. Sie k\u00f6nnen hier auch neue Benutzer:innen und G\u00e4ste einladen und verwalten.<\/p>\n","protected":false},"author":3,"featured_media":0,"parent":466,"menu_order":0,"comment_status":"closed","ping_status":"closed","template":"","meta":{"footnotes":""},"class_list":["post-475","page","type-page","status-publish","hentry"],"_links":{"self":[{"href":"https:\/\/cp-prod-wordpress.alfa.sx\/de\/wp-json\/wp\/v2\/pages\/475","targetHints":{"allow":["GET"]}}],"collection":[{"href":"https:\/\/cp-prod-wordpress.alfa.sx\/de\/wp-json\/wp\/v2\/pages"}],"about":[{"href":"https:\/\/cp-prod-wordpress.alfa.sx\/de\/wp-json\/wp\/v2\/types\/page"}],"author":[{"embeddable":true,"href":"https:\/\/cp-prod-wordpress.alfa.sx\/de\/wp-json\/wp\/v2\/users\/3"}],"replies":[{"embeddable":true,"href":"https:\/\/cp-prod-wordpress.alfa.sx\/de\/wp-json\/wp\/v2\/comments?post=475"}],"version-history":[{"count":15,"href":"https:\/\/cp-prod-wordpress.alfa.sx\/de\/wp-json\/wp\/v2\/pages\/475\/revisions"}],"predecessor-version":[{"id":478,"href":"https:\/\/cp-prod-wordpress.alfa.sx\/de\/wp-json\/wp\/v2\/pages\/475\/revisions\/478"}],"up":[{"embeddable":true,"href":"https:\/\/cp-prod-wordpress.alfa.sx\/de\/wp-json\/wp\/v2\/pages\/466"}],"wp:attachment":[{"href":"https:\/\/cp-prod-wordpress.alfa.sx\/de\/wp-json\/wp\/v2\/media?parent=475"}],"curies":[{"name":"wp","href":"https:\/\/api.w.org\/{rel}","templated":true}]}}