{"id":5031,"date":"2024-11-05T08:26:25","date_gmt":"2024-11-05T08:26:25","guid":{"rendered":"https:\/\/support.alfaview.com\/?page_id=5031"},"modified":"2025-06-06T07:54:09","modified_gmt":"2025-06-06T07:54:09","slug":"audio-settings","status":"publish","type":"page","link":"https:\/\/cp-prod-wordpress.alfa.sx\/de\/alfaview-app\/alfaview-room\/primary-and-secondary-controls\/settings\/audio-settings\/","title":{"rendered":"Audioeinstellungen"},"content":{"rendered":"\n<p>Im Reiter <img loading=\"lazy\" decoding=\"async\" width=\"20\" height=\"20\" class=\"wp-image-2116\" style=\"width: 20px;\" src=\"https:\/\/cp-prod-wordpress.alfa.sx\/wp-content\/uploads\/2023\/12\/icon-settings.png\" alt=\"Symbol Einstellungen\"> <strong>Einstellungen <\/strong>des Funktionsmen\u00fcs k\u00f6nnen Sie \u00c4nderungen an allen Audioeinstellungen vornehmen. Hier finden Sie neben den Auswahlmen\u00fcs f\u00fcr Ihr Mikrofon, Ihren Lautsprecher und Ihr Headset die Funktionen Push-to-Talk oder die Mikrofonoptimierung. Die <strong>Schnelleinstellungen<\/strong> im Hauptmen\u00fc bieten Ihnen eine komprimierte Auswahl an Einstellungen, mit denen Sie z.B. Ihr Mikrofon oder Ihren Lautsprecher ausw\u00e4hlen k\u00f6nnen.<\/p>\n\n\n\n<ul class=\"wp-block-list\">\n<li><a href=\"https:\/\/cp-prod-wordpress.alfa.sx\/de\/alfaview-app\/alfaview-room\/primary-and-secondary-controls\/settings\/audio-settings\/#die-schnelleinstellungen\">Schnelleinstellungen<\/a><\/li>\n\n\n\n<li><a href=\"https:\/\/cp-prod-wordpress.alfa.sx\/de\/alfaview-app\/alfaview-room\/primary-and-secondary-controls\/settings\/audio-settings\/#die-audioeinstellungen-im-funktionsmenue\">Alle Audioeinstellungen<\/a><\/li>\n<\/ul>\n\n\n\n<h2 class=\"wp-block-heading\" class=\"wp-block-heading\" id=\"die-schnelleinstellungen\">Die Schnelleinstellungen<a href=\"#die-schnelleinstellungen\" class=\"av-heading-anchor\"><i class=\"bi bi-link\"><\/i><\/a><\/h2>\n\n\n\n<div class=\"wp-block-columns is-layout-flex wp-container-core-columns-is-layout-9d6595d7 wp-block-columns-is-layout-flex\">\n<div class=\"wp-block-column is-layout-flow wp-block-column-is-layout-flow\">\n<div class=\"wp-block-columns is-layout-flex wp-container-core-columns-is-layout-9d6595d7 wp-block-columns-is-layout-flex\">\n<div class=\"wp-block-column is-layout-flow wp-block-column-is-layout-flow\" style=\"flex-basis:50px\">\n<button class=\"wp-block-alfaview-button av-button-main-menu av-button-blue-grey\" disabled aria-label=\"Mikrofon an mit Men\u00fc\"><i class=\"icon icon-ic_mic_24dp\"><\/i><span class=\"av-secondary-icon\"><i class=\"icon icon-ic_arrow_drop_down_24dp\"><\/i><\/span><\/button>\n<\/div>\n\n\n\n<div class=\"wp-block-column is-layout-flow wp-block-column-is-layout-flow\">\n<p>\u00d6ffnen Sie die Schnelleinstellungen, indem Sie auf das kleine Symbol <strong>Men\u00fc \u00f6ffnen<\/strong> rechts unten neben dem Mikrofonsymbol im Hauptmen\u00fc klicken.<\/p>\n<\/div>\n<\/div>\n\n\n\n<p>Ihnen werden nun in einem Fenster die drei Men\u00fcs <strong>Headset, Mikrofon<\/strong> und <strong>Lautsprecher ausw\u00e4hlen<\/strong> angezeigt.<\/p>\n\n\n\n<div class=\"wp-block-columns is-layout-flex wp-container-core-columns-is-layout-9d6595d7 wp-block-columns-is-layout-flex\">\n<div class=\"wp-block-column is-layout-flow wp-block-column-is-layout-flow\">\n<div class=\"wp-block-columns is-layout-flex wp-container-core-columns-is-layout-9d6595d7 wp-block-columns-is-layout-flex\">\n<div class=\"wp-block-column is-layout-flow wp-block-column-is-layout-flow\">\n<h3 class=\"wp-block-heading\" class=\"wp-block-heading\" id=\"headset-mikrofon\">Headset &amp; Mikrofon<a href=\"#headset-mikrofon\" class=\"av-heading-anchor\"><i class=\"bi bi-link\"><\/i><\/a><\/h3>\n\n\n\n<ul class=\"wp-block-list\">\n<li>W\u00e4hlen Sie aus der Liste das Headset bzw. das Mikrofon aus, das Sie benutzen m\u00f6chten.<\/li>\n\n\n\n<li>Aktivieren oder deaktivieren Sie die <strong>Echo-<\/strong> und <strong>Ger\u00e4uschunterdr\u00fcckung<\/strong> mit einem Klick auf den entsprechenden Schalter. Die Unterdr\u00fcckung ist aktiviert, wenn der Schalter blau angezeigt wird und sich auf der rechten Seite befindet.<\/li>\n<\/ul>\n\n\n\n<div style=\"height:20px\" aria-hidden=\"true\" class=\"wp-block-spacer\"><\/div>\n\n\n\n<p>Sie k\u00f6nnen hier auch Ihr Mikrofon testen.<\/p>\n\n\n\n<ul class=\"wp-block-list\">\n<li>Klicken Sie auf die Schaltfl\u00e4che <button class=\"av-button av-button--default\">Mikrotest<\/button> am unteren Rand des Fensters.<\/li>\n\n\n\n<li>Die Schaltfl\u00e4che zeigt nun <button class=\"av-button av-button--error\">Aufnahme<\/button> an. Sprechen Sie in Ihr Mikrofon. Die Kreise neben der Schaltfl\u00e4che sollten nun farbig aufleuchten.<\/li>\n\n\n\n<li>Nachdem die Aufnahme Ihrer Stimme beendet ist, wird diese Ihnen vorgespielt.<\/li>\n<\/ul>\n<\/div>\n\n\n\n<div class=\"wp-block-column is-layout-flow wp-block-column-is-layout-flow\" style=\"flex-basis:250px\">\n<div style=\"height:90px\" aria-hidden=\"true\" class=\"wp-block-spacer\"><\/div>\n\n\n\n<figure class=\"wp-block-image size-full\"><a href=\"https:\/\/cp-prod-wordpress.alfa.sx\/wp-content\/uploads\/2024\/12\/audio-quick-settings-mic-de.png\"><img loading=\"lazy\" decoding=\"async\" width=\"726\" height=\"832\" src=\"https:\/\/cp-prod-wordpress.alfa.sx\/wp-content\/uploads\/2024\/12\/audio-quick-settings-mic-de.png\" alt=\"Screenshot des Headset-Auswahlmen\u00fcs\" class=\"wp-image-5173\" srcset=\"https:\/\/cp-prod-wordpress.alfa.sx\/wp-content\/uploads\/2024\/12\/audio-quick-settings-mic-de.png 726w, https:\/\/cp-prod-wordpress.alfa.sx\/wp-content\/uploads\/2024\/12\/audio-quick-settings-mic-de-262x300.png 262w\" sizes=\"auto, (max-width: 726px) 100vw, 726px\" \/><\/a><\/figure>\n<\/div>\n<\/div>\n\n\n\n<div class=\"wp-block-columns is-layout-flex wp-container-core-columns-is-layout-9d6595d7 wp-block-columns-is-layout-flex\">\n<div class=\"wp-block-column is-layout-flow wp-block-column-is-layout-flow\">\n<h3 class=\"wp-block-heading\" class=\"wp-block-heading\" id=\"lautsprecher\">Lautsprecher<a href=\"#lautsprecher\" class=\"av-heading-anchor\"><i class=\"bi bi-link\"><\/i><\/a><\/h3>\n\n\n\n<ul class=\"wp-block-list\">\n<li>W\u00e4hlen Sie aus der Liste den Lautsprecher aus, den Sie benutzen m\u00f6chten.<\/li>\n\n\n\n<li>Testen Sie Ihren Lautsprecher mit einem Klick auf die Schaltfl\u00e4che <strong>Lautsprecher testen<\/strong>. Es wird nun ein Ton abgespielt.<\/li>\n\n\n\n<li>Passen Sie die Lautst\u00e4rke an, indem Sie den Schieberegler nach links oder rechts ziehen. Der blaue Balken und die Prozentzahl geben Ihnen die aktuelle Lautst\u00e4rke an.<\/li>\n<\/ul>\n<\/div>\n\n\n\n<div class=\"wp-block-column is-layout-flow wp-block-column-is-layout-flow\" style=\"flex-basis:250px\">\n<figure class=\"wp-block-image size-full\"><a href=\"https:\/\/cp-prod-wordpress.alfa.sx\/wp-content\/uploads\/2024\/12\/audio-quick-settings-speaker-de.png\"><img loading=\"lazy\" decoding=\"async\" width=\"722\" height=\"858\" src=\"https:\/\/cp-prod-wordpress.alfa.sx\/wp-content\/uploads\/2024\/12\/audio-quick-settings-speaker-de.png\" alt=\"Screenshot des Lautsprecher-Auswahlmen\u00fcs\" class=\"wp-image-5175\" srcset=\"https:\/\/cp-prod-wordpress.alfa.sx\/wp-content\/uploads\/2024\/12\/audio-quick-settings-speaker-de.png 722w, https:\/\/cp-prod-wordpress.alfa.sx\/wp-content\/uploads\/2024\/12\/audio-quick-settings-speaker-de-252x300.png 252w\" sizes=\"auto, (max-width: 722px) 100vw, 722px\" \/><\/a><\/figure>\n<\/div>\n<\/div>\n<\/div>\n<\/div>\n<\/div>\n<\/div>\n\n\n\n<h2 class=\"wp-block-heading\" class=\"wp-block-heading\" id=\"die-audioeinstellungen-im-funktionsmenue\">Die Audioeinstellungen im Funktionsmen\u00fc<a href=\"#die-audioeinstellungen-im-funktionsmenue\" class=\"av-heading-anchor\"><i class=\"bi bi-link\"><\/i><\/a><\/h2>\n\n\n<div class=\"wp-block-image\">\n<figure class=\"alignright size-full is-resized\"><a href=\"https:\/\/cp-prod-wordpress.alfa.sx\/wp-content\/uploads\/2024\/11\/audio-settings-de.png\"><img loading=\"lazy\" decoding=\"async\" width=\"396\" height=\"601\" src=\"https:\/\/cp-prod-wordpress.alfa.sx\/wp-content\/uploads\/2024\/11\/audio-settings-de.png\" alt=\"Screenshot der Audioeinstellungen in der alfaview-App\" class=\"wp-image-5025\" style=\"width:250px\" srcset=\"https:\/\/cp-prod-wordpress.alfa.sx\/wp-content\/uploads\/2024\/11\/audio-settings-de.png 396w, https:\/\/cp-prod-wordpress.alfa.sx\/wp-content\/uploads\/2024\/11\/audio-settings-de-198x300.png 198w\" sizes=\"auto, (max-width: 396px) 100vw, 396px\" \/><\/a><figcaption class=\"wp-element-caption\">Audioeinstellungen<\/figcaption><\/figure>\n<\/div>\n\n\n<p>Die Audioeinstellungen stellen neben den Auswahlmen\u00fcs der Schnelleinstellungen noch weitere Einstellungen zur Verf\u00fcgung, mit denen Sie Ihr Audio optimieren k\u00f6nnen.<\/p>\n\n\n\n<ul class=\"wp-block-list\">\n<li><a href=\"https:\/\/cp-prod-wordpress.alfa.sx\/de\/alfaview-app\/alfaview-room\/primary-and-secondary-controls\/settings\/audio-settings\/#headset\">Headset<\/a><\/li>\n\n\n\n<li><a href=\"https:\/\/cp-prod-wordpress.alfa.sx\/de\/alfaview-app\/alfaview-room\/primary-and-secondary-controls\/settings\/audio-settings\/#mikrofon\">Mikrofon<\/a><\/li>\n\n\n\n<li><a href=\"https:\/\/cp-prod-wordpress.alfa.sx\/de\/alfaview-app\/alfaview-room\/primary-and-secondary-controls\/settings\/audio-settings\/#lautsprecher\">Lautsprecher<\/a><\/li>\n\n\n\n<li><a href=\"https:\/\/cp-prod-wordpress.alfa.sx\/de\/alfaview-app\/alfaview-room\/primary-and-secondary-controls\/settings\/audio-settings\/#echounterdrueckung\">Echounterdr\u00fcckung<\/a><\/li>\n\n\n\n<li><a href=\"https:\/\/cp-prod-wordpress.alfa.sx\/de\/alfaview-app\/alfaview-room\/primary-and-secondary-controls\/settings\/audio-settings\/#geraeuschunterdrueckung\">Ger\u00e4uschunterdr\u00fcckung<\/a><\/li>\n\n\n\n<li><a href=\"https:\/\/cp-prod-wordpress.alfa.sx\/de\/alfaview-app\/alfaview-room\/primary-and-secondary-controls\/settings\/audio-settings\/#erweiterte-einstellungen\">Erweiterte Einstellungen<\/a>\n<ul class=\"wp-block-list\">\n<li><a href=\"https:\/\/cp-prod-wordpress.alfa.sx\/de\/alfaview-app\/alfaview-room\/primary-and-secondary-controls\/settings\/audio-settings\/#rauschunterdrueckung\">Rauschunterdr\u00fcckung<\/a><\/li>\n\n\n\n<li><a href=\"https:\/\/cp-prod-wordpress.alfa.sx\/de\/alfaview-app\/alfaview-room\/primary-and-secondary-controls\/settings\/audio-settings\/#mikrofonoptimierung\">Mikrofonoptimierung<\/a><\/li>\n\n\n\n<li><a href=\"https:\/\/cp-prod-wordpress.alfa.sx\/de\/alfaview-app\/alfaview-room\/primary-and-secondary-controls\/settings\/audio-settings\/#signalverarbeitung\">Signalverarbeitung<\/a><\/li>\n\n\n\n<li><a href=\"https:\/\/cp-prod-wordpress.alfa.sx\/de\/alfaview-app\/alfaview-room\/primary-and-secondary-controls\/settings\/audio-settings\/#mikrofon-beim-beitritt-einschalten\">Mikrofon beim Beitritt einschalten<\/a><\/li>\n\n\n\n<li><a href=\"https:\/\/cp-prod-wordpress.alfa.sx\/de\/alfaview-app\/alfaview-room\/primary-and-secondary-controls\/settings\/audio-settings\/#push-to-talk-aktivieren\">Push-to-Talk aktivieren<\/a><\/li>\n\n\n\n<li><a href=\"https:\/\/cp-prod-wordpress.alfa.sx\/de\/alfaview-app\/alfaview-room\/primary-and-secondary-controls\/settings\/audio-settings\/#lautsprecherstatus-anzeigen\">Lautsprecherstatus anzeigen<\/a><\/li>\n\n\n\n<li><a href=\"https:\/\/cp-prod-wordpress.alfa.sx\/de\/alfaview-app\/alfaview-room\/primary-and-secondary-controls\/settings\/audio-settings\/#aktuelles-geraet-als-headset-behandeln\">Aktuelles Ger\u00e4t als Headset behandeln<\/a><\/li>\n<\/ul>\n<\/li>\n<\/ul>\n\n\n\n<div style=\"height:1px\" aria-hidden=\"true\" class=\"wp-block-spacer\"><\/div>\n\n\n\n<div class=\"wp-block-alfaview-callout\">\n<p>Die Einstellungen werden automatisch \u00fcbernommen und m\u00fcssen nicht von Ihnen gespeichert werden.<\/p>\n<\/div>\n\n\n\n<h2 class=\"wp-block-heading\" class=\"wp-block-heading\" id=\"headset\">Headset<a href=\"#headset\" class=\"av-heading-anchor\"><i class=\"bi bi-link\"><\/i><\/a><\/h2>\n\n\n\n<p>Klicken Sie auf den Men\u00fcpunkt <strong>Headset<\/strong>, um eine Auswahlliste mit allen angeschlossenen Ger\u00e4ten zu \u00f6ffnen. W\u00e4hlen Sie das gew\u00fcnschte Ger\u00e4t aus.<\/p>\n\n\n\n<h2 class=\"wp-block-heading\" class=\"wp-block-heading\" id=\"mikrofon\">Mikrofon<a href=\"#mikrofon\" class=\"av-heading-anchor\"><i class=\"bi bi-link\"><\/i><\/a><\/h2>\n\n\n\n<p>\u00d6ffnen Sie \u00fcber den Men\u00fcpunkt <strong>Mikrofon <\/strong>die Auswahlliste aller angeschlossenen Mikrofone. W\u00e4hlen Sie nun das Mikrofon aus, das Sie verwenden m\u00f6chten.<\/p>\n\n\n\n<h2 class=\"wp-block-heading\" class=\"wp-block-heading\" id=\"lautsprecher\">Lautsprecher<a href=\"#lautsprecher\" class=\"av-heading-anchor\"><i class=\"bi bi-link\"><\/i><\/a><\/h2>\n\n\n\n<p>Klicken Sie auf den Men\u00fcpunkt <strong>Lautsprecher<\/strong>. Es \u00f6ffnet sich nun eine Auswahlliste, aus der Sie das gew\u00fcnschte Ger\u00e4t ausw\u00e4hlen k\u00f6nnen. Um die Funktionalit\u00e4t Ihres Lautsprechers zu testen, klicken Sie auf die Schaltfl\u00e4che <strong>Testton abspielen<\/strong>. Sie k\u00f6nnen die Lautst\u00e4rke von alfaview durch das Verschieben des Schiebereglers anpassen.<\/p>\n\n\n\n<h2 class=\"wp-block-heading\" class=\"wp-block-heading\" id=\"echounterdrueckung\">Echounterdr\u00fcckung<a href=\"#echounterdrueckung\" class=\"av-heading-anchor\"><i class=\"bi bi-link\"><\/i><\/a><\/h2>\n\n\n\n<p>Wenn Sie ein separates Mikrofon und einen separaten Lautsprecher verwenden, empfehlen wir Ihnen, die <strong>Echounterdr\u00fcckung <\/strong>zu aktivieren. Diese Einstellung verhindert, dass die Audio\u00fcbertragung Ihres Lautsprechers von Ihrem Mikrofon aufgenommen und wieder \u00fcbertragen wird.<\/p>\n\n\n\n<div class=\"wp-block-alfaview-callout\">\n<p>Bei der Nutzung eines Headsets wird die <strong>Echounterdr\u00fcckung<\/strong> automatisch deaktiviert.<\/p>\n<\/div>\n\n\n\n<h2 class=\"wp-block-heading\" class=\"wp-block-heading\" id=\"geraeuschunterdrueckung\">Ger\u00e4uschunterdr\u00fcckung<a href=\"#geraeuschunterdrueckung\" class=\"av-heading-anchor\"><i class=\"bi bi-link\"><\/i><\/a><\/h2>\n\n\n\n<p>Die <strong>Ger\u00e4uschunterdr\u00fcckung <\/strong>filtert unerw\u00fcnschte Nebenger\u00e4usche aus der Mikrofon\u00fcbertragung heraus und verbessert so die Audioqualit\u00e4t.<\/p>\n\n\n\n<h2 class=\"wp-block-heading\" class=\"wp-block-heading\" id=\"erweiterte-einstellungen\">Erweiterte Einstellungen<a href=\"#erweiterte-einstellungen\" class=\"av-heading-anchor\"><i class=\"bi bi-link\"><\/i><\/a><\/h2>\n\n\n<div class=\"wp-block-image\">\n<figure class=\"alignright size-full is-resized\"><a href=\"https:\/\/cp-prod-wordpress.alfa.sx\/wp-content\/uploads\/2024\/11\/audio-settings-advanced-de.png\"><img loading=\"lazy\" decoding=\"async\" width=\"392\" height=\"767\" src=\"https:\/\/cp-prod-wordpress.alfa.sx\/wp-content\/uploads\/2024\/11\/audio-settings-advanced-de.png\" alt=\"Screenshot der erweiterten Audioeinstellungen in der alfaview-App\" class=\"wp-image-5028\" style=\"width:250px\" srcset=\"https:\/\/cp-prod-wordpress.alfa.sx\/wp-content\/uploads\/2024\/11\/audio-settings-advanced-de.png 392w, https:\/\/cp-prod-wordpress.alfa.sx\/wp-content\/uploads\/2024\/11\/audio-settings-advanced-de-153x300.png 153w\" sizes=\"auto, (max-width: 392px) 100vw, 392px\" \/><\/a><figcaption class=\"wp-element-caption\">Erweiterte Audioeinstellungen<\/figcaption><\/figure>\n<\/div>\n\n\n<p>Zus\u00e4tzliche Audioeinstellungen wie die Rauschunterdr\u00fcckung oder Mikrofonoptimierung stehen Ihnen im Men\u00fcpunkt <strong>Erweiterte Einstellungen<\/strong> zur Verf\u00fcgung.<\/p>\n\n\n\n<h3 class=\"wp-block-heading\" class=\"wp-block-heading\" id=\"rauschunterdrueckung\">Rauschunterdr\u00fcckung<a href=\"#rauschunterdrueckung\" class=\"av-heading-anchor\"><i class=\"bi bi-link\"><\/i><\/a><\/h3>\n\n\n\n<p>W\u00e4hlen Sie den Grad der Rauschunterdr\u00fcckung, um Hintergrundger\u00e4usche effektiver aus Ihrer Audio\u00fcbertragung herauszufiltern.<\/p>\n\n\n\n<h3 class=\"wp-block-heading\" class=\"wp-block-heading\" id=\"mikrofonoptimierung\">Mikrofonoptimierung<a href=\"#mikrofonoptimierung\" class=\"av-heading-anchor\"><i class=\"bi bi-link\"><\/i><\/a><\/h3>\n\n\n\n<p>Wir empfehlen die Verwendung der automatischen Ger\u00e4uschunterdr\u00fcckung. Wenn Sie die Ger\u00e4uschunterdr\u00fcckung manuell anpassen m\u00f6chten, k\u00f6nnen Sie die Mikrofonoptimierung verwenden. Hier k\u00f6nnen Sie selbstst\u00e4ndig einstellen, ab welchem Eingangspegel das Mikrofon Ihre Stimme \u00fcbertr\u00e4gt.<\/p>\n\n\n\n<ul class=\"wp-block-list\">\n<li>Sprechen Sie in Ihr Mikrofon.<\/li>\n\n\n\n<li>Bewegen Sie den Schieberegler, um die Mikrofonempfindlichkeit einzustellen. Vergewissern Sie sich, dass der Indikatorbalken blau wird und sich nach rechts \u00fcber den Schieberegler hinaus bewegt, wenn Sie sprechen.<\/li>\n\n\n\n<li>Wenn Sie nicht sprechen, sollte der Indikatorbalken orange oder unsichtbar sein. Das bedeutet, dass Ihr Ton nicht \u00fcbertragen wird.<\/li>\n<\/ul>\n\n\n\n<div class=\"wp-block-alfaview-callout\">\n<p>F\u00fcr eine optimale \u00dcbertragungsqualit\u00e4t empfehlen wir, einen konstanten Abstand zum Mikrofon einzuhalten. Zus\u00e4tzlich k\u00f6nnen Sie in den Einstellungen des Funktionsmen\u00fcs den&nbsp;<strong>Optimierungsassistenten<\/strong>&nbsp;verwenden. Dieser stellt den Pegel anhand einer kurzen Sprachprobe automatisch f\u00fcr Sie ein.<\/p>\n\n\n\n<p>Klicken Sie daf\u00fcr auf die Schaltfl\u00e4che <button class=\"av-button--primary av-button\">Ausf\u00fchren<\/button> neben dem Optimierungsassistenten.<\/p>\n<\/div>\n\n\n\n<h3 class=\"wp-block-heading\" class=\"wp-block-heading\" id=\"signalverarbeitung\">Signalverarbeitung<a href=\"#signalverarbeitung\" class=\"av-heading-anchor\"><i class=\"bi bi-link\"><\/i><\/a><\/h3>\n\n\n\n<p>Die Signalverarbeitung bietet weitere Einstellungen, die automatisch aktiviert sind und Ihre Audioqualit\u00e4t verbessern.<\/p>\n\n\n\n<h3 class=\"wp-block-heading\" class=\"wp-block-heading\" id=\"mikrofon-beim-beitritt-einschalten\">Mikrofon beim Beitritt einschalten<a href=\"#mikrofon-beim-beitritt-einschalten\" class=\"av-heading-anchor\"><i class=\"bi bi-link\"><\/i><\/a><\/h3>\n\n\n\n<p>Wenn Sie diese Funktion aktivieren, wird Ihr Mikrofon automatisch eingeschaltet, bevor Sie einen Raum betreten. Sie k\u00f6nnen das Mikrofon jederzeit in den Schnelleinstellungen deaktivieren, bevor Sie einen Raum betreten.<\/p>\n\n\n\n<h3 class=\"wp-block-heading\" class=\"wp-block-heading\" id=\"push-to-talk-aktivieren\">Push-to-Talk aktivieren<a href=\"#push-to-talk-aktivieren\" class=\"av-heading-anchor\"><i class=\"bi bi-link\"><\/i><\/a><\/h3>\n\n\n\n<div class=\"wp-block-alfaview-callout\">\n<p>Push-To-Talk kann hilfreich sein, wenn Sie sich in einer lauten Umgebung aufhalten oder wenn Ihnen kein Headset zur Verf\u00fcgung steht.<\/p>\n<\/div>\n\n\n\n<p>Die Push-To-Talk-Funktion erm\u00f6glicht die manuelle Aktivierung des Mikrofons per Tastendruck. Mit dieser Funktion \u00fcbertr\u00e4gt Ihr Mikrofon nur dann einen Ton, wenn Sie die <code>STRG<\/code>-Taste gedr\u00fcckt halten.<\/p>\n\n\n\n<ul class=\"wp-block-list\">\n<li>Aktivieren Sie die Push-To-Talk-Funktion, indem Sie auf den Schalter klicken.<\/li>\n\n\n\n<li>Das Symbol <img loading=\"lazy\" decoding=\"async\" width=\"20\" height=\"20\" class=\"wp-image-650\" style=\"width: 20px;\" src=\"https:\/\/cp-prod-wordpress.alfa.sx\/wp-content\/uploads\/2023\/10\/icon-microphone-ptt.png\" alt=\"\"> <strong>Mikrofon<\/strong> im Hauptmen\u00fc wird nun orange und durchgestrichen dargestellt.<\/li>\n\n\n\n<li>Halten Sie zum Sprechen die&nbsp;<code>STRG<\/code>-Taste auf Ihrer Tastatur gedr\u00fcckt.<\/li>\n\n\n\n<li>Lassen Sie die&nbsp;<code>STRG<\/code>-Taste los, wenn Sie mit dem Sprechen fertig sind.<\/li>\n<\/ul>\n\n\n\n<div class=\"wp-block-alfaview-callout\">\n<p>Wenn Sie die&nbsp;<code>STRG<\/code>-Taste nicht f\u00fcr Push-To-Talk verwenden m\u00f6chten, k\u00f6nnen Sie eine benutzerdefinierte Tastenkombination festlegen.<\/p>\n\n\n\n<ul class=\"wp-block-list\">\n<li>Klicken Sie neben dem Eingabefeld der Push-To-Talk-Option auf die Schaltfl\u00e4che <button class=\"av-button av-button--default\">Bearbeiten<\/button>.<\/li>\n\n\n\n<li>Dr\u00fccken Sie die Taste auf Ihrer Tastatur, mit der Sie die Push-To-Talk-Funktion aktivieren m\u00f6chten. Sobald alfaview Ihre Tastenwahl erkennt, wird diese im Eingabefeld angezeigt.<\/li>\n\n\n\n<li>Klicken Sie anschlie\u00dfend auf die Schaltfl\u00e4che <button class=\"av-button av-button--error\">Speichern<\/button>.<\/li>\n<\/ul>\n<\/div>\n\n\n\n<h3 class=\"wp-block-heading\" class=\"wp-block-heading\" id=\"lautsprecherstatus-anzeigen\">Lautsprecherstatus anzeigen<a href=\"#lautsprecherstatus-anzeigen\" class=\"av-heading-anchor\"><i class=\"bi bi-link\"><\/i><\/a><\/h3>\n\n\n\n<p>Wenn Sie den Lautsprecherstatus aktivieren, erscheint in den alfaview-R\u00e4umen unten links im Statusmen\u00fc ein kleines Lautsprechersymbol. Mit einem Klick auf das Symbol k\u00f6nnen Sie alfaview stumm schalten. Sie haben alfaview stumm geschalten, wenn das Symbol orange angezeigt wird.<\/p>\n\n\n\n<h3 class=\"wp-block-heading\" class=\"wp-block-heading\" id=\"aktuelles-geraet-als-headset-behandeln\">Aktuelles Ger\u00e4t als Headset behandeln<a href=\"#aktuelles-geraet-als-headset-behandeln\" class=\"av-heading-anchor\"><i class=\"bi bi-link\"><\/i><\/a><\/h3>\n\n\n\n<p>Wenn Sie diese Option aktivieren, werden die Headset-spezifischen Optimierungen auf die aktuell ausgew\u00e4hlten Ger\u00e4te angewendet.<\/p>\n\n\n\n<div class=\"wp-block-alfaview-callout\">\n<p>Die Einstellungen werden automatisch \u00fcbernommen und m\u00fcssen nicht von Ihnen gespeichert werden.<\/p>\n<\/div>\n\n\n\n<h4 class=\"wp-block-heading\" class=\"wp-block-heading\" id=\"standardwerte-setzen\">Standardwerte setzen<a href=\"#standardwerte-setzen\" class=\"av-heading-anchor\"><i class=\"bi bi-link\"><\/i><\/a><\/h4>\n\n\n\n<p>Sie k\u00f6nnen alle Audioeinstellungen, die Sie vorgenommen haben, wieder auf die Standardeinstellungen zur\u00fccksetzen. Klicken Sie daf\u00fcr auf die Schaltfl\u00e4che <button class=\"av-button av-button--error\">Standardwerte setzen<\/button>.<\/p>\n\n\n\n<div class=\"wp-block-alfaview-callout\">\n<p>Bitte beachten Sie, dass die Einstellungen sofort zur\u00fcckgesetzt werden und keine erneute Nachfrage vorgenommen wird.<\/p>\n<\/div>\n","protected":false},"excerpt":{"rendered":"<p>Im Reiter Einstellungen des Funktionsmen\u00fcs k\u00f6nnen Sie \u00c4nderungen an allen Audioeinstellungen vornehmen. Hier finden Sie neben den Auswahlmen\u00fcs f\u00fcr Ihr Mikrofon, Ihren Lautsprecher und Ihr Headset die Funktionen Push-to-Talk oder die Mikrofonoptimierung. Die Schnelleinstellungen im [&hellip;]<\/p>\n","protected":false},"author":5,"featured_media":0,"parent":1031,"menu_order":0,"comment_status":"closed","ping_status":"closed","template":"","meta":{"footnotes":""},"class_list":["post-5031","page","type-page","status-publish","hentry"],"_links":{"self":[{"href":"https:\/\/cp-prod-wordpress.alfa.sx\/de\/wp-json\/wp\/v2\/pages\/5031","targetHints":{"allow":["GET"]}}],"collection":[{"href":"https:\/\/cp-prod-wordpress.alfa.sx\/de\/wp-json\/wp\/v2\/pages"}],"about":[{"href":"https:\/\/cp-prod-wordpress.alfa.sx\/de\/wp-json\/wp\/v2\/types\/page"}],"author":[{"embeddable":true,"href":"https:\/\/cp-prod-wordpress.alfa.sx\/de\/wp-json\/wp\/v2\/users\/5"}],"replies":[{"embeddable":true,"href":"https:\/\/cp-prod-wordpress.alfa.sx\/de\/wp-json\/wp\/v2\/comments?post=5031"}],"version-history":[{"count":16,"href":"https:\/\/cp-prod-wordpress.alfa.sx\/de\/wp-json\/wp\/v2\/pages\/5031\/revisions"}],"predecessor-version":[{"id":5032,"href":"https:\/\/cp-prod-wordpress.alfa.sx\/de\/wp-json\/wp\/v2\/pages\/5031\/revisions\/5032"}],"up":[{"embeddable":true,"href":"https:\/\/cp-prod-wordpress.alfa.sx\/de\/wp-json\/wp\/v2\/pages\/1031"}],"wp:attachment":[{"href":"https:\/\/cp-prod-wordpress.alfa.sx\/de\/wp-json\/wp\/v2\/media?parent=5031"}],"curies":[{"name":"wp","href":"https:\/\/api.w.org\/{rel}","templated":true}]}}