{"id":5132,"date":"2025-05-07T13:46:44","date_gmt":"2025-05-07T13:46:44","guid":{"rendered":"https:\/\/support.alfaview.com\/?page_id=5132"},"modified":"2024-11-28T13:52:20","modified_gmt":"2024-11-28T13:52:20","slug":"release-notes-2019","status":"publish","type":"page","link":"https:\/\/cp-prod-wordpress.alfa.sx\/de\/release-notes\/release-notes-2019\/","title":{"rendered":"Versionshinweise 2019"},"content":{"rendered":"\n<h2 class=\"wp-block-heading\" id=\"alfaview-client-version-751964-25112019\">alfaview Client Version 7.51964 (25.11.2019)<a href=\"https:\/\/cp-prod-wordpress.alfa.sx\/en\/release-notes\/#alfaview-client-version-751964-25112019\"><\/a><\/h2>\n\n\n\n<figure class=\"wp-block-table\"><table><tbody><tr><td><strong><strong><strong><strong><strong><strong><strong><strong><strong><strong><strong><strong><strong><strong><strong>Gel\u00f6ste Probleme<\/strong><\/strong><\/strong><\/strong><\/strong><\/strong><\/strong><\/strong><\/strong><\/strong><\/strong><\/strong><\/strong><\/strong><\/strong><\/td><td>Maintenance release<\/td><\/tr><\/tbody><\/table><\/figure>\n\n\n\n<h2 class=\"wp-block-heading\" id=\"alfaview-client-version-750429-30102019\">alfaview Client Version 7.50429 (30.10.2019)<a href=\"https:\/\/cp-prod-wordpress.alfa.sx\/en\/release-notes\/#alfaview-client-version-750429-30102019\"><\/a><\/h2>\n\n\n\n<figure class=\"wp-block-table\"><table><tbody><tr><td><strong><strong><strong><strong><strong><strong><strong><strong><strong><strong><strong><strong><strong><strong><strong>Gel\u00f6ste Probleme<\/strong><\/strong><\/strong><\/strong><\/strong><\/strong><\/strong><\/strong><\/strong><\/strong><\/strong><\/strong><\/strong><\/strong><\/strong><\/td><td>Maintenance release<\/td><\/tr><\/tbody><\/table><\/figure>\n\n\n\n<h2 class=\"wp-block-heading\" id=\"alfaview-client-version-748288-20092019\">alfaview Client Version 7.48288 (20.09.2019)<a href=\"https:\/\/cp-prod-wordpress.alfa.sx\/en\/release-notes\/#alfaview-client-version-748288-20092019\"><\/a><\/h2>\n\n\n\n<figure class=\"wp-block-table\"><table><tbody><tr><td><strong>Feature-Update<\/strong><\/td><td>Wenn im aktuellen Raum der Zuschauermodus aktiviert ist, wird das Augensymbol immer in der oberen rechten Ecke angezeigt. Bisher w\u00fcrde es nur erscheinen, wenn mindestens ein Zuschauer anwesend war.<\/td><\/tr><tr><td><strong><strong><strong><strong><strong><strong><strong><strong><strong><strong><strong><strong><strong><strong><strong>Gel\u00f6ste Probleme<\/strong><\/strong><\/strong><\/strong><\/strong><\/strong><\/strong><\/strong><\/strong><\/strong><\/strong><\/strong><\/strong><\/strong><\/strong><\/td><td>Wir haben alfaview auf die kommende Version von macOS 10.15 Catalina vorbereitet.<\/td><\/tr><tr><td><strong><strong><strong><strong><strong><strong><strong><strong><strong><strong><strong><strong><strong><strong><strong>Gel\u00f6ste Probleme<\/strong><\/strong><\/strong><\/strong><\/strong><\/strong><\/strong><\/strong><\/strong><\/strong><\/strong><\/strong><\/strong><\/strong><\/strong><\/td><td>In seltenen F\u00e4llen brachte das Aktivieren des Pause-Modus alfaview zum Absturz. Dies ist jetzt behoben.<\/td><\/tr><tr><td><strong><strong><strong><strong><strong><strong><strong><strong><strong><strong><strong><strong><strong><strong><strong>Gel\u00f6ste Probleme<\/strong><\/strong><\/strong><\/strong><\/strong><\/strong><\/strong><\/strong><\/strong><\/strong><\/strong><\/strong><\/strong><\/strong><\/strong><\/td><td>Verbesserungen der Benutzeroberfl\u00e4che, Leistung und Stabilit\u00e4t sowie Bugfixes.<\/td><\/tr><\/tbody><\/table><\/figure>\n\n\n\n<h2 class=\"wp-block-heading\" id=\"alfaview-client-version-746613-28082019\">alfaview Client Version 7.46613 (28.08.2019)<a href=\"https:\/\/cp-prod-wordpress.alfa.sx\/en\/release-notes\/#alfaview-client-version-746613-28082019\"><\/a><\/h2>\n\n\n\n<figure class=\"wp-block-table\"><table><tbody><tr><td><strong><strong><strong><strong><strong><strong><strong><strong><strong><strong><strong><strong><strong><strong><strong>Gel\u00f6ste Probleme<\/strong><\/strong><\/strong><\/strong><\/strong><\/strong><\/strong><\/strong><\/strong><\/strong><\/strong><\/strong><\/strong><\/strong><\/strong><\/td><td>Maintenance release<\/td><\/tr><\/tbody><\/table><\/figure>\n\n\n\n<h2 class=\"wp-block-heading\" id=\"alfaview-client-version-744828-26072019\">alfaview Client Version 7.44828 (26.07.2019)<a href=\"https:\/\/cp-prod-wordpress.alfa.sx\/en\/release-notes\/#alfaview-client-version-744828-26072019\"><\/a><\/h2>\n\n\n\n<figure class=\"wp-block-table\"><table><tbody><tr><td><strong><strong><strong><strong><strong><strong><strong><strong><strong><strong><strong><strong><strong><strong><strong>Gel\u00f6ste Probleme<\/strong><\/strong><\/strong><\/strong><\/strong><\/strong><\/strong><\/strong><\/strong><\/strong><\/strong><\/strong><\/strong><\/strong><\/strong><\/td><td>Maintenance release<\/td><\/tr><\/tbody><\/table><\/figure>\n\n\n\n<h2 class=\"wp-block-heading\" id=\"alfaview-client-version-744828-03072019\">alfaview Client Version 7.44828 (03.07.2019)<a href=\"https:\/\/cp-prod-wordpress.alfa.sx\/en\/release-notes\/#alfaview-client-version-744828-03072019\"><\/a><\/h2>\n\n\n\n<figure class=\"wp-block-table\"><table><tbody><tr><td><strong><strong><strong><strong><strong><strong><strong><strong><strong><strong><strong><strong><strong><strong><strong>Gel\u00f6ste Probleme<\/strong><\/strong><\/strong><\/strong><\/strong><\/strong><\/strong><\/strong><\/strong><\/strong><\/strong><\/strong><\/strong><\/strong><\/strong><\/td><td>Hotfix release<\/td><\/tr><\/tbody><\/table><\/figure>\n\n\n\n<h2 class=\"wp-block-heading\" id=\"alfaview-client-version-743036-28062019\">alfaview Client Version 7.43036 (28.06.2019)<a href=\"https:\/\/cp-prod-wordpress.alfa.sx\/en\/release-notes\/#alfaview-client-version-743036-28062019\"><\/a><\/h2>\n\n\n\n<figure class=\"wp-block-table\"><table><tbody><tr><td><strong>Feature-Update<\/strong><\/td><td>Mit dieser Version f\u00fchren wir Benachrichtigungst\u00f6ne ein. Im ersten Schritt haben wir einen Benachrichtigungston f\u00fcr eingehende Chat-Nachrichten hinzugef\u00fcgt. Beachten Sie, dass Benachrichtigungst\u00f6ne standardm\u00e4\u00dfig deaktiviert sind und im Abschnitt Audio des Einstellungsdialogs aktiviert werden m\u00fcssen.<\/td><\/tr><tr><td><strong>Feature-Update<\/strong><\/td><td>Es ist jetzt m\u00f6glich, dieselbe Kamera als Quelle sowohl f\u00fcr das Prim\u00e4rvideo als auch f\u00fcr die zweite Kamera zu verwenden. F\u00fcr diejenigen, die die Release-Information zur Funktion der zweiten Kamera verpasst haben, hier eine kurze Zusammenfassung:&nbsp;<em>Es gibt eine neue experimentelle Funktion: die zweite Kamera. Damit k\u00f6nnen Sie das Video einer zweiten Kamera in hoher Aufl\u00f6sung anstelle Ihrer Bildschirmfreigabe streamen. Dies ist hilfreich, um anderen Teilnehmern Detailansichten von Objekten oder Dokumenten zu geben. Aktivieren Sie die zweite Kamera-Funktion in den Videoeinstellungen und w\u00e4hlen Sie die gew\u00fcnschte Qualit\u00e4t. Die Videoquelle k\u00f6nnen Sie in der Seitenleiste der Einstellungen ausw\u00e4hlen. Gestartet wir die zweite Kamera \u00fcber den neuen Button im Hauptmen\u00fc. (Bekannt gegeben am 3. Mai 2019)<\/em><\/td><\/tr><tr><td><strong><strong><strong><strong><strong><strong><strong><strong><strong><strong><strong><strong><strong><strong><strong>Gel\u00f6ste Probleme<\/strong><\/strong><\/strong><\/strong><\/strong><\/strong><\/strong><\/strong><\/strong><\/strong><\/strong><\/strong><\/strong><\/strong><\/strong><\/td><td>Die Markierungs-Funktion innerhalb der Bildschirm\u00fcbertragung wurde verbessert.<\/td><\/tr><tr><td><strong><strong><strong><strong><strong><strong><strong><strong><strong><strong><strong><strong><strong><strong><strong>Gel\u00f6ste Probleme<\/strong><\/strong><\/strong><\/strong><\/strong><\/strong><\/strong><\/strong><\/strong><\/strong><\/strong><\/strong><\/strong><\/strong><\/strong><\/td><td>Verbesserungen der Benutzeroberfl\u00e4che, Leistung und Stabilit\u00e4t sowie Bugfixes.<\/td><\/tr><tr><td><strong><strong><strong><strong><strong><strong><strong><strong><strong><strong><strong><strong><strong><strong><strong>Gel\u00f6ste Probleme<\/strong><\/strong><\/strong><\/strong><\/strong><\/strong><\/strong><\/strong><\/strong><\/strong><\/strong><\/strong><\/strong><\/strong><\/strong><\/td><td>Die f\u00fcr alfaview notwendigen Netzwerkeinstellungen wurden aktualisiert. Der Adressbereich&nbsp;<strong>18.196.85.128\/25<\/strong>&nbsp;wurde aufgegeben und ist nicht mehr notwendig. Die aktualisierten Systemanforderungen und Netzwerkeinstellungen finden Sie in unserem Support-Center.<\/td><\/tr><\/tbody><\/table><\/figure>\n\n\n\n<h2 class=\"wp-block-heading\" id=\"alfaview-client-version-741015-31052019\">alfaview Client Version 7.41015 (31.05.2019)<a href=\"https:\/\/cp-prod-wordpress.alfa.sx\/en\/release-notes\/#alfaview-client-version-741015-31052019\"><\/a><\/h2>\n\n\n\n<figure class=\"wp-block-table\"><table><tbody><tr><td><strong><strong><strong><strong><strong><strong><strong><strong><strong><strong><strong><strong><strong><strong><strong>Gel\u00f6ste Probleme<\/strong><\/strong><\/strong><\/strong><\/strong><\/strong><\/strong><\/strong><\/strong><\/strong><\/strong><\/strong><\/strong><\/strong><\/strong><\/td><td>Maintenance release<\/td><\/tr><\/tbody><\/table><\/figure>\n","protected":false},"excerpt":{"rendered":"<p>alfaview Client Version 7.51964 (25.11.2019) Gel\u00f6ste Probleme Maintenance release alfaview Client Version 7.50429 (30.10.2019) Gel\u00f6ste Probleme Maintenance release alfaview Client Version 7.48288 (20.09.2019) Feature-Update Wenn im aktuellen Raum der Zuschauermodus aktiviert ist, wird das Augensymbol [&hellip;]<\/p>\n","protected":false},"author":5,"featured_media":0,"parent":1746,"menu_order":14,"comment_status":"closed","ping_status":"closed","template":"","meta":{"footnotes":""},"class_list":["post-5132","page","type-page","status-publish","hentry"],"_links":{"self":[{"href":"https:\/\/cp-prod-wordpress.alfa.sx\/de\/wp-json\/wp\/v2\/pages\/5132","targetHints":{"allow":["GET"]}}],"collection":[{"href":"https:\/\/cp-prod-wordpress.alfa.sx\/de\/wp-json\/wp\/v2\/pages"}],"about":[{"href":"https:\/\/cp-prod-wordpress.alfa.sx\/de\/wp-json\/wp\/v2\/types\/page"}],"author":[{"embeddable":true,"href":"https:\/\/cp-prod-wordpress.alfa.sx\/de\/wp-json\/wp\/v2\/users\/5"}],"replies":[{"embeddable":true,"href":"https:\/\/cp-prod-wordpress.alfa.sx\/de\/wp-json\/wp\/v2\/comments?post=5132"}],"version-history":[{"count":2,"href":"https:\/\/cp-prod-wordpress.alfa.sx\/de\/wp-json\/wp\/v2\/pages\/5132\/revisions"}],"predecessor-version":[{"id":5133,"href":"https:\/\/cp-prod-wordpress.alfa.sx\/de\/wp-json\/wp\/v2\/pages\/5132\/revisions\/5133"}],"up":[{"embeddable":true,"href":"https:\/\/cp-prod-wordpress.alfa.sx\/de\/wp-json\/wp\/v2\/pages\/1746"}],"wp:attachment":[{"href":"https:\/\/cp-prod-wordpress.alfa.sx\/de\/wp-json\/wp\/v2\/media?parent=5132"}],"curies":[{"name":"wp","href":"https:\/\/api.w.org\/{rel}","templated":true}]}}