{"id":5136,"date":"2025-05-06T13:47:42","date_gmt":"2025-05-06T13:47:42","guid":{"rendered":"https:\/\/support.alfaview.com\/?page_id=5136"},"modified":"2024-11-28T13:53:45","modified_gmt":"2024-11-28T13:53:45","slug":"release-notes-2020","status":"publish","type":"page","link":"https:\/\/cp-prod-wordpress.alfa.sx\/de\/release-notes\/release-notes-2020\/","title":{"rendered":"Versionshinweise 2020"},"content":{"rendered":"\n<h2 class=\"wp-block-heading\" id=\"alfaview-client-version-8124-21122020-beta-only\">alfaview Client Version 8.12.4 (21.12.2020)<\/h2>\n\n\n\n<figure class=\"wp-block-table\"><table><tbody><tr><td><strong><strong>Feature-Update<\/strong><\/strong><\/td><td><strong>Experimentelle Echokompensation<br><\/strong>Benutzer, die auf dem Beta-Kanal sind und die experimentellen Funktionen aktiviert haben, bekommen einen neuen Schalter f\u00fcr \u201cEcho-Unterdr\u00fcckung\u201d in der Einstellungs-Seitenleiste. Diese Funktion erm\u00f6glicht es, an alfaview-Meetings ohne Headset teilzunehmen.<\/td><\/tr><\/tbody><\/table><\/figure>\n\n\n\n<h2 class=\"wp-block-heading\" id=\"alfaview-client-version-8120-02122020\">alfaview Client Version 8.12.0 (02.12.2020)<a href=\"https:\/\/cp-prod-wordpress.alfa.sx\/en\/release-notes\/#alfaview-client-version-8120-02122020\"><\/a><\/h2>\n\n\n\n<figure class=\"wp-block-table\"><table><tbody><tr><td><strong><strong>Feature-Update<\/strong><\/strong><\/td><td>Um alfaview-Meetings ruhig und entspannt zu halten \u2014 sogar die gro\u00dfen \u2014, wird das Videogrid ab nun danach sortiert, wann ein Teilnehmer den Raum oder die Gruppe betritt. Neuank\u00f6mmlinge werden am Ende einsortiert. Die Teilnehmerliste in der Seitenleiste bleibt alphabetisch sortiert.<\/td><\/tr><tr><td><strong><strong>Feature-Update<\/strong><\/strong><\/td><td>Moderatoren k\u00f6nnen nun einzelne Eintr\u00e4ge in der Toolbox direkt \u00fcber einen Mehr-Optionen-Button bearbeiten oder l\u00f6schen.<\/td><\/tr><tr><td><strong><strong><strong><strong><strong><strong><strong><strong><strong><strong><strong><strong><strong><strong><strong>Gel\u00f6ste Probleme<\/strong><\/strong><\/strong><\/strong><\/strong><\/strong><\/strong><\/strong><\/strong><\/strong><\/strong><\/strong><\/strong><\/strong><\/strong><\/td><td>Verbesserungen der Leistung, Benutzbarkeit und Stabilit\u00e4t<\/td><\/tr><\/tbody><\/table><\/figure>\n\n\n\n<h2 class=\"wp-block-heading\" id=\"alfaview-client-version-8110-08112020\">alfaview Client Version 8.11.0 (08.11.2020)<a href=\"https:\/\/cp-prod-wordpress.alfa.sx\/en\/release-notes\/#alfaview-client-version-8110-08112020\"><\/a><\/h2>\n\n\n\n<figure class=\"wp-block-table\"><table><tbody><tr><td><strong><strong>Feature-Update<\/strong><\/strong><\/td><td><strong>Toolbox<br><\/strong> Dies ist eine Sammlung von Produktivit\u00e4tshelfern, die \u00fcber einen neuen Button im sekund\u00e4ren Men\u00fc (3 Quadrate und ein Kreis) erreichbar ist. Den Anfang macht die Weblinks-Funktion, mit der man f\u00fcr jeden Raum Links verwalten und teilen kann.<\/td><\/tr><tr><td><strong><strong>Feature-Update<\/strong><\/strong><\/td><td>Es ist nun auch auf den mobilen Versionen m\u00f6glich, die Raumdetails zu \u00f6ffnen, w\u00e4hrend man in einem Meeting ist.<\/td><\/tr><tr><td><strong><strong>Feature-Update<\/strong><\/strong><\/td><td>Vor erstem Teilen eines Bildschirms erscheint nun ein Dialog, der den Nutzer davor warnt, sensible Informationen zu teilen.<\/td><\/tr><tr><td><strong><strong><strong><strong><strong><strong><strong><strong><strong><strong><strong><strong><strong><strong><strong>Gel\u00f6ste Probleme<\/strong><\/strong><\/strong><\/strong><\/strong><\/strong><\/strong><\/strong><\/strong><\/strong><\/strong><\/strong><\/strong><\/strong><\/strong><\/td><td>Verbesserungen der Leistung, Benutzbarkeit und Stabilit\u00e4t<\/td><\/tr><\/tbody><\/table><\/figure>\n\n\n\n<h2 class=\"wp-block-heading\" id=\"alfaview-client-version-8100-06102020\">alfaview Client Version 8.10.0 (06.10.2020)<a href=\"https:\/\/cp-prod-wordpress.alfa.sx\/en\/release-notes\/#alfaview-client-version-8100-06102020\"><\/a><\/h2>\n\n\n\n<figure class=\"wp-block-table\"><table><tbody><tr><td><strong><strong>Feature-Update<\/strong><\/strong><\/td><td>Moderatoren k\u00f6nnen nun die Chat-Berechtigungen einzelner Teilnehmer im Moderatoren-Kontextmen\u00fc nehmen und erteilen.<\/td><\/tr><tr><td><strong><strong>Feature-Update<\/strong><\/strong><\/td><td>Wir haben das Gr\u00f6\u00dfenverhalten der VIPs im Video-Grid angepasst. Das neue Verhalten ist wie folgt:<br>&#8211; kleine Meetings (bis zu 12 Teilnehmer): VIPs nehmen einen Platz im Grid ein<br>&#8211; mittelgro\u00dfe Meetings (13 &#8211; 40 Teilnehmer): VIPs nehmen 4 Pl\u00e4tze ein (2&#215;2)<br>&#8211; gro\u00dfe Meetings (mehr als 40 Teilnehmer): VIPs nehmen 9 Pl\u00e4tze ein (3&#215;3)<\/td><\/tr><tr><td><strong><strong>Feature-Update<\/strong><\/strong><\/td><td>[IOS] Benutzer der mobilen Version k\u00f6nnen nun mit einem Doppel-Tap auf den geteilten Bildschirm zwischen Vollbild- und normaler Ansicht wechseln.<\/td><\/tr><\/tbody><\/table><\/figure>\n\n\n\n<h2 class=\"wp-block-heading\" id=\"alfaview-client-version-891-18092020\">alfaview Client Version 8.9.1 (18.09.2020)<a href=\"https:\/\/cp-prod-wordpress.alfa.sx\/en\/release-notes\/#alfaview-client-version-891-18092020\"><\/a><\/h2>\n\n\n\n<figure class=\"wp-block-table\"><table><tbody><tr><td><strong><strong><strong><strong><strong><strong><strong><strong><strong><strong><strong><strong><strong><strong><strong>Gel\u00f6ste Probleme<\/strong><\/strong><\/strong><\/strong><\/strong><\/strong><\/strong><\/strong><\/strong><\/strong><\/strong><\/strong><\/strong><\/strong><\/strong><\/td><td>Verbesserung der Performance, Benutzeroberfl\u00e4che und Stabilit\u00e4t<\/td><\/tr><\/tbody><\/table><\/figure>\n\n\n\n<h2 class=\"wp-block-heading\" id=\"alfaview-client-version-883-26082020\">alfaview Client Version 8.8.3 (26.08.2020)<a href=\"https:\/\/cp-prod-wordpress.alfa.sx\/en\/release-notes\/#alfaview-client-version-883-26082020\"><\/a><\/h2>\n\n\n\n<figure class=\"wp-block-table\"><table><tbody><tr><td><strong>Feature-Update<\/strong><\/td><td>alfaview zeichnet einen roten Rahmen um den Bildschirm, den Sie gerade teilen.<\/td><\/tr><tr><td><strong>Feature-Update<\/strong><\/td><td>alfaview zeigt eine Warnung an und spielt einen Benachrichtigungston, wenn sich Zuschauer im Raum befinden.<\/td><\/tr><tr><td><strong>Feature-Update<\/strong><\/td><td>Verbesserungen in der Barrierefreiheit, z.B. verbesserte Unterst\u00fctzung von Screenreadern und neue Optionen, um die Schriftgr\u00f6\u00dfe der Benutzeroberfl\u00e4che zu erh\u00f6hen.<\/td><\/tr><tr><td><strong>Feature-Update<\/strong><\/td><td>Die Zweitkamera-Unterst\u00fctzung ist nicht mehr experimentell.<\/td><\/tr><tr><td><strong><strong><strong><strong><strong><strong><strong><strong><strong><strong><strong><strong><strong><strong><strong>Gel\u00f6ste Probleme<\/strong><\/strong><\/strong><\/strong><\/strong><\/strong><\/strong><\/strong><\/strong><\/strong><\/strong><\/strong><\/strong><\/strong><\/strong><\/td><td>Verbesserung von Leistung, Benutzerfreundlichkeit und Stabilit\u00e4t.<\/td><\/tr><\/tbody><\/table><\/figure>\n\n\n\n<h2 class=\"wp-block-heading\" id=\"alfaview-client-version-871-16072020\">alfaview Client Version 8.7.1 (16.07.2020)<a href=\"https:\/\/cp-prod-wordpress.alfa.sx\/en\/release-notes\/#alfaview-client-version-871-16072020\"><\/a><\/h2>\n\n\n\n<figure class=\"wp-block-table\"><table><tbody><tr><td><strong><strong><strong><strong><strong><strong><strong><strong><strong><strong><strong><strong><strong><strong><strong>Gel\u00f6ste Probleme<\/strong><\/strong><\/strong><\/strong><\/strong><\/strong><\/strong><\/strong><\/strong><\/strong><\/strong><\/strong><\/strong><\/strong><\/strong><\/td><td>Wir haben ein Problem mit virtuellen Kameras (z.B. OBS) auf macOS behoben.<\/td><\/tr><tr><td><strong><strong><strong><strong><strong><strong><strong><strong><strong><strong><strong><strong><strong><strong><strong>Gel\u00f6ste Probleme<\/strong><\/strong><\/strong><\/strong><\/strong><\/strong><\/strong><\/strong><\/strong><\/strong><\/strong><\/strong><\/strong><\/strong><\/strong><\/td><td>Wir haben unseren Audio-Code f\u00fcr Linux und iOS \u00fcberarbeitet. Sollten Sie Probleme mit dem Ton in alfaview haben, kontaktieren Sie bitte unseren Support oder installieren Sie Version 8.7.0.<\/td><\/tr><\/tbody><\/table><\/figure>\n\n\n\n<h2 class=\"wp-block-heading\" id=\"alfaview-client-version-870-07072020\">alfaview Client Version 8.7.0 (07.07.2020)<a href=\"https:\/\/cp-prod-wordpress.alfa.sx\/en\/release-notes\/#alfaview-client-version-870-07072020\"><\/a><\/h2>\n\n\n\n<figure class=\"wp-block-table\"><table><tbody><tr><td><strong><strong><strong><strong><strong><strong><strong><strong><strong><strong><strong><strong><strong><strong><strong>Gel\u00f6ste Probleme<\/strong><\/strong><\/strong><\/strong><\/strong><\/strong><\/strong><\/strong><\/strong><\/strong><\/strong><\/strong><\/strong><\/strong><\/strong><\/td><td>Verbesserung der Performance, Benutzeroberfl\u00e4che und Stabilit\u00e4t<\/td><\/tr><\/tbody><\/table><\/figure>\n\n\n\n<h2 class=\"wp-block-heading\" id=\"alfaview-client-version-864-12062020\">alfaview Client Version 8.6.4 (12.06.2020)<a href=\"https:\/\/cp-prod-wordpress.alfa.sx\/en\/release-notes\/#alfaview-client-version-864-12062020\"><\/a><\/h2>\n\n\n\n<figure class=\"wp-block-table\"><table><tbody><tr><td><strong><strong>Feature-Update<\/strong><\/strong><\/td><td>alfaview wirkt nun auch bei sehr schmalen Fenstergr\u00f6\u00dfen aufger\u00e4umt.<\/td><\/tr><tr><td><strong><strong>Feature-Update<\/strong><\/strong><\/td><td>Wir haben den Bildschirm-Teilen-Dialog \u00fcberarbeitet: Er ist nun schlanker und Index-Anzeigen auf jedem Bildschirm helfen bei der Auswahl des richtigen Schirms.<\/td><\/tr><tr><td><strong><strong><strong><strong><strong><strong><strong><strong><strong><strong><strong><strong><strong><strong><strong>Gel\u00f6ste Probleme<\/strong><\/strong><\/strong><\/strong><\/strong><\/strong><\/strong><\/strong><\/strong><\/strong><\/strong><\/strong><\/strong><\/strong><\/strong><\/td><td>Lizenz-Dateien wurden auf jeder unterst\u00fctzten Plattform hinzuf\u00fcgt.<\/td><\/tr><tr><td><strong><strong><strong><strong><strong><strong><strong><strong><strong><strong><strong><strong><strong><strong><strong>Gel\u00f6ste Probleme<\/strong><\/strong><\/strong><\/strong><\/strong><\/strong><\/strong><\/strong><\/strong><\/strong><\/strong><\/strong><\/strong><\/strong><\/strong><\/td><td>[IOS] Sie k\u00f6nnen nun bestimmen, ob Ihr eigenes Video f\u00fcr Sie selbst gespiegelt wird. Andere sehen Sie weiterhin nicht gespiegelt.<\/td><\/tr><\/tbody><\/table><\/figure>\n\n\n\n<h2 class=\"wp-block-heading\" id=\"alfaview-client-version-850-12052020\">alfaview Client Version 8.5.0 (12.05.2020)<a href=\"https:\/\/cp-prod-wordpress.alfa.sx\/en\/release-notes\/#alfaview-client-version-850-12052020\"><\/a><\/h2>\n\n\n\n<figure class=\"wp-block-table\"><table><tbody><tr><td><strong><strong>Feature-Update<\/strong><\/strong><\/td><td>Der \u201cBildschirm teilen\u201d-Button \u00f6ffnet nun ein Men\u00fc, in dem Sie ausw\u00e4hlen k\u00f6nnen, ob Sie einen Bereich oder den ganzen Bildschirm teilen m\u00f6chten.<\/td><\/tr><tr><td><strong><strong><strong><strong><strong><strong><strong><strong><strong><strong><strong><strong><strong><strong><strong>Gel\u00f6ste Probleme<\/strong><\/strong><\/strong><\/strong><\/strong><\/strong><\/strong><\/strong><\/strong><\/strong><\/strong><\/strong><\/strong><\/strong><\/strong><\/td><td>Verbesserung der Performance, Benutzeroberfl\u00e4che und Stabilit\u00e4t<\/td><\/tr><\/tbody><\/table><\/figure>\n\n\n\n<h2 class=\"wp-block-heading\" id=\"alfaview-client-version-840-17042020\">alfaview Client Version 8.4.0 (17.04.2020)<a href=\"https:\/\/cp-prod-wordpress.alfa.sx\/en\/release-notes\/#alfaview-client-version-840-17042020\"><\/a><\/h2>\n\n\n\n<figure class=\"wp-block-table\"><table><tbody><tr><td><strong><strong><strong><strong><strong><strong><strong><strong><strong><strong><strong><strong><strong><strong><strong><strong><strong>Gel\u00f6ste Probleme<\/strong><\/strong><\/strong><\/strong><\/strong><\/strong><\/strong><\/strong><\/strong><\/strong><\/strong><\/strong><\/strong><\/strong><\/strong><\/strong><\/strong><\/td><td>Wenn Sie Ihren Computer sperren, wird Ihre alfaview-Sitzung unter Linux nun korrekterweise in den Pause-Modus versetzt.<\/td><\/tr><tr><td><strong><strong><strong><strong><strong><strong><strong><strong><strong><strong><strong><strong><strong><strong><strong><strong>Gel\u00f6ste Probleme<\/strong><\/strong><\/strong><\/strong><\/strong><\/strong><\/strong><\/strong><\/strong><\/strong><\/strong><\/strong><\/strong><\/strong><\/strong><\/strong><\/td><td>Sollten Sie Audio-Probleme w\u00e4hrend eines Meetings haben, k\u00f6nnen Sie nun den TCP-Audio-Modus in den Netzwerk-Einstellungen ausprobieren. Dies war bisher eine experimentelle Funktion.<\/td><\/tr><tr><td><strong><strong><strong><strong><strong><strong><strong><strong><strong><strong><strong><strong><strong><strong><strong>Gel\u00f6ste Probleme<\/strong><\/strong><\/strong><\/strong><\/strong><\/strong><\/strong><\/strong><\/strong><\/strong><\/strong><\/strong><\/strong><\/strong><\/strong><\/td><td>Verbesserung von Performance und Stabilit\u00e4t<\/td><\/tr><\/tbody><\/table><\/figure>\n\n\n\n<h2 class=\"wp-block-heading\" id=\"alfaview-client-version-833-02042020\">alfaview Client Version 8.3.3 (02.04.2020)<a href=\"https:\/\/cp-prod-wordpress.alfa.sx\/en\/release-notes\/#alfaview-client-version-833-02042020\"><\/a><\/h2>\n\n\n\n<figure class=\"wp-block-table\"><table><tbody><tr><td><strong>Feature-Update<\/strong><\/td><td>All R\u00e4ume sind nun auch von der neuen Raumlisten-Seitenleiste aus erreichbar<\/td><\/tr><tr><td><strong>Feature-Update<\/strong><\/td><td>Schneller Zugriff auf die Transkriptions-Einstellungen<\/td><\/tr><tr><td><strong><strong><strong><strong><strong><strong><strong><strong><strong><strong><strong><strong><strong><strong><strong><strong>Gel\u00f6ste Probleme<\/strong><\/strong><\/strong><\/strong><\/strong><\/strong><\/strong><\/strong><\/strong><\/strong><\/strong><\/strong><\/strong><\/strong><\/strong><\/strong><\/td><td>Linux-Unterst\u00fctzung (deb-Package f\u00fcr Ubuntu)<\/td><\/tr><tr><td><strong><strong><strong><strong><strong><strong><strong><strong><strong><strong><strong><strong><strong><strong><strong>Gel\u00f6ste Probleme<\/strong><\/strong><\/strong><\/strong><\/strong><\/strong><\/strong><\/strong><\/strong><\/strong><\/strong><\/strong><\/strong><\/strong><\/strong><\/td><td>Verbesserung von Performance und Stabilit\u00e4t<\/td><\/tr><\/tbody><\/table><\/figure>\n\n\n\n<h2 class=\"wp-block-heading\" id=\"alfaview-client-version-81-24012020\">alfaview Client Version 8.1 (24.01.2020)<a href=\"https:\/\/cp-prod-wordpress.alfa.sx\/en\/release-notes\/#alfaview-client-version-81-24012020\"><\/a><\/h2>\n\n\n\n<figure class=\"wp-block-table\"><table><tbody><tr><td><strong>Feature-Update<\/strong><\/td><td>Neu entwickelte Benutzeroberfl\u00e4che mit Fokus auf einfache und barrierefreie Nutzbarkeit<\/td><\/tr><tr><td><strong>Feature-Update<\/strong><\/td><td>Anmeldung und Raumliste befinden sich nun innerhalb der alfaview Anwendung<\/td><\/tr><tr><td><strong>Feature-Update<\/strong><\/td><td>Komfortable Suche nach R\u00e4umen und Nutzern<\/td><\/tr><tr><td><strong>Feature-Update<\/strong><\/td><td>Direktes Betreten von Unterr\u00e4umen<\/td><\/tr><tr><td><strong>Feature-Update<\/strong><\/td><td>Die webbasierte Administrationsoberfl\u00e4che wurde \u00fcberarbeitet<\/td><\/tr><tr><td><strong>Feature-Update<\/strong><\/td><td>R\u00e4ume k\u00f6nnen nun in mehreren Ebenen Strukturiert werden<\/td><\/tr><tr><td><strong>Feature-Update<\/strong><\/td><td>Transkription und \u00dcbersetzung ab sofort als kostenpflichtige Funktion verf\u00fcgbar<\/td><\/tr><tr><td><strong><strong><strong><strong><strong><strong><strong><strong><strong><strong><strong><strong><strong><strong><strong>Gel\u00f6ste Probleme<\/strong><\/strong><\/strong><\/strong><\/strong><\/strong><\/strong><\/strong><\/strong><\/strong><\/strong><\/strong><\/strong><\/strong><\/strong><\/td><td>Verbesserung von Performance und Stabilit\u00e4t<\/td><\/tr><\/tbody><\/table><\/figure>\n","protected":false},"excerpt":{"rendered":"<p>alfaview Client Version 8.12.4 (21.12.2020) Feature-Update Experimentelle EchokompensationBenutzer, die auf dem Beta-Kanal sind und die experimentellen Funktionen aktiviert haben, bekommen einen neuen Schalter f\u00fcr \u201cEcho-Unterdr\u00fcckung\u201d in der Einstellungs-Seitenleiste. Diese Funktion erm\u00f6glicht es, an alfaview-Meetings ohne [&hellip;]<\/p>\n","protected":false},"author":5,"featured_media":0,"parent":1746,"menu_order":13,"comment_status":"closed","ping_status":"closed","template":"","meta":{"footnotes":""},"class_list":["post-5136","page","type-page","status-publish","hentry"],"_links":{"self":[{"href":"https:\/\/cp-prod-wordpress.alfa.sx\/de\/wp-json\/wp\/v2\/pages\/5136","targetHints":{"allow":["GET"]}}],"collection":[{"href":"https:\/\/cp-prod-wordpress.alfa.sx\/de\/wp-json\/wp\/v2\/pages"}],"about":[{"href":"https:\/\/cp-prod-wordpress.alfa.sx\/de\/wp-json\/wp\/v2\/types\/page"}],"author":[{"embeddable":true,"href":"https:\/\/cp-prod-wordpress.alfa.sx\/de\/wp-json\/wp\/v2\/users\/5"}],"replies":[{"embeddable":true,"href":"https:\/\/cp-prod-wordpress.alfa.sx\/de\/wp-json\/wp\/v2\/comments?post=5136"}],"version-history":[{"count":2,"href":"https:\/\/cp-prod-wordpress.alfa.sx\/de\/wp-json\/wp\/v2\/pages\/5136\/revisions"}],"predecessor-version":[{"id":5138,"href":"https:\/\/cp-prod-wordpress.alfa.sx\/de\/wp-json\/wp\/v2\/pages\/5136\/revisions\/5138"}],"up":[{"embeddable":true,"href":"https:\/\/cp-prod-wordpress.alfa.sx\/de\/wp-json\/wp\/v2\/pages\/1746"}],"wp:attachment":[{"href":"https:\/\/cp-prod-wordpress.alfa.sx\/de\/wp-json\/wp\/v2\/media?parent=5136"}],"curies":[{"name":"wp","href":"https:\/\/api.w.org\/{rel}","templated":true}]}}