{"id":517,"date":"2023-10-13T07:33:27","date_gmt":"2023-10-13T07:33:27","guid":{"rendered":"https:\/\/strange-sammet.82-165-59-152.plesk.page\/?page_id=517"},"modified":"2025-03-18T09:30:45","modified_gmt":"2025-03-18T09:30:45","slug":"meetings-and-rooms","status":"publish","type":"page","link":"https:\/\/cp-prod-wordpress.alfa.sx\/de\/alfaview-app\/home-screen\/meetings-and-rooms\/","title":{"rendered":"Meetings und R\u00e4ume"},"content":{"rendered":"\n<div class=\"wp-block-alfaview-callout\">\n<p>Betreten Sie Meetings und alfaview-R\u00e4ume \u00fcber Ihren Einladungslink, ohne ein eigenes Benutzerkonto anzulegen.<\/p>\n\n\n\n<p>Eine einfache Anleitung und weitere Informationen dazu finden Sie auf der Seite <a href=\"https:\/\/cp-prod-wordpress.alfa.sx\/de\/first-steps\/your-start-in-alfaview\/join-an-alfaview-room\/\">alfaview-Raum oder Meeting betreten<\/a>.<\/p>\n<\/div>\n\n\n<div class=\"wp-block-image\">\n<figure class=\"alignright size-large is-resized\"><a href=\"https:\/\/cp-prod-wordpress.alfa.sx\/wp-content\/uploads\/2024\/02\/room-meeting-list-de.png\"><img loading=\"lazy\" decoding=\"async\" width=\"1024\" height=\"502\" src=\"https:\/\/cp-prod-wordpress.alfa.sx\/wp-content\/uploads\/2024\/02\/room-meeting-list-de-1024x502.png\" alt=\"Meeting- und Raumliste in der alfaview-App\" class=\"wp-image-2537\" style=\"width:250px\" srcset=\"https:\/\/cp-prod-wordpress.alfa.sx\/wp-content\/uploads\/2024\/02\/room-meeting-list-de-1024x502.png 1024w, https:\/\/cp-prod-wordpress.alfa.sx\/wp-content\/uploads\/2024\/02\/room-meeting-list-de-300x147.png 300w, https:\/\/cp-prod-wordpress.alfa.sx\/wp-content\/uploads\/2024\/02\/room-meeting-list-de-768x376.png 768w, https:\/\/cp-prod-wordpress.alfa.sx\/wp-content\/uploads\/2024\/02\/room-meeting-list-de-1536x753.png 1536w, https:\/\/cp-prod-wordpress.alfa.sx\/wp-content\/uploads\/2024\/02\/room-meeting-list-de.png 1855w\" sizes=\"auto, (max-width: 1024px) 100vw, 1024px\" \/><\/a><figcaption class=\"wp-element-caption\">Meeting- und Raumlisten<\/figcaption><\/figure>\n<\/div>\n\n\n<p>Nachdem Sie sich in der alfaview-App angemeldet haben, wird Ihnen die <strong>Meeting- und Raumliste<\/strong> angezeigt. Wenn Sie R\u00e4ume favorisiert haben, k\u00f6nnen Sie diese in der Liste <strong>Favorisierte R\u00e4ume<\/strong> sehen.<\/p>\n\n\n\n<h2 class=\"wp-block-heading\" class=\"wp-block-heading\" id=\"meetings\">Meetings<a href=\"https:\/\/cp-prod-wordpress.alfa.sx\/de\/alfaview-app\/home-screen\/meetings-and-rooms\/#meetings\"><\/a><a href=\"#meetings\" class=\"av-heading-anchor\"><i class=\"bi bi-link\"><\/i><\/a><\/h2>\n\n\n\n<p>Meetings sind zeitlich begrenzte R\u00e4ume, die alle Benutzer:innen unabh\u00e4ngig von ihren Berechtigungen erstellen k\u00f6nnen.<\/p>\n\n\n\n<ul class=\"wp-block-list\">\n<li>Sie k\u00f6nnen entscheiden, ob das Meeting sofort beginnen soll oder zu einem sp\u00e4teren Zeitpunkt stattfindet.<\/li>\n\n\n\n<li>Das Meeting wird nur in der Meetingliste von der Person angezeigt, die es erstellt hat. Diese Person kann das Meeting \u00fcber die Liste betreten.<\/li>\n\n\n\n<li>Alle anderen Teilnehmerinnen und Teilnehmer ben\u00f6tigen einen Link, um an einem Meeting teilzunehmen.<\/li>\n\n\n\n<li>Teilnehmer:innen, die sich in einem Meeting befinden, k\u00f6nnen \u00fcber die Suchfunktion nicht gefunden werden.<\/li>\n\n\n\n<li>Meetings sind tempor\u00e4r und werden nach Ablauf der definierten Dauer automatisch gel\u00f6scht.<\/li>\n<\/ul>\n\n\n\n<div class=\"wp-block-alfaview-callout\">\n<p>Bitte beachten Sie, dass die Meetingfunktion nicht bei allen Tarifen enthalten ist und f\u00fcr Ihre Company freigeschaltet werden muss. Nur angemeldete Nutzer:innen k\u00f6nnen Meetings erstellen.<\/p>\n<\/div>\n\n\n\n<p>Weitere Informationen finden Sie unter <a href=\"https:\/\/cp-prod-wordpress.alfa.sx\/de\/administration\/meetings\/\">Meetings<\/a>.<\/p>\n\n\n\n<h2 class=\"wp-block-heading\" class=\"wp-block-heading\" id=\"raeume\">R\u00e4ume<a href=\"https:\/\/cp-prod-wordpress.alfa.sx\/de\/alfaview-app\/home-screen\/meetings-and-rooms\/#r\u00e4ume\"><\/a><a href=\"#raeume\" class=\"av-heading-anchor\"><i class=\"bi bi-link\"><\/i><\/a><\/h2>\n\n\n\n<p>alfaview-R\u00e4ume k\u00f6nnen jederzeit von berechtigten Mitgliedern Ihrer Company betreten werden. Sie k\u00f6nnen G\u00e4sten entweder eine dauerhafte oder zeitlich begrenzte Erlaubnis zum Beitritt erteilt werden.<\/p>\n\n\n\n<p>Durch das Erstellen einer <a href=\"https:\/\/cp-prod-wordpress.alfa.sx\/de\/administration\/room-management\/room-structure-and-departments\/\">Raumstruktur<\/a> k\u00f6nnen Sie Ihre R\u00e4ume \u00fcbersichtlich organisieren. In jedem Raum stehen bis zu 50 Untergruppen zum gemeinsamen Arbeiten oder f\u00fcr Meetings zur Verf\u00fcgung. Im Hauptraum steht Ihnen die <a href=\"https:\/\/cp-prod-wordpress.alfa.sx\/de\/alfaview-app\/alfaview-room\/primary-and-secondary-controls\/transcription-and-translation\/\">Live-Transkription und -\u00dcbersetzung<\/a> zur Verf\u00fcgung.<\/p>\n\n\n\n<ul class=\"wp-block-list\">\n<li>Sie k\u00f6nnen f\u00fcr jeden Raum mithilfe der <a href=\"https:\/\/cp-prod-wordpress.alfa.sx\/de\/administration\/room-management\/room-features\/\">Raum-Features<\/a> individuelle Einstellungen vornehmen.<\/li>\n\n\n\n<li>Mitglieder Ihrer Company k\u00f6nnen R\u00e4ume, f\u00fcr die sie eine Zugangsberechtigung haben, ohne Link betreten.<\/li>\n\n\n\n<li>Erstellen Sie <a href=\"https:\/\/cp-prod-wordpress.alfa.sx\/de\/administration\/room-management\/guest-link\/\">Gast- und Gruppenlinks<\/a> f\u00fcr einzelne R\u00e4ume, um Personen, die nicht zu Ihrer Company geh\u00f6ren, in diese einzuladen. Diese Einladungslinks k\u00f6nnen zeitlich begrenzt werden.<\/li>\n\n\n\n<li>R\u00e4ume sind dauerhaft verf\u00fcgbar und m\u00fcssen manuell gel\u00f6scht werden.<\/li>\n<\/ul>\n\n\n\n<h3 class=\"wp-block-heading\" class=\"wp-block-heading\" id=\"favorisierte-raeume\">Favorisierte R\u00e4ume<a href=\"#favorisierte-raeume\" class=\"av-heading-anchor\"><i class=\"bi bi-link\"><\/i><\/a><\/h3>\n\n\n<div class=\"wp-block-image\">\n<figure class=\"alignright size-full is-resized\"><a href=\"https:\/\/cp-prod-wordpress.alfa.sx\/wp-content\/uploads\/2024\/02\/room-favourite-de.png\"><img loading=\"lazy\" decoding=\"async\" width=\"656\" height=\"474\" src=\"https:\/\/cp-prod-wordpress.alfa.sx\/wp-content\/uploads\/2024\/02\/room-favourite-de.png\" alt=\"Raumliste eines favorisierten Raumes\" class=\"wp-image-2540\" style=\"width:250px\" srcset=\"https:\/\/cp-prod-wordpress.alfa.sx\/wp-content\/uploads\/2024\/02\/room-favourite-de.png 656w, https:\/\/cp-prod-wordpress.alfa.sx\/wp-content\/uploads\/2024\/02\/room-favourite-de-300x217.png 300w\" sizes=\"auto, (max-width: 656px) 100vw, 656px\" \/><\/a><figcaption class=\"wp-element-caption\">Raum zu favorisierten R\u00e4umen hinzuf\u00fcgen<\/figcaption><\/figure>\n<\/div>\n\n\n<p>Favorisieren Sie R\u00e4ume, die Sie h\u00e4ufig nutzen, um diese schneller zu finden. Alle favorisierten R\u00e4ume werden in der Liste <strong>Favorisierte R\u00e4ume<\/strong> oberhalb der allgemeinen <strong>Raumliste <\/strong>angezeigt. Wenn Sie keine R\u00e4ume favorisiert haben, wird die Liste nicht angezeigt.<\/p>\n\n\n\n<ul class=\"wp-block-list\">\n<li>Klicken Sie auf das Kontextmen\u00fc <img loading=\"lazy\" decoding=\"async\" width=\"20\" height=\"20\" class=\"wp-image-2122\" style=\"width: 20px;\" src=\"https:\/\/cp-prod-wordpress.alfa.sx\/wp-content\/uploads\/2023\/12\/dots.png\" alt=\"\"> des Raumes, den Sie zu Ihrer Favoritenliste hinzuf\u00fcgen m\u00f6chten.<\/li>\n\n\n\n<li>Klicken Sie dann auf das Herzsymbol in der oberen rechten Ecke. Wenn Sie den Raum zu ihren Favoriten hinzugef\u00fcgt haben, wir das Herzsymbol rot angezeigt.<\/li>\n\n\n\n<li>Sie finden den Raum nun in der Liste <strong>Favorisierte R\u00e4ume<\/strong>.<\/li>\n<\/ul>\n\n\n\n<p>Weitere Informationen finden Sie unter <a href=\"\/de\/administration\/room-management\/\">Raumverwaltung<\/a>.<\/p>\n","protected":false},"excerpt":{"rendered":"<p>Informieren Sie sich \u00fcber die Unterschiede zwischen einem Meeting und einem alfaview-Raum.<\/p>\n","protected":false},"author":2,"featured_media":0,"parent":493,"menu_order":1,"comment_status":"closed","ping_status":"closed","template":"","meta":{"footnotes":""},"class_list":["post-517","page","type-page","status-publish","hentry"],"_links":{"self":[{"href":"https:\/\/cp-prod-wordpress.alfa.sx\/de\/wp-json\/wp\/v2\/pages\/517","targetHints":{"allow":["GET"]}}],"collection":[{"href":"https:\/\/cp-prod-wordpress.alfa.sx\/de\/wp-json\/wp\/v2\/pages"}],"about":[{"href":"https:\/\/cp-prod-wordpress.alfa.sx\/de\/wp-json\/wp\/v2\/types\/page"}],"author":[{"embeddable":true,"href":"https:\/\/cp-prod-wordpress.alfa.sx\/de\/wp-json\/wp\/v2\/users\/2"}],"replies":[{"embeddable":true,"href":"https:\/\/cp-prod-wordpress.alfa.sx\/de\/wp-json\/wp\/v2\/comments?post=517"}],"version-history":[{"count":13,"href":"https:\/\/cp-prod-wordpress.alfa.sx\/de\/wp-json\/wp\/v2\/pages\/517\/revisions"}],"predecessor-version":[{"id":523,"href":"https:\/\/cp-prod-wordpress.alfa.sx\/de\/wp-json\/wp\/v2\/pages\/517\/revisions\/523"}],"up":[{"embeddable":true,"href":"https:\/\/cp-prod-wordpress.alfa.sx\/de\/wp-json\/wp\/v2\/pages\/493"}],"wp:attachment":[{"href":"https:\/\/cp-prod-wordpress.alfa.sx\/de\/wp-json\/wp\/v2\/media?parent=517"}],"curies":[{"name":"wp","href":"https:\/\/api.w.org\/{rel}","templated":true}]}}