{"id":5212,"date":"2025-01-09T08:11:45","date_gmt":"2025-01-09T08:11:45","guid":{"rendered":"https:\/\/support.alfaview.com\/?page_id=5212"},"modified":"2025-06-04T09:57:07","modified_gmt":"2025-06-04T09:57:07","slug":"video-settings","status":"publish","type":"page","link":"https:\/\/cp-prod-wordpress.alfa.sx\/de\/alfaview-app\/alfaview-room\/primary-and-secondary-controls\/settings\/video-settings\/","title":{"rendered":"Videoeinstellungen"},"content":{"rendered":"<div class=\"wp-block-image\">\n<figure class=\"alignright size-large is-resized\"><img loading=\"lazy\" decoding=\"async\" width=\"693\" height=\"1024\" src=\"https:\/\/cp-prod-wordpress.alfa.sx\/wp-content\/uploads\/2025\/01\/settings-camera-de-693x1024.png\" alt=\"Screenshot des Men\u00fcs zur Kameraauswahl in den Videoeinstellungen\" class=\"wp-image-5206\" style=\"width:250px\" srcset=\"https:\/\/cp-prod-wordpress.alfa.sx\/wp-content\/uploads\/2025\/01\/settings-camera-de-693x1024.png 693w, https:\/\/cp-prod-wordpress.alfa.sx\/wp-content\/uploads\/2025\/01\/settings-camera-de-203x300.png 203w, https:\/\/cp-prod-wordpress.alfa.sx\/wp-content\/uploads\/2025\/01\/settings-camera-de-768x1135.png 768w, https:\/\/cp-prod-wordpress.alfa.sx\/wp-content\/uploads\/2025\/01\/settings-camera-de.png 846w\" sizes=\"auto, (max-width: 693px) 100vw, 693px\" \/><figcaption class=\"wp-element-caption\">Auswahlmen\u00fc f\u00fcr Ihre Kamera<\/figcaption><\/figure>\n<\/div>\n\n\n<p>Im Reiter&nbsp;<strong>Einstellungen<\/strong>&nbsp;stehen Ihnen verschiedene Optionen f\u00fcr Ihre Videoeinstellungen zur Verf\u00fcgung. Neben Ihrer Kamera k\u00f6nnen Sie auch virtuelle Hintergr\u00fcnde ausw\u00e4hlen oder die Qualit\u00e4t Ihrer Zweitkamera einstellen.<\/p>\n\n\n\n<p>\u00d6ffnen Sie die Einstellungen im Funktionsmen\u00fc mit einem Klick auf das Symbol&nbsp;<img loading=\"lazy\" decoding=\"async\" width=\"20\" height=\"20\" class=\"wp-image-2116\" style=\"width: 20px;\" src=\"https:\/\/cp-prod-wordpress.alfa.sx\/wp-content\/uploads\/2023\/12\/icon-settings.png\" alt=\"Symbol Einstellungen\">&nbsp;<strong>Einstellungen<\/strong>. Klicken Sie anschlie\u00dfend auf den Men\u00fcpunkt&nbsp;<strong>Video<\/strong>.<\/p>\n\n\n\n<h2 class=\"wp-block-heading\" class=\"wp-block-heading\" id=\"kamera\">Kamera<a href=\"#kamera\" class=\"av-heading-anchor\"><i class=\"bi bi-link\"><\/i><\/a><\/h2>\n\n\n\n<p>Klicken Sie auf den Men\u00fcpunkt&nbsp;<strong>Kamera<\/strong>, um die Kamera auszuw\u00e4hlen, deren Video Sie \u00fcbertragen m\u00f6chten. Hier sehen Sie auch eine Vorschau, wie Ihr Video aussieht, wenn Sie es \u00fcbertragen.<\/p>\n\n\n\n<h2 class=\"wp-block-heading\" class=\"wp-block-heading\" id=\"virtuelle-hintergruende\">Virtuelle Hintergr\u00fcnde<a href=\"#virtuelle-hintergruende\" class=\"av-heading-anchor\"><i class=\"bi bi-link\"><\/i><\/a><\/h2>\n\n\n\n<p>Im Men\u00fcpunkt&nbsp;<strong>Virtuelle Hintergr\u00fcnde<\/strong>&nbsp;k\u00f6nnen Sie Ihren Hintergrund entweder durch eine Farbe oder einen bereitgestellten Hintergrund ersetzen. Au\u00dferdem k\u00f6nnen Sie hier Ihren Hintergrund weichzeichnen.<\/p>\n\n\n\n<h3 class=\"wp-block-heading\" class=\"wp-block-heading\" id=\"farbige-hintergruende\">Farbige Hintergr\u00fcnde<a href=\"#farbige-hintergruende\" class=\"av-heading-anchor\"><i class=\"bi bi-link\"><\/i><\/a><\/h3>\n\n\n\n<p>W\u00e4hlen Sie im Reiter\u00a0<strong>Farbige Hintergr\u00fcnde<\/strong>\u00a0zwischen einfarbigen Hintergr\u00fcnden und Hintergr\u00fcnden mit Farbverlauf. Klicken Sie auf den gew\u00fcnschten Hintergrund.<\/p>\n\n\n<div class=\"wp-block-image\">\n<figure class=\"alignright size-large is-resized\"><img loading=\"lazy\" decoding=\"async\" width=\"766\" height=\"1024\" src=\"https:\/\/cp-prod-wordpress.alfa.sx\/wp-content\/uploads\/2025\/01\/settings-virtual-background-de-766x1024.png\" alt=\"\" class=\"wp-image-5208\" style=\"width:250px\" srcset=\"https:\/\/cp-prod-wordpress.alfa.sx\/wp-content\/uploads\/2025\/01\/settings-virtual-background-de-766x1024.png 766w, https:\/\/cp-prod-wordpress.alfa.sx\/wp-content\/uploads\/2025\/01\/settings-virtual-background-de-224x300.png 224w, https:\/\/cp-prod-wordpress.alfa.sx\/wp-content\/uploads\/2025\/01\/settings-virtual-background-de-768x1027.png 768w, https:\/\/cp-prod-wordpress.alfa.sx\/wp-content\/uploads\/2025\/01\/settings-virtual-background-de.png 806w\" sizes=\"auto, (max-width: 766px) 100vw, 766px\" \/><figcaption class=\"wp-element-caption\">Auswahlmen\u00fc f\u00fcr virtuelle Hintergr\u00fcnde<\/figcaption><\/figure>\n<\/div>\n\n\n<h3 class=\"wp-block-heading\" class=\"wp-block-heading\" id=\"standard-hintergruende\">Standard Hintergr\u00fcnde<a href=\"#standard-hintergruende\" class=\"av-heading-anchor\"><i class=\"bi bi-link\"><\/i><\/a><\/h3>\n\n\n\n<p>Im Reiter&nbsp;<strong>Standard Hintergr\u00fcnde<\/strong>&nbsp;k\u00f6nnen Sie Ihren Hintergrund weichzeichnen. Klicken Sie dazu auf das Vorschaubild&nbsp;<strong>Weichzeichnen<\/strong>. Klicken Sie auf das Symbol&nbsp;<strong>St\u00e4rke der Unsch\u00e4rfe&nbsp;<\/strong>in der rechten oberen Ecke des Vorschaubildes, um das Auswahlmen\u00fc zu \u00f6ffnen und die St\u00e4rke der Unsch\u00e4rfe einzustellen.<\/p>\n\n\n\n<p>Klicken Sie auf eines der anderen Vorschaubilder, um einen der angezeigten Standardhintergr\u00fcnde auszuw\u00e4hlen.<\/p>\n\n\n\n<p>Wenn Sie die Funktion der virtuellen Hintergr\u00fcnde deaktivieren m\u00f6chten, klicken Sie auf die Option&nbsp;<strong>Kein<\/strong>.<\/p>\n\n\n\n<h3 class=\"wp-block-heading\" class=\"wp-block-heading\" id=\"arbeitszimmer-hintergruende\">Arbeitszimmer Hintergr\u00fcnde<a href=\"#arbeitszimmer-hintergruende\" class=\"av-heading-anchor\"><i class=\"bi bi-link\"><\/i><\/a><\/h3>\n\n\n\n<p>Im Reiter&nbsp;<strong>Arbeitszimmer Hintergr\u00fcnde<\/strong>&nbsp;stehen Ihnen weitere virtuelle Hintergrundbilder zur Verf\u00fcgung. Klicken Sie auf das Vorschaubild, um den gew\u00fcnschten Hintergrund zu w\u00e4hlen.<\/p>\n\n\n<div class=\"wp-block-image\">\n<figure class=\"alignright size-large is-resized\"><img loading=\"lazy\" decoding=\"async\" width=\"700\" height=\"1024\" src=\"https:\/\/cp-prod-wordpress.alfa.sx\/wp-content\/uploads\/2025\/01\/settings-video-de-700x1024.png\" alt=\"Screenshot aller Videoeinstellungen\" class=\"wp-image-5210\" style=\"width:250px\" srcset=\"https:\/\/cp-prod-wordpress.alfa.sx\/wp-content\/uploads\/2025\/01\/settings-video-de-700x1024.png 700w, https:\/\/cp-prod-wordpress.alfa.sx\/wp-content\/uploads\/2025\/01\/settings-video-de-205x300.png 205w, https:\/\/cp-prod-wordpress.alfa.sx\/wp-content\/uploads\/2025\/01\/settings-video-de-768x1124.png 768w, https:\/\/cp-prod-wordpress.alfa.sx\/wp-content\/uploads\/2025\/01\/settings-video-de.png 880w\" sizes=\"auto, (max-width: 700px) 100vw, 700px\" \/><figcaption class=\"wp-element-caption\">Die Videoeinstellungen<\/figcaption><\/figure>\n<\/div>\n\n\n<h2 class=\"wp-block-heading\" class=\"wp-block-heading\" id=\"bandbreitennutzung-bildschirmfreigabe\">Bandbreitennutzung Bildschirmfreigabe<a href=\"#bandbreitennutzung-bildschirmfreigabe\" class=\"av-heading-anchor\"><i class=\"bi bi-link\"><\/i><\/a><\/h2>\n\n\n\n<p>Entscheiden Sie, ob die Bandbreitennutzung bei der Bildschirmfreigabe&nbsp;<strong>Normal<\/strong>&nbsp;oder&nbsp;<strong>Reduziert<\/strong>&nbsp;sein soll. Eine reduzierte Bandbreitennutzung ist bei einer instabilen Internetverbindung von Vorteil, da Ihre Bildschirm\u00fcbertragung weiterhin \u00fcbertragen wird.<\/p>\n\n\n\n<h2 class=\"wp-block-heading\" class=\"wp-block-heading\" id=\"qualitaet-der-zweitkamera\">Qualit\u00e4t der Zweitkamera<a href=\"#qualitaet-der-zweitkamera\" class=\"av-heading-anchor\"><i class=\"bi bi-link\"><\/i><\/a><\/h2>\n\n\n\n<p>W\u00e4hlen Sie im Auswahlmen\u00fc&nbsp;<strong>Qualit\u00e4t der Zweitkamera<\/strong>&nbsp;zwischen den Videoaufl\u00f6sungen 480p, 720p und 1080p.<\/p>\n\n\n\n<h2 class=\"wp-block-heading\" class=\"wp-block-heading\" id=\"verbesserte-videoqualitaet\">Verbesserte Videoqualit\u00e4t<a href=\"#verbesserte-videoqualitaet\" class=\"av-heading-anchor\"><i class=\"bi bi-link\"><\/i><\/a><\/h2>\n\n\n\n<p>Aktivieren Sie die&nbsp;<strong>verbesserte Videoqualit\u00e4t<\/strong>, indem Sie auf den Schalter klicken. Wenn diese Funktion aktiviert ist, werden die Farbe und Sch\u00e4rfe des Videos angepasst, um die Qualit\u00e4t zu verbessern.<\/p>\n\n\n\n<h2 class=\"wp-block-heading\" class=\"wp-block-heading\" id=\"mein-video-fuer-mich-spiegeln\">Mein Video f\u00fcr mich spiegeln<a href=\"#mein-video-fuer-mich-spiegeln\" class=\"av-heading-anchor\"><i class=\"bi bi-link\"><\/i><\/a><\/h2>\n\n\n\n<p>Spiegeln Sie Ihr Video f\u00fcr sich selbst, indem Sie auf den Schalter klicken. Ihr Video wird den anderen Teilnehmenden im alfaview-Raum ungespiegelt angezeigt.<\/p>\n","protected":false},"excerpt":{"rendered":"<p>Im Reiter&nbsp;Einstellungen&nbsp;stehen Ihnen verschiedene Optionen f\u00fcr Ihre Videoeinstellungen zur Verf\u00fcgung. Neben Ihrer Kamera k\u00f6nnen Sie auch virtuelle Hintergr\u00fcnde ausw\u00e4hlen oder die Qualit\u00e4t Ihrer Zweitkamera einstellen. \u00d6ffnen Sie die Einstellungen im Funktionsmen\u00fc mit einem Klick auf [&hellip;]<\/p>\n","protected":false},"author":5,"featured_media":0,"parent":1031,"menu_order":2,"comment_status":"closed","ping_status":"closed","template":"","meta":{"footnotes":""},"class_list":["post-5212","page","type-page","status-publish","hentry"],"_links":{"self":[{"href":"https:\/\/cp-prod-wordpress.alfa.sx\/de\/wp-json\/wp\/v2\/pages\/5212","targetHints":{"allow":["GET"]}}],"collection":[{"href":"https:\/\/cp-prod-wordpress.alfa.sx\/de\/wp-json\/wp\/v2\/pages"}],"about":[{"href":"https:\/\/cp-prod-wordpress.alfa.sx\/de\/wp-json\/wp\/v2\/types\/page"}],"author":[{"embeddable":true,"href":"https:\/\/cp-prod-wordpress.alfa.sx\/de\/wp-json\/wp\/v2\/users\/5"}],"replies":[{"embeddable":true,"href":"https:\/\/cp-prod-wordpress.alfa.sx\/de\/wp-json\/wp\/v2\/comments?post=5212"}],"version-history":[{"count":7,"href":"https:\/\/cp-prod-wordpress.alfa.sx\/de\/wp-json\/wp\/v2\/pages\/5212\/revisions"}],"predecessor-version":[{"id":5213,"href":"https:\/\/cp-prod-wordpress.alfa.sx\/de\/wp-json\/wp\/v2\/pages\/5212\/revisions\/5213"}],"up":[{"embeddable":true,"href":"https:\/\/cp-prod-wordpress.alfa.sx\/de\/wp-json\/wp\/v2\/pages\/1031"}],"wp:attachment":[{"href":"https:\/\/cp-prod-wordpress.alfa.sx\/de\/wp-json\/wp\/v2\/media?parent=5212"}],"curies":[{"name":"wp","href":"https:\/\/api.w.org\/{rel}","templated":true}]}}