{"id":5236,"date":"2025-05-02T13:35:41","date_gmt":"2025-05-02T13:35:41","guid":{"rendered":"https:\/\/support.alfaview.com\/?page_id=5236"},"modified":"2025-03-26T14:51:09","modified_gmt":"2025-03-26T14:51:09","slug":"release-notes-2024","status":"publish","type":"page","link":"https:\/\/cp-prod-wordpress.alfa.sx\/de\/release-notes\/release-notes-2024\/","title":{"rendered":"Versionshinweise 2024"},"content":{"rendered":"\n<h2 class=\"wp-block-heading\" class=\"wp-block-heading\" id=\"alfaview-client-version-9-19-0-02-12-2024\">alfaview Client Version 9.19.0 (02.12.2024)<a href=\"#alfaview-client-version-9-19-0-02-12-2024\" class=\"av-heading-anchor\"><i class=\"bi bi-link\"><\/i><\/a><\/h2>\n\n\n\n<figure class=\"wp-block-table\"><table><tbody><tr><td><strong>Neues Feature<\/strong><\/td><td><strong>Ger\u00e4teauswahlmen\u00fc<\/strong><br>Wir haben eine benutzerfreundliche Ger\u00e4teauswahl in der alfaview-App eingef\u00fchrt. Die Auswahl kann \u00fcber die Schaltfl\u00e4chen&nbsp;<strong>Mikrofon<\/strong>&nbsp;und&nbsp;<strong>Kamera<\/strong>&nbsp;im Hauptmen\u00fc als Dropdown-Men\u00fcs ge\u00f6ffnet werden.<\/td><\/tr><tr><td><strong>Neues Feature<\/strong><\/td><td><strong>Mikrofon-Testfunktion<\/strong><br>Sie k\u00f6nnen Ihr Mikrofon nun testen, indem Sie eine lokale Aufnahme abspielen, um eine optimale Audioqualit\u00e4t sicherzustellen.<\/td><\/tr><tr><td><strong>Neues Feature<\/strong><\/td><td><strong>Indikator f\u00fcr Bildschirmfreigabe<\/strong><br>In der Teilnehmerliste wird nun ein Indikator angezeigt, wenn ein Benutzer Bildschirminhalte teilt.<\/td><\/tr><tr><td><strong>Feature-Update<\/strong><\/td><td><strong>Verbesserte und inklusivere macOS-Installation<\/strong><br>Um die Installation zu erleichtern, haben wir von einer DMG-Datei (Apple Disk Image) auf das .pkg-Format (macOS-Paket-Installer) umgestellt. Diese \u00c4nderung erm\u00f6glicht eine direkte Installation und erh\u00f6ht die Barrierefreiheit f\u00fcr Nutzer:innen, die auf Screenreader angewiesen sind. Das .pkg-Format ist kompatibler mit unterst\u00fctzenden Technologien und sorgt so f\u00fcr einen reibungsloseren und zug\u00e4nglicheren Installationsprozess.<\/td><\/tr><tr><td><strong>Gel\u00f6stes Problem<\/strong><\/td><td><strong>Wacom Tablet Kompatibilit\u00e4t<\/strong><br>Ein Problem wurde behoben, bei dem ein &#8222;Klick&#8220; auf bestimmten Steuerelementen mit einem Wacom-Stift nicht korrekt registriert wurde.<\/td><\/tr><\/tbody><\/table><\/figure>\n\n\n\n<h2 class=\"wp-block-heading\" class=\"wp-block-heading\" id=\"alfaview-client-version-9-18-0-24-10-2024\">alfaview Client Version 9.18.0 (24.10.2024)<a href=\"#alfaview-client-version-9-18-0-24-10-2024\" class=\"av-heading-anchor\"><i class=\"bi bi-link\"><\/i><\/a><\/h2>\n\n\n\n<p>Wir freuen uns, ein gro\u00dfes Update ank\u00fcndigen zu k\u00f6nnen, das viele Audioverbesserungen mit sich bringt. Dieses Update wurde entwickelt, um das gesamte Audio-Erlebnis f\u00fcr alle Benutzer:innen deutlich zu verbessern.<\/p>\n\n\n\n<figure class=\"wp-block-table\"><table><tbody><tr><td><strong>Feature-Update<\/strong><\/td><td><strong>Echo- und R\u00fcckkopplungsunterdr\u00fcckung<\/strong><br>Die Echounterdr\u00fcckung wurde weiter verbessert, um Echos und R\u00fcckkopplungen w\u00e4hrend Meetings signifikant zu reduzieren.<\/td><\/tr><tr><td><strong>Feature-Update<\/strong><\/td><td><strong>Stimmklarheit<\/strong><br>Durch die optimierte Audioverarbeitung wird eine deutlich klarere und nat\u00fcrlichere Sprachqualit\u00e4t erreicht.<\/td><\/tr><tr><td><strong>Feature-Update<\/strong><\/td><td><strong>Ger\u00e4uschunterdr\u00fcckung<\/strong><br>Die verbesserte Audiovorverarbeitung minimiert Hintergrundger\u00e4usche und Verzerrungen noch effektiver, insbesondere in gr\u00f6\u00dferen Meetings.<\/td><\/tr><tr><td><strong>Feature-Update<\/strong><\/td><td><strong>Android-Kompatibilit\u00e4t<\/strong><br>Die Freisprechfunktionalit\u00e4t auf Android-Ger\u00e4ten wurde verbessert, sodass eine reibungslose Nutzung ohne Headset m\u00f6glich ist.<\/td><\/tr><tr><td><strong>Feature-Update<\/strong><\/td><td><strong>Bluetooth-Leistung<\/strong><br>Die Bluetooth-Konnektivit\u00e4t wurde optimiert, um eine geringere Latenz zu gew\u00e4hrleisten.<\/td><\/tr><tr><td><strong>Feature-Update<\/strong><\/td><td><strong>Erh\u00f6hte Standardlautst\u00e4rke<\/strong><br>Die Ausgangslautst\u00e4rke entspricht nun dem Industriestandard, ohne dabei die verzerrungsfreie Audioqualit\u00e4t zu beeintr\u00e4chtigen.<\/td><\/tr><tr><td><strong>Feature-Update<\/strong><\/td><td><strong>Verbesserte Audio-Einstellungen<\/strong><br>Die Benutzeroberfl\u00e4che der Audio-Einstellungen wurde \u00fcberarbeitet und vereinfacht und um Einstellungen f\u00fcr professionelle Anwendungsf\u00e4lle erweitert.<\/td><\/tr><\/tbody><\/table><\/figure>\n\n\n\n<p>Weitere Informationen finden Sie auf der Seite&nbsp;<a href=\"https:\/\/cp-prod-wordpress.alfa.sx\/de\/alfaview-app\/alfaview-room\/primary-and-secondary-controls\/settings\/audio-settings\/\">Audioeinstellungen<\/a>&nbsp;im Support-Center.<\/p>\n\n\n\n<h2 class=\"wp-block-heading\" class=\"wp-block-heading\" id=\"alfaview-verwaltung-02-10-2024\">alfaview Verwaltung (02.10.2024)<a href=\"#alfaview-verwaltung-02-10-2024\" class=\"av-heading-anchor\"><i class=\"bi bi-link\"><\/i><\/a><\/h2>\n\n\n\n<figure class=\"wp-block-table\"><table><tbody><tr><td><strong>Neues Feature<\/strong><\/td><td><strong>Meetings filtern<\/strong><br>Nutzer:innen k\u00f6nnen nun Meetings in der Meetingliste filtern. Damit k\u00f6nnen Meetings in der Meetingliste nach verschiedenen Kriterien (<strong>Geplant, Laufend<\/strong>&nbsp;und&nbsp;<strong>Beendet<\/strong>) gefiltert werden. Die Anzahl aller zugeh\u00f6rigen Meetings wird bei jedem Filter angezeigt.<\/td><\/tr><tr><td><strong>Feature-Update<\/strong><\/td><td><strong>Neues Design beim Anwesenheitsbericht<\/strong><br>Wir haben das Design der Verwaltungsoberfl\u00e4che f\u00fcr die&nbsp;<strong>Erstellung von Anwesenheitsberichten<\/strong>&nbsp;aktualisiert, um die Bedienung zu erleichtern. Au\u00dferdem erfolgt bei Erstellung eines Berichts \u00fcber die&nbsp;<strong>letzten sieben Tage<\/strong>&nbsp;gleichzeitig die Generierung eines Gesamtberichts, der alle sieben Tage umfasst.<\/td><\/tr><\/tbody><\/table><\/figure>\n\n\n\n<h2 class=\"wp-block-heading\" class=\"wp-block-heading\" id=\"alfaview-client-version-9-17-0-04-09-2024\">alfaview Client Version 9.17.0 (04.09.2024)<a href=\"#alfaview-client-version-9-17-0-04-09-2024\" class=\"av-heading-anchor\"><i class=\"bi bi-link\"><\/i><\/a><\/h2>\n\n\n\n<figure class=\"wp-block-table\"><table><tbody><tr><td><strong>Gel\u00f6stes Problem<\/strong><\/td><td><strong>Android<\/strong><br>Auf Ger\u00e4ten mit Android 13 oder h\u00f6her fragt alfaview nun nach der Berechtigung zum Senden von Benachrichtigungen. Diese Berechtigung ist erforderlich, um weiterhin ein laufendes Meeting oder Bildschirmfreigabe in der Benachrichtigungsleiste anzeigen zu k\u00f6nnen.\u200b<\/td><\/tr><tr><td><strong>Gel\u00f6stes Problem<\/strong><\/td><td><strong>Alle Plattformen<\/strong><br>Verbesserungen der Leistung, Benutzbarkeit und Stabilit\u00e4t.<\/td><\/tr><\/tbody><\/table><\/figure>\n\n\n\n<h2 class=\"wp-block-heading\" class=\"wp-block-heading\" id=\"alfaview-client-version-9-16-1-22-08-2024\">alfaview Client Version 9.16.1 (22.08.2024)<a href=\"#alfaview-client-version-9-16-1-22-08-2024\" class=\"av-heading-anchor\"><i class=\"bi bi-link\"><\/i><\/a><\/h2>\n\n\n\n<figure class=\"wp-block-table\"><table><tbody><tr><td><strong>Gel\u00f6stes Problem<\/strong><\/td><td><strong>Audio<\/strong><br>Es wurde ein Fehler behoben, der in Verbindung mit Bluetoothger\u00e4ten zu gelegentlichen Abst\u00fcrzen gef\u00fchrt hat.<\/td><\/tr><tr><td><strong>Feature Update<\/strong><\/td><td><strong>Transkription<\/strong><br>Die folgenden Sprachen sind zus\u00e4tzlich f\u00fcr die \u00dcbersetzung verf\u00fcgbar:<br>Estnisch, Indonesisch, Japanisch, Koreanisch, Norwegisch, Chinesisch (vereinfacht)<\/td><\/tr><tr><td><strong>Feature Update<\/strong><\/td><td><strong>Warteraum<\/strong><br>Eine zus\u00e4tzliche Option erlaubt es Moderator:innen, eine Willkommensnachricht zu konfigurieren, die Benutzer:innen im Warteraum angezeigt wird.<\/td><\/tr><tr><td><strong>Feature Update<\/strong><\/td><td><strong>Barrierefreiheit<\/strong><br>Zwei neue Ank\u00fcndigungen verbessern die Barrierefreiheit von Warter\u00e4umen:<br>&#8211; Benutzer:innen wird mitgeteilt, wenn sie einen Warteraum betreten.<br>&#8211; Moderator:innen wird mitgeteilt, wenn Benutzer:innen einen zuvor leeren Warteraum betreten.<\/td><\/tr><\/tbody><\/table><\/figure>\n\n\n\n<h2 class=\"wp-block-heading\" class=\"wp-block-heading\" id=\"alfaview-client-version-9-15-1-30-07-2024\">alfaview Client Version 9.15.1 (30.07.2024)<a href=\"#alfaview-client-version-9-15-1-30-07-2024\" class=\"av-heading-anchor\"><i class=\"bi bi-link\"><\/i><\/a><\/h2>\n\n\n\n<figure class=\"wp-block-table\"><table><tbody><tr><td><strong>Gel\u00f6ste Probleme<\/strong><\/td><td><strong>Audio<br><\/strong>&#8211; Unter Android 14 konnte der Zugriff auf das Mikrofon zu zuf\u00e4lligen Abst\u00fcrzen f\u00fchren.<br>&#8211; Die Audioeingabequalit\u00e4t f\u00fcr einige Ger\u00e4te mit Android 14 wurde optimiert.<br>&#8211; Nach dem Verbinden eines Bluetooth-Audioger\u00e4ts konnte es zu Audioverz\u00f6gerungen kommen.<\/td><\/tr><tr><td><\/td><td><strong>Barrierefreiheit<\/strong><br>&#8211; Einige Ereignisse wurden unter Windows nicht mehr angek\u00fcndigt.<\/td><\/tr><tr><td><\/td><td><strong>Transkription<\/strong><br>&#8211; Die Seitenleiste wird nach einem Gruppenwechsel wieder korrekt dargestellt.<\/td><\/tr><\/tbody><\/table><\/figure>\n\n\n\n<h2 class=\"wp-block-heading\" class=\"wp-block-heading\" id=\"alfaview-client-version-9-14-0-15-07-2024\">alfaview Client Version 9.14.0 (15.07.2024)<a href=\"#alfaview-client-version-9-14-0-15-07-2024\" class=\"av-heading-anchor\"><i class=\"bi bi-link\"><\/i><\/a><\/h2>\n\n\n\n<figure class=\"wp-block-table\"><table><tbody><tr><td><strong>Gel\u00f6ste Probleme<\/strong><\/td><td><strong>Probleme bei Audioger\u00e4ten<br><\/strong>Wir haben mehrere Probleme beim Starten oder Wechseln von Audioger\u00e4ten unter macOS behoben.<\/td><\/tr><\/tbody><\/table><\/figure>\n\n\n\n<h2 class=\"wp-block-heading\" class=\"wp-block-heading\" id=\"alfaview-verwaltung-02-07-2024\">alfaview Verwaltung (02.07.2024)<a href=\"#alfaview-verwaltung-02-07-2024\" class=\"av-heading-anchor\"><i class=\"bi bi-link\"><\/i><\/a><\/h2>\n\n\n\n<figure class=\"wp-block-table\"><table><tbody><tr><td><strong>Neues&nbsp;Feature<\/strong><\/td><td><strong>Nutzungsstatistiken der Company<\/strong><br>Benutzer:innen mit der Berechtigung&nbsp;<strong>Company-Einstellungen verwalten<\/strong>&nbsp;k\u00f6nnen jetzt in der Verwaltungsoberfl\u00e4che auf die&nbsp;<a href=\"https:\/\/cp-prod-wordpress.alfa.sx\/de\/administration\/account-management\/#nutzung\">Nutzungsstatistiken der Company<\/a>&nbsp;zugreifen, um mehr \u00fcber die Aktivit\u00e4ten in ihren R\u00e4umen und Meetings zu erfahren.<\/td><\/tr><\/tbody><\/table><\/figure>\n\n\n\n<h2 class=\"wp-block-heading\" class=\"wp-block-heading\" id=\"alfaview-client-version-9-13-0-28-06-2024\">alfaview Client Version 9.13.0 (28.06.2024)<a href=\"#alfaview-client-version-9-13-0-28-06-2024\" class=\"av-heading-anchor\"><i class=\"bi bi-link\"><\/i><\/a><\/h2>\n\n\n\n<figure class=\"wp-block-table\"><table><tbody><tr><td><strong>Neues&nbsp;Feature<\/strong><\/td><td><strong>Raumlisten-Baumansicht<\/strong><br>Die Baumansicht der Raumliste bietet eine intuitive Navigation durch Abteilungen und R\u00e4ume.<br>Da dies ein neues Feature ist und wir noch daran arbeiten, k\u00f6nnen Sie es derzeit nur \u00fcber die&nbsp;<strong>Feature-Vorschau<\/strong>&nbsp;in den Einstellungen aktivieren und testen.<\/td><\/tr><tr><td><strong>Feature-Update<\/strong><\/td><td><strong>Telefoneinwahl<\/strong><br>Teilnehmende, die einem Meeting \u00fcber Telefoneinwahl beitreten, werden im alfaview-Raum entsprechend gekennzeichnet.<\/td><\/tr><tr><td><strong>Gel\u00f6ste Probleme<\/strong><\/td><td><strong>Alle Plattformen<br><\/strong>Verbesserungen der Leistung, Benutzbarkeit und Stabilit\u00e4t. Vorschau auf zuk\u00fcnftige Funktionen.<\/td><\/tr><\/tbody><\/table><\/figure>\n\n\n\n<h2 class=\"wp-block-heading\" class=\"wp-block-heading\" id=\"alfaview-client-version-9-12-0-11-06-2024\">alfaview Client Version 9.12.0 (11.06.2024)<a href=\"#alfaview-client-version-9-12-0-11-06-2024\" class=\"av-heading-anchor\"><i class=\"bi bi-link\"><\/i><\/a><\/h2>\n\n\n\n<figure class=\"wp-block-table\"><table><tbody><tr><td><strong>Gel\u00f6ste Probleme<\/strong><\/td><td><strong>Alle Plattformen<\/strong><br>Wir haben ein Problem behoben, bei dem Zuschauer:innen ihren Bildschirm trotz vorhandener Berechtigung nicht teilen konnten.<\/td><\/tr><tr><td><strong>Gel\u00f6ste Probleme<\/strong><\/td><td><strong>alfaview-App<\/strong><br>Wir haben ein Problem bei der Ton\u00fcbertragung behoben, welches auftreten konnte, wenn die Funktion&nbsp;<strong>Bildschirmbereich teilen<\/strong>&nbsp;genutzt wurde.<\/td><\/tr><\/tbody><\/table><\/figure>\n\n\n\n<h2 class=\"wp-block-heading\" class=\"wp-block-heading\" id=\"alfaview-client-version-9-11-0-23-05-2024\">alfaview Client Version 9.11.0 (23.05.2024)<a href=\"#alfaview-client-version-9-11-0-23-05-2024\" class=\"av-heading-anchor\"><i class=\"bi bi-link\"><\/i><\/a><\/h2>\n\n\n\n<figure class=\"wp-block-table\"><table><tbody><tr><td><strong>Feature-Update<\/strong><\/td><td><strong>Beitrittsoptionen<\/strong><br>Beim Start k\u00f6nnen Nutzer:innen nun w\u00e4hlen, ob sie \u00fcber einen Einladungslink an einem Meeting teilnehmen oder sich mit ihrem alfaview-Konto anmelden m\u00f6chten.<\/td><\/tr><tr><td><strong>Feature-Update<\/strong><\/td><td><strong>Warteraum<\/strong><br>Moderator:innen haben jetzt die M\u00f6glichkeit,&nbsp;<a href=\"https:\/\/cp-prod-wordpress.alfa.sx\/de\/alfaview-app\/alfaview-room\/waiting-room\/#wartenden-personen-beitreten\">wartenden Personen beizutreten<\/a>&nbsp;um z.B. ein privates Vorabgespr\u00e4ch zu f\u00fchren.<br>Wir haben die Verwaltung der wartenden Personen mit einer \u00fcberarbeiteten und intuitiveren Benutzeroberfl\u00e4che vereinfacht.<\/td><\/tr><tr><td><strong>Feature &#8211; Update<\/strong><\/td><td><strong>Linux<\/strong><br>Das alfaview-RPM-Paket f\u00fcr RedHat-basierte Systeme hatte f\u00e4lschlicherweise eine Abh\u00e4ngigkeit von OpenSSL 1.1, die nun entfernt wurde.<\/td><\/tr><tr><td><strong>Gel\u00f6ste Probleme<\/strong><\/td><td><strong>iOS<\/strong><br>Wir haben einen Absturz auf manchen iOS-Ger\u00e4ten beim Tippen in der Loginmaske behoben.<\/td><\/tr><\/tbody><\/table><\/figure>\n\n\n\n<h2 class=\"wp-block-heading\" class=\"wp-block-heading\" id=\"alfaview-verwaltung-13-05-2024\">alfaview Verwaltung (13.05.2024)<a href=\"#alfaview-verwaltung-13-05-2024\" class=\"av-heading-anchor\"><i class=\"bi bi-link\"><\/i><\/a><\/h2>\n\n\n\n<figure class=\"wp-block-table\"><table><tbody><tr><td><strong>Gel\u00f6ste Probleme<\/strong><\/td><td><strong>Outlook Add-In<\/strong><br>Nutzer:innen bleiben nun bis zu 30 Tage im Add-In angemeldet.<\/td><\/tr><\/tbody><\/table><\/figure>\n\n\n\n<h2 class=\"wp-block-heading\" class=\"wp-block-heading\" id=\"alfaview-verwaltung-22-04-2024\">alfaview Verwaltung (22.04.2024)<a href=\"#alfaview-verwaltung-22-04-2024\" class=\"av-heading-anchor\"><i class=\"bi bi-link\"><\/i><\/a><\/h2>\n\n\n\n<figure class=\"wp-block-table\"><table><tbody><tr><td><strong>Feature-Update<\/strong><\/td><td><strong>Bezeichnungs\u00e4nderung<\/strong><br>Die Bezeichnungen \u201cKonto\u201d und \u201cAccount\u201d wurden in der Verwaltungsoberfl\u00e4che zu \u201eCompany\u201c umbenannt. Zudem wurden die Bezeichnungen der Men\u00fcpunkte f\u00fcr eine bessere \u00dcbersichtlichkeit gek\u00fcrzt.<\/td><\/tr><tr><td><strong>Feature-Update<\/strong><\/td><td><strong>Minifenster<\/strong><br>Wir haben eine Option hinzugef\u00fcgt, um das&nbsp;<a href=\"https:\/\/cp-prod-wordpress.alfa.sx\/de\/alfaview-app\/alfaview-room\/mini-window\/\">Minifenster<\/a>&nbsp;auszublenden, wenn Sie alfaview minimieren.<\/td><\/tr><tr><td><strong>Feature-Update<\/strong><\/td><td><strong>Neues Design im Tool-Manager<\/strong><br>Wir haben das Design der Verwaltungsoberfl\u00e4che im&nbsp;<strong>Tool-Manager Abstimmung \/ Umfrage<\/strong>aktualisiert, um die Bedienung zu erleichtern.<\/td><\/tr><\/tbody><\/table><\/figure>\n\n\n\n<h2 class=\"wp-block-heading\" class=\"wp-block-heading\" id=\"alfaview-client-version-9-10-1-22-04-2024\">alfaview Client Version 9.10.1 (22.04.2024)<a href=\"#alfaview-client-version-9-10-1-22-04-2024\" class=\"av-heading-anchor\"><i class=\"bi bi-link\"><\/i><\/a><\/h2>\n\n\n\n<figure class=\"wp-block-table\"><table><tbody><tr><td><strong>Feature-Update<\/strong><\/td><td><strong>Bezeichnungs\u00e4nderung<\/strong><br>Die Bezeichnungen &#8222;Konto&#8220; und &#8222;Account&#8220; wurden in der alfaview-App und im Webclient in &#8222;Company&#8220; ge\u00e4ndert.<\/td><\/tr><tr><td><strong>Gel\u00f6ste Probleme<\/strong><\/td><td><strong>Potenzielles Problem bei der Ton\u00fcbertragung<\/strong><br>Wir haben ein Problem bei der Ton\u00fcbertragung behoben, welches auftreten konnte, wenn ein Gastlink zweimal direkt hintereinander verwendet wurde.<\/td><\/tr><\/tbody><\/table><\/figure>\n\n\n\n<h2 class=\"wp-block-heading\" class=\"wp-block-heading\" id=\"alfaview-client-version-9-9-1-07-03-2024\">alfaview Client Version 9.9.1 (07.03.2024)<a href=\"#alfaview-client-version-9-9-1-07-03-2024\" class=\"av-heading-anchor\"><i class=\"bi bi-link\"><\/i><\/a><\/h2>\n\n\n\n<figure class=\"wp-block-table\"><table><tbody><tr><td><strong>Feature-Update<\/strong><\/td><td><strong>Minifenster<\/strong><br>Das&nbsp;<a href=\"https:\/\/cp-prod-wordpress.alfa.sx\/de\/alfaview-app\/alfaview-room\/mini-window\/\">Minifenster<\/a>&nbsp;erm\u00f6glicht es Ihnen, den visuellen Kontakt mit den anderen Teilnehmenden aufrechtzuerhalten, w\u00e4hrend Sie auf andere Desktop-Anwendungen zugreifen oder den Bildschirm freigeben.<\/td><\/tr><tr><td><strong>Gel\u00f6ste Probleme<\/strong><\/td><td><strong>Video im Webclient<\/strong><br>Wir haben die Qualit\u00e4t und Performance der Videos im Webclient verbessert.<\/td><\/tr><tr><td><strong>Gel\u00f6ste Probleme<\/strong><\/td><td><strong>macOS<\/strong><br>Wir haben ein Problem behoben, das dazu f\u00fchrte, dass alfaview unter macOS teilweise nicht mehr reagierte, wenn das Audioger\u00e4te gewechselt wurde.<br>Wir haben ein Problem unter macOS behoben, bei dem das Freigeben eines Bereichs au\u00dferhalb des Bildschirms zu einer unleserlichen Darstellung f\u00fchrte.<\/td><\/tr><\/tbody><\/table><\/figure>\n\n\n\n<h2 class=\"wp-block-heading\" class=\"wp-block-heading\" id=\"alfaview-client-version-9-8-2-09-02-2024\">alfaview Client Version 9.8.2 (09.02.2024)<a href=\"#alfaview-client-version-9-8-2-09-02-2024\" class=\"av-heading-anchor\"><i class=\"bi bi-link\"><\/i><\/a><\/h2>\n\n\n\n<figure class=\"wp-block-table\"><table><tbody><tr><td><strong>Gel\u00f6ste Probleme<\/strong><\/td><td><strong>Mikrofon\u00fcbertragung<\/strong><br>Wir haben ein Problem bei der Mikrofon\u00fcbertragung behoben, das insbesondere (aber nicht nur) bei Verwendung eines Bluetooth-Headsets und der Ger\u00e4uschunterdr\u00fcckung aufgetreten war.<\/td><\/tr><\/tbody><\/table><\/figure>\n\n\n\n<h2 class=\"wp-block-heading\" class=\"wp-block-heading\" id=\"alfaview-client-version-9-8-1-09-01-2024\">alfaview Client Version 9.8.1 (09.01.2024)<a href=\"#alfaview-client-version-9-8-1-09-01-2024\" class=\"av-heading-anchor\"><i class=\"bi bi-link\"><\/i><\/a><\/h2>\n\n\n\n<figure class=\"wp-block-table\"><table><tbody><tr><td><strong>Feature-Update<\/strong><\/td><td><strong>Handhebefunktion<\/strong><br>Moderator:innen werden jetzt mit einer visuellen Benachrichtigung und einem akustischen Signal informiert, wenn eine Person die Hand hebt.<\/td><\/tr><tr><td><strong>Feature-Update<\/strong><\/td><td><strong>Verbesserte Einstellung des Sprachaktivierungspegels<br><\/strong>Das neue Design bietet eine intuitivere, benutzerfreundlichere Oberfl\u00e4che mit visuellen Anzeigen. Dies vereinfacht den Prozess der Anpassung der Empfindlichkeit der Mikrofonaktivierung.<br>Detaillierte Anleitung f\u00fcr die Einstellungen des Mikrofonaktivierungspegels und aktualisierte Terminologie von \u2018Sprachaktivierungspegel\u2019 zu \u2018Mikrofon-Optimierung\u2019 f\u00fcr ein besseres Verst\u00e4ndnis.<br>Optimierungsassistent: Dieser Assistent unterst\u00fctzt Benutzer:innen bei der Konfiguration ihrer Einstellungen \u00fcber eine Sprachprobe und erm\u00f6glicht eine automatisierte Abstimmung des Sprachaktivierungspegels sowie die Identifizierung von Einrichtungsproblemen.<br>Weitere Informationen finden Sie auf der Seite&nbsp;<a href=\"https:\/\/cp-prod-wordpress.alfa.sx\/de\/first-steps\/your-start-in-alfaview\/setup-camera-and-microphone\/\">Kamera und Mikrofon einrichten<\/a>.<\/td><\/tr><tr><td><strong>Feature-Update<\/strong><\/td><td><strong>Ger\u00e4tespezifische Einstellungen f\u00fcr Audio-Ger\u00e4te<br><\/strong>alfaview speichert nun Ihre bevorzugten Audioeingabe- und Ausgabeeinstellungen f\u00fcr jedes einzelne Ger\u00e4t. Diese Funktion umfasst Echounterdr\u00fcckung, Ger\u00e4uschunterdr\u00fcckung, Sprachaktivierungspegel und Lautsprecherlautst\u00e4rke.<\/td><\/tr><tr><td><strong>Feature-Update<\/strong><\/td><td><strong>Deaktivierte akustische Echounterdr\u00fcckung f\u00fcr Headsets<br><\/strong>Um die Sprachklarheit zu verbessern, ist die Echo-Unterdr\u00fcckungsfunktion jetzt standardm\u00e4\u00dfig f\u00fcr Headsets deaktiviert.<\/td><\/tr><tr><td><strong>Gel\u00f6ste Probleme<\/strong><\/td><td><strong>Kompatibilit\u00e4tsproblem<br><\/strong>Wir haben eine Kompatibilit\u00e4tsproblem gel\u00f6st, welches es Benutzer:innen zuvor erschwerte, alfaview auf Windows 11 mit ARM-Prozessor zu installieren.<\/td><\/tr><tr><td><strong>Gel\u00f6ste Probleme<\/strong><\/td><td><strong>Zur\u00fccksetzung der Einstellungen<br><\/strong>Wir haben ein Problem behoben, das bisher verhinderte, dass alfaview die Anwendungseinstellungen zur\u00fccksetzen konnte.<\/td><\/tr><\/tbody><\/table><\/figure>\n","protected":false},"excerpt":{"rendered":"<p>alfaview Client Version 9.19.0 (02.12.2024) Neues Feature Ger\u00e4teauswahlmen\u00fcWir haben eine benutzerfreundliche Ger\u00e4teauswahl in der alfaview-App eingef\u00fchrt. Die Auswahl kann \u00fcber die Schaltfl\u00e4chen&nbsp;Mikrofon&nbsp;und&nbsp;Kamera&nbsp;im Hauptmen\u00fc als Dropdown-Men\u00fcs ge\u00f6ffnet werden. Neues Feature Mikrofon-TestfunktionSie k\u00f6nnen Ihr Mikrofon nun testen, [&hellip;]<\/p>\n","protected":false},"author":5,"featured_media":0,"parent":1746,"menu_order":0,"comment_status":"closed","ping_status":"closed","template":"","meta":{"footnotes":""},"class_list":["post-5236","page","type-page","status-publish","hentry"],"_links":{"self":[{"href":"https:\/\/cp-prod-wordpress.alfa.sx\/de\/wp-json\/wp\/v2\/pages\/5236","targetHints":{"allow":["GET"]}}],"collection":[{"href":"https:\/\/cp-prod-wordpress.alfa.sx\/de\/wp-json\/wp\/v2\/pages"}],"about":[{"href":"https:\/\/cp-prod-wordpress.alfa.sx\/de\/wp-json\/wp\/v2\/types\/page"}],"author":[{"embeddable":true,"href":"https:\/\/cp-prod-wordpress.alfa.sx\/de\/wp-json\/wp\/v2\/users\/5"}],"replies":[{"embeddable":true,"href":"https:\/\/cp-prod-wordpress.alfa.sx\/de\/wp-json\/wp\/v2\/comments?post=5236"}],"version-history":[{"count":4,"href":"https:\/\/cp-prod-wordpress.alfa.sx\/de\/wp-json\/wp\/v2\/pages\/5236\/revisions"}],"predecessor-version":[{"id":5237,"href":"https:\/\/cp-prod-wordpress.alfa.sx\/de\/wp-json\/wp\/v2\/pages\/5236\/revisions\/5237"}],"up":[{"embeddable":true,"href":"https:\/\/cp-prod-wordpress.alfa.sx\/de\/wp-json\/wp\/v2\/pages\/1746"}],"wp:attachment":[{"href":"https:\/\/cp-prod-wordpress.alfa.sx\/de\/wp-json\/wp\/v2\/media?parent=5236"}],"curies":[{"name":"wp","href":"https:\/\/api.w.org\/{rel}","templated":true}]}}