{"id":5365,"date":"2025-02-10T15:36:35","date_gmt":"2025-02-10T15:36:35","guid":{"rendered":"https:\/\/support.alfaview.com\/?page_id=5365"},"modified":"2025-04-01T14:24:48","modified_gmt":"2025-04-01T14:24:48","slug":"live-transcription-and-digital-interpreter","status":"publish","type":"page","link":"https:\/\/cp-prod-wordpress.alfa.sx\/de\/alfaview-app\/alfaview-room\/primary-and-secondary-controls\/live-transcription-and-digital-interpreter\/","title":{"rendered":"Live-Transkription and Digitaler Dolmetscher"},"content":{"rendered":"\n<p>alfaview bietet Ihnen zwei verschiedene Transkriptionsoptionen f\u00fcr eine bessere Kommunikation. Als Moderator:in k\u00f6nnen Sie jedes Mal individuell die Option w\u00e4hlen, die am besten zu Ihren Teilnehmenden und dem Zweck Ihres Meetings passt.<\/p>\n","protected":false},"excerpt":{"rendered":"<p>Keine Sprachbarrieren im Meeting:<br \/>\ndie Live-Transkription und Digitaler Dolmetscher erleichtern die mehrsprachige Kommunikation. <\/p>\n","protected":false},"author":5,"featured_media":0,"parent":715,"menu_order":15,"comment_status":"closed","ping_status":"closed","template":"page-category.php","meta":{"footnotes":""},"class_list":["post-5365","page","type-page","status-publish","hentry"],"_links":{"self":[{"href":"https:\/\/cp-prod-wordpress.alfa.sx\/de\/wp-json\/wp\/v2\/pages\/5365","targetHints":{"allow":["GET"]}}],"collection":[{"href":"https:\/\/cp-prod-wordpress.alfa.sx\/de\/wp-json\/wp\/v2\/pages"}],"about":[{"href":"https:\/\/cp-prod-wordpress.alfa.sx\/de\/wp-json\/wp\/v2\/types\/page"}],"author":[{"embeddable":true,"href":"https:\/\/cp-prod-wordpress.alfa.sx\/de\/wp-json\/wp\/v2\/users\/5"}],"replies":[{"embeddable":true,"href":"https:\/\/cp-prod-wordpress.alfa.sx\/de\/wp-json\/wp\/v2\/comments?post=5365"}],"version-history":[{"count":8,"href":"https:\/\/cp-prod-wordpress.alfa.sx\/de\/wp-json\/wp\/v2\/pages\/5365\/revisions"}],"predecessor-version":[{"id":5366,"href":"https:\/\/cp-prod-wordpress.alfa.sx\/de\/wp-json\/wp\/v2\/pages\/5365\/revisions\/5366"}],"up":[{"embeddable":true,"href":"https:\/\/cp-prod-wordpress.alfa.sx\/de\/wp-json\/wp\/v2\/pages\/715"}],"wp:attachment":[{"href":"https:\/\/cp-prod-wordpress.alfa.sx\/de\/wp-json\/wp\/v2\/media?parent=5365"}],"curies":[{"name":"wp","href":"https:\/\/api.w.org\/{rel}","templated":true}]}}