{"id":5388,"date":"2025-02-10T16:10:31","date_gmt":"2025-02-10T16:10:31","guid":{"rendered":"https:\/\/support.alfaview.com\/?page_id=5388"},"modified":"2025-09-15T10:55:10","modified_gmt":"2025-09-15T10:55:10","slug":"digital-interpreter","status":"publish","type":"page","link":"https:\/\/cp-prod-wordpress.alfa.sx\/de\/alfaview-app\/alfaview-room\/primary-and-secondary-controls\/live-transcription-and-digital-interpreter\/digital-interpreter\/","title":{"rendered":"Digitaler Dolmetscher"},"content":{"rendered":"\n<p>Mit dem digitalen Dolmetscher k\u00f6nnen Teilnehmende, die verschiedene Sprachen sprechen, miteinander kommunizieren. Dabei legen alle Teilnehmenden selbstst\u00e4ndig fest, welche Sprache sie sprechen. Der digitale Dolmetscher \u00fcbersetzt das Gesprochene automatisch in die jeweils gew\u00e4hlte Sprache.<\/p>\n\n\n\n<ul class=\"wp-block-list\">\n<li><a href=\"https:\/\/cp-prod-wordpress.alfa.sx\/de\/alfaview-app\/alfaview-room\/primary-and-secondary-controls\/live-transcription-and-digital-interpreter\/digital-interpreter\/#digitaler-dolmetscher\">Digitaler Dolmetscher<\/a><\/li>\n\n\n\n<li><a href=\"https:\/\/cp-prod-wordpress.alfa.sx\/de\/alfaview-app\/alfaview-room\/primary-and-secondary-controls\/live-transcription-and-digital-interpreter\/digital-interpreter\/#uebersetzung\">\u00dcbersetzung<\/a><\/li>\n\n\n\n<li><a href=\"https:\/\/cp-prod-wordpress.alfa.sx\/de\/alfaview-app\/alfaview-room\/primary-and-secondary-controls\/live-transcription-and-digital-interpreter\/digital-interpreter\/#einstellungen-fuer-moderatorinnen\">Einstellungen f\u00fcr Moderator:innen<\/a><\/li>\n\n\n\n<li><a href=\"https:\/\/cp-prod-wordpress.alfa.sx\/de\/alfaview-app\/alfaview-room\/primary-and-secondary-controls\/live-transcription-and-digital-interpreter\/digital-interpreter\/#einstellungen-fuer-raumadministratorinnen\">Einstellungen f\u00fcr Raumadministrator:innen<\/a><\/li>\n<\/ul>\n\n\n\n<div class=\"wp-block-alfaview-callout\">\n<p>Die Funktion&nbsp;<strong>Digitaler Dolmetscher<\/strong>&nbsp;muss von Moderator:innen oder Raumadministrator:innen f\u00fcr den betreffenden Raum freigegeben werden, damit sie den Teilnehmenden zur Verf\u00fcgung steht.<\/p>\n<\/div>\n\n\n\n<h2 class=\"wp-block-heading\" class=\"wp-block-heading\" id=\"digitaler-dolmetscher\">Digitaler Dolmetscher<a href=\"#digitaler-dolmetscher\" class=\"av-heading-anchor\"><i class=\"bi bi-link\"><\/i><\/a><\/h2>\n\n\n<div class=\"wp-block-image\">\n<figure class=\"alignright size-large is-resized\"><img loading=\"lazy\" decoding=\"async\" width=\"450\" height=\"1024\" src=\"https:\/\/cp-prod-wordpress.alfa.sx\/wp-content\/uploads\/2025\/08\/digitaler-dolmetscher_alfaview_de-450x1024.png\" alt=\"\" class=\"wp-image-6440\" style=\"width:250px\" srcset=\"https:\/\/cp-prod-wordpress.alfa.sx\/wp-content\/uploads\/2025\/08\/digitaler-dolmetscher_alfaview_de-450x1024.png 450w, https:\/\/cp-prod-wordpress.alfa.sx\/wp-content\/uploads\/2025\/08\/digitaler-dolmetscher_alfaview_de-132x300.png 132w, https:\/\/cp-prod-wordpress.alfa.sx\/wp-content\/uploads\/2025\/08\/digitaler-dolmetscher_alfaview_de-768x1746.png 768w, https:\/\/cp-prod-wordpress.alfa.sx\/wp-content\/uploads\/2025\/08\/digitaler-dolmetscher_alfaview_de-675x1536.png 675w, https:\/\/cp-prod-wordpress.alfa.sx\/wp-content\/uploads\/2025\/08\/digitaler-dolmetscher_alfaview_de.png 854w\" sizes=\"auto, (max-width: 450px) 100vw, 450px\" \/><figcaption class=\"wp-element-caption\">Der Digitale Dolmetscher<\/figcaption><\/figure>\n<\/div>\n\n\n<div class=\"wp-block-columns is-layout-flex wp-container-core-columns-is-layout-9d6595d7 wp-block-columns-is-layout-flex\">\n<div class=\"wp-block-column is-layout-flow wp-block-column-is-layout-flow\" style=\"flex-basis:50px\">\n<button class=\"wp-block-alfaview-button av-button-main-menu av-button-grey\" disabled aria-label=\"Transkription\"><i class=\"icon icon-ic_transcription_24dp\"><\/i><\/button>\n<\/div>\n\n\n\n<div class=\"wp-block-column is-layout-flow wp-block-column-is-layout-flow\">\n<p>Ist der digitale Dolmetscher in Ihrem Raum freigegeben, finden Sie ihn im Funktionsmen\u00fc unter&nbsp;<img loading=\"lazy\" decoding=\"async\" width=\"20\" height=\"20\" class=\"wp-image-681\" style=\"width: 20px;\" src=\"https:\/\/cp-prod-wordpress.alfa.sx\/wp-content\/uploads\/2023\/10\/icon-transcription.png\" alt=\"\">&nbsp;<strong>Live-Transkription<\/strong>.<\/p>\n<\/div>\n<\/div>\n\n\n\n<p>Der digitale Dolmetscher hilft Ihnen dabei, einer mehrsprachigen Unterhaltung zu folgen. Sie w\u00e4hlen die Sprache, die Sie sprechen. Das Gesprochene wird Ihnen in der gew\u00e4hlten Sprache angezeigt.<\/p>\n\n\n\n<h3 class=\"wp-block-heading\" class=\"wp-block-heading\" id=\"sprache-auswaehlen\">Sprache ausw\u00e4hlen<a href=\"#sprache-auswaehlen\" class=\"av-heading-anchor\"><i class=\"bi bi-link\"><\/i><\/a><\/h3>\n\n\n\n<p>Die Auswahl der gesprochenen Sprache erscheint am oberen Rand des Reiters&nbsp;<strong>Digitaler Dolmetscher<\/strong>. Sie k\u00f6nnen diese Auswahl jederzeit \u00e4ndern:<\/p>\n\n\n\n<ul class=\"wp-block-list\">\n<li>Klicken Sie neben&nbsp;<strong>Ihre gesprochene Sprache<\/strong>&nbsp;auf das Auswahlmen\u00fc, in dem das L\u00e4nderk\u00fcrzel der ausgew\u00e4hlten Sprache zu lesen ist.<\/li>\n<\/ul>\n\n\n\n<div class=\"wp-block-alfaview-callout\">\n<p>Je nach den Einstellungen der Raumadministrator:innen stehen Ihnen verschiedene Sprachen zur Verf\u00fcgung.<\/p>\n<\/div>\n\n\n\n<ul class=\"wp-block-list\">\n<li>Klicken Sie auf die Sprache, die Sie sprechen. Die gew\u00e4hlte Sprache wird sofort \u00fcbernommen.<\/li>\n\n\n\n<li>Sie k\u00f6nnen nun in der gew\u00e4hlten Sprache sprechen und das Gesprochene wird in dieser Sprache als Text angezeigt.<\/li>\n<\/ul>\n\n\n\n<p>Wenn Teilnehmende eine andere Sprache als Sie sprechen, wird Ihnen das Gesagte in der von Ihnen gew\u00e4hlten Sprache angezeigt.<\/p>\n\n\n\n<h3 class=\"wp-block-heading\" class=\"wp-block-heading\" id=\"einstellungen\">Einstellungen<a href=\"#einstellungen\" class=\"av-heading-anchor\"><i class=\"bi bi-link\"><\/i><\/a><\/h3>\n\n\n\n<p>Bei dem Feature <strong>Digitaler Dolmetscher<\/strong> stehen Ihnen folgende Einstellungen zur Verf\u00fcgung:<\/p>\n\n\n\n<div class=\"wp-block-columns is-layout-flex wp-container-core-columns-is-layout-9d6595d7 wp-block-columns-is-layout-flex\">\n<div class=\"wp-block-column is-layout-flow wp-block-column-is-layout-flow\" style=\"flex-basis:50px\">\n<button class=\"wp-block-alfaview-button av-button-main-menu av-button-grey\" disabled aria-label=\"Schriftgr\u00f6\u00dfe\"><i class=\"icon icon-ic_format_size_24dp\"><\/i><\/button>\n<\/div>\n\n\n\n<div class=\"wp-block-column is-layout-flow wp-block-column-is-layout-flow\">\n<p>Klicken Sie auf das Symbol&nbsp;<strong>Schriftgr\u00f6\u00dfe \u00e4ndern<\/strong>, um die Schriftgr\u00f6\u00dfe des Textes anzupassen. Mit jedem Klick vergr\u00f6\u00dfert sich die Schrift um eine Stufe.<\/p>\n<\/div>\n<\/div>\n\n\n\n<div class=\"wp-block-columns is-layout-flex wp-container-core-columns-is-layout-9d6595d7 wp-block-columns-is-layout-flex\">\n<div class=\"wp-block-column is-layout-flow wp-block-column-is-layout-flow\" style=\"flex-basis:50px\">\n<button class=\"wp-block-alfaview-button av-button-main-menu av-button-grey\" disabled aria-label=\"In die Zwischenablage kopieren\"><i class=\"icon icon-ic_file_copy_24dp\"><\/i><\/button>\n<\/div>\n\n\n\n<div class=\"wp-block-column is-layout-flow wp-block-column-is-layout-flow\">\n<p>Sie k\u00f6nnen den Text des digitalen Dolmetschers kopieren. Klicken Sie daf\u00fcr auf das Symbol&nbsp;<strong>In die Zwischenablage kopieren<\/strong>. Der Text ist nun in Ihrer Zwischenablage gespeichert. F\u00fcgen Sie diesen anschlie\u00dfend in ein Textverarbeitungsprogramm Ihrer Wahl ein.<\/p>\n<\/div>\n<\/div>\n\n\n\n<div class=\"wp-block-columns is-layout-flex wp-container-core-columns-is-layout-9d6595d7 wp-block-columns-is-layout-flex\">\n<div class=\"wp-block-column is-layout-flow wp-block-column-is-layout-flow\" style=\"flex-basis:50px\">\n<button class=\"wp-block-alfaview-button av-button-main-menu av-button-grey\" disabled aria-label=\"Eigenen Text verbergen\"><i class=\"icon icon-ic_visibility_24dp\"><\/i><\/button>\n<\/div>\n\n\n\n<div class=\"wp-block-column is-layout-flow wp-block-column-is-layout-flow\">\n<p>Sie k\u00f6nnen Ihren eigenen gesprochenen Text im digitalen Dolmetscher verbergen. Klicken Sie daf\u00fcr auf das Symbol&nbsp;<strong>Eigenen Text verbergen<\/strong>. Anschlie\u00dfend wird Ihnen nur noch das Gesagte der anderen Teilnehmenden angezeigt.<\/p>\n<\/div>\n<\/div>\n\n\n\n<h3 class=\"wp-block-heading\" class=\"wp-block-heading\" id=\"uebersetzung\">\u00dcbersetzung<a href=\"#uebersetzung\" class=\"av-heading-anchor\"><i class=\"bi bi-link\"><\/i><\/a><\/h3>\n\n\n\n<p>Der digitale Dolmetscher unterst\u00fctzt aktuell acht gesprochenen Sprachen. Sie k\u00f6nnen deshalb das Gesprochene auch in eine der verf\u00fcgbaren \u00dcbersetzungssprachen \u00fcbersetzen lassen.<\/p>\n\n\n\n<p>Weitere Informationen finden Sie auf der Seite <a href=\"https:\/\/cp-prod-wordpress.alfa.sx\/de\/alfaview-app\/alfaview-room\/primary-and-secondary-controls\/live-transcription-and-digital-interpreter\/translation\/\">\u00dcbersetzung<\/a>.<\/p>\n\n\n\n<h2 class=\"wp-block-heading\" class=\"wp-block-heading\" id=\"einstellungen-fuer-moderatorinnen\">Einstellungen f\u00fcr Moderator:innen<a href=\"#einstellungen-fuer-moderatorinnen\" class=\"av-heading-anchor\"><i class=\"bi bi-link\"><\/i><\/a><\/h2>\n\n\n\n<p>Moderator:innen k\u00f6nnen den digitalen Dolmetscher starten und stoppen sowie zwischen dem Digitalen Dolmetscher und der Live-Transkription wechseln. W\u00e4hrend bei der Live-Transkription nur eine Sprache f\u00fcr den gesamten Raum festgelegt werden kann, erm\u00f6glicht der digitale Dolmetscher die eigenst\u00e4ndige Auswahl aus verschiedenen Raumsprachen f\u00fcr die Anwesenden.<\/p>\n\n\n\n<div class=\"wp-block-columns is-layout-flex wp-container-core-columns-is-layout-9d6595d7 wp-block-columns-is-layout-flex\">\n<div class=\"wp-block-column is-layout-flow wp-block-column-is-layout-flow\">\n<h3 class=\"wp-block-heading\" class=\"wp-block-heading\" id=\"transkriptionsart-waehlen\">Transkriptionsart w\u00e4hlen<a href=\"#transkriptionsart-waehlen\" class=\"av-heading-anchor\"><i class=\"bi bi-link\"><\/i><\/a><\/h3>\n\n\n\n<p>W\u00e4hlen Sie in einem ersten Schritt die Transkriptionsart:<\/p>\n\n\n\n<ul class=\"wp-block-list\">\n<li>\u00d6ffnen Sie die Einstellungen mit einem Klick auf das Symbol&nbsp;<img loading=\"lazy\" decoding=\"async\" width=\"20\" height=\"20\" class=\"wp-image-2121\" style=\"width: 20px;\" src=\"https:\/\/cp-prod-wordpress.alfa.sx\/wp-content\/uploads\/2023\/12\/dots.png\" alt=\"Kontextmen\u00fc Transkriptionsoptionen Symbol\">&nbsp;<strong>Transkriptionsoptionen<\/strong>&nbsp;im unteren Bereich des Reiters.<\/li>\n\n\n\n<li>Klicken Sie auf die Option&nbsp;<strong>Digitaler Dolmetscher<\/strong>.<\/li>\n\n\n\n<li>Schlie\u00dfen Sie die Auswahl mit einem erneuten Klick auf das Symbol&nbsp;<img loading=\"lazy\" decoding=\"async\" width=\"20\" height=\"20\" class=\"wp-image-2121\" style=\"width: 20px;\" src=\"https:\/\/cp-prod-wordpress.alfa.sx\/wp-content\/uploads\/2023\/12\/dots.png\" alt=\"Kontextmen\u00fc Transkriptionsoptionen Symbol\">&nbsp;<strong>Transkriptionsoptionen<\/strong>.<\/li>\n<\/ul>\n\n\n\n<p>Sie k\u00f6nnen in Ihrem Raum nun den digitalen Dolmetscher starten.<\/p>\n<\/div>\n\n\n\n<div class=\"wp-block-column is-layout-flow wp-block-column-is-layout-flow\" style=\"flex-basis:250px\">\n<div style=\"height:30px\" aria-hidden=\"true\" class=\"wp-block-spacer\"><\/div>\n\n\n\n<figure class=\"wp-block-image size-full\"><a href=\"https:\/\/cp-prod-wordpress.alfa.sx\/wp-content\/uploads\/2025\/02\/digital_interpreter_selection_de.png\"><img loading=\"lazy\" decoding=\"async\" width=\"974\" height=\"794\" src=\"https:\/\/cp-prod-wordpress.alfa.sx\/wp-content\/uploads\/2025\/02\/digital_interpreter_selection_de.png\" alt=\"Screenshot des Men\u00fcs Transkriptionsart\" class=\"wp-image-5378\" srcset=\"https:\/\/cp-prod-wordpress.alfa.sx\/wp-content\/uploads\/2025\/02\/digital_interpreter_selection_de.png 974w, https:\/\/cp-prod-wordpress.alfa.sx\/wp-content\/uploads\/2025\/02\/digital_interpreter_selection_de-300x245.png 300w, https:\/\/cp-prod-wordpress.alfa.sx\/wp-content\/uploads\/2025\/02\/digital_interpreter_selection_de-768x626.png 768w\" sizes=\"auto, (max-width: 974px) 100vw, 974px\" \/><\/a><figcaption class=\"wp-element-caption\">Die Transkriptionsoptionen<\/figcaption><\/figure>\n<\/div>\n<\/div>\n\n\n\n<h3 class=\"wp-block-heading\" class=\"wp-block-heading\" id=\"digitalen-dolmetscher-starten\">Digitalen Dolmetscher starten<a href=\"#digitalen-dolmetscher-starten\" class=\"av-heading-anchor\"><i class=\"bi bi-link\"><\/i><\/a><\/h3>\n\n\n\n<p>Klicken Sie auf die Schaltfl\u00e4che <button class=\"av-button--primary av-button\">Start<\/button>, um den digitalen Dolmetscher zu starten. Sobald der Dolmetscher aktiviert ist, wird alles im Raum Gesagte protokolliert und \u00fcbersetzt.<\/p>\n\n\n\n<h3 class=\"wp-block-heading\" class=\"wp-block-heading\" id=\"digitalen-dolmetscher-stoppen\">Digitalen Dolmetscher stoppen<a href=\"#digitalen-dolmetscher-stoppen\" class=\"av-heading-anchor\"><i class=\"bi bi-link\"><\/i><\/a><\/h3>\n\n\n\n<p>Klicken Sie auf die Schaltfl\u00e4che <button class=\"av-button av-button--warning\">Stopp<\/button>, um den digitalen Dolmetscher zu beenden. Sobald Sie den Dolmetscher ausgeschaltet haben, endet die Protokollierung und \u00dcbersetzung.<\/p>\n\n\n\n<div style=\"height:20px\" aria-hidden=\"true\" class=\"wp-block-spacer\"><\/div>\n\n\n\n<h2 class=\"wp-block-heading\" class=\"wp-block-heading\" id=\"einstellungen-fuer-raumadministratorinnen\">Einstellungen f\u00fcr Raumadministrator:innen<a href=\"#einstellungen-fuer-raumadministratorinnen\" class=\"av-heading-anchor\"><i class=\"bi bi-link\"><\/i><\/a><\/h2>\n\n\n\n<p>Raumadministrator:innen k\u00f6nnen au\u00dferdem festlegen, welche Sprachen den Teilnehmenden zur Auswahl stehen.<\/p>\n\n\n\n<h3 class=\"wp-block-heading\" class=\"wp-block-heading\" id=\"auswahl-der-gesprochenen-sprachen\">Auswahl der gesprochenen Sprachen<a href=\"#auswahl-der-gesprochenen-sprachen\" class=\"av-heading-anchor\"><i class=\"bi bi-link\"><\/i><\/a><\/h3>\n\n\n\n<div class=\"wp-block-columns is-layout-flex wp-container-core-columns-is-layout-9d6595d7 wp-block-columns-is-layout-flex\">\n<div class=\"wp-block-column is-layout-flow wp-block-column-is-layout-flow\">\n<ul class=\"wp-block-list\">\n<li>\u00d6ffnen Sie die&nbsp;<img loading=\"lazy\" decoding=\"async\" width=\"20\" height=\"20\" class=\"wp-image-681\" style=\"width: 20px;\" src=\"https:\/\/cp-prod-wordpress.alfa.sx\/wp-content\/uploads\/2023\/10\/icon-transcription.png\" alt=\"Live-Transkription Symbol\">&nbsp;<strong>Live-Transkription<\/strong>&nbsp;im Funktionsmen\u00fc.<\/li>\n\n\n\n<li>Klicken Sie im Reiter\u00a0<strong>Digitaler Dolmetscher<\/strong>\u00a0auf das Symbol\u00a0<img loading=\"lazy\" decoding=\"async\" width=\"20\" height=\"20\" class=\"wp-image-2121\" style=\"width: 20px;\" src=\"https:\/\/cp-prod-wordpress.alfa.sx\/wp-content\/uploads\/2023\/12\/dots.png\" alt=\"Kontextmen\u00fc Transkriptionsoptionen Symbol\">\u00a0<strong>Transkriptionsoptionen<\/strong> neben <button class=\"av-button--primary av-button\">Start<\/button>.<\/li>\n\n\n\n<li>Klicken Sie auf&nbsp;<strong>Verf\u00fcgbare Sprachen aktualisieren<\/strong>.<\/li>\n\n\n\n<li>Im Auswahlmen\u00fc der Dolmetschersprachen stehen die folgenden Sprachen zur Auswahl:\n<ul class=\"wp-block-list\">\n<li>Chinesisch (vereinfacht)<\/li>\n\n\n\n<li>Deutsch<\/li>\n\n\n\n<li>Englisch<\/li>\n\n\n\n<li>Franz\u00f6sisch<\/li>\n\n\n\n<li>Italienisch<\/li>\n\n\n\n<li>Portugiesisch<\/li>\n\n\n\n<li>Russisch<\/li>\n\n\n\n<li>Spanisch<\/li>\n<\/ul>\n<\/li>\n\n\n\n<li>Setzen Sie einen Haken vor alle Sprachen, die in Ihrem alfaview-Raum zur Auswahl stehen sollen.<\/li>\n<\/ul>\n<\/div>\n\n\n\n<div class=\"wp-block-column is-layout-flow wp-block-column-is-layout-flow\" style=\"flex-basis:250px\">\n<figure class=\"wp-block-image size-full\"><a href=\"https:\/\/cp-prod-wordpress.alfa.sx\/wp-content\/uploads\/2025\/09\/alfaview_digitaler-dolmetscher_sprachen_de.png\"><img loading=\"lazy\" decoding=\"async\" width=\"850\" height=\"1948\" src=\"https:\/\/cp-prod-wordpress.alfa.sx\/wp-content\/uploads\/2025\/09\/alfaview_digitaler-dolmetscher_sprachen_de.png\" alt=\"\" class=\"wp-image-6606\" srcset=\"https:\/\/cp-prod-wordpress.alfa.sx\/wp-content\/uploads\/2025\/09\/alfaview_digitaler-dolmetscher_sprachen_de.png 850w, https:\/\/cp-prod-wordpress.alfa.sx\/wp-content\/uploads\/2025\/09\/alfaview_digitaler-dolmetscher_sprachen_de-131x300.png 131w, https:\/\/cp-prod-wordpress.alfa.sx\/wp-content\/uploads\/2025\/09\/alfaview_digitaler-dolmetscher_sprachen_de-447x1024.png 447w, https:\/\/cp-prod-wordpress.alfa.sx\/wp-content\/uploads\/2025\/09\/alfaview_digitaler-dolmetscher_sprachen_de-768x1760.png 768w, https:\/\/cp-prod-wordpress.alfa.sx\/wp-content\/uploads\/2025\/09\/alfaview_digitaler-dolmetscher_sprachen_de-670x1536.png 670w\" sizes=\"auto, (max-width: 850px) 100vw, 850px\" \/><\/a><figcaption class=\"wp-element-caption\">Das Auswahlmen\u00fc der Dolmetschersprachen<\/figcaption><\/figure>\n<\/div>\n<\/div>\n","protected":false},"excerpt":{"rendered":"<p>Mit dem digitalen Dolmetscher k\u00f6nnen Teilnehmende, die verschiedene Sprachen sprechen, miteinander kommunizieren. Dabei legen alle Teilnehmenden selbstst\u00e4ndig fest, welche Sprache sie sprechen.<br \/>\nDer digitale Dolmetscher \u00fcbersetzt das Gesprochene automatisch in die jeweils gew\u00e4hlte Sprache.<\/p>\n","protected":false},"author":5,"featured_media":0,"parent":5365,"menu_order":5,"comment_status":"closed","ping_status":"closed","template":"","meta":{"footnotes":""},"class_list":["post-5388","page","type-page","status-publish","hentry"],"_links":{"self":[{"href":"https:\/\/cp-prod-wordpress.alfa.sx\/de\/wp-json\/wp\/v2\/pages\/5388","targetHints":{"allow":["GET"]}}],"collection":[{"href":"https:\/\/cp-prod-wordpress.alfa.sx\/de\/wp-json\/wp\/v2\/pages"}],"about":[{"href":"https:\/\/cp-prod-wordpress.alfa.sx\/de\/wp-json\/wp\/v2\/types\/page"}],"author":[{"embeddable":true,"href":"https:\/\/cp-prod-wordpress.alfa.sx\/de\/wp-json\/wp\/v2\/users\/5"}],"replies":[{"embeddable":true,"href":"https:\/\/cp-prod-wordpress.alfa.sx\/de\/wp-json\/wp\/v2\/comments?post=5388"}],"version-history":[{"count":20,"href":"https:\/\/cp-prod-wordpress.alfa.sx\/de\/wp-json\/wp\/v2\/pages\/5388\/revisions"}],"predecessor-version":[{"id":5389,"href":"https:\/\/cp-prod-wordpress.alfa.sx\/de\/wp-json\/wp\/v2\/pages\/5388\/revisions\/5389"}],"up":[{"embeddable":true,"href":"https:\/\/cp-prod-wordpress.alfa.sx\/de\/wp-json\/wp\/v2\/pages\/5365"}],"wp:attachment":[{"href":"https:\/\/cp-prod-wordpress.alfa.sx\/de\/wp-json\/wp\/v2\/media?parent=5388"}],"curies":[{"name":"wp","href":"https:\/\/api.w.org\/{rel}","templated":true}]}}