{"id":557,"date":"2023-10-13T07:08:42","date_gmt":"2023-10-13T07:08:42","guid":{"rendered":"https:\/\/strange-sammet.82-165-59-152.plesk.page\/?page_id=557"},"modified":"2025-06-06T12:47:16","modified_gmt":"2025-06-06T12:47:16","slug":"personal-profile","status":"publish","type":"page","link":"https:\/\/cp-prod-wordpress.alfa.sx\/de\/administration\/general\/personal-profile\/","title":{"rendered":"Benutzerprofil und Sicherheit"},"content":{"rendered":"<div class=\"wp-block-image\">\n<figure class=\"alignright size-large is-resized\"><a href=\"https:\/\/cp-prod-wordpress.alfa.sx\/wp-content\/uploads\/2023\/10\/user-profile-de.png\"><img loading=\"lazy\" decoding=\"async\" width=\"1024\" height=\"576\" src=\"https:\/\/cp-prod-wordpress.alfa.sx\/wp-content\/uploads\/2023\/10\/user-profile-de-1024x576.png\" alt=\"Screenshot des Reiters Profil in der Verwaltungsoberfl\u00e4che\" class=\"wp-image-497\" style=\"width:250px\" srcset=\"https:\/\/cp-prod-wordpress.alfa.sx\/wp-content\/uploads\/2023\/10\/user-profile-de-1024x576.png 1024w, https:\/\/cp-prod-wordpress.alfa.sx\/wp-content\/uploads\/2023\/10\/user-profile-de-300x169.png 300w, https:\/\/cp-prod-wordpress.alfa.sx\/wp-content\/uploads\/2023\/10\/user-profile-de-768x432.png 768w, https:\/\/cp-prod-wordpress.alfa.sx\/wp-content\/uploads\/2023\/10\/user-profile-de-1536x864.png 1536w, https:\/\/cp-prod-wordpress.alfa.sx\/wp-content\/uploads\/2023\/10\/user-profile-de.png 1920w\" sizes=\"auto, (max-width: 1024px) 100vw, 1024px\" \/><\/a><figcaption class=\"wp-element-caption\">Benutzerprofil<\/figcaption><\/figure>\n<\/div>\n\n\n<p>Das Benutzerprofil bietet die M\u00f6glichkeit, pers\u00f6nliche Einstellungen und Berechtigungen einzusehen. Sie k\u00f6nnen hier au\u00dferdem Ihr Passwort \u00e4ndern und die Zwei-Faktor-Authentifizierung verwalten.<\/p>\n\n\n\n<ul class=\"wp-block-list\">\n<li>Melden Sie sich auf der <a href=\"https:\/\/app.alfaview.com\/#\/login\">Verwaltungsseite von alfaview<\/a> an.<\/li>\n\n\n\n<li>Klicken Sie im Men\u00fc links neben der Verwaltungsoberfl\u00e4che auf <strong>Profil<\/strong>.<\/li>\n<\/ul>\n\n\n\n<h2 class=\"wp-block-heading\" class=\"wp-block-heading\" id=\"ihr-profil\">Ihr Profil<a href=\"#ihr-profil\" class=\"av-heading-anchor\"><i class=\"bi bi-link\"><\/i><\/a><\/h2>\n\n\n\n<p>Im Reiter <strong>Profil<\/strong> k\u00f6nnen Sie sehen, welche <a href=\"https:\/\/cp-prod-wordpress.alfa.sx\/de\/administration\/general\/user-permissions\/\">Benutzerberechtigungen<\/a> Sie innerhalb Ihrer Company haben. Sie k\u00f6nnen hier auch Ihre pers\u00f6nlichen Daten anpassen.<\/p>\n\n\n\n<ul class=\"wp-block-list\">\n<li>Klicken Sie in die Eingabefelder, um Titel, Initialen, Ihren Vor- und Nachnamen sowie Ihre Stadt einzugeben.<\/li>\n\n\n\n<li>Klicken Sie auf die Schaltfl\u00e4che <button class=\"av-button av-button--primary\">Speichern<\/button>, um die \u00c4nderungen zu \u00fcbernehmen.<\/li>\n<\/ul>\n\n\n\n<p>Sie k\u00f6nnen hier auch die Anzeigesprache der Administrationsoberfl\u00e4che w\u00e4hlen.<\/p>\n\n\n\n<ul class=\"wp-block-list\">\n<li>Klicken Sie auf das Auswahlmen\u00fc unter <strong>Sprache<\/strong>. W\u00e4hlen Sie in der Liste zwischen <strong>Deutsch <\/strong>und <strong>Englisch<\/strong>.<\/li>\n\n\n\n<li>Klicken Sie auf die Schaltfl\u00e4che <button class=\"av-button av-button--primary\">Speichern<\/button>, um die \u00c4nderungen zu \u00fcbernehmen.<\/li>\n<\/ul>\n\n\n\n<h2 class=\"wp-block-heading\" class=\"wp-block-heading\" id=\"passwort-aendern\">Passwort \u00e4ndern<a href=\"#passwort-aendern\" class=\"av-heading-anchor\"><i class=\"bi bi-link\"><\/i><\/a><\/h2>\n\n\n<div class=\"wp-block-image\">\n<figure class=\"alignright size-large is-resized\"><a href=\"https:\/\/cp-prod-wordpress.alfa.sx\/wp-content\/uploads\/2024\/02\/change-password-de.png\"><img loading=\"lazy\" decoding=\"async\" width=\"1024\" height=\"507\" src=\"https:\/\/cp-prod-wordpress.alfa.sx\/wp-content\/uploads\/2024\/02\/change-password-de-1024x507.png\" alt=\"Screenshot des Profils auf der Verwaltungsoberfl\u00e4che, der Reiter 'Passwort \u00e4ndern' ist ge\u00f6ffnet\" class=\"wp-image-2657\" style=\"width:250px\" srcset=\"https:\/\/cp-prod-wordpress.alfa.sx\/wp-content\/uploads\/2024\/02\/change-password-de-1024x507.png 1024w, https:\/\/cp-prod-wordpress.alfa.sx\/wp-content\/uploads\/2024\/02\/change-password-de-300x148.png 300w, https:\/\/cp-prod-wordpress.alfa.sx\/wp-content\/uploads\/2024\/02\/change-password-de-768x380.png 768w, https:\/\/cp-prod-wordpress.alfa.sx\/wp-content\/uploads\/2024\/02\/change-password-de-1536x760.png 1536w, https:\/\/cp-prod-wordpress.alfa.sx\/wp-content\/uploads\/2024\/02\/change-password-de.png 1853w\" sizes=\"auto, (max-width: 1024px) 100vw, 1024px\" \/><\/a><figcaption class=\"wp-element-caption\">Passwort \u00e4ndern<\/figcaption><\/figure>\n<\/div>\n\n\n<p>Sie k\u00f6nnen Ihr Passwort im Reiter <strong>Passwort \u00e4ndern<\/strong> aktualisieren.<\/p>\n\n\n\n<ul class=\"wp-block-list\">\n<li>Geben Sie im ersten Eingabefeld Ihr aktuelles Passwort ein.<\/li>\n\n\n\n<li>Geben Sie anschlie\u00dfend Ihr neues Passwort im zweiten Eingabefeld ein.<\/li>\n\n\n\n<li>Best\u00e4tigen Sie Ihr neues Passwort durch erneute Eingabe im dritten Eingabefeld.<\/li>\n\n\n\n<li>Klicken Sie auf die Schaltfl\u00e4che <button class=\"av-button av-button--primary\">Speichern<\/button>, um die \u00c4nderungen an Ihrem Passwort zu \u00fcbernehmen.<\/li>\n<\/ul>\n\n\n\n<div class=\"wp-block-alfaview-callout\">\n<p>Sobald Sie Ihr Passwort ge\u00e4ndert haben, m\u00fcssen Sie sich erneut anmelden.<br>Sollten Sie Ihr Passwort vergessen haben, verwenden Sie bitte die Funktion&nbsp;<a href=\"https:\/\/app.alfaview.com\/#\/reset-password\/\">Passwort Zur\u00fccksetzen<\/a>, um ein neues Passwort per E-Mail zu erhalten.<\/p>\n<\/div>\n\n\n<div class=\"wp-block-image\">\n<figure class=\"alignright size-full is-resized\"><a href=\"https:\/\/cp-prod-wordpress.alfa.sx\/wp-content\/uploads\/2023\/10\/2fa-login-de.png\"><img loading=\"lazy\" decoding=\"async\" width=\"405\" height=\"383\" src=\"https:\/\/cp-prod-wordpress.alfa.sx\/wp-content\/uploads\/2023\/10\/2fa-login-de.png\" alt=\"Screenshot des Fensters der Zwei-Faktor-Authentifizierung, in dem der Verifizierungscode abgefragt wird\" class=\"wp-image-510\" style=\"width:250px\" srcset=\"https:\/\/cp-prod-wordpress.alfa.sx\/wp-content\/uploads\/2023\/10\/2fa-login-de.png 405w, https:\/\/cp-prod-wordpress.alfa.sx\/wp-content\/uploads\/2023\/10\/2fa-login-de-300x284.png 300w\" sizes=\"auto, (max-width: 405px) 100vw, 405px\" \/><\/a><figcaption class=\"wp-element-caption\">Authentifizierung des Logins<\/figcaption><\/figure>\n<\/div>\n\n\n<h2 class=\"wp-block-heading\" class=\"wp-block-heading\" id=\"zwei-faktor-authentifizierung\">Zwei-Faktor-Authentifizierung<a href=\"https:\/\/cp-prod-wordpress.alfa.sx\/de\/administration\/general\/personal-profile\/#zwei-faktor-authentifizierung\"><\/a><a href=\"https:\/\/cp-prod-wordpress.alfa.sx\/de\/administration\/general\/personal-profile\/#two-factor-authentication\"><\/a><a href=\"#zwei-faktor-authentifizierung\" class=\"av-heading-anchor\"><i class=\"bi bi-link\"><\/i><\/a><\/h2>\n\n\n\n<p>Mit der Zwei-Faktor-Authentifizierung k\u00f6nnen Sie Ihren Account noch besser sch\u00fctzen.<br>Wenn diese Option aktiviert ist, wird bei jedem Login ein Authentifizierungscode abgefragt, der von einer Authentifizierungs-App oder Software generiert wird.<\/p>\n\n\n\n<p>Auf der Seite <a href=\"\/de\/administration\/general\/two-factor-authentication\/\">Zwei-Faktor-Authentifizierung<\/a> finden Sie weitere Informationen sowie eine Anleitung zur Aktivierung.<\/p>\n","protected":false},"excerpt":{"rendered":"<p>Aktualisieren Sie Ihre pers\u00f6nlichen Informationen (z. B. Name und Stadt), \u00e4ndern Sie Ihr Passwort oder verwalten Sie die Zwei-Faktor-Authentifizierung.<\/p>\n","protected":false},"author":3,"featured_media":0,"parent":466,"menu_order":5,"comment_status":"closed","ping_status":"closed","template":"","meta":{"footnotes":""},"class_list":["post-557","page","type-page","status-publish","hentry"],"_links":{"self":[{"href":"https:\/\/cp-prod-wordpress.alfa.sx\/de\/wp-json\/wp\/v2\/pages\/557","targetHints":{"allow":["GET"]}}],"collection":[{"href":"https:\/\/cp-prod-wordpress.alfa.sx\/de\/wp-json\/wp\/v2\/pages"}],"about":[{"href":"https:\/\/cp-prod-wordpress.alfa.sx\/de\/wp-json\/wp\/v2\/types\/page"}],"author":[{"embeddable":true,"href":"https:\/\/cp-prod-wordpress.alfa.sx\/de\/wp-json\/wp\/v2\/users\/3"}],"replies":[{"embeddable":true,"href":"https:\/\/cp-prod-wordpress.alfa.sx\/de\/wp-json\/wp\/v2\/comments?post=557"}],"version-history":[{"count":17,"href":"https:\/\/cp-prod-wordpress.alfa.sx\/de\/wp-json\/wp\/v2\/pages\/557\/revisions"}],"predecessor-version":[{"id":569,"href":"https:\/\/cp-prod-wordpress.alfa.sx\/de\/wp-json\/wp\/v2\/pages\/557\/revisions\/569"}],"up":[{"embeddable":true,"href":"https:\/\/cp-prod-wordpress.alfa.sx\/de\/wp-json\/wp\/v2\/pages\/466"}],"wp:attachment":[{"href":"https:\/\/cp-prod-wordpress.alfa.sx\/de\/wp-json\/wp\/v2\/media?parent=557"}],"curies":[{"name":"wp","href":"https:\/\/api.w.org\/{rel}","templated":true}]}}