{"id":5590,"date":"2025-03-20T15:10:43","date_gmt":"2025-03-20T15:10:43","guid":{"rendered":"https:\/\/support.alfaview.com\/?page_id=5590"},"modified":"2025-06-11T09:52:18","modified_gmt":"2025-06-11T09:52:18","slug":"settings-for-apple-devices","status":"publish","type":"page","link":"https:\/\/cp-prod-wordpress.alfa.sx\/de\/miscellaneous\/settings-for-apple-devices\/","title":{"rendered":"Zus\u00e4tzliche Einstellungen f\u00fcr Apple-Ger\u00e4te"},"content":{"rendered":"","protected":false},"excerpt":{"rendered":"<p>Erfahren Sie, welche Einstellungen auf Apple-Ger\u00e4ten Sie vornehmen m\u00fcssen, damit Sie Ihre Kamera und Ihr Mikrofon in alfaview verwenden k\u00f6nnen. Auch die \u00dcbertragung des Bildschirms muss in den Einstellungen erlaubt werden.<\/p>\n","protected":false},"author":5,"featured_media":0,"parent":1612,"menu_order":35,"comment_status":"closed","ping_status":"closed","template":"page-category.php","meta":{"footnotes":""},"class_list":["post-5590","page","type-page","status-publish","hentry"],"_links":{"self":[{"href":"https:\/\/cp-prod-wordpress.alfa.sx\/de\/wp-json\/wp\/v2\/pages\/5590","targetHints":{"allow":["GET"]}}],"collection":[{"href":"https:\/\/cp-prod-wordpress.alfa.sx\/de\/wp-json\/wp\/v2\/pages"}],"about":[{"href":"https:\/\/cp-prod-wordpress.alfa.sx\/de\/wp-json\/wp\/v2\/types\/page"}],"author":[{"embeddable":true,"href":"https:\/\/cp-prod-wordpress.alfa.sx\/de\/wp-json\/wp\/v2\/users\/5"}],"replies":[{"embeddable":true,"href":"https:\/\/cp-prod-wordpress.alfa.sx\/de\/wp-json\/wp\/v2\/comments?post=5590"}],"version-history":[{"count":4,"href":"https:\/\/cp-prod-wordpress.alfa.sx\/de\/wp-json\/wp\/v2\/pages\/5590\/revisions"}],"predecessor-version":[{"id":5591,"href":"https:\/\/cp-prod-wordpress.alfa.sx\/de\/wp-json\/wp\/v2\/pages\/5590\/revisions\/5591"}],"up":[{"embeddable":true,"href":"https:\/\/cp-prod-wordpress.alfa.sx\/de\/wp-json\/wp\/v2\/pages\/1612"}],"wp:attachment":[{"href":"https:\/\/cp-prod-wordpress.alfa.sx\/de\/wp-json\/wp\/v2\/media?parent=5590"}],"curies":[{"name":"wp","href":"https:\/\/api.w.org\/{rel}","templated":true}]}}