{"id":565,"date":"2023-10-13T08:02:45","date_gmt":"2023-10-13T08:02:45","guid":{"rendered":"https:\/\/strange-sammet.82-165-59-152.plesk.page\/?page_id=565"},"modified":"2025-03-18T09:31:04","modified_gmt":"2025-03-18T09:31:04","slug":"switching-accounts","status":"publish","type":"page","link":"https:\/\/cp-prod-wordpress.alfa.sx\/de\/alfaview-app\/home-screen\/switching-accounts\/","title":{"rendered":"Company wechseln"},"content":{"rendered":"\n<p>Falls Sie mit einer E-Mail-Adresse mehrere Benutzerkonten in verschiedenen alfaview-Companys haben, k\u00f6nnen Sie zwischen den Companys wechseln.<\/p>\n\n\n\n<h2 class=\"wp-block-heading\" class=\"wp-block-heading\" id=\"in-der-app\">In der App<a href=\"#in-der-app\" class=\"av-heading-anchor\"><i class=\"bi bi-link\"><\/i><\/a><\/h2>\n\n\n\n<h3 class=\"wp-block-heading\" class=\"wp-block-heading\" id=\"beim-start-der-app\">Beim Start der App<a href=\"#beim-start-der-app\" class=\"av-heading-anchor\"><i class=\"bi bi-link\"><\/i><\/a><\/h3>\n\n\n<div class=\"wp-block-image\">\n<figure class=\"alignright size-large is-resized\"><a href=\"https:\/\/cp-prod-wordpress.alfa.sx\/wp-content\/uploads\/2024\/06\/select-company-de.png\"><img loading=\"lazy\" decoding=\"async\" width=\"1024\" height=\"506\" src=\"https:\/\/cp-prod-wordpress.alfa.sx\/wp-content\/uploads\/2024\/06\/select-company-de-1024x506.png\" alt=\"Eine Liste mit allen Companys, in denen der Benutzer bzw. die Benutzerin mit ihrem Benutzerkonto angemeldet ist\" class=\"wp-image-3945\" style=\"width:250px\" srcset=\"https:\/\/cp-prod-wordpress.alfa.sx\/wp-content\/uploads\/2024\/06\/select-company-de-1024x506.png 1024w, https:\/\/cp-prod-wordpress.alfa.sx\/wp-content\/uploads\/2024\/06\/select-company-de-300x148.png 300w, https:\/\/cp-prod-wordpress.alfa.sx\/wp-content\/uploads\/2024\/06\/select-company-de-768x379.png 768w, https:\/\/cp-prod-wordpress.alfa.sx\/wp-content\/uploads\/2024\/06\/select-company-de-1536x759.png 1536w, https:\/\/cp-prod-wordpress.alfa.sx\/wp-content\/uploads\/2024\/06\/select-company-de.png 1864w\" sizes=\"auto, (max-width: 1024px) 100vw, 1024px\" \/><\/a><figcaption class=\"wp-element-caption\">Company w\u00e4hlen<\/figcaption><\/figure>\n<\/div>\n\n\n<ul class=\"wp-block-list\">\n<li>Starten Sie alfaview. Wenn Sie noch nicht angemeldet sind, geben Sie bitte Ihren Benutzernamen und Ihr Passwort in die Anmeldemaske ein.<\/li>\n\n\n\n<li>Es \u00f6ffnet sich ein Auswahlfenster mit allen verf\u00fcgbaren Companys. W\u00e4hlen Sie die Company aus der Liste, die Sie betreten m\u00f6chten.<\/li>\n\n\n\n<li>Klicken Sie neben dem Namen der Company auf die Schaltfl\u00e4che <button class=\"av-button av-button--primary\">Ausw\u00e4hlen<\/button>.<\/li>\n\n\n\n<li>Nun sehen Sie alle f\u00fcr Sie zug\u00e4nglichen alfaview-R\u00e4ume der Company in der Raumliste.<\/li>\n<\/ul>\n\n\n\n<h3 class=\"wp-block-heading\" class=\"wp-block-heading\" id=\"company-wechseln\">Company wechseln<a href=\"#company-wechseln\" class=\"av-heading-anchor\"><i class=\"bi bi-link\"><\/i><\/a><\/h3>\n\n\n\n<p>Wenn Sie sich bereits in der alfaview-App oder dem Webclient befinden, k\u00f6nnen Sie die Company ebenfalls wechseln.<\/p>\n\n\n<div class=\"wp-block-image\">\n<figure class=\"alignright size-large is-resized\"><a href=\"https:\/\/cp-prod-wordpress.alfa.sx\/wp-content\/uploads\/2024\/06\/switch-company-de.png\"><img loading=\"lazy\" decoding=\"async\" width=\"1024\" height=\"505\" src=\"https:\/\/cp-prod-wordpress.alfa.sx\/wp-content\/uploads\/2024\/06\/switch-company-de-1024x505.png\" alt=\"Die Raumliste in der App. Die Schaltfl\u00e4che &quot;Company wechseln&quot; ist rot umrandet\" class=\"wp-image-3948\" style=\"width:250px\" srcset=\"https:\/\/cp-prod-wordpress.alfa.sx\/wp-content\/uploads\/2024\/06\/switch-company-de-1024x505.png 1024w, https:\/\/cp-prod-wordpress.alfa.sx\/wp-content\/uploads\/2024\/06\/switch-company-de-300x148.png 300w, https:\/\/cp-prod-wordpress.alfa.sx\/wp-content\/uploads\/2024\/06\/switch-company-de-768x378.png 768w, https:\/\/cp-prod-wordpress.alfa.sx\/wp-content\/uploads\/2024\/06\/switch-company-de-1536x757.png 1536w, https:\/\/cp-prod-wordpress.alfa.sx\/wp-content\/uploads\/2024\/06\/switch-company-de.png 1865w\" sizes=\"auto, (max-width: 1024px) 100vw, 1024px\" \/><\/a><figcaption class=\"wp-element-caption\">Raumliste<\/figcaption><\/figure>\n<\/div>\n\n\n<ul class=\"wp-block-list\">\n<li>Gehen Sie zur Raum- und Meetingliste und klicken Sie auf die Schaltfl\u00e4che <button class=\"av-button av-button--default\">Company wechseln<\/button> in der oberen rechten Ecke.<\/li>\n\n\n\n<li>W\u00e4hlen Sie die Company, in die Sie wechseln m\u00f6chten. Klicken Sie neben dem Namen der Company auf die Schalfl\u00e4che <button class=\"av-button av-button--primary\">Ausw\u00e4hlen<\/button>.<\/li>\n<\/ul>\n\n\n\n<h2 class=\"wp-block-heading\" class=\"wp-block-heading\" id=\"auf-der-verwaltungsoberflaeche\">Auf der Verwaltungsoberfl\u00e4che<a href=\"#auf-der-verwaltungsoberflaeche\" class=\"av-heading-anchor\"><i class=\"bi bi-link\"><\/i><\/a><\/h2>\n\n\n\n<ul class=\"wp-block-list\">\n<li>Melden Sie sich auf der <a href=\"https:\/\/app.alfaview.com\/#\/login\">Verwaltungsoberfl\u00e4che<\/a> an.<\/li>\n\n\n\n<li>Klicken Sie im Men\u00fc auf der linken Seite auf die Schaltfl\u00e4che <button class=\"av-button av-button--default\">Company wechseln<\/button>.<\/li>\n\n\n\n<li>W\u00e4hlen Sie die Company, in die Sie wechseln m\u00f6chten. Klicken Sie neben dem Namen der Company auf die Schaltfl\u00e4che <button class=\"av-button av-button--primary\">Ausw\u00e4hlen<\/button>.<\/li>\n<\/ul>\n","protected":false},"excerpt":{"rendered":"<p>Sie sind bei mehreren Companys registriert?<br \/>\nWechseln Sie schnell und einfach zwischen den Companys.<\/p>\n","protected":false},"author":2,"featured_media":0,"parent":493,"menu_order":5,"comment_status":"closed","ping_status":"closed","template":"","meta":{"footnotes":""},"class_list":["post-565","page","type-page","status-publish","hentry"],"_links":{"self":[{"href":"https:\/\/cp-prod-wordpress.alfa.sx\/de\/wp-json\/wp\/v2\/pages\/565","targetHints":{"allow":["GET"]}}],"collection":[{"href":"https:\/\/cp-prod-wordpress.alfa.sx\/de\/wp-json\/wp\/v2\/pages"}],"about":[{"href":"https:\/\/cp-prod-wordpress.alfa.sx\/de\/wp-json\/wp\/v2\/types\/page"}],"author":[{"embeddable":true,"href":"https:\/\/cp-prod-wordpress.alfa.sx\/de\/wp-json\/wp\/v2\/users\/2"}],"replies":[{"embeddable":true,"href":"https:\/\/cp-prod-wordpress.alfa.sx\/de\/wp-json\/wp\/v2\/comments?post=565"}],"version-history":[{"count":17,"href":"https:\/\/cp-prod-wordpress.alfa.sx\/de\/wp-json\/wp\/v2\/pages\/565\/revisions"}],"predecessor-version":[{"id":570,"href":"https:\/\/cp-prod-wordpress.alfa.sx\/de\/wp-json\/wp\/v2\/pages\/565\/revisions\/570"}],"up":[{"embeddable":true,"href":"https:\/\/cp-prod-wordpress.alfa.sx\/de\/wp-json\/wp\/v2\/pages\/493"}],"wp:attachment":[{"href":"https:\/\/cp-prod-wordpress.alfa.sx\/de\/wp-json\/wp\/v2\/media?parent=565"}],"curies":[{"name":"wp","href":"https:\/\/api.w.org\/{rel}","templated":true}]}}