{"id":585,"date":"2023-10-13T08:21:31","date_gmt":"2023-10-13T08:21:31","guid":{"rendered":"https:\/\/strange-sammet.82-165-59-152.plesk.page\/?page_id=585"},"modified":"2025-04-09T14:15:12","modified_gmt":"2025-04-09T14:15:12","slug":"room-permissions","status":"publish","type":"page","link":"https:\/\/cp-prod-wordpress.alfa.sx\/de\/administration\/general\/room-permissions\/","title":{"rendered":"Raumberechtigungen"},"content":{"rendered":"\n<p>Folgende Berechtigungsgruppen k\u00f6nnen Benutzer:innen und G\u00e4sten eines alfaview-Raumes zugewiesen werden:<\/p>\n\n\n\n<figure class=\"wp-block-table\"><table><thead><tr><th>Berechtigung<\/th><th class=\"has-text-align-center\" data-align=\"center\">Admin<\/th><th class=\"has-text-align-center\" data-align=\"center\">Moderator<\/th><th class=\"has-text-align-center\" data-align=\"center\">Teilnehmer<\/th><th class=\"has-text-align-center\" data-align=\"center\">Gast<\/th><th class=\"has-text-align-center\" data-align=\"center\">Zuschauer<\/th><th>Kein Zugang*<\/th><\/tr><\/thead><tbody><tr><td>Raum bearbeiten<\/td><td class=\"has-text-align-center\" data-align=\"center\"><img loading=\"lazy\" decoding=\"async\" width=\"20\" height=\"17\" class=\"wp-image-2105\" style=\"width: 20px;\" src=\"https:\/\/cp-prod-wordpress.alfa.sx\/wp-content\/uploads\/2023\/12\/checked.png\" alt=\"zugewiesen\"><\/td><td class=\"has-text-align-center\" data-align=\"center\"><\/td><td class=\"has-text-align-center\" data-align=\"center\"><\/td><td class=\"has-text-align-center\" data-align=\"center\"><\/td><td class=\"has-text-align-center\" data-align=\"center\"><\/td><td><\/td><\/tr><tr><td>Raum betreten<\/td><td class=\"has-text-align-center\" data-align=\"center\"><img loading=\"lazy\" decoding=\"async\" width=\"20\" height=\"17\" class=\"wp-image-2105\" style=\"width: 20px;\" src=\"https:\/\/cp-prod-wordpress.alfa.sx\/wp-content\/uploads\/2023\/12\/checked.png\" alt=\"zugewiesen\"><\/td><td class=\"has-text-align-center\" data-align=\"center\"><img loading=\"lazy\" decoding=\"async\" width=\"20\" height=\"17\" class=\"wp-image-2105\" style=\"width: 20px;\" src=\"https:\/\/cp-prod-wordpress.alfa.sx\/wp-content\/uploads\/2023\/12\/checked.png\" alt=\"zugewiesen\"><\/td><td class=\"has-text-align-center\" data-align=\"center\"><img loading=\"lazy\" decoding=\"async\" width=\"20\" height=\"17\" class=\"wp-image-2105\" style=\"width: 20px;\" src=\"https:\/\/cp-prod-wordpress.alfa.sx\/wp-content\/uploads\/2023\/12\/checked.png\" alt=\"zugewiesen\"><\/td><td class=\"has-text-align-center\" data-align=\"center\"><img loading=\"lazy\" decoding=\"async\" width=\"20\" height=\"17\" class=\"wp-image-2105\" style=\"width: 20px;\" src=\"https:\/\/cp-prod-wordpress.alfa.sx\/wp-content\/uploads\/2023\/12\/checked.png\" alt=\"zugewiesen\"><\/td><td class=\"has-text-align-center\" data-align=\"center\"><img loading=\"lazy\" decoding=\"async\" width=\"20\" height=\"17\" class=\"wp-image-2105\" style=\"width: 20px;\" src=\"https:\/\/cp-prod-wordpress.alfa.sx\/wp-content\/uploads\/2023\/12\/checked.png\" alt=\"zugewiesen\"><\/td><td><\/td><\/tr><tr><td>Audio &amp; Video senden<\/td><td class=\"has-text-align-center\" data-align=\"center\"><img loading=\"lazy\" decoding=\"async\" width=\"20\" height=\"17\" class=\"wp-image-2105\" style=\"width: 20px;\" src=\"https:\/\/cp-prod-wordpress.alfa.sx\/wp-content\/uploads\/2023\/12\/checked.png\" alt=\"zugewiesen\"><\/td><td class=\"has-text-align-center\" data-align=\"center\"><img loading=\"lazy\" decoding=\"async\" width=\"20\" height=\"17\" class=\"wp-image-2105\" style=\"width: 20px;\" src=\"https:\/\/cp-prod-wordpress.alfa.sx\/wp-content\/uploads\/2023\/12\/checked.png\" alt=\"zugewiesen\"><\/td><td class=\"has-text-align-center\" data-align=\"center\"><img loading=\"lazy\" decoding=\"async\" width=\"20\" height=\"17\" class=\"wp-image-2105\" style=\"width: 20px;\" src=\"https:\/\/cp-prod-wordpress.alfa.sx\/wp-content\/uploads\/2023\/12\/checked.png\" alt=\"zugewiesen\"><\/td><td class=\"has-text-align-center\" data-align=\"center\"><img loading=\"lazy\" decoding=\"async\" width=\"20\" height=\"17\" class=\"wp-image-2105\" style=\"width: 20px;\" src=\"https:\/\/cp-prod-wordpress.alfa.sx\/wp-content\/uploads\/2023\/12\/checked.png\" alt=\"zugewiesen\"><\/td><td class=\"has-text-align-center\" data-align=\"center\"><\/td><td><\/td><\/tr><tr><td>Audio &amp; Video empfangen<\/td><td class=\"has-text-align-center\" data-align=\"center\"><img loading=\"lazy\" decoding=\"async\" width=\"20\" height=\"17\" class=\"wp-image-2105\" style=\"width: 20px;\" src=\"https:\/\/cp-prod-wordpress.alfa.sx\/wp-content\/uploads\/2023\/12\/checked.png\" alt=\"zugewiesen\"><\/td><td class=\"has-text-align-center\" data-align=\"center\"><img loading=\"lazy\" decoding=\"async\" width=\"20\" height=\"17\" class=\"wp-image-2105\" style=\"width: 20px;\" src=\"https:\/\/cp-prod-wordpress.alfa.sx\/wp-content\/uploads\/2023\/12\/checked.png\" alt=\"zugewiesen\"><\/td><td class=\"has-text-align-center\" data-align=\"center\"><img loading=\"lazy\" decoding=\"async\" width=\"20\" height=\"17\" class=\"wp-image-2105\" style=\"width: 20px;\" src=\"https:\/\/cp-prod-wordpress.alfa.sx\/wp-content\/uploads\/2023\/12\/checked.png\" alt=\"zugewiesen\"><\/td><td class=\"has-text-align-center\" data-align=\"center\"><img loading=\"lazy\" decoding=\"async\" width=\"20\" height=\"17\" class=\"wp-image-2105\" style=\"width: 20px;\" src=\"https:\/\/cp-prod-wordpress.alfa.sx\/wp-content\/uploads\/2023\/12\/checked.png\" alt=\"zugewiesen\"><\/td><td class=\"has-text-align-center\" data-align=\"center\"><img loading=\"lazy\" decoding=\"async\" width=\"20\" height=\"17\" class=\"wp-image-2105\" style=\"width: 20px;\" src=\"https:\/\/cp-prod-wordpress.alfa.sx\/wp-content\/uploads\/2023\/12\/checked.png\" alt=\"zugewiesen\"><\/td><td><\/td><\/tr><tr><td>Moderationsfunktionen<\/td><td class=\"has-text-align-center\" data-align=\"center\"><img loading=\"lazy\" decoding=\"async\" width=\"20\" height=\"17\" class=\"wp-image-2105\" style=\"width: 20px;\" src=\"https:\/\/cp-prod-wordpress.alfa.sx\/wp-content\/uploads\/2023\/12\/checked.png\" alt=\"zugewiesen\"><\/td><td class=\"has-text-align-center\" data-align=\"center\"><img loading=\"lazy\" decoding=\"async\" width=\"20\" height=\"17\" class=\"wp-image-2105\" style=\"width: 20px;\" src=\"https:\/\/cp-prod-wordpress.alfa.sx\/wp-content\/uploads\/2023\/12\/checked.png\" alt=\"zugewiesen\"><\/td><td class=\"has-text-align-center\" data-align=\"center\"><\/td><td class=\"has-text-align-center\" data-align=\"center\"><\/td><td class=\"has-text-align-center\" data-align=\"center\"><\/td><td><\/td><\/tr><tr><td>Bildschirm\u00fcbertragung<\/td><td class=\"has-text-align-center\" data-align=\"center\"><img loading=\"lazy\" decoding=\"async\" width=\"20\" height=\"17\" class=\"wp-image-2105\" style=\"width: 20px;\" src=\"https:\/\/cp-prod-wordpress.alfa.sx\/wp-content\/uploads\/2023\/12\/checked.png\" alt=\"zugewiesen\"><\/td><td class=\"has-text-align-center\" data-align=\"center\"><img loading=\"lazy\" decoding=\"async\" width=\"20\" height=\"17\" class=\"wp-image-2105\" style=\"width: 20px;\" src=\"https:\/\/cp-prod-wordpress.alfa.sx\/wp-content\/uploads\/2023\/12\/checked.png\" alt=\"zugewiesen\"><\/td><td class=\"has-text-align-center\" data-align=\"center\"><img loading=\"lazy\" decoding=\"async\" width=\"20\" height=\"17\" class=\"wp-image-2105\" style=\"width: 20px;\" src=\"https:\/\/cp-prod-wordpress.alfa.sx\/wp-content\/uploads\/2023\/12\/checked.png\" alt=\"zugewiesen\"><\/td><td class=\"has-text-align-center\" data-align=\"center\"><\/td><td class=\"has-text-align-center\" data-align=\"center\"><\/td><td><\/td><\/tr><tr><td>Chat<\/td><td class=\"has-text-align-center\" data-align=\"center\"><img loading=\"lazy\" decoding=\"async\" width=\"20\" height=\"17\" class=\"wp-image-2105\" style=\"width: 20px;\" src=\"https:\/\/cp-prod-wordpress.alfa.sx\/wp-content\/uploads\/2023\/12\/checked.png\" alt=\"zugewiesen\"><\/td><td class=\"has-text-align-center\" data-align=\"center\"><img loading=\"lazy\" decoding=\"async\" width=\"20\" height=\"17\" class=\"wp-image-2105\" style=\"width: 20px;\" src=\"https:\/\/cp-prod-wordpress.alfa.sx\/wp-content\/uploads\/2023\/12\/checked.png\" alt=\"zugewiesen\"><\/td><td class=\"has-text-align-center\" data-align=\"center\"><img loading=\"lazy\" decoding=\"async\" width=\"20\" height=\"17\" class=\"wp-image-2105\" style=\"width: 20px;\" src=\"https:\/\/cp-prod-wordpress.alfa.sx\/wp-content\/uploads\/2023\/12\/checked.png\" alt=\"zugewiesen\"><\/td><td class=\"has-text-align-center\" data-align=\"center\"><img loading=\"lazy\" decoding=\"async\" width=\"20\" height=\"17\" class=\"wp-image-2105\" style=\"width: 20px;\" src=\"https:\/\/cp-prod-wordpress.alfa.sx\/wp-content\/uploads\/2023\/12\/checked.png\" alt=\"zugewiesen\"><\/td><td class=\"has-text-align-center\" data-align=\"center\"><img loading=\"lazy\" decoding=\"async\" width=\"20\" height=\"17\" class=\"wp-image-2105\" style=\"width: 20px;\" src=\"https:\/\/cp-prod-wordpress.alfa.sx\/wp-content\/uploads\/2023\/12\/checked.png\" alt=\"zugewiesen\"><\/td><td><\/td><\/tr><tr><td>VIP<\/td><td class=\"has-text-align-center\" data-align=\"center\"><img loading=\"lazy\" decoding=\"async\" width=\"20\" height=\"17\" class=\"wp-image-2105\" style=\"width: 20px;\" src=\"https:\/\/cp-prod-wordpress.alfa.sx\/wp-content\/uploads\/2023\/12\/checked.png\" alt=\"zugewiesen\"><\/td><td class=\"has-text-align-center\" data-align=\"center\"><img loading=\"lazy\" decoding=\"async\" width=\"20\" height=\"17\" class=\"wp-image-2105\" style=\"width: 20px;\" src=\"https:\/\/cp-prod-wordpress.alfa.sx\/wp-content\/uploads\/2023\/12\/checked.png\" alt=\"zugewiesen\"><\/td><td class=\"has-text-align-center\" data-align=\"center\"><\/td><td class=\"has-text-align-center\" data-align=\"center\"><\/td><td class=\"has-text-align-center\" data-align=\"center\"><\/td><td><\/td><\/tr><\/tbody><\/table><\/figure>\n\n\n\n<p>*Die Berechtigungsgruppe <strong>Kein Zugang<\/strong> dient dazu, bestimmten Benutzer:innen den Raumzutritt zu verbieten.<\/p>\n\n\n\n<div class=\"wp-block-alfaview-callout\">\n<p>Bestimmte Funktionen, z. B. die Bildschirm\u00fcbertragung, k\u00f6nnen durch den Moderator oder die Moderatorin w\u00e4hrend eines Meetings freigegeben werden. Weitere Informationen finden Sie in den\u00a0<a href=\"\/de\/alfaview-app\/alfaview-room\/moderator-controls\/\">Moderationsfunktionen<\/a>.<\/p>\n<\/div>\n","protected":false},"excerpt":{"rendered":"<p>Was ist der Unterschied zwischen den Rollen Moderator, Teilnehmer und Zuschauer?<br \/>\nHier erfahren Sie alles \u00fcber die verschiedenen Berechtigungen im Raum.<\/p>\n","protected":false},"author":3,"featured_media":0,"parent":466,"menu_order":10,"comment_status":"closed","ping_status":"closed","template":"","meta":{"footnotes":""},"class_list":["post-585","page","type-page","status-publish","hentry"],"_links":{"self":[{"href":"https:\/\/cp-prod-wordpress.alfa.sx\/de\/wp-json\/wp\/v2\/pages\/585","targetHints":{"allow":["GET"]}}],"collection":[{"href":"https:\/\/cp-prod-wordpress.alfa.sx\/de\/wp-json\/wp\/v2\/pages"}],"about":[{"href":"https:\/\/cp-prod-wordpress.alfa.sx\/de\/wp-json\/wp\/v2\/types\/page"}],"author":[{"embeddable":true,"href":"https:\/\/cp-prod-wordpress.alfa.sx\/de\/wp-json\/wp\/v2\/users\/3"}],"replies":[{"embeddable":true,"href":"https:\/\/cp-prod-wordpress.alfa.sx\/de\/wp-json\/wp\/v2\/comments?post=585"}],"version-history":[{"count":12,"href":"https:\/\/cp-prod-wordpress.alfa.sx\/de\/wp-json\/wp\/v2\/pages\/585\/revisions"}],"predecessor-version":[{"id":588,"href":"https:\/\/cp-prod-wordpress.alfa.sx\/de\/wp-json\/wp\/v2\/pages\/585\/revisions\/588"}],"up":[{"embeddable":true,"href":"https:\/\/cp-prod-wordpress.alfa.sx\/de\/wp-json\/wp\/v2\/pages\/466"}],"wp:attachment":[{"href":"https:\/\/cp-prod-wordpress.alfa.sx\/de\/wp-json\/wp\/v2\/media?parent=585"}],"curies":[{"name":"wp","href":"https:\/\/api.w.org\/{rel}","templated":true}]}}