{"id":595,"date":"2023-10-13T08:28:05","date_gmt":"2023-10-13T08:28:05","guid":{"rendered":"https:\/\/strange-sammet.82-165-59-152.plesk.page\/?page_id=595"},"modified":"2025-06-06T13:25:53","modified_gmt":"2025-06-06T13:25:53","slug":"user-permissions","status":"publish","type":"page","link":"https:\/\/cp-prod-wordpress.alfa.sx\/de\/administration\/general\/user-permissions\/","title":{"rendered":"Benutzerberechtigungen"},"content":{"rendered":"\n<p>Alle Benutzer:innen verf\u00fcgen \u00fcber bestimmte Berechtigungen, die bei der Einladung in eine Company festgelegt und sp\u00e4ter aktualisiert werden k\u00f6nnen. Nur Benutzer:innen mit der Berechtigung <strong>Benutzer:innen verwalten<\/strong> k\u00f6nnen Berechtigungen erteilen und entziehen. Sie k\u00f6nnen nur die Berechtigungen erteilen, die Sie selbst besitzen. Es ist nicht m\u00f6glich, dass Sie sich Ihre eigenen Berechtigungen entziehen.<\/p>\n\n\n\n<div class=\"wp-block-alfaview-callout\">\n<p>Bitte beachten Sie, dass zur Vergabe oder Entziehung der Berechtigung <strong>Company-Einstellungen verwalten<\/strong> \u00fcber diese Berechtigung verf\u00fcgt werden muss. Die Berechtigung <strong>Benutzer:innen verwalten<\/strong> allein ist nicht ausreichend.<\/p>\n<\/div>\n\n\n\n<h2 class=\"wp-block-heading\" class=\"wp-block-heading\" id=\"hierarchischer-aufbau-der-berechtigungen\">Hierarchischer Aufbau der Berechtigungen<a href=\"#hierarchischer-aufbau-der-berechtigungen\" class=\"av-heading-anchor\"><i class=\"bi bi-link\"><\/i><\/a><\/h2>\n\n\n\n<p>Berechtigungen sind hierarchisch aufgebaut und folgen der Baumstruktur. Wenn Benutzer:innen eine \u00fcbergeordnete Berechtigung besitzen, erhalten sie automatisch auch die untergeordnete Berechtigung. Im Gegensatz dazu k\u00f6nnen niedrige Berechtigungen vergeben werden, ohne dass die \u00fcbergeordnete Berechtigung ebenfalls gew\u00e4hrt wird.<\/p>\n\n\n<div class=\"wp-block-image\">\n<figure class=\"alignright size-full is-resized\"><a href=\"https:\/\/cp-prod-wordpress.alfa.sx\/wp-content\/uploads\/2024\/06\/user-permissions-de.png\"><img loading=\"lazy\" decoding=\"async\" width=\"577\" height=\"521\" src=\"https:\/\/cp-prod-wordpress.alfa.sx\/wp-content\/uploads\/2024\/06\/user-permissions-de.png\" alt=\"Screenshot des Aufbaus der Berechtigungen in der Administrationsoberfl\u00e4che\" class=\"wp-image-4094\" style=\"width:250px\" srcset=\"https:\/\/cp-prod-wordpress.alfa.sx\/wp-content\/uploads\/2024\/06\/user-permissions-de.png 577w, https:\/\/cp-prod-wordpress.alfa.sx\/wp-content\/uploads\/2024\/06\/user-permissions-de-300x271.png 300w\" sizes=\"auto, (max-width: 577px) 100vw, 577px\" \/><\/a><figcaption class=\"wp-element-caption\">Aufbau der Benutzerberechtigungen<\/figcaption><\/figure>\n<\/div>\n\n\n<ul class=\"wp-block-list\">\n<li>Company-Einstellungen verwalten\n<ul class=\"wp-block-list\">\n<li>Alle Namen von Benutzer:innen anzeigen<\/li>\n\n\n\n<li>Benutzer:innen verwalten\n<ul class=\"wp-block-list\">\n<li>Alle Benutzer:innen anzeigen<\/li>\n<\/ul>\n<\/li>\n\n\n\n<li>R\u00e4ume verwalten\n<ul class=\"wp-block-list\">\n<li>Alle R\u00e4ume anzeigen<\/li>\n\n\n\n<li>Raum erstellen<\/li>\n<\/ul>\n<\/li>\n<\/ul>\n<\/li>\n<\/ul>\n\n\n\n<div style=\"height:1px\" aria-hidden=\"true\" class=\"wp-block-spacer\"><\/div>\n\n\n\n<div class=\"wp-block-alfaview-callout\">\n<p>Wenn Sie API Keys nutzen, empfehlen wir, dass Sie einzelne Benutzerprofile f\u00fcr die verschiedenen API Keys (z.B. Raum erstellen, Benutzer:innen einladen) erstellen. So wird Ihre Company bei einem Verlust des API Keys bestm\u00f6glich gesch\u00fctzt.<\/p>\n<\/div>\n\n\n\n<h2 class=\"wp-block-heading\" class=\"wp-block-heading\" id=\"berechtigungen-und-ihre-eigenschaften\">Berechtigungen und ihre Eigenschaften<a href=\"#berechtigungen-und-ihre-eigenschaften\" class=\"av-heading-anchor\"><i class=\"bi bi-link\"><\/i><\/a><\/h2>\n\n\n\n<figure class=\"wp-block-table av-two-col-table\"><table><thead><tr><th>Berechtigung<\/th><th>Definition<\/th><\/tr><\/thead><tbody><tr><td>Company-Einstellungen verwalten<\/td><td>Benutzer:innen mit dieser Berechtigung k\u00f6nnen in der Verwaltung von alfaview auf den Reiter <strong><a href=\"https:\/\/cp-prod-wordpress.alfa.sx\/de\/administration\/account-management\/\">Company<\/a><\/strong> zugreifen. Dort k\u00f6nnen die folgenden Einstellungen verwaltet werden:<br>&#8211; Name der Company<br>&#8211; Datenschutzhinweise des Gastgebers<br>&#8211; Company dauerhaft l\u00f6schen<br>&#8211; Einblick in die Kontingente der Company<br>&#8211; API Keys<br>&#8211; Add-Ins<\/td><\/tr><tr><td>Alle Namen von Benutzer:innen anzeigen<\/td><td>Mit dieser Berechtigung werden die Namen der anderen Benutzer:innen, die sich derzeit in einem alfaview-Raum befinden, in der Raum- und Teilnehmerliste angezeigt.<br>Ohne diese Berechtigung wird nur die Anzahl der Benutzer:innen, die online sind, angezeigt.<\/td><\/tr><tr><td>Benutzer:innen verwalten<\/td><td>Diese Berechtigung erlaubt es dem Benutzer oder der Benutzerin in der Verwaltung auf den Reiter <strong><a href=\"https:\/\/cp-prod-wordpress.alfa.sx\/de\/administration\/user-management\/\">Benutzer<\/a><\/strong> zuzugreifen und anderen Benutzer:innen Berechtigungen zu vergeben oder zu entziehen. Dort k\u00f6nnen die folgenden Einstellungen verwaltet werden:<br>&#8211; Benutzer:innen einladen<br>&#8211; Benutzer:innen bearbeiten (Berechtigungen anpassen, Passwort per E-Mail zur\u00fccksetzen)<br>&#8211; Benutzer:innen l\u00f6schen<\/td><\/tr><tr><td>Alle Benutzer:innen anzeigen<\/td><td>Benutzer:innen mit dieser Berechtigung k\u00f6nnen auf den Reiter <strong>Benutzer<\/strong> in der Verwaltung zugreifen. Dort werden ihnen alle aktuellen Benutzer:innen sowie die ausstehenden Benutzer:innen angezeigt.<br>Diese Berechtigung erleichtert es Raumadministrator:innen, Benutzer:innen den Zugang zu einem Raum zu gew\u00e4hren.<\/td><\/tr><tr><td>R\u00e4ume verwalten<\/td><td>Diese Berechtigung erlaubt es dem Benutzer oder der Benutzerin in der Verwaltung auf den Reiter <strong><a href=\"https:\/\/cp-prod-wordpress.alfa.sx\/de\/administration\/room-management\/\">R\u00e4ume<\/a><strong> <\/strong><\/strong>zuzugreifen. Dort k\u00f6nnen die folgenden Einstellungen verwaltet werden:<br>&#8211; Erstellung von R\u00e4umen und Abteilungen<br>&#8211; Bearbeitung aller R\u00e4ume und Abteilungen (einschlie\u00dflich der Raum-Features, Gast- und Gruppenlinks und der Anwesenheitsliste)<br>&#8211; L\u00f6schung von R\u00e4umen und Abteilungen<br>&#8211; Anordnung der R\u00e4ume und Abteilungen<\/td><\/tr><tr><td>Alle R\u00e4ume anzeigen<\/td><td>Diese Berechtigung erlaubt es den Benutzenden, alle R\u00e4ume, f\u00fcr die sie Verwaltungsrechte haben, in der Verwaltung, der alfaview-App und im Webclient zu sehen.<\/td><\/tr><tr><td>Raum erstellen<\/td><td>Mit einem entsprechenden Kontingent k\u00f6nnen Benutzer:innen mit dieser Berechtigung einen neuen <a href=\"https:\/\/cp-prod-wordpress.alfa.sx\/de\/administration\/room-management\/create-room\/\">alfaview-Raum erstellen<\/a>.<\/td><\/tr><\/tbody><\/table><\/figure>\n","protected":false},"excerpt":{"rendered":"<p>Legen Sie fest, ob die Benutzer:innen nur eine Liste der Benutzernamen einsehen, R\u00e4ume erstellen oder die gesamte Company verwalten d\u00fcrfen.<\/p>\n","protected":false},"author":3,"featured_media":0,"parent":466,"menu_order":10,"comment_status":"closed","ping_status":"closed","template":"","meta":{"footnotes":""},"class_list":["post-595","page","type-page","status-publish","hentry"],"_links":{"self":[{"href":"https:\/\/cp-prod-wordpress.alfa.sx\/de\/wp-json\/wp\/v2\/pages\/595","targetHints":{"allow":["GET"]}}],"collection":[{"href":"https:\/\/cp-prod-wordpress.alfa.sx\/de\/wp-json\/wp\/v2\/pages"}],"about":[{"href":"https:\/\/cp-prod-wordpress.alfa.sx\/de\/wp-json\/wp\/v2\/types\/page"}],"author":[{"embeddable":true,"href":"https:\/\/cp-prod-wordpress.alfa.sx\/de\/wp-json\/wp\/v2\/users\/3"}],"replies":[{"embeddable":true,"href":"https:\/\/cp-prod-wordpress.alfa.sx\/de\/wp-json\/wp\/v2\/comments?post=595"}],"version-history":[{"count":12,"href":"https:\/\/cp-prod-wordpress.alfa.sx\/de\/wp-json\/wp\/v2\/pages\/595\/revisions"}],"predecessor-version":[{"id":596,"href":"https:\/\/cp-prod-wordpress.alfa.sx\/de\/wp-json\/wp\/v2\/pages\/595\/revisions\/596"}],"up":[{"embeddable":true,"href":"https:\/\/cp-prod-wordpress.alfa.sx\/de\/wp-json\/wp\/v2\/pages\/466"}],"wp:attachment":[{"href":"https:\/\/cp-prod-wordpress.alfa.sx\/de\/wp-json\/wp\/v2\/media?parent=595"}],"curies":[{"name":"wp","href":"https:\/\/api.w.org\/{rel}","templated":true}]}}