{"id":635,"date":"2023-10-13T13:23:00","date_gmt":"2023-10-13T13:23:00","guid":{"rendered":"https:\/\/strange-sammet.82-165-59-152.plesk.page\/?page_id=635"},"modified":"2025-04-10T08:44:30","modified_gmt":"2025-04-10T08:44:30","slug":"delete-company","status":"publish","type":"page","link":"https:\/\/cp-prod-wordpress.alfa.sx\/de\/administration\/company\/delete-company\/","title":{"rendered":"Company l\u00f6schen"},"content":{"rendered":"<div class=\"wp-block-image\">\n<figure class=\"alignright size-large is-resized\"><a href=\"https:\/\/cp-prod-wordpress.alfa.sx\/wp-content\/uploads\/2024\/04\/delete-company-de-1.png\"><img loading=\"lazy\" decoding=\"async\" width=\"1024\" height=\"513\" src=\"https:\/\/cp-prod-wordpress.alfa.sx\/wp-content\/uploads\/2024\/04\/delete-company-de-1-1024x513.png\" alt=\"Screenshot der Company-Verwaltung auf der Verwaltungsoberfl\u00e4che\" class=\"wp-image-3530\" style=\"width:250px\" srcset=\"https:\/\/cp-prod-wordpress.alfa.sx\/wp-content\/uploads\/2024\/04\/delete-company-de-1-1024x513.png 1024w, https:\/\/cp-prod-wordpress.alfa.sx\/wp-content\/uploads\/2024\/04\/delete-company-de-1-300x150.png 300w, https:\/\/cp-prod-wordpress.alfa.sx\/wp-content\/uploads\/2024\/04\/delete-company-de-1-768x385.png 768w, https:\/\/cp-prod-wordpress.alfa.sx\/wp-content\/uploads\/2024\/04\/delete-company-de-1-1536x770.png 1536w, https:\/\/cp-prod-wordpress.alfa.sx\/wp-content\/uploads\/2024\/04\/delete-company-de-1.png 1849w\" sizes=\"auto, (max-width: 1024px) 100vw, 1024px\" \/><\/a><figcaption class=\"wp-element-caption\">Company l\u00f6schen<\/figcaption><\/figure>\n<\/div>\n\n\n<p>Um Ihre Company zu l\u00f6schen, melden Sie sich bitte auf der&nbsp;<a href=\"https:\/\/app.alfaview.com\/#\/login\">Verwaltungsoberfl\u00e4che<\/a>&nbsp;an.<\/p>\n\n\n\n<p>Klicken Sie auf&nbsp;<strong>Company<\/strong>&nbsp;im Men\u00fc auf der linken Seite.<br>Durch einen Klick auf die Schaltfl\u00e4che <button class=\"av-button av-button--error\">Company l\u00f6schen<\/button> k\u00f6nnen Sie Ihre Company l\u00f6schen.<br>Best\u00e4tigen Sie die folgende Abfrage durch einen erneuten Klick auf die Schaltfl\u00e4che <button class=\"av-button av-button--error\"> Company l\u00f6schen<\/button>, um Ihre Company endg\u00fcltig zu l\u00f6schen.<\/p>\n\n\n\n<div class=\"wp-block-alfaview-callout\">\n<p>Bitte beachten Sie, dass mit der L\u00f6schung einer Company alle Daten (Benutzer, R\u00e4ume, Gast- und Gruppenlinks) gel\u00f6scht werden und Sie alle Zug\u00e4nge verlieren. Sie erhalten eine E-Mail, um den L\u00f6schvorgang zu best\u00e4tigen.<br><strong>Die L\u00f6schung ist endg\u00fcltig und kann nicht r\u00fcckg\u00e4ngig gemacht werden.<\/strong><\/p>\n<\/div>\n","protected":false},"excerpt":{"rendered":"<p>Folgen Sie unserer Anleitung, um Ihre Company endg\u00fcltig zu l\u00f6schen.<br \/>\nBitte beachten Sie, dass Sie mit der L\u00f6schung jeglichen Zugriff auf die Daten Ihrer Company verlieren.<\/p>\n","protected":false},"author":3,"featured_media":0,"parent":4524,"menu_order":5,"comment_status":"closed","ping_status":"closed","template":"","meta":{"footnotes":""},"class_list":["post-635","page","type-page","status-publish","hentry"],"_links":{"self":[{"href":"https:\/\/cp-prod-wordpress.alfa.sx\/de\/wp-json\/wp\/v2\/pages\/635","targetHints":{"allow":["GET"]}}],"collection":[{"href":"https:\/\/cp-prod-wordpress.alfa.sx\/de\/wp-json\/wp\/v2\/pages"}],"about":[{"href":"https:\/\/cp-prod-wordpress.alfa.sx\/de\/wp-json\/wp\/v2\/types\/page"}],"author":[{"embeddable":true,"href":"https:\/\/cp-prod-wordpress.alfa.sx\/de\/wp-json\/wp\/v2\/users\/3"}],"replies":[{"embeddable":true,"href":"https:\/\/cp-prod-wordpress.alfa.sx\/de\/wp-json\/wp\/v2\/comments?post=635"}],"version-history":[{"count":13,"href":"https:\/\/cp-prod-wordpress.alfa.sx\/de\/wp-json\/wp\/v2\/pages\/635\/revisions"}],"predecessor-version":[{"id":636,"href":"https:\/\/cp-prod-wordpress.alfa.sx\/de\/wp-json\/wp\/v2\/pages\/635\/revisions\/636"}],"up":[{"embeddable":true,"href":"https:\/\/cp-prod-wordpress.alfa.sx\/de\/wp-json\/wp\/v2\/pages\/4524"}],"wp:attachment":[{"href":"https:\/\/cp-prod-wordpress.alfa.sx\/de\/wp-json\/wp\/v2\/media?parent=635"}],"curies":[{"name":"wp","href":"https:\/\/api.w.org\/{rel}","templated":true}]}}