{"id":6482,"date":"2025-09-09T13:43:16","date_gmt":"2025-09-09T13:43:16","guid":{"rendered":"https:\/\/support.alfaview.com\/?page_id=6482"},"modified":"2025-09-18T09:33:40","modified_gmt":"2025-09-18T09:33:40","slug":"recording-and-streaming","status":"publish","type":"page","link":"https:\/\/cp-prod-wordpress.alfa.sx\/de\/alfaview-app\/alfaview-room\/primary-and-secondary-controls\/recording-and-streaming\/","title":{"rendered":"Aufzeichnung und Streaming"},"content":{"rendered":"\n<p>Mit Aufzeichnung und Streaming k\u00f6nnen Gespr\u00e4che im alfaview-Raum oder -Meeting lokal aufgezeichnet oder direkt auf Streaming-Plattformen wie YouTube, Twitch oder einem Server geteilt werden. Um diese Funktion nutzen zu k\u00f6nnen, muss das <a href=\"https:\/\/cp-prod-wordpress.alfa.sx\/de\/administration\/room-management\/room-features\/\" data-type=\"page\" data-id=\"1599\">Feature<\/a> durch eine:n Raumadministrator:in in der Raumverwaltung aktiviert werden. Au\u00dferdem k\u00f6nnen nur <a href=\"https:\/\/cp-prod-wordpress.alfa.sx\/de\/alfaview-app\/alfaview-room\/primary-and-secondary-controls\/participant-list-and-breakout-groups\/moderator-controls\/\" data-type=\"page\" data-id=\"1053\">Moderator:innen<\/a> eine Aufzeichnung starten.<\/p>\n\n\n\n<div class=\"wp-block-columns is-not-stacked-on-mobile is-layout-flex wp-container-core-columns-is-layout-9d6595d7 wp-block-columns-is-layout-flex\">\n<div class=\"wp-block-column is-layout-flow wp-block-column-is-layout-flow\" style=\"flex-basis:50px\">\n<button class=\"wp-block-alfaview-button av-button-main-menu av-button-grey\" disabled aria-label=\"Inhalte teilen deaktiviert\"><i class=\"icon icon-ic_radio_button_checked_24dp\"><\/i><\/button>\n<\/div>\n\n\n\n<div class=\"wp-block-column is-layout-flow wp-block-column-is-layout-flow\">\n<p><strong><strong>Aufzeichnung &amp; Streaming aus<\/strong><\/strong><br>Das Symbol <strong><img loading=\"lazy\" decoding=\"async\" width=\"20\" height=\"20\" class=\"wp-image-6679\" style=\"width: 20px;\" src=\"https:\/\/cp-prod-wordpress.alfa.sx\/wp-content\/uploads\/2025\/09\/alfaview_recording-and-streaming-icon-1.png\" alt=\"\">Aufzeichnung &amp; Streaming<\/strong> wird grau angezeigt.<\/p>\n<\/div>\n<\/div>\n\n\n\n<div class=\"wp-block-columns is-not-stacked-on-mobile is-layout-flex wp-container-core-columns-is-layout-9d6595d7 wp-block-columns-is-layout-flex\">\n<div class=\"wp-block-column is-layout-flow wp-block-column-is-layout-flow\" style=\"flex-basis:50px\">\n<button class=\"wp-block-alfaview-button av-button-main-menu av-button-red\" disabled aria-label=\"Inhalte teilen deaktiviert\"><i class=\"icon icon-ic_stop_24dp\"><\/i><\/button>\n<\/div>\n\n\n\n<div class=\"wp-block-column is-layout-flow wp-block-column-is-layout-flow\">\n<p><strong><strong>Aufzeichnung &amp; Streaming an<\/strong><\/strong><br>Das Aufnahmestop-Symbol wird rot angezeigt. Au\u00dferdem zeigt ein Timer an, wie lange die Aufnahme bereits l\u00e4uft.<\/p>\n<\/div>\n<\/div>\n\n\n<div class=\"wp-block-image\">\n<figure class=\"alignright size-full is-resized\"><a href=\"https:\/\/cp-prod-wordpress.alfa.sx\/wp-content\/uploads\/2025\/09\/alfaview_recording-and-streaming_de.png\"><img loading=\"lazy\" decoding=\"async\" width=\"324\" height=\"381\" src=\"https:\/\/cp-prod-wordpress.alfa.sx\/wp-content\/uploads\/2025\/09\/alfaview_recording-and-streaming_de.png\" alt=\"\" class=\"wp-image-6518\" style=\"width:198px;height:auto\" srcset=\"https:\/\/cp-prod-wordpress.alfa.sx\/wp-content\/uploads\/2025\/09\/alfaview_recording-and-streaming_de.png 324w, https:\/\/cp-prod-wordpress.alfa.sx\/wp-content\/uploads\/2025\/09\/alfaview_recording-and-streaming_de-255x300.png 255w\" sizes=\"auto, (max-width: 324px) 100vw, 324px\" \/><\/a><figcaption class=\"wp-element-caption\">Aufzeichnung &amp; Streaming<\/figcaption><\/figure>\n<\/div>\n\n\n<p>Um eine Aufzeichnung bzw. einen Stream zu starten, klicken Sie auf das Symbol <img loading=\"lazy\" decoding=\"async\" width=\"20\" height=\"20\" class=\"wp-image-6679\" style=\"width: 20px;\" src=\"https:\/\/cp-prod-wordpress.alfa.sx\/wp-content\/uploads\/2025\/09\/alfaview_recording-and-streaming-icon-1.png\" alt=\"\"><strong>Aufzeichnung &amp; Streaming<\/strong> im Statusmen\u00fc. Es \u00f6ffnet sich ein Auswahlfenster, in dem Sie Einstellungen vornehmen sowie w\u00e4hlen k\u00f6nnen, ob eine <a href=\"https:\/\/cp-prod-wordpress.alfa.sx\/de\/alfaview-app\/alfaview-room\/primary-and-secondary-controls\/recording-and-streaming\/local-recording\/\" data-type=\"page\" data-id=\"6488\">Lokale Aufzeichnung<\/a> oder ein <a href=\"https:\/\/cp-prod-wordpress.alfa.sx\/de\/alfaview-app\/alfaview-room\/primary-and-secondary-controls\/recording-and-streaming\/live-stream\/\" data-type=\"page\" data-id=\"6490\">Live-Stream<\/a> gestartet werden soll.<\/p>\n\n\n\n<div class=\"wp-block-alfaview-callout\">\n<p>Sobald eine Videoaufzeichnung gestartet werden soll, erscheint ein <strong>Hinweis zur Aufzeichnung<\/strong>. Erst, wenn Sie diese lesen und best\u00e4tigen, kann die Aufnahme gestartet werden.<\/p>\n<\/div>\n\n\n\n<h2 class=\"wp-block-heading\" class=\"wp-block-heading\" id=\"einstellungen-fuer-aufzeichnung-und-streaming\">Einstellungen f\u00fcr Aufzeichnung und Streaming<a href=\"#einstellungen-fuer-aufzeichnung-und-streaming\" class=\"av-heading-anchor\"><i class=\"bi bi-link\"><\/i><\/a><\/h2>\n\n\n\n<p>Bevor Sie die Aufzeichnung oder den Stream starten, k\u00f6nnen Sie in den <strong>Einstellungen<\/strong> verschiedene Anpassungen vornehmen.<\/p>\n\n\n\n<div class=\"wp-block-columns is-not-stacked-on-mobile is-layout-flex wp-container-core-columns-is-layout-9d6595d7 wp-block-columns-is-layout-flex\">\n<div class=\"wp-block-column is-layout-flow wp-block-column-is-layout-flow\" style=\"flex-basis:50px\">\n<button class=\"wp-block-alfaview-button av-button-main-menu av-button-grey\" disabled aria-label=\"Inhalte teilen deaktiviert\"><i class=\"icon icon-ic_tune_24dp\"><\/i><\/button>\n<\/div>\n\n\n\n<div class=\"wp-block-column is-layout-flow wp-block-column-is-layout-flow\"><div class=\"wp-block-image\">\n<figure class=\"alignright size-full is-resized\"><a href=\"https:\/\/cp-prod-wordpress.alfa.sx\/wp-content\/uploads\/2025\/09\/alfaview_recording-layout-settings_de.png\"><img loading=\"lazy\" decoding=\"async\" width=\"324\" height=\"524\" src=\"https:\/\/cp-prod-wordpress.alfa.sx\/wp-content\/uploads\/2025\/09\/alfaview_recording-layout-settings_de.png\" alt=\"\" class=\"wp-image-6521\" style=\"width:186px;height:auto\" srcset=\"https:\/\/cp-prod-wordpress.alfa.sx\/wp-content\/uploads\/2025\/09\/alfaview_recording-layout-settings_de.png 324w, https:\/\/cp-prod-wordpress.alfa.sx\/wp-content\/uploads\/2025\/09\/alfaview_recording-layout-settings_de-185x300.png 185w\" sizes=\"auto, (max-width: 324px) 100vw, 324px\" \/><\/a><figcaption class=\"wp-element-caption\">Layout-Einstellungen<\/figcaption><\/figure>\n<\/div>\n\n\n<p><strong><strong>Layout<\/strong><\/strong><br>In den Layout-Einstellungen k\u00f6nnen Sie dar\u00fcber entscheiden, wie Ihre Aufnahme aussehen soll. Die Teilnehmenden k\u00f6nnen als Galerie oder in der Speaker-Ansicht angezeigt werden. Au\u00dferdem besteht die M\u00f6glichkeit, die Einstellung <strong>Automatisch<\/strong> zu w\u00e4hlen. Eine Vorschau finden Sie direkt im Auswahlfenster.<\/p>\n\n\n\n<div class=\"wp-block-alfaview-callout\">\n<p>Aktivieren Sie \u00fcber den Schieberegler die <strong>Layout-Animationen<\/strong> f\u00fcr eine flie\u00dfende Optik bei Speaker-Wechseln. <\/p>\n\n\n\n<p>Das Layout kann auch w\u00e4hrend einer laufenden Aufnahme ver\u00e4ndert werden.<\/p>\n<\/div>\n<\/div>\n<\/div>\n\n\n\n<div class=\"wp-block-columns is-not-stacked-on-mobile is-layout-flex wp-container-core-columns-is-layout-9d6595d7 wp-block-columns-is-layout-flex\">\n<div class=\"wp-block-column is-layout-flow wp-block-column-is-layout-flow\" style=\"flex-basis:50px\">\n<button class=\"wp-block-alfaview-button av-button-main-menu av-button-grey\" disabled aria-label=\"Inhalte teilen aktiviert\"><i class=\"icon icon-ic_speaker_view_variant_24dp\"><\/i><\/button>\n<\/div>\n\n\n\n<div class=\"wp-block-column is-layout-flow wp-block-column-is-layout-flow\"><div class=\"wp-block-image\">\n<figure class=\"alignright size-large is-resized\"><a href=\"https:\/\/cp-prod-wordpress.alfa.sx\/wp-content\/uploads\/2025\/09\/alfaview-speaker-setting_de.png\"><img loading=\"lazy\" decoding=\"async\" width=\"501\" height=\"1024\" src=\"https:\/\/cp-prod-wordpress.alfa.sx\/wp-content\/uploads\/2025\/09\/alfaview-speaker-setting_de-501x1024.png\" alt=\"\" class=\"wp-image-6523\" style=\"width:182px;height:auto\" srcset=\"https:\/\/cp-prod-wordpress.alfa.sx\/wp-content\/uploads\/2025\/09\/alfaview-speaker-setting_de-501x1024.png 501w, https:\/\/cp-prod-wordpress.alfa.sx\/wp-content\/uploads\/2025\/09\/alfaview-speaker-setting_de-147x300.png 147w, https:\/\/cp-prod-wordpress.alfa.sx\/wp-content\/uploads\/2025\/09\/alfaview-speaker-setting_de.png 618w\" sizes=\"auto, (max-width: 501px) 100vw, 501px\" \/><\/a><figcaption class=\"wp-element-caption\">Speaker-Einstellungen<\/figcaption><\/figure>\n<\/div>\n\n\n<p><strong>Speaker-Einstellungen<\/strong><br>In den Speaker-Einstellungen k\u00f6nnen Sie die <strong>Thumbnailleiste<\/strong> sowie <strong>Bild-in-Bild auf geteilten Inhalten<\/strong> ein- und ausschalten. Klicken Sie dazu auf das Auswahlk\u00e4stchen links neben der jeweiligen Einstellung. Au\u00dferdem k\u00f6nnen Sie die Gr\u00f6\u00dfe der Bild-in-Bild-Darstellung auf geteilten Inhalten sowie ihre Position bestimmen.<\/p>\n\n\n\n<div class=\"wp-block-alfaview-callout\">\n<p>Die Speaker-Einstellungen k\u00f6nnen auch w\u00e4hrend einer laufenden Aufnahme ver\u00e4ndert werden.<\/p>\n<\/div>\n<\/div>\n<\/div>\n\n\n\n<div class=\"wp-block-columns is-not-stacked-on-mobile is-layout-flex wp-container-core-columns-is-layout-9d6595d7 wp-block-columns-is-layout-flex\">\n<div class=\"wp-block-column is-layout-flow wp-block-column-is-layout-flow\" style=\"flex-basis:50px\">\n<button class=\"wp-block-alfaview-button av-button-main-menu av-button-grey\" disabled aria-label=\"Inhalte teilen mit Ton aktiviert\"><i class=\"icon icon-ic_group_24dp\"><\/i><\/button>\n<\/div>\n\n\n\n<div class=\"wp-block-column is-layout-flow wp-block-column-is-layout-flow\">\n<p><strong>Teilnehmende<\/strong><br>Hier k\u00f6nnen Sie mithilfe der Check-Boxen festlegen, inwiefern Namen und Videos der Teilnehmenden in der Aufnahme gezeigt werden sollen. Dabei haben Sie folgende M\u00f6glichkeiten.<\/p>\n\n\n\n<ul class=\"wp-block-list\">\n<li>Namen der VIPs ein- oder ausblenden<\/li>\n\n\n\n<li>Namen der Teilnehmenden ein- oder ausblenden<\/li>\n\n\n\n<li>Nur VIP-Videos aufnehmen<\/li>\n\n\n\n<li>Mich selbst ausblenden<\/li>\n<\/ul>\n\n\n<div class=\"wp-block-image\">\n<figure class=\"alignright size-full is-resized\"><a href=\"https:\/\/cp-prod-wordpress.alfa.sx\/wp-content\/uploads\/2025\/09\/alfaview_recording-streaming-monitor_de.png\"><img loading=\"lazy\" decoding=\"async\" width=\"893\" height=\"623\" src=\"https:\/\/cp-prod-wordpress.alfa.sx\/wp-content\/uploads\/2025\/09\/alfaview_recording-streaming-monitor_de.png\" alt=\"\" class=\"wp-image-6525\" style=\"width:250px;height:auto\" srcset=\"https:\/\/cp-prod-wordpress.alfa.sx\/wp-content\/uploads\/2025\/09\/alfaview_recording-streaming-monitor_de.png 893w, https:\/\/cp-prod-wordpress.alfa.sx\/wp-content\/uploads\/2025\/09\/alfaview_recording-streaming-monitor_de-300x209.png 300w, https:\/\/cp-prod-wordpress.alfa.sx\/wp-content\/uploads\/2025\/09\/alfaview_recording-streaming-monitor_de-768x536.png 768w\" sizes=\"auto, (max-width: 893px) 100vw, 893px\" \/><\/a><figcaption class=\"wp-element-caption\">Aufzeichnungs- und Streaming-Monitor Pop-Out-Fenster<\/figcaption><\/figure>\n<\/div>\n\n\n<div class=\"wp-block-alfaview-callout\">\n<p>Eine Vorschau der Aufnahme sehen Sie im Minifenster. Wenn Sie auf das Vorschaubild klicken, \u00f6ffnet sich der <strong>Aufzeichnungs- und Streaming-Monitor<\/strong>. Hier finden Sie ebenfalls alle Einstellungsm\u00f6glichkeiten.<\/p>\n\n\n\n<p><\/p>\n\n\n\n<p>Wenn Sie <strong>Nur VIP-Videos<\/strong> ausw\u00e4hlen, jedoch kein VIP im Raum ist, wird das Video durch das alfaview-Logo ersetzt.<\/p>\n<\/div>\n<\/div>\n<\/div>\n\n\n\n<div class=\"wp-block-columns is-not-stacked-on-mobile is-layout-flex wp-container-core-columns-is-layout-9d6595d7 wp-block-columns-is-layout-flex\">\n<div class=\"wp-block-column is-layout-flow wp-block-column-is-layout-flow\" style=\"flex-basis:50px\">\n<button class=\"wp-block-alfaview-button av-button-main-menu av-button-grey\" disabled aria-label=\"Inhalte teilen deaktiviert\"><i class=\"icon icon-ic_high_quality_24dp\"><\/i><\/button>\n<\/div>\n\n\n\n<div class=\"wp-block-column is-layout-flow wp-block-column-is-layout-flow\"><div class=\"wp-block-image\">\n<figure class=\"alignright size-full is-resized\"><a href=\"https:\/\/cp-prod-wordpress.alfa.sx\/wp-content\/uploads\/2025\/09\/alfaview-recording-quality-de.png\"><img loading=\"lazy\" decoding=\"async\" width=\"624\" height=\"392\" src=\"https:\/\/cp-prod-wordpress.alfa.sx\/wp-content\/uploads\/2025\/09\/alfaview-recording-quality-de.png\" alt=\"\" class=\"wp-image-6527\" style=\"width:186px;height:auto\" srcset=\"https:\/\/cp-prod-wordpress.alfa.sx\/wp-content\/uploads\/2025\/09\/alfaview-recording-quality-de.png 624w, https:\/\/cp-prod-wordpress.alfa.sx\/wp-content\/uploads\/2025\/09\/alfaview-recording-quality-de-300x188.png 300w\" sizes=\"auto, (max-width: 624px) 100vw, 624px\" \/><\/a><figcaption class=\"wp-element-caption\">Aufzeichnungsqualit\u00e4t<\/figcaption><\/figure>\n<\/div>\n\n\n<p><strong><strong>Aufzeichnungsqualit\u00e4t<\/strong><\/strong><br>Entscheiden Sie, in welcher Qualit\u00e4t Ihr Video aufgenommen werden soll. Zur Auswahl stehen Ihnen 720p 30 FPS, 1080p 30 FPS und 1080p 60 FPS.<\/p>\n\n\n\n<div class=\"wp-block-alfaview-callout\">\n<p>Die Standardeinstellung ist 720p 30 FPS. Beachten Sie: Je h\u00f6her die Videoqualit\u00e4t, desto h\u00f6her die Systemanforderungen und desto gr\u00f6\u00dfer auch die Videodatei.<\/p>\n<\/div>\n<\/div>\n<\/div>\n\n\n\n<div class=\"wp-block-columns is-not-stacked-on-mobile is-layout-flex wp-container-core-columns-is-layout-9d6595d7 wp-block-columns-is-layout-flex\">\n<div class=\"wp-block-column is-layout-flow wp-block-column-is-layout-flow\" style=\"flex-basis:50px\">\n<button class=\"wp-block-alfaview-button av-button-main-menu av-button-grey\" disabled aria-label=\"Inhalte teilen deaktiviert\"><i class=\"icon icon-ic_media_share_24dp\"><\/i><\/button>\n<\/div>\n\n\n\n<div class=\"wp-block-column is-layout-flow wp-block-column-is-layout-flow\"><div class=\"wp-block-image\">\n<figure class=\"alignright size-full is-resized\"><a href=\"https:\/\/cp-prod-wordpress.alfa.sx\/wp-content\/uploads\/2025\/09\/alfaview_recording_settings_de.png\"><img loading=\"lazy\" decoding=\"async\" width=\"624\" height=\"646\" src=\"https:\/\/cp-prod-wordpress.alfa.sx\/wp-content\/uploads\/2025\/09\/alfaview_recording_settings_de.png\" alt=\"\" class=\"wp-image-6529\" style=\"width:207px;height:auto\" srcset=\"https:\/\/cp-prod-wordpress.alfa.sx\/wp-content\/uploads\/2025\/09\/alfaview_recording_settings_de.png 624w, https:\/\/cp-prod-wordpress.alfa.sx\/wp-content\/uploads\/2025\/09\/alfaview_recording_settings_de-290x300.png 290w\" sizes=\"auto, (max-width: 624px) 100vw, 624px\" \/><\/a><figcaption class=\"wp-element-caption\">Geteilte Inhalte in der Aufzeichnung aktiviert<\/figcaption><\/figure>\n<\/div>\n\n\n<p><strong><strong>Geteilte Inhalte<\/strong><\/strong><br>Sie k\u00f6nnen au\u00dferdem festlegen, ob im Raum <strong>Geteilte Inhalte<\/strong> aufgenommen werden sollen. Ist der Schieberegler blau, ist die Funktion eingeschaltet.<\/p>\n<\/div>\n<\/div>\n\n\n\n<div class=\"wp-block-columns is-not-stacked-on-mobile is-layout-flex wp-container-core-columns-is-layout-9d6595d7 wp-block-columns-is-layout-flex\">\n<div class=\"wp-block-column is-layout-flow wp-block-column-is-layout-flow\" style=\"flex-basis:50px\">\n<button class=\"wp-block-alfaview-button av-button-main-menu av-button-grey\" disabled aria-label=\"Inhalte teilen deaktiviert\"><i class=\"icon icon-ic_pause_thin_24dp\"><\/i><\/button>\n<\/div>\n\n\n\n<div class=\"wp-block-column is-layout-flow wp-block-column-is-layout-flow\"><div class=\"wp-block-image\">\n<figure class=\"alignright size-full is-resized\"><a href=\"https:\/\/cp-prod-wordpress.alfa.sx\/wp-content\/uploads\/2025\/09\/alfaview_recording_pause_de.png\"><img loading=\"lazy\" decoding=\"async\" width=\"624\" height=\"896\" src=\"https:\/\/cp-prod-wordpress.alfa.sx\/wp-content\/uploads\/2025\/09\/alfaview_recording_pause_de.png\" alt=\"\" class=\"wp-image-6531\" style=\"width:202px;height:auto\" srcset=\"https:\/\/cp-prod-wordpress.alfa.sx\/wp-content\/uploads\/2025\/09\/alfaview_recording_pause_de.png 624w, https:\/\/cp-prod-wordpress.alfa.sx\/wp-content\/uploads\/2025\/09\/alfaview_recording_pause_de-209x300.png 209w\" sizes=\"auto, (max-width: 624px) 100vw, 624px\" \/><\/a><figcaption class=\"wp-element-caption\">Pausenoption bei der Aufzeichnung<\/figcaption><\/figure>\n<\/div>\n\n\n<p><strong><strong>Pause<\/strong><\/strong><br>Wenn Sie die Aufzeichnung pausieren wollen, finden Sie unter <strong>Einstellungen<\/strong> die M\u00f6glichkeit <strong>Pause<\/strong>. Bei blauem Schieberegler ist die Funktion aktiv. Das Video zeigt in der Pause einen blauen Hintergrund mit dem alfaview-Logo, der Ton wird w\u00e4hrend der Pause nicht aufgenommen. Um die Pause zu beenden, klicken Sie noch einmal auf den Schieberegler. Die Funktion ist deaktiviert, wenn der Regler wieder grau angezeigt wird.<\/p>\n<\/div>\n<\/div>\n","protected":false},"excerpt":{"rendered":"<p>Mit Aufzeichnung und Streaming k\u00f6nnen Gespr\u00e4che im alfaview-Raum oder -Meeting lokal aufgezeichnet oder direkt auf Streaming-Plattformen wie YouTube, Twitch oder einem Server geteilt werden. Um diese Funktion nutzen zu k\u00f6nnen, muss das Feature durch eine:n [&hellip;]<\/p>\n","protected":false},"author":9,"featured_media":0,"parent":715,"menu_order":0,"comment_status":"closed","ping_status":"closed","template":"","meta":{"footnotes":""},"class_list":["post-6482","page","type-page","status-publish","hentry"],"_links":{"self":[{"href":"https:\/\/cp-prod-wordpress.alfa.sx\/de\/wp-json\/wp\/v2\/pages\/6482","targetHints":{"allow":["GET"]}}],"collection":[{"href":"https:\/\/cp-prod-wordpress.alfa.sx\/de\/wp-json\/wp\/v2\/pages"}],"about":[{"href":"https:\/\/cp-prod-wordpress.alfa.sx\/de\/wp-json\/wp\/v2\/types\/page"}],"author":[{"embeddable":true,"href":"https:\/\/cp-prod-wordpress.alfa.sx\/de\/wp-json\/wp\/v2\/users\/9"}],"replies":[{"embeddable":true,"href":"https:\/\/cp-prod-wordpress.alfa.sx\/de\/wp-json\/wp\/v2\/comments?post=6482"}],"version-history":[{"count":5,"href":"https:\/\/cp-prod-wordpress.alfa.sx\/de\/wp-json\/wp\/v2\/pages\/6482\/revisions"}],"predecessor-version":[{"id":6483,"href":"https:\/\/cp-prod-wordpress.alfa.sx\/de\/wp-json\/wp\/v2\/pages\/6482\/revisions\/6483"}],"up":[{"embeddable":true,"href":"https:\/\/cp-prod-wordpress.alfa.sx\/de\/wp-json\/wp\/v2\/pages\/715"}],"wp:attachment":[{"href":"https:\/\/cp-prod-wordpress.alfa.sx\/de\/wp-json\/wp\/v2\/media?parent=6482"}],"curies":[{"name":"wp","href":"https:\/\/api.w.org\/{rel}","templated":true}]}}