{"id":6488,"date":"2025-09-09T13:46:08","date_gmt":"2025-09-09T13:46:08","guid":{"rendered":"https:\/\/support.alfaview.com\/?page_id=6488"},"modified":"2025-09-18T09:32:36","modified_gmt":"2025-09-18T09:32:36","slug":"local-recording","status":"publish","type":"page","link":"https:\/\/cp-prod-wordpress.alfa.sx\/de\/alfaview-app\/alfaview-room\/primary-and-secondary-controls\/recording-and-streaming\/local-recording\/","title":{"rendered":"Lokale Aufzeichnung"},"content":{"rendered":"\n<p>Um eine lokale Aufzeichnung zu starten, klicken Sie auf das Symbol <img loading=\"lazy\" decoding=\"async\" width=\"20\" height=\"20\" class=\"wp-image-6679\" style=\"width: 20px;\" src=\"https:\/\/cp-prod-wordpress.alfa.sx\/wp-content\/uploads\/2025\/09\/alfaview_recording-and-streaming-icon-1.png\" alt=\"\"><strong>Aufzeichnung &amp; Streaming<\/strong> im Statusmen\u00fc. Es \u00f6ffnet sich ein Auswahlfenster, in dem Sie <a href=\"https:\/\/cp-prod-wordpress.alfa.sx\/de\/alfaview-app\/alfaview-room\/primary-and-secondary-controls\/recording-and-streaming\/#einstellungen-fuer-aufzeichnung-und-streaming\">Einstellungen<\/a><strong> <\/strong>vornehmen sowie w\u00e4hlen k\u00f6nnen, ob eine <strong>lokale Aufzeichnung<\/strong> oder ein <a href=\"https:\/\/cp-prod-wordpress.alfa.sx\/de\/alfaview-app\/alfaview-room\/primary-and-secondary-controls\/recording-and-streaming\/live-stream\/\">Stream<\/a><strong> <\/strong>gestartet werden soll.<\/p>\n\n\n<div class=\"wp-block-image\">\n<figure class=\"alignright size-full is-resized\"><a href=\"https:\/\/cp-prod-wordpress.alfa.sx\/wp-content\/uploads\/2025\/09\/alfaview_recording-and-streaming_de.png\"><img loading=\"lazy\" decoding=\"async\" width=\"324\" height=\"381\" src=\"https:\/\/cp-prod-wordpress.alfa.sx\/wp-content\/uploads\/2025\/09\/alfaview_recording-and-streaming_de.png\" alt=\"\" class=\"wp-image-6518\" style=\"width:208px;height:auto\" srcset=\"https:\/\/cp-prod-wordpress.alfa.sx\/wp-content\/uploads\/2025\/09\/alfaview_recording-and-streaming_de.png 324w, https:\/\/cp-prod-wordpress.alfa.sx\/wp-content\/uploads\/2025\/09\/alfaview_recording-and-streaming_de-255x300.png 255w\" sizes=\"auto, (max-width: 324px) 100vw, 324px\" \/><\/a><figcaption class=\"wp-element-caption\">Lokale Aufzeichnung starten<\/figcaption><\/figure>\n<\/div>\n\n\n<div class=\"wp-block-alfaview-callout\">\n<p>Wenn <img loading=\"lazy\" decoding=\"async\" width=\"20\" height=\"20\" class=\"wp-image-6679\" style=\"width: 20px;\" src=\"https:\/\/cp-prod-wordpress.alfa.sx\/wp-content\/uploads\/2025\/09\/alfaview_recording-and-streaming-icon-1.png\" alt=\"\"><strong>Aufzeichnung &amp; Streaming<\/strong> im Statusmen\u00fc nicht angezeigt wird, muss das <a href=\"https:\/\/cp-prod-wordpress.alfa.sx\/de\/administration\/room-management\/room-features\/\" data-type=\"page\" data-id=\"1599\">Feature<\/a> erst f\u00fcr den Raum aktiviert werden. Nutzen Sie daf\u00fcr die Raumfeatures in der <a href=\"https:\/\/cp-prod-wordpress.alfa.sx\/de\/administration\/room-management\/room-features\/#in-der-verwaltung\" data-type=\"link\" data-id=\"https:\/\/cp-prod-wordpress.alfa.sx\/de\/administration\/room-management\/room-features\/#in-der-verwaltung\">Verwaltung<\/a> oder direkt in den <a href=\"https:\/\/cp-prod-wordpress.alfa.sx\/de\/administration\/room-management\/room-features\/#in-der-alfaview-app\" data-type=\"link\" data-id=\"https:\/\/cp-prod-wordpress.alfa.sx\/de\/administration\/room-management\/room-features\/#in-der-alfaview-app\">Host-Tools<\/a> im Statusmen\u00fc des Raums.<\/p>\n\n\n\n<p>Um eine Aufzeichnung starten zu k\u00f6nnen, ben\u00f6tigen Sie die <a href=\"https:\/\/cp-prod-wordpress.alfa.sx\/de\/alfaview-app\/alfaview-room\/primary-and-secondary-controls\/participant-list-and-breakout-groups\/moderator-controls\/\" data-type=\"page\" data-id=\"1053\">Moderationsrechte<\/a> f\u00fcr den Raum.<\/p>\n<\/div>\n\n\n\n<ul class=\"wp-block-list\">\n<li>Klicken Sie auf <img loading=\"lazy\" decoding=\"async\" width=\"20\" height=\"20\" class=\"wp-image-6679\" style=\"width: 20px;\" src=\"https:\/\/cp-prod-wordpress.alfa.sx\/wp-content\/uploads\/2025\/09\/alfaview_recording-and-streaming-icon-1.png\" alt=\"\"><strong>Lokale Aufzeichnung starten<\/strong>.<\/li>\n\n\n\n<li>Lesen Sie sich die Hinweise zur Aufzeichnung genau durch und best\u00e4tigen Sie diese, indem Sie das H\u00e4kchen neben &#8222;Ich best\u00e4tige meine Verantwortung f\u00fcr die Aufzeichnungseinwilligung&#8220; setzen und auf <button class=\"av-button--primary av-button\">Fortfahren<\/button> klicken.<\/li>\n<\/ul>\n\n\n<div class=\"wp-block-image\">\n<figure class=\"alignright size-full is-resized\"><a href=\"https:\/\/cp-prod-wordpress.alfa.sx\/wp-content\/uploads\/2025\/09\/alfaview_lokale-aufzeichnung_stop_de.png\"><img loading=\"lazy\" decoding=\"async\" width=\"331\" height=\"330\" src=\"https:\/\/cp-prod-wordpress.alfa.sx\/wp-content\/uploads\/2025\/09\/alfaview_lokale-aufzeichnung_stop_de.png\" alt=\"\" class=\"wp-image-6558\" style=\"width:206px;height:auto\" srcset=\"https:\/\/cp-prod-wordpress.alfa.sx\/wp-content\/uploads\/2025\/09\/alfaview_lokale-aufzeichnung_stop_de.png 331w, https:\/\/cp-prod-wordpress.alfa.sx\/wp-content\/uploads\/2025\/09\/alfaview_lokale-aufzeichnung_stop_de-300x300.png 300w, https:\/\/cp-prod-wordpress.alfa.sx\/wp-content\/uploads\/2025\/09\/alfaview_lokale-aufzeichnung_stop_de-150x150.png 150w\" sizes=\"auto, (max-width: 331px) 100vw, 331px\" \/><\/a><figcaption class=\"wp-element-caption\">Lokale Aufzeichnung beenden<\/figcaption><\/figure>\n<\/div>\n\n\n<ul class=\"wp-block-list\">\n<li>Sie k\u00f6nnen auch w\u00e4hrend der Aufnahme <a href=\"https:\/\/cp-prod-wordpress.alfa.sx\/de\/alfaview-app\/alfaview-room\/primary-and-secondary-controls\/recording-and-streaming\/#einstellungen-fuer-aufzeichnung-und-streaming\">Einstellungen<\/a> am Layout vornehmen oder die Aufnahme pausieren. Klicken Sie hierf\u00fcr auf <img loading=\"lazy\" decoding=\"async\" width=\"50\" height=\"20\" class=\"wp-image-6560\" style=\"width: 50px;\" src=\"https:\/\/cp-prod-wordpress.alfa.sx\/wp-content\/uploads\/2025\/09\/recording-alfaview.png\" alt=\"\">, um das Auswahlfenster zu \u00f6ffnen und \u00f6ffnen Sie die <img loading=\"lazy\" decoding=\"async\" width=\"20\" height=\"21\" class=\"wp-image-6556\" style=\"width: 20px;\" src=\"https:\/\/cp-prod-wordpress.alfa.sx\/wp-content\/uploads\/2025\/09\/alfaview_settings_icon.png\" alt=\"\"><strong>Einstellungen<\/strong>.<\/li>\n<\/ul>\n\n\n\n<div class=\"wp-block-alfaview-callout\">\n<p>Das Video zeigt in der Pause einen blauen Hintergrund mit dem alfaview-Logo, der Ton wird w\u00e4hrend der Pause nicht aufgenommen. <\/p>\n<\/div>\n\n\n\n<ul class=\"wp-block-list\">\n<li>Im Auswahlfenster k\u00f6nnen Sie die Aufnahme au\u00dferdem stoppen. Klicken Sie hierf\u00fcr auf den roten <strong>Lokale Aufzeichnung beenden<\/strong>-Button.<\/li>\n\n\n\n<li>Die fertige Aufnahme wird lokal auf Ihrem PC abgespeichert. Sie finden Sie im Video-Ordner von alfaview.<\/li>\n<\/ul>\n\n\n\n<div class=\"wp-block-alfaview-callout\">\n<p>F\u00fcr die Moderation von Aufzeichnungen k\u00f6nnen Sie auch den <strong>Aufzeichnungs- und Streaming-Monitor<\/strong> nutzen. Dieses Pop-Out-Fenster \u00f6ffnet sich, wenn Sie auf das Vorschaubild klicken. Hier finden Sie ebenfalls alle Einstellungsm\u00f6glichkeiten.<\/p>\n<\/div>\n\n\n\n<p><\/p>\n","protected":false},"excerpt":{"rendered":"<p>Um eine lokale Aufzeichnung zu starten, klicken Sie auf das Symbol Aufzeichnung &amp; Streaming im Statusmen\u00fc. Es \u00f6ffnet sich ein Auswahlfenster, in dem Sie Einstellungen vornehmen sowie w\u00e4hlen k\u00f6nnen, ob eine lokale Aufzeichnung oder ein [&hellip;]<\/p>\n","protected":false},"author":9,"featured_media":0,"parent":6482,"menu_order":0,"comment_status":"closed","ping_status":"closed","template":"","meta":{"footnotes":""},"class_list":["post-6488","page","type-page","status-publish","hentry"],"_links":{"self":[{"href":"https:\/\/cp-prod-wordpress.alfa.sx\/de\/wp-json\/wp\/v2\/pages\/6488","targetHints":{"allow":["GET"]}}],"collection":[{"href":"https:\/\/cp-prod-wordpress.alfa.sx\/de\/wp-json\/wp\/v2\/pages"}],"about":[{"href":"https:\/\/cp-prod-wordpress.alfa.sx\/de\/wp-json\/wp\/v2\/types\/page"}],"author":[{"embeddable":true,"href":"https:\/\/cp-prod-wordpress.alfa.sx\/de\/wp-json\/wp\/v2\/users\/9"}],"replies":[{"embeddable":true,"href":"https:\/\/cp-prod-wordpress.alfa.sx\/de\/wp-json\/wp\/v2\/comments?post=6488"}],"version-history":[{"count":11,"href":"https:\/\/cp-prod-wordpress.alfa.sx\/de\/wp-json\/wp\/v2\/pages\/6488\/revisions"}],"predecessor-version":[{"id":6489,"href":"https:\/\/cp-prod-wordpress.alfa.sx\/de\/wp-json\/wp\/v2\/pages\/6488\/revisions\/6489"}],"up":[{"embeddable":true,"href":"https:\/\/cp-prod-wordpress.alfa.sx\/de\/wp-json\/wp\/v2\/pages\/6482"}],"wp:attachment":[{"href":"https:\/\/cp-prod-wordpress.alfa.sx\/de\/wp-json\/wp\/v2\/media?parent=6488"}],"curies":[{"name":"wp","href":"https:\/\/api.w.org\/{rel}","templated":true}]}}