{"id":6490,"date":"2025-09-09T13:49:04","date_gmt":"2025-09-09T13:49:04","guid":{"rendered":"https:\/\/support.alfaview.com\/?page_id=6490"},"modified":"2025-09-18T09:31:28","modified_gmt":"2025-09-18T09:31:28","slug":"live-stream","status":"publish","type":"page","link":"https:\/\/cp-prod-wordpress.alfa.sx\/de\/alfaview-app\/alfaview-room\/primary-and-secondary-controls\/recording-and-streaming\/live-stream\/","title":{"rendered":"Live-Stream"},"content":{"rendered":"\n<p>Um Ihr alfaview-Video direkt auf eine Streamingplattform zu \u00fcbertragen, klicken Sie auf <img loading=\"lazy\" decoding=\"async\" width=\"20\" height=\"20\" class=\"wp-image-6679\" style=\"width: 20px;\" src=\"https:\/\/cp-prod-wordpress.alfa.sx\/wp-content\/uploads\/2025\/09\/alfaview_recording-and-streaming-icon-1.png\" alt=\"\"><strong>Aufzeichnung &amp; Streaming<\/strong> im Statusmen\u00fc. Es \u00f6ffnet sich ein Auswahlfenster, in dem Sie <a href=\"https:\/\/cp-prod-wordpress.alfa.sx\/de\/alfaview-app\/alfaview-room\/primary-and-secondary-controls\/recording-and-streaming\/#einstellungen-fuer-aufzeichnung-und-streaming\">Einstellungen<\/a> vornehmen sowie w\u00e4hlen k\u00f6nnen, ob eine <a href=\"https:\/\/cp-prod-wordpress.alfa.sx\/de\/alfaview-app\/alfaview-room\/primary-and-secondary-controls\/recording-and-streaming\/local-recording\/\" data-type=\"page\" data-id=\"6488\">lokale Aufzeichnung<\/a> oder ein Stream gestartet werden soll.<\/p>\n\n\n<div class=\"wp-block-image\">\n<figure class=\"alignright size-full is-resized\"><a href=\"https:\/\/cp-prod-wordpress.alfa.sx\/wp-content\/uploads\/2025\/09\/alfaview_recording-and-streaming_de.png\"><img loading=\"lazy\" decoding=\"async\" width=\"324\" height=\"381\" src=\"https:\/\/cp-prod-wordpress.alfa.sx\/wp-content\/uploads\/2025\/09\/alfaview_recording-and-streaming_de.png\" alt=\"\" class=\"wp-image-6518\" style=\"width:208px;height:auto\" srcset=\"https:\/\/cp-prod-wordpress.alfa.sx\/wp-content\/uploads\/2025\/09\/alfaview_recording-and-streaming_de.png 324w, https:\/\/cp-prod-wordpress.alfa.sx\/wp-content\/uploads\/2025\/09\/alfaview_recording-and-streaming_de-255x300.png 255w\" sizes=\"auto, (max-width: 324px) 100vw, 324px\" \/><\/a><figcaption class=\"wp-element-caption\">Live-Stream starten<\/figcaption><\/figure>\n<\/div>\n\n\n<div class=\"wp-block-alfaview-callout\">\n<p>Wenn <img loading=\"lazy\" decoding=\"async\" width=\"20\" height=\"20\" class=\"wp-image-6679\" style=\"width: 20px;\" src=\"https:\/\/cp-prod-wordpress.alfa.sx\/wp-content\/uploads\/2025\/09\/alfaview_recording-and-streaming-icon-1.png\" alt=\"\"><strong>Aufzeichnung &amp; Streaming<\/strong> im Statusmen\u00fc nicht angezeigt wird, muss das <a href=\"https:\/\/cp-prod-wordpress.alfa.sx\/de\/administration\/room-management\/room-features\/\" data-type=\"page\" data-id=\"1599\">Feature<\/a> erst f\u00fcr den Raum aktiviert werden. Nutzen Sie daf\u00fcr die Raumfeatures in der <a href=\"https:\/\/cp-prod-wordpress.alfa.sx\/de\/administration\/room-management\/room-features\/#in-der-verwaltung\" data-type=\"link\" data-id=\"https:\/\/cp-prod-wordpress.alfa.sx\/de\/administration\/room-management\/room-features\/#in-der-verwaltung\">Verwaltung<\/a> oder direkt in den <a href=\"https:\/\/cp-prod-wordpress.alfa.sx\/de\/administration\/room-management\/room-features\/#in-der-alfaview-app\" data-type=\"link\" data-id=\"https:\/\/cp-prod-wordpress.alfa.sx\/de\/administration\/room-management\/room-features\/#in-der-alfaview-app\">Host-Tools<\/a> im Statusmen\u00fc des Raums.<\/p>\n\n\n\n<p>Um einen Live-Stream starten zu k\u00f6nnen, ben\u00f6tigen Sie die <a href=\"https:\/\/cp-prod-wordpress.alfa.sx\/de\/alfaview-app\/alfaview-room\/primary-and-secondary-controls\/participant-list-and-breakout-groups\/moderator-controls\/\" data-type=\"page\" data-id=\"1053\">Moderationsrechte<\/a> f\u00fcr den Raum.<\/p>\n<\/div>\n\n\n<div class=\"wp-block-image\">\n<figure class=\"alignright size-full is-resized\"><a href=\"https:\/\/cp-prod-wordpress.alfa.sx\/wp-content\/uploads\/2025\/09\/alfaview_live-stream-auswahl_de.png\"><img loading=\"lazy\" decoding=\"async\" width=\"618\" height=\"646\" src=\"https:\/\/cp-prod-wordpress.alfa.sx\/wp-content\/uploads\/2025\/09\/alfaview_live-stream-auswahl_de.png\" alt=\"\" class=\"wp-image-6571\" style=\"width:236px;height:auto\" srcset=\"https:\/\/cp-prod-wordpress.alfa.sx\/wp-content\/uploads\/2025\/09\/alfaview_live-stream-auswahl_de.png 618w, https:\/\/cp-prod-wordpress.alfa.sx\/wp-content\/uploads\/2025\/09\/alfaview_live-stream-auswahl_de-287x300.png 287w\" sizes=\"auto, (max-width: 618px) 100vw, 618px\" \/><\/a><figcaption class=\"wp-element-caption\">Zu einer Plattform streamen<\/figcaption><\/figure>\n<\/div>\n\n\n<h2 class=\"wp-block-heading\" class=\"wp-block-heading\" id=\"streamingplattform\">Streamingplattform<a href=\"#streamingplattform\" class=\"av-heading-anchor\"><i class=\"bi bi-link\"><\/i><\/a><\/h2>\n\n\n\n<ul class=\"wp-block-list\">\n<li>Klicken Sie auf <img loading=\"lazy\" decoding=\"async\" width=\"40\" height=\"41\" class=\"wp-image-6576\" style=\"width: 40px;\" src=\"https:\/\/cp-prod-wordpress.alfa.sx\/wp-content\/uploads\/2025\/09\/alfaview_live-stream-start_de-1.png\" alt=\"\"><strong>Live-Stream starten<\/strong>.<\/li>\n\n\n\n<li>W\u00e4hlen Sie aus, zu welcher Plattform Sie streamen wollen.<\/li>\n\n\n\n<li>Geben Sie Ihren Stream-Schl\u00fcssel ein. <\/li>\n\n\n\n<li>Klicken Sie danach auf <strong>Live-Stream starten<\/strong>.<\/li>\n\n\n\n<li>Lesen Sie sich die Hinweise zur Aufzeichnung genau durch und best\u00e4tigen Sie diese, indem Sie das H\u00e4kchen neben &#8222;Ich best\u00e4tige meine Verantwortung f\u00fcr die Aufzeichnungseinwilligung&#8220; setzen und auf <button class=\"av-button--primary av-button\">Fortfahren<\/button> klicken.<\/li>\n<\/ul>\n\n\n\n<ul class=\"wp-block-list\">\n<li>Sie k\u00f6nnen auch w\u00e4hrend der Aufnahme <a href=\"https:\/\/cp-prod-wordpress.alfa.sx\/de\/alfaview-app\/alfaview-room\/primary-and-secondary-controls\/recording-and-streaming\/#einstellungen-fuer-aufzeichnung-und-streaming\">Einstellungen<\/a> am Layout vornehmen oder die Aufnahme pausieren. Klicken Sie hierf\u00fcr auf <img loading=\"lazy\" decoding=\"async\" width=\"50\" height=\"20\" class=\"wp-image-6560\" style=\"width: 50px;\" src=\"https:\/\/cp-prod-wordpress.alfa.sx\/wp-content\/uploads\/2025\/09\/recording-alfaview.png\" alt=\"\">, um das Auswahlfenster zu \u00f6ffnen und \u00f6ffnen Sie die <img loading=\"lazy\" decoding=\"async\" width=\"25\" height=\"26\" class=\"wp-image-6556\" style=\"width: 25px;\" src=\"https:\/\/cp-prod-wordpress.alfa.sx\/wp-content\/uploads\/2025\/09\/alfaview_settings_icon.png\" alt=\"\"><strong>Einstellungen<\/strong>.<\/li>\n<\/ul>\n\n\n\n<div class=\"wp-block-alfaview-callout\">\n<p>Das Video zeigt in der Pause einen blauen Hintergrund mit dem alfaview-Logo, der Ton wird w\u00e4hrend der Pause nicht aufgenommen. <\/p>\n<\/div>\n\n\n\n<p><\/p>\n\n\n\n<p><\/p>\n\n\n\n<h2 class=\"wp-block-heading\" class=\"wp-block-heading\" id=\"zu-einem-server-streamen\">Zu einem Server streamen<a href=\"#zu-einem-server-streamen\" class=\"av-heading-anchor\"><i class=\"bi bi-link\"><\/i><\/a><\/h2>\n\n\n<div class=\"wp-block-image\">\n<figure class=\"alignright size-full is-resized\"><a href=\"https:\/\/cp-prod-wordpress.alfa.sx\/wp-content\/uploads\/2025\/09\/alfaview_stream-server_de.png\"><img loading=\"lazy\" decoding=\"async\" width=\"618\" height=\"734\" src=\"https:\/\/cp-prod-wordpress.alfa.sx\/wp-content\/uploads\/2025\/09\/alfaview_stream-server_de.png\" alt=\"\" class=\"wp-image-6579\" style=\"width:237px;height:auto\" srcset=\"https:\/\/cp-prod-wordpress.alfa.sx\/wp-content\/uploads\/2025\/09\/alfaview_stream-server_de.png 618w, https:\/\/cp-prod-wordpress.alfa.sx\/wp-content\/uploads\/2025\/09\/alfaview_stream-server_de-253x300.png 253w\" sizes=\"auto, (max-width: 618px) 100vw, 618px\" \/><\/a><figcaption class=\"wp-element-caption\">Zu einem Server streamen<\/figcaption><\/figure>\n<\/div>\n\n\n<ul class=\"wp-block-list\">\n<li>Klicken Sie auf <strong><img loading=\"lazy\" decoding=\"async\" width=\"40\" height=\"41\" class=\"wp-image-6576\" style=\"width: 40px;\" src=\"https:\/\/cp-prod-wordpress.alfa.sx\/wp-content\/uploads\/2025\/09\/alfaview_live-stream-start_de-1.png\" alt=\"\"><strong>Live-Stream starten<\/strong><\/strong>.<\/li>\n\n\n\n<li>W\u00e4hlen Sie <strong>Zu Server streamen<\/strong> aus. <\/li>\n\n\n\n<li>Tragen Sie die Server-URL ein.<\/li>\n\n\n\n<li>Geben Sie Ihren Stream-Schl\u00fcssel ein.<\/li>\n\n\n\n<li>Klicken Sie danach auf <strong><strong><img loading=\"lazy\" decoding=\"async\" width=\"40\" height=\"41\" class=\"wp-image-6576\" style=\"width: 40px;\" src=\"https:\/\/cp-prod-wordpress.alfa.sx\/wp-content\/uploads\/2025\/09\/alfaview_live-stream-start_de-1.png\" alt=\"\"><strong>Live-Stream starten<\/strong><\/strong><\/strong>.<\/li>\n\n\n\n<li>Lesen Sie sich die Hinweise zur Aufzeichnung genau durch und best\u00e4tigen Sie diese, indem Sie das H\u00e4kchen neben &#8222;Ich best\u00e4tige meine Verantwortung f\u00fcr die Aufzeichnungseinwilligung&#8220; setzen und auf <button class=\"av-button--primary av-button\">Fortfahren<\/button> klicken.<\/li>\n<\/ul>\n\n\n\n<ul class=\"wp-block-list\">\n<li>Sie k\u00f6nnen auch w\u00e4hrend der Aufnahme <a href=\"https:\/\/cp-prod-wordpress.alfa.sx\/de\/alfaview-app\/alfaview-room\/primary-and-secondary-controls\/recording-and-streaming\/#einstellungen-fuer-aufzeichnung-und-streaming\">Einstellungen<\/a> am Layout vornehmen oder die Aufnahme pausieren. Klicken Sie hierf\u00fcr auf <img loading=\"lazy\" decoding=\"async\" width=\"50\" height=\"20\" class=\"wp-image-6560\" style=\"width: 50px;\" src=\"https:\/\/cp-prod-wordpress.alfa.sx\/wp-content\/uploads\/2025\/09\/recording-alfaview.png\" alt=\"\">, um das Auswahlfenster zu \u00f6ffnen und \u00f6ffnen Sie die <img loading=\"lazy\" decoding=\"async\" width=\"25\" height=\"26\" class=\"wp-image-6556\" style=\"width: 25px;\" src=\"https:\/\/cp-prod-wordpress.alfa.sx\/wp-content\/uploads\/2025\/09\/alfaview_settings_icon.png\" alt=\"\"><strong>Einstellungen<\/strong>.<\/li>\n<\/ul>\n\n\n\n<div class=\"wp-block-alfaview-callout\">\n<p>Das Video zeigt in der Pause einen blauen Hintergrund mit dem alfaview-Logo, der Ton wird w\u00e4hrend der Pause nicht aufgenommen. <\/p>\n<\/div>\n\n\n\n<p><\/p>\n","protected":false},"excerpt":{"rendered":"<p>Um Ihr alfaview-Video direkt auf eine Streamingplattform zu \u00fcbertragen, klicken Sie auf Aufzeichnung &amp; Streaming im Statusmen\u00fc. Es \u00f6ffnet sich ein Auswahlfenster, in dem Sie Einstellungen vornehmen sowie w\u00e4hlen k\u00f6nnen, ob eine lokale Aufzeichnung oder [&hellip;]<\/p>\n","protected":false},"author":9,"featured_media":0,"parent":6482,"menu_order":0,"comment_status":"closed","ping_status":"closed","template":"","meta":{"footnotes":""},"class_list":["post-6490","page","type-page","status-publish","hentry"],"_links":{"self":[{"href":"https:\/\/cp-prod-wordpress.alfa.sx\/de\/wp-json\/wp\/v2\/pages\/6490","targetHints":{"allow":["GET"]}}],"collection":[{"href":"https:\/\/cp-prod-wordpress.alfa.sx\/de\/wp-json\/wp\/v2\/pages"}],"about":[{"href":"https:\/\/cp-prod-wordpress.alfa.sx\/de\/wp-json\/wp\/v2\/types\/page"}],"author":[{"embeddable":true,"href":"https:\/\/cp-prod-wordpress.alfa.sx\/de\/wp-json\/wp\/v2\/users\/9"}],"replies":[{"embeddable":true,"href":"https:\/\/cp-prod-wordpress.alfa.sx\/de\/wp-json\/wp\/v2\/comments?post=6490"}],"version-history":[{"count":6,"href":"https:\/\/cp-prod-wordpress.alfa.sx\/de\/wp-json\/wp\/v2\/pages\/6490\/revisions"}],"predecessor-version":[{"id":6491,"href":"https:\/\/cp-prod-wordpress.alfa.sx\/de\/wp-json\/wp\/v2\/pages\/6490\/revisions\/6491"}],"up":[{"embeddable":true,"href":"https:\/\/cp-prod-wordpress.alfa.sx\/de\/wp-json\/wp\/v2\/pages\/6482"}],"wp:attachment":[{"href":"https:\/\/cp-prod-wordpress.alfa.sx\/de\/wp-json\/wp\/v2\/media?parent=6490"}],"curies":[{"name":"wp","href":"https:\/\/api.w.org\/{rel}","templated":true}]}}