{"id":734,"date":"2023-10-16T07:29:55","date_gmt":"2023-10-16T07:29:55","guid":{"rendered":"https:\/\/strange-sammet.82-165-59-152.plesk.page\/?page_id=734"},"modified":"2025-04-01T08:50:27","modified_gmt":"2025-04-01T08:50:27","slug":"screen-and-audio-share","status":"publish","type":"page","link":"https:\/\/cp-prod-wordpress.alfa.sx\/de\/alfaview-app\/alfaview-room\/primary-and-secondary-controls\/screen-and-audio-share\/","title":{"rendered":"Bildschirm- und Ton\u00fcbertragung"},"content":{"rendered":"\n<p>Mit der Bildschirm- und Ton\u00fcbertragung k\u00f6nnen Bildschirminhalte mit den Teilnehmer:innen im alfaview-Raum geteilt werden.<\/p>\n\n\n\n<div class=\"wp-block-alfaview-callout\">\n<p>Unter macOS muss es Anwendungen systemseitig erlaubt werden, den Bildschirm aufzunehmen.<br>Mehr Informationen finden Sie im Artikel <a href=\"\/de\/miscellaneous\/settings-for-apple-devices\/authorize-screen-recording-on-macos\/\">Bildschirmfreigabe unter macOS<\/a>.<br>Um auch den Ton des Computers zu \u00fcbertragen, wird <strong>Windows 10 Build 21H1<\/strong> oder h\u00f6her ben\u00f6tigt. Bei <strong>macOS-Ger\u00e4ten<\/strong> kann die Ton\u00fcbertragung \u00fcber die <a href=\"\/de\/alfaview-app\/alfaview-room\/primary-and-secondary-controls\/settings\/#feature-vorschau\">Feature-Vorschau<\/a> aktiviert werden.<\/p>\n<\/div>\n\n\n\n<div class=\"wp-block-columns is-not-stacked-on-mobile is-layout-flex wp-container-core-columns-is-layout-9d6595d7 wp-block-columns-is-layout-flex\">\n<div class=\"wp-block-column is-layout-flow wp-block-column-is-layout-flow\" style=\"flex-basis:50px\">\n<button class=\"wp-block-alfaview-button av-button-main-menu av-button-grey\" disabled aria-label=\"Inhalte teilen deaktiviert\"><i class=\"icon icon-ic_media_share_24dp\"><\/i><\/button>\n<\/div>\n\n\n\n<div class=\"wp-block-column is-layout-flow wp-block-column-is-layout-flow\">\n<p><strong><strong>Inhalte teilen aus<\/strong><\/strong><br>Das Symbol <img loading=\"lazy\" decoding=\"async\" width=\"20\" height=\"20\" class=\"wp-image-2068\" style=\"width: 20px;\" src=\"https:\/\/cp-prod-wordpress.alfa.sx\/wp-content\/uploads\/2023\/12\/icon-screen-share-inactive.png\" alt=\"Inhalte teilen aus Symbol\"> <strong>Inhalt teilen<\/strong> wird grau angezeigt.<\/p>\n<\/div>\n<\/div>\n\n\n\n<div class=\"wp-block-columns is-not-stacked-on-mobile is-layout-flex wp-container-core-columns-is-layout-9d6595d7 wp-block-columns-is-layout-flex\">\n<div class=\"wp-block-column is-layout-flow wp-block-column-is-layout-flow\" style=\"flex-basis:50px\">\n<button class=\"wp-block-alfaview-button av-button-main-menu av-button-blue\" disabled aria-label=\"Inhalte teilen aktiviert\"><i class=\"icon icon-ic_media_share_24dp\"><\/i><\/button>\n<\/div>\n\n\n\n<div class=\"wp-block-column is-layout-flow wp-block-column-is-layout-flow\">\n<p><strong>Inhalte teilen an<\/strong><br>Das Symbol <img loading=\"lazy\" decoding=\"async\" width=\"20\" height=\"20\" class=\"wp-image-2078\" style=\"width: 20px;\" src=\"https:\/\/cp-prod-wordpress.alfa.sx\/wp-content\/uploads\/2023\/12\/icon-screen-share-active.png\" alt=\"Inhalte teilen aktiviert Symbol\"> <strong>Inhalt teilen<\/strong> wird blau angezeigt.<\/p>\n<\/div>\n<\/div>\n\n\n\n<div class=\"wp-block-columns is-not-stacked-on-mobile is-layout-flex wp-container-core-columns-is-layout-9d6595d7 wp-block-columns-is-layout-flex\">\n<div class=\"wp-block-column is-layout-flow wp-block-column-is-layout-flow\" style=\"flex-basis:50px\">\n<button class=\"wp-block-alfaview-button av-button-main-menu av-button-blue\" disabled aria-label=\"Inhalte teilen mit Ton aktiviert\"><i class=\"icon icon-ic_media_share_24dp\"><\/i><span class=\"av-secondary-icon\"><i class=\"icon icon-ic_volume_up_24dp\"><\/i><\/span><\/button>\n<\/div>\n\n\n\n<div class=\"wp-block-column is-layout-flow wp-block-column-is-layout-flow\">\n<p><strong>Inhalte teilen mit Ton an<\/strong><br>Das Symbol <img loading=\"lazy\" decoding=\"async\" width=\"20\" height=\"21\" class=\"wp-image-672\" style=\"width: 20px;\" src=\"https:\/\/cp-prod-wordpress.alfa.sx\/wp-content\/uploads\/2023\/10\/media_share_audio_on.png\" alt=\"Inhalte teilen mit Ton aktiviert Symbol\"> <strong>Inhalt teilen<\/strong> wird blau angezeigt. Das kleine Lautsprechersymbol zeigt an, dass der Ton \u00fcbertragen wird.<\/p>\n<\/div>\n<\/div>\n\n\n<div class=\"wp-block-image\">\n<figure class=\"alignright size-full is-resized\"><a href=\"https:\/\/cp-prod-wordpress.alfa.sx\/wp-content\/uploads\/2023\/10\/screen-share-context-de.png\"><img loading=\"lazy\" decoding=\"async\" width=\"269\" height=\"302\" src=\"https:\/\/cp-prod-wordpress.alfa.sx\/wp-content\/uploads\/2023\/10\/screen-share-context-de.png\" alt=\"Screenshot der Auswahlliste aller Bildschirm\u00fcbertragungsm\u00f6glichkeiten\" class=\"wp-image-727\" style=\"width:250px\" srcset=\"https:\/\/cp-prod-wordpress.alfa.sx\/wp-content\/uploads\/2023\/10\/screen-share-context-de.png 269w, https:\/\/cp-prod-wordpress.alfa.sx\/wp-content\/uploads\/2023\/10\/screen-share-context-de-267x300.png 267w\" sizes=\"auto, (max-width: 269px) 100vw, 269px\" \/><\/a><figcaption class=\"wp-element-caption\">Bildschirm\u00fcbertragung Kontextmen\u00fc<\/figcaption><\/figure>\n<\/div>\n\n\n<p>Um eine Bildschirm\u00fcbertragung zu starten, klicken Sie auf das Symbol <img loading=\"lazy\" decoding=\"async\" width=\"20\" height=\"20\" class=\"wp-image-2068\" style=\"width: 20px;\" src=\"https:\/\/cp-prod-wordpress.alfa.sx\/wp-content\/uploads\/2023\/12\/icon-screen-share-inactive.png\" alt=\"Inhalte teilen aus Symbol\"> <strong> Inhalte teilen<\/strong> im Hauptmen\u00fc. Es \u00f6ffnet sich eine Auswahlliste, in der Sie w\u00e4hlen k\u00f6nnen, welche Art der \u00dcbertragung gestartet werden soll.<\/p>\n\n\n\n<p>Folgende M\u00f6glichkeiten zur Bildschirm\u00fcbertragung stehen zur Verf\u00fcgung:<\/p>\n\n\n\n<ul class=\"wp-block-list\">\n<li><a href=\"https:\/\/cp-prod-wordpress.alfa.sx\/en\/alfaview-app\/meeting-room\/screen-and-audio-share\/application-share\/\"><\/a><a href=\"\/de\/alfaview-app\/alfaview-room\/primary-and-secondary-controls\/screen-and-audio-share\/application-share\/\">Anwendung teilen<\/a><\/li>\n\n\n\n<li><a href=\"https:\/\/cp-prod-wordpress.alfa.sx\/en\/alfaview-app\/meeting-room\/screen-and-audio-share\/region-share\/\"><\/a><a href=\"\/de\/alfaview-app\/alfaview-room\/primary-and-secondary-controls\/screen-and-audio-share\/region-share\/\">Bereich teilen<\/a><\/li>\n\n\n\n<li><a href=\"https:\/\/cp-prod-wordpress.alfa.sx\/en\/alfaview-app\/meeting-room\/screen-and-audio-share\/share-whole-screen\/\"><\/a><a href=\"\/de\/alfaview-app\/alfaview-room\/primary-and-secondary-controls\/screen-and-audio-share\/share-whole-screen\/\">Ganzen Bildschirm teilen<\/a><\/li>\n\n\n\n<li><a href=\"https:\/\/cp-prod-wordpress.alfa.sx\/en\/alfaview-app\/meeting-room\/screen-and-audio-share\/second-camera\/\"><\/a><a href=\"\/de\/alfaview-app\/alfaview-room\/primary-and-secondary-controls\/screen-and-audio-share\/second-camera\/\">Zweitkamera<\/a><\/li>\n<\/ul>\n\n\n\n<p>Um auch den Ton zu \u00fcbertragen, klicken Sie auf das Lautsprechersymbol im Bildschirm\u00fcbertragung Kontextmen\u00fc. Eine laufende Ton\u00fcbertragung kann jederzeit wieder \u00fcber dasselbe Kontextmen\u00fc gestoppt werden. Bitte beachten Sie, dass diese Funktion erst ab Windows 10 zur Verf\u00fcgung steht.<\/p>\n\n\n\n<div class=\"wp-block-alfaview-callout\">\n<p>Wenn Sie den ganzen Bildschirm \u00fcbertragen, auf dem Sie alfaview ge\u00f6ffnet haben, schlie\u00dft sich das alfaview-Hauptfenster automatisch und das <a href=\"\/de\/alfaview-app\/alfaview-room\/mini-window\/\">Minifenster<\/a> \u00f6ffnet sich.<\/p>\n<\/div>\n\n\n\n<h2 class=\"wp-block-heading\" class=\"wp-block-heading\" id=\"mehrere-bildschirmuebertragungen-gleichzeitig\">Mehrere Bildschirm\u00fcbertragungen gleichzeitig<a href=\"https:\/\/cp-prod-wordpress.alfa.sx\/de\/alfaview-app\/meeting-room\/screen-and-audio-share\/#mehrere-bildschirm\u00fcbertragungen-gleichzeitig\"><\/a><a href=\"#mehrere-bildschirmuebertragungen-gleichzeitig\" class=\"av-heading-anchor\"><i class=\"bi bi-link\"><\/i><\/a><\/h2>\n\n\n<div class=\"wp-block-image\">\n<figure class=\"alignright size-large is-resized\"><a href=\"https:\/\/cp-prod-wordpress.alfa.sx\/wp-content\/uploads\/2023\/10\/many-screens-de.png\"><img loading=\"lazy\" decoding=\"async\" width=\"1024\" height=\"576\" src=\"https:\/\/cp-prod-wordpress.alfa.sx\/wp-content\/uploads\/2023\/10\/many-screens-de-1024x576.png\" alt=\"Screenshot der alfaview-App, wenn mehrere Bildschirme gleichzeitig in der \u00fcbertragen werden\" class=\"wp-image-729\" style=\"width:250px\" srcset=\"https:\/\/cp-prod-wordpress.alfa.sx\/wp-content\/uploads\/2023\/10\/many-screens-de-1024x576.png 1024w, https:\/\/cp-prod-wordpress.alfa.sx\/wp-content\/uploads\/2023\/10\/many-screens-de-300x169.png 300w, https:\/\/cp-prod-wordpress.alfa.sx\/wp-content\/uploads\/2023\/10\/many-screens-de-768x432.png 768w, https:\/\/cp-prod-wordpress.alfa.sx\/wp-content\/uploads\/2023\/10\/many-screens-de-1536x864.png 1536w, https:\/\/cp-prod-wordpress.alfa.sx\/wp-content\/uploads\/2023\/10\/many-screens-de.png 1920w\" sizes=\"auto, (max-width: 1024px) 100vw, 1024px\" \/><\/a><figcaption class=\"wp-element-caption\">Mehrere Bildschirm\u00fcbertragungen gleichzeitig<\/figcaption><\/figure>\n<\/div>\n\n\n<ul class=\"wp-block-list\">\n<li>Wird mehr als eine Bildschirm\u00fcbertragung geteilt, erscheinen verkleinerte Vorschaubilder am unteren Rand des B\u00fchnenbereichs.<\/li>\n\n\n\n<li>Um eine Bildschirm\u00fcbertragung gro\u00df darzustellen, klicken Sie auf ein Vorschaubild.<\/li>\n\n\n\n<li>Die aktive Bildschirm\u00fcbertragung wird mit einem blauen Rahmen um das Vorschaubild gekennzeichnet.<\/li>\n\n\n\n<li>Die Vorschaubilder enthalten den Namen des Teilnehmers, der die \u00dcbertragung teilt.<\/li>\n\n\n\n<li>Jeder Teilnehmer kann individuell entscheiden, welche Bildschirm\u00fcbertragung gro\u00df dargestellt werden soll.<\/li>\n<\/ul>\n\n\n\n<h2 class=\"wp-block-heading\" class=\"wp-block-heading\" id=\"bildschirmuebertragung-in-separatem-fenster-darstellen\">Bildschirm\u00fcbertragung in separatem Fenster darstellen<a href=\"https:\/\/cp-prod-wordpress.alfa.sx\/de\/alfaview-app\/meeting-room\/screen-and-audio-share\/#bildschirm\u00fcbertragung-in-separatem-fenster-darstellen\"><\/a><a href=\"#bildschirmuebertragung-in-separatem-fenster-darstellen\" class=\"av-heading-anchor\"><i class=\"bi bi-link\"><\/i><\/a><\/h2>\n\n\n\n<ul class=\"wp-block-list\">\n<li>Um eine laufende Bildschirm\u00fcbertragung in einem separaten Fenster darzustellen, klicken Sie auf das Symbol <img loading=\"lazy\" decoding=\"async\" width=\"20\" height=\"20\" class=\"wp-image-2057\" style=\"width: 20px;\" src=\"https:\/\/cp-prod-wordpress.alfa.sx\/wp-content\/uploads\/2023\/12\/icon-screen-share-window-undock.png\" alt=\"Inhalte teilen abdocken Symbol\"> <strong>Abdocken<\/strong> rechts oben im Video der Bildschirm\u00fcbertragung.<\/li>\n\n\n\n<li>Die \u00dcbertragung kann nun beispielsweise auf einem externen Monitor platziert werden.<\/li>\n\n\n\n<li>Um die Bildschirm\u00fcbertragung wieder im Hauptfenster darzustellen, muss das abgedockte Fenster nur geschlossen werden.<\/li>\n\n\n\n<li>Die zuletzt verwendete Einstellung wird beibehalten. Wurde die Bildschirm\u00fcbertragung zuletzt im separaten Fenster verwendet, wird eine neue Bildschirm\u00fcbertragung wieder in einem separaten Fenster ge\u00f6ffnet.<\/li>\n\n\n\n<li>Um das Fenster der abgedockten Bildschirm\u00fcbertragung in den Vordergrund zu bringen, klicken Sie auf das Symbol <img loading=\"lazy\" decoding=\"async\" width=\"25\" height=\"17\" class=\"wp-image-2062\" style=\"width: 25px;\" src=\"https:\/\/cp-prod-wordpress.alfa.sx\/wp-content\/uploads\/2023\/12\/icon-screen-share-window-gather.png\" alt=\"geteilte Inhalte sammeln Symbol\"> <strong>Sammeln<\/strong> im Statusmen\u00fc.<\/li>\n<\/ul>\n","protected":false},"excerpt":{"rendered":"<p>Erfahren Sie, wie Sie Ihren gesamten Bildschirm, eine Anwendung oder einen Bereich Ihres Bildschirms freigeben k\u00f6nnen.<\/p>\n","protected":false},"author":2,"featured_media":0,"parent":715,"menu_order":0,"comment_status":"closed","ping_status":"closed","template":"","meta":{"footnotes":""},"class_list":["post-734","page","type-page","status-publish","hentry"],"_links":{"self":[{"href":"https:\/\/cp-prod-wordpress.alfa.sx\/de\/wp-json\/wp\/v2\/pages\/734","targetHints":{"allow":["GET"]}}],"collection":[{"href":"https:\/\/cp-prod-wordpress.alfa.sx\/de\/wp-json\/wp\/v2\/pages"}],"about":[{"href":"https:\/\/cp-prod-wordpress.alfa.sx\/de\/wp-json\/wp\/v2\/types\/page"}],"author":[{"embeddable":true,"href":"https:\/\/cp-prod-wordpress.alfa.sx\/de\/wp-json\/wp\/v2\/users\/2"}],"replies":[{"embeddable":true,"href":"https:\/\/cp-prod-wordpress.alfa.sx\/de\/wp-json\/wp\/v2\/comments?post=734"}],"version-history":[{"count":25,"href":"https:\/\/cp-prod-wordpress.alfa.sx\/de\/wp-json\/wp\/v2\/pages\/734\/revisions"}],"predecessor-version":[{"id":735,"href":"https:\/\/cp-prod-wordpress.alfa.sx\/de\/wp-json\/wp\/v2\/pages\/734\/revisions\/735"}],"up":[{"embeddable":true,"href":"https:\/\/cp-prod-wordpress.alfa.sx\/de\/wp-json\/wp\/v2\/pages\/715"}],"wp:attachment":[{"href":"https:\/\/cp-prod-wordpress.alfa.sx\/de\/wp-json\/wp\/v2\/media?parent=734"}],"curies":[{"name":"wp","href":"https:\/\/api.w.org\/{rel}","templated":true}]}}