{"id":748,"date":"2023-10-16T08:18:49","date_gmt":"2023-10-16T08:18:49","guid":{"rendered":"https:\/\/strange-sammet.82-165-59-152.plesk.page\/?page_id=748"},"modified":"2025-04-01T10:12:19","modified_gmt":"2025-04-01T10:12:19","slug":"application-share","status":"publish","type":"page","link":"https:\/\/cp-prod-wordpress.alfa.sx\/de\/alfaview-app\/alfaview-room\/primary-and-secondary-controls\/screen-and-audio-share\/application-share\/","title":{"rendered":"Anwendung teilen"},"content":{"rendered":"<div class=\"wp-block-image\">\n<figure class=\"alignright size-large is-resized\"><a href=\"https:\/\/cp-prod-wordpress.alfa.sx\/wp-content\/uploads\/2023\/10\/screenshare-applications-de.png\"><img loading=\"lazy\" decoding=\"async\" width=\"1024\" height=\"412\" src=\"https:\/\/cp-prod-wordpress.alfa.sx\/wp-content\/uploads\/2023\/10\/screenshare-applications-de-1024x412.png\" alt=\"Screenshot der Auswahlliste von laufenden Anwendungen eines Computers, die von der Person in alfaview geteilt werden k\u00f6nnen\" class=\"wp-image-744\" style=\"width:259px\" srcset=\"https:\/\/cp-prod-wordpress.alfa.sx\/wp-content\/uploads\/2023\/10\/screenshare-applications-de-1024x412.png 1024w, https:\/\/cp-prod-wordpress.alfa.sx\/wp-content\/uploads\/2023\/10\/screenshare-applications-de-300x121.png 300w, https:\/\/cp-prod-wordpress.alfa.sx\/wp-content\/uploads\/2023\/10\/screenshare-applications-de-768x309.png 768w, https:\/\/cp-prod-wordpress.alfa.sx\/wp-content\/uploads\/2023\/10\/screenshare-applications-de.png 1073w\" sizes=\"auto, (max-width: 1024px) 100vw, 1024px\" \/><\/a><figcaption class=\"wp-element-caption\">Die Auswahl der laufenden Anwendungen<\/figcaption><\/figure>\n<\/div>\n\n\n<p>\u00dcbertragen Sie eine laufende Anwendung im alfaview-Raum mit der Funktion Anwendung teilen.<br>Es wird immer nur die ausgew\u00e4hlte Anwendung \u00fcbertragen, alle anderen offenen Inhalte und Programme sind f\u00fcr die Teilnehmer:innen im alfaview-Raum nicht sichtbar.<\/p>\n\n\n\n<ul class=\"wp-block-list\">\n<li>Klicken Sie auf das Symbol <img loading=\"lazy\" decoding=\"async\" width=\"20\" height=\"20\" class=\"wp-image-2068\" style=\"width: 20px;\" src=\"https:\/\/cp-prod-wordpress.alfa.sx\/wp-content\/uploads\/2023\/12\/icon-screen-share-inactive.png\" alt=\"Inhalte teilen deaktiviert Symbol\"> <strong>Inhalte teilen<\/strong> im Hauptmen\u00fc.<\/li>\n\n\n\n<li>Klicken Sie nun auf die Schaltfl\u00e4che <button class=\"av-button av-button--default\">Anwendung<\/button> . Ihnen werden nun alle Anwendungen, die Sie teilen k\u00f6nnen, entweder im Gitter-Layout oder im Listen-Layout angezeigt.<\/li>\n<\/ul>\n\n\n\n<div class=\"wp-block-columns is-not-stacked-on-mobile is-layout-flex wp-container-core-columns-is-layout-9d6595d7 wp-block-columns-is-layout-flex\">\n<div class=\"wp-block-column is-layout-flow wp-block-column-is-layout-flow\" style=\"flex-basis:50px\">\n<button class=\"wp-block-alfaview-button av-button-main-menu av-button-grey\" disabled aria-label=\"Gitter-Layout Anwendungen\"><i class=\"icon icon-ic_gallery_view_variant_24dp\"><\/i><\/button>\n<\/div>\n\n\n\n<div class=\"wp-block-column is-layout-flow wp-block-column-is-layout-flow\">\n<p><strong>Gitter-Layout<\/strong><br>Ihnen werden gro\u00dfe Vorschauvideos der ge\u00f6ffneten Anwendungen angezeigt.<\/p>\n<\/div>\n<\/div>\n\n\n\n<div class=\"wp-block-columns is-not-stacked-on-mobile is-layout-flex wp-container-core-columns-is-layout-9d6595d7 wp-block-columns-is-layout-flex\">\n<div class=\"wp-block-column is-layout-flow wp-block-column-is-layout-flow\" style=\"flex-basis:50px\">\n<button class=\"wp-block-alfaview-button av-button-main-menu av-button-grey\" disabled aria-label=\"Listen-Layout Anwendungen\"><i class=\"icon icon-ic_menu_24dp\"><\/i><\/button>\n<\/div>\n\n\n\n<div class=\"wp-block-column is-layout-flow wp-block-column-is-layout-flow\">\n<p><strong>Listen-Layout<\/strong><br>Ihnen wird eine Liste mit kleinen Vorschaubildern sowie die Namen aller ge\u00f6ffneten Anwendungen angezeigt.<\/p>\n<\/div>\n<\/div>\n\n\n\n<ul class=\"wp-block-list\">\n<li>Sie k\u00f6nnen entscheiden, ob Sie den Ton Ihres Computers mit \u00fcbertragen m\u00f6chten. Klicken Sie daf\u00fcr im Auswahlmen\u00fc in der unteren rechten Ecke auf die Schaltfl\u00e4che <button class=\"av-button av-button--default\">Anwendungssound teilen<\/button>, <button class=\"av-button av-button--default\">Computersound teilen<\/button> bzw. <button class=\"av-button av-button--default\">Sound nicht teilen<\/button>.<\/li>\n\n\n\n<li>W\u00e4hlen Sie nun die Anwendung, die Sie \u00fcbertragen m\u00f6chten.<\/li>\n\n\n\n<li>Beenden Sie die \u00dcbertragung \u00fcber das Hauptmen\u00fc. Klicken Sie daf\u00fcr auf das Symbol <img loading=\"lazy\" decoding=\"async\" width=\"20\" height=\"20\" class=\"wp-image-2078\" style=\"width: 20px;\" src=\"https:\/\/cp-prod-wordpress.alfa.sx\/wp-content\/uploads\/2023\/12\/icon-screen-share-active.png\" alt=\"Inhalte teilen aktiviert Symbol\"> <strong>Bildschirm teilen<\/strong>.<\/li>\n\n\n\n<li>Klicken Sie anschlie\u00dfend im Auswahlmen\u00fc auf die rote Schaltfl\u00e4che <button class=\"av-button av-button--error\">Stopp<\/button>.<\/li>\n<\/ul>\n\n\n\n<h2 class=\"wp-block-heading\" class=\"wp-block-heading\" id=\"auswahl-der-tonuebertragung\">Auswahl der Ton\u00fcbertragung<a href=\"https:\/\/cp-prod-wordpress.alfa.sx\/de\/alfaview-app\/meeting-room\/screen-and-audio-share\/application-share\/#auswahlm\u00f6glichkeiten\"><\/a><a href=\"#auswahl-der-tonuebertragung\" class=\"av-heading-anchor\"><i class=\"bi bi-link\"><\/i><\/a><\/h2>\n\n\n<div class=\"wp-block-image\">\n<figure class=\"alignright size-full is-resized\"><a href=\"https:\/\/cp-prod-wordpress.alfa.sx\/wp-content\/uploads\/2023\/10\/application-sound-de.png\"><img loading=\"lazy\" decoding=\"async\" width=\"405\" height=\"212\" src=\"https:\/\/cp-prod-wordpress.alfa.sx\/wp-content\/uploads\/2023\/10\/application-sound-de.png\" alt=\"Screenshot der Tonauswahlliste bei \u00dcbertragung einer Anwendung\" class=\"wp-image-742\" style=\"width:250px\" srcset=\"https:\/\/cp-prod-wordpress.alfa.sx\/wp-content\/uploads\/2023\/10\/application-sound-de.png 405w, https:\/\/cp-prod-wordpress.alfa.sx\/wp-content\/uploads\/2023\/10\/application-sound-de-300x157.png 300w\" sizes=\"auto, (max-width: 405px) 100vw, 405px\" \/><\/a><figcaption class=\"wp-element-caption\">Die Tonauswahl<\/figcaption><\/figure>\n<\/div>\n\n\n<ul class=\"wp-block-list\">\n<li><strong>Anwendungssound teilen<\/strong><br>Es wird nur der Ton der ausgew\u00e4hlten Anwendung geteilt. Alle anderen Tonquellen werden nicht \u00fcbertragen.<\/li>\n\n\n\n<li><strong>Computersound teilen<\/strong><br>Es werden alle Tonquellen des Computers \u00fcbertragen.<\/li>\n\n\n\n<li><strong>Sound nicht teilen<\/strong><br>Es wird kein Ton geteilt.<\/li>\n<\/ul>\n","protected":false},"excerpt":{"rendered":"<p>\u00dcbertragen Sie eine laufende Anwendung im alfaview-Raum mit der Funktion Anwendung teilen.Es wird immer nur die ausgew\u00e4hlte Anwendung \u00fcbertragen, alle anderen offenen Inhalte und Programme sind f\u00fcr die Teilnehmer:innen im alfaview-Raum nicht sichtbar. Klicken Sie [&hellip;]<\/p>\n","protected":false},"author":2,"featured_media":0,"parent":734,"menu_order":0,"comment_status":"closed","ping_status":"closed","template":"","meta":{"footnotes":""},"class_list":["post-748","page","type-page","status-publish","hentry"],"_links":{"self":[{"href":"https:\/\/cp-prod-wordpress.alfa.sx\/de\/wp-json\/wp\/v2\/pages\/748","targetHints":{"allow":["GET"]}}],"collection":[{"href":"https:\/\/cp-prod-wordpress.alfa.sx\/de\/wp-json\/wp\/v2\/pages"}],"about":[{"href":"https:\/\/cp-prod-wordpress.alfa.sx\/de\/wp-json\/wp\/v2\/types\/page"}],"author":[{"embeddable":true,"href":"https:\/\/cp-prod-wordpress.alfa.sx\/de\/wp-json\/wp\/v2\/users\/2"}],"replies":[{"embeddable":true,"href":"https:\/\/cp-prod-wordpress.alfa.sx\/de\/wp-json\/wp\/v2\/comments?post=748"}],"version-history":[{"count":10,"href":"https:\/\/cp-prod-wordpress.alfa.sx\/de\/wp-json\/wp\/v2\/pages\/748\/revisions"}],"predecessor-version":[{"id":749,"href":"https:\/\/cp-prod-wordpress.alfa.sx\/de\/wp-json\/wp\/v2\/pages\/748\/revisions\/749"}],"up":[{"embeddable":true,"href":"https:\/\/cp-prod-wordpress.alfa.sx\/de\/wp-json\/wp\/v2\/pages\/734"}],"wp:attachment":[{"href":"https:\/\/cp-prod-wordpress.alfa.sx\/de\/wp-json\/wp\/v2\/media?parent=748"}],"curies":[{"name":"wp","href":"https:\/\/api.w.org\/{rel}","templated":true}]}}