{"id":75,"date":"2023-10-03T08:52:18","date_gmt":"2023-10-03T08:52:18","guid":{"rendered":"https:\/\/strange-sammet.82-165-59-152.plesk.page\/?page_id=75"},"modified":"2025-02-11T12:26:44","modified_gmt":"2025-02-11T12:26:44","slug":"join-an-alfaview-room","status":"publish","type":"page","link":"https:\/\/cp-prod-wordpress.alfa.sx\/de\/first-steps\/your-start-in-alfaview\/join-an-alfaview-room\/","title":{"rendered":"alfaview-Raum oder Meeting betreten"},"content":{"rendered":"\n<p>Wenn Sie zu einem Meeting in alfaview eingeladen wurden, k\u00f6nnen Sie dieses \u00fcber den Einladungslink, der Ihnen zugesendet wurde, betreten. Auch alfaview-R\u00e4ume, zu denen Sie eingeladen wurden, k\u00f6nnen Sie \u00fcber einen zugesendeten Link betreten.<\/p>\n\n\n\n<p>Als Mitglied einer alfaview-Company verf\u00fcgen Sie \u00fcber ein eigenes Benutzerkonto. Mit diesem Konto k\u00f6nnen Sie alle alfaview-R\u00e4ume Ihrer Company betreten, f\u00fcr die Sie eine Zugangsberechtigung besitzen.<\/p>\n\n\n\n<ul class=\"wp-block-list\">\n<li><a href=\"https:\/\/cp-prod-wordpress.alfa.sx\/de\/first-steps\/your-start-in-alfaview\/join-an-alfaview-room\/#alfaview-raum-mit-einladungslink-betreten\">alfaview-Raum mit Einladungslink betreten<\/a><\/li>\n\n\n\n<li><a href=\"https:\/\/cp-prod-wordpress.alfa.sx\/de\/first-steps\/your-start-in-alfaview\/join-an-alfaview-room\/#alfaview-raum-mit-benutzerkonto-betreten\">alfaview-Raum mit Benutzerkonto betreten<\/a><\/li>\n\n\n\n<li><a href=\"https:\/\/cp-prod-wordpress.alfa.sx\/de\/first-steps\/your-start-in-alfaview\/join-an-alfaview-room\/#meeting-mit-einladungslink-betreten\">Meeting mit Einladungslink betreten<\/a><\/li>\n\n\n\n<li><a href=\"https:\/\/cp-prod-wordpress.alfa.sx\/de\/first-steps\/your-start-in-alfaview\/join-an-alfaview-room\/#meeting-als-organisatorin-betreten\">Meeting als Organisator:in betreten<\/a><\/li>\n<\/ul>\n\n\n\n<h2 class=\"wp-block-heading\" class=\"wp-block-heading\" id=\"alfaview-raum-mit-einladungslink-betreten\">alfaview-Raum mit Einladungslink betreten<a href=\"#alfaview-raum-mit-einladungslink-betreten\" class=\"av-heading-anchor\"><i class=\"bi bi-link\"><\/i><\/a><\/h2>\n\n\n\n<div class=\"wp-block-alfaview-callout\">\n<p>Beim Beitritt mit einem Einladungslink ben\u00f6tigen Sie kein eigenes alfaview-Benutzerkonto.<\/p>\n<\/div>\n\n\n\n<ul class=\"wp-block-list\">\n<li>Klicken Sie auf den Einladungslink, den Sie erhalten haben.<br>Falls Ihnen die Einladung von der E-Mail-Adresse <strong>support@alfaview.com<\/strong> zugesendet wurde, klicken Sie in der E-Mail auf die Schaltfl\u00e4che <button class=\"av-button--primary av-button\">Jetzt betreten<\/button>, um dem alfaview-Raum beizutreten.<\/li>\n\n\n\n<li>Alternativ k\u00f6nnen Sie den vollst\u00e4ndigen Einladungslink kopieren und in die Adresszeile Ihres Internetbrowsers einf\u00fcgen.<\/li>\n<\/ul>\n\n\n<div class=\"wp-block-image\">\n<figure class=\"alignright size-full is-resized\"><a href=\"https:\/\/cp-prod-wordpress.alfa.sx\/wp-content\/uploads\/2024\/03\/join-room-as-guest-de.png\"><img loading=\"lazy\" decoding=\"async\" width=\"850\" height=\"471\" src=\"https:\/\/cp-prod-wordpress.alfa.sx\/wp-content\/uploads\/2024\/03\/join-room-as-guest-de.png\" alt=\"Fenster, um alfaview-Raum als Gast zu betreten\" class=\"wp-image-3061\" style=\"width:250px;height:undefinedpx\" srcset=\"https:\/\/cp-prod-wordpress.alfa.sx\/wp-content\/uploads\/2024\/03\/join-room-as-guest-de.png 850w, https:\/\/cp-prod-wordpress.alfa.sx\/wp-content\/uploads\/2024\/03\/join-room-as-guest-de-300x166.png 300w, https:\/\/cp-prod-wordpress.alfa.sx\/wp-content\/uploads\/2024\/03\/join-room-as-guest-de-768x426.png 768w\" sizes=\"auto, (max-width: 850px) 100vw, 850px\" \/><\/a><figcaption class=\"wp-element-caption\">alfaview-Raum mit Einladungslink betreten<\/figcaption><\/figure>\n<\/div>\n\n\n<ul class=\"wp-block-list\">\n<li>Geben Sie auf der Webseite Ihren Namen ein, falls dieser noch nicht im Eingabefeld hinterlegt ist. Sie k\u00f6nnen die Eingabe f\u00fcr sp\u00e4tere Anmeldungen speichern. Setzen Sie daf\u00fcr einen Haken im kleinen Kasten neben <strong>Einstellungen merken<\/strong>.<\/li>\n\n\n\n<li>Klicken Sie nun auf die Schaltfl\u00e4che <button class=\"av-button--primary av-button\">Mit alfaview-App betreten<\/button>, um den Raum \u00fcber die alfaview-App zu betreten.<\/li>\n\n\n\n<li>Ihr Internetbrowser wird Sie nun darauf hinweisen, dass er die alfaview-App \u00f6ffnen m\u00f6chte. Best\u00e4tigen Sie diese Anfrage, um den Raum zu betreten.<\/li>\n\n\n\n<li>Mit einem Klick auf die Schaltfl\u00e4che <button class=\"av-button av-button--secondary\">Mit Browser betreten<\/button> k\u00f6nnen Sie den alfaview-Raum \u00fcber den Webclient betreten.<\/li>\n<\/ul>\n\n\n\n<div class=\"wp-block-alfaview-callout\">\n<p>Wir empfehlen Ihnen die Installation der alfaview-App, da die Raumadministration den Zugang \u00fcber den Webclient deaktivieren kann. Folgen Sie dazu den Anleitungen f\u00fcr <a href=\"https:\/\/cp-prod-wordpress.alfa.sx\/de\/first-steps\/your-start-in-alfaview\/installation-windows\/\" data-type=\"page\" data-id=\"235\">Microsoft<\/a>-, <a href=\"https:\/\/cp-prod-wordpress.alfa.sx\/de\/first-steps\/your-start-in-alfaview\/installation-mac\/\">Mac<\/a>&#8211; und <a href=\"https:\/\/cp-prod-wordpress.alfa.sx\/de\/first-steps\/your-start-in-alfaview\/installation-linux-mobile\/\">Linux<\/a>-Computer sowie f\u00fcr <a href=\"https:\/\/cp-prod-wordpress.alfa.sx\/de\/first-steps\/your-start-in-alfaview\/installation-linux-mobile\/\">mobile Endger\u00e4te<\/a>.<\/p>\n<\/div>\n\n\n\n<p>Bei erster Nutzung der alfaview-App beachten Sie bitte folgende zus\u00e4tzliche Schritte:<\/p>\n\n\n\n<ul class=\"wp-block-list\">\n<li>Es \u00f6ffnet sich ein neues Fenster zu den Nutzungsrichtlinien und der Datenschutzerkl\u00e4rung.<\/li>\n\n\n\n<li>Lesen Sie diese Hinweise sorgf\u00e4ltig durch und akzeptieren Sie diese anschlie\u00dfend mit einem Klick auf den kleinen Kasten neben <strong>Ich akzeptiere die Nutzungsrichtlinien<\/strong>. Sie k\u00f6nnen die Nutzungsbedingungen jederzeit auf unserer Webseite einsehen.<\/li>\n\n\n\n<li>Klicken Sie erneut auf die Schaltfl\u00e4che <button class=\"av-button--primary av-button\" disabled=\"\" style=\"cursor: unset\">Betreten<\/button>, um den alfaview-Raum zu betreten.<\/li>\n<\/ul>\n\n\n\n<h2 class=\"wp-block-heading\" class=\"wp-block-heading\" id=\"alfaview-raum-mit-benutzerkonto-betreten\">alfaview-Raum mit Benutzerkonto betreten<a href=\"https:\/\/cp-prod-wordpress.alfa.sx\/de\/first-steps\/your-first-meeting\/join-a-conference-room\/#mit-benutzerkonto\"><\/a><a href=\"#alfaview-raum-mit-benutzerkonto-betreten\" class=\"av-heading-anchor\"><i class=\"bi bi-link\"><\/i><\/a><\/h2>\n\n\n\n<p><strong>In der alfaview-App:<\/strong><\/p>\n\n\n\n<p>Falls Sie die alfaview-App noch nicht installiert haben, k\u00f6nnen Sie den Anleitungen f\u00fcr <a href=\"https:\/\/cp-prod-wordpress.alfa.sx\/de\/first-steps\/your-start-in-alfaview\/installation-windows\/\" data-type=\"page\" data-id=\"235\">Microsoft<\/a>-, <a href=\"https:\/\/cp-prod-wordpress.alfa.sx\/de\/first-steps\/your-start-in-alfaview\/installation-mac\/\">Mac<\/a>&#8211; und <a href=\"https:\/\/cp-prod-wordpress.alfa.sx\/de\/first-steps\/your-start-in-alfaview\/installation-linux-mobile\/\">Linux<\/a>-Computer sowie f\u00fcr <a href=\"https:\/\/cp-prod-wordpress.alfa.sx\/de\/first-steps\/your-start-in-alfaview\/installation-linux-mobile\/\">mobile Endger\u00e4te<\/a> folgen.<\/p>\n\n\n\n<div class=\"wp-block-columns is-not-stacked-on-mobile is-layout-flex wp-container-core-columns-is-layout-9d6595d7 wp-block-columns-is-layout-flex\">\n<div class=\"wp-block-column is-layout-flow wp-block-column-is-layout-flow\">\n<ul class=\"wp-block-list\">\n<li>\u00d6ffnen Sie die alfaview-App.<\/li>\n\n\n\n<li>Falls Sie die alfaview-App zum ersten Mal starten oder Sie sich f\u00fcr einen l\u00e4ngeren Zeitraum nicht angemeldet haben, erscheint die Startseite.<\/li>\n\n\n\n<li>Klicken Sie dort auf die Schaltfl\u00e4che <button class=\"av-button av-button--secondary\">Mit alfaview-Konto anmelden<\/button>.<\/li>\n\n\n\n<li>Melden Sie sich nun mit Ihrer E-Mail-Adresse und Ihrem Passwort an.<\/li>\n<\/ul>\n<\/div>\n\n\n\n<div class=\"wp-block-column is-layout-flow wp-block-column-is-layout-flow\" style=\"flex-basis:250px\">\n<figure class=\"wp-block-image size-full\"><a href=\"https:\/\/cp-prod-wordpress.alfa.sx\/wp-content\/uploads\/2024\/05\/login-de.png\"><img loading=\"lazy\" decoding=\"async\" width=\"408\" height=\"311\" src=\"https:\/\/cp-prod-wordpress.alfa.sx\/wp-content\/uploads\/2024\/05\/login-de.png\" alt=\"Die Startseite mit den Schaltfl\u00e4chen Meeting betreten und mit alfaview-Konto anmelden\" class=\"wp-image-3661\" srcset=\"https:\/\/cp-prod-wordpress.alfa.sx\/wp-content\/uploads\/2024\/05\/login-de.png 408w, https:\/\/cp-prod-wordpress.alfa.sx\/wp-content\/uploads\/2024\/05\/login-de-300x229.png 300w\" sizes=\"auto, (max-width: 408px) 100vw, 408px\" \/><\/a><figcaption class=\"wp-element-caption\">Startseite der alfaview-App<\/figcaption><\/figure>\n<\/div>\n<\/div>\n\n\n\n<div class=\"wp-block-columns is-not-stacked-on-mobile is-layout-flex wp-container-core-columns-is-layout-9d6595d7 wp-block-columns-is-layout-flex\">\n<div class=\"wp-block-column is-layout-flow wp-block-column-is-layout-flow\">\n<ul class=\"wp-block-list\">\n<li>Es wird Ihnen nun die Meeting- sowie Raumliste mit allen Ihnen zug\u00e4nglichen R\u00e4umen angezeigt. W\u00e4hlen Sie den Raum aus, den Sie betreten m\u00f6chten.<\/li>\n\n\n\n<li>Sie k\u00f6nnen Ihren gew\u00fcnschten Raum auch mithilfe der Suchfunktion schneller finden. Klicken Sie daf\u00fcr im oberen rechten Bereich der alfaview-App auf das Symbol <img loading=\"lazy\" decoding=\"async\" width=\"25\" height=\"21\" class=\"wp-image-708\" style=\"width: 25px;\" src=\"https:\/\/cp-prod-wordpress.alfa.sx\/wp-content\/uploads\/2023\/10\/icon-search.png\" alt=\"\"> <strong>Suchen<\/strong>. Geben Sie den Namen des alfaview-Raumes in der Suchleiste ein.<\/li>\n\n\n\n<li>Klicken Sie auf die Schaltfl\u00e4che <button class=\"av-button--primary av-button\" style=\"cursor: unset\" disabled=\"\">Betreten<\/button>, um den ausgew\u00e4hlten alfaview-Raum zu betreten.<\/li>\n\n\n\n<li>Bevor Sie den alfaview-Raum betreten, k\u00f6nnen Sie Ihre Kamera- und Audioeinstellungen in den <a href=\"https:\/\/cp-prod-wordpress.alfa.sx\/de\/alfaview-app\/home-screen\/setup-camera-and-microphone\/\">Schnelleinstellungen<\/a> verwalten.<\/li>\n<\/ul>\n<\/div>\n\n\n\n<div class=\"wp-block-column is-layout-flow wp-block-column-is-layout-flow\" style=\"flex-basis:250px\"><div class=\"wp-block-image\">\n<figure class=\"alignright size-full is-resized\"><a href=\"https:\/\/cp-prod-wordpress.alfa.sx\/wp-content\/uploads\/2023\/10\/join-room-de.png\"><img loading=\"lazy\" decoding=\"async\" width=\"485\" height=\"281\" src=\"https:\/\/cp-prod-wordpress.alfa.sx\/wp-content\/uploads\/2023\/10\/join-room-de.png\" alt=\"Die Raumliste in der alfaview-App\" class=\"wp-image-114\" style=\"width:250px;height:undefinedpx\" srcset=\"https:\/\/cp-prod-wordpress.alfa.sx\/wp-content\/uploads\/2023\/10\/join-room-de.png 485w, https:\/\/cp-prod-wordpress.alfa.sx\/wp-content\/uploads\/2023\/10\/join-room-de-300x174.png 300w\" sizes=\"auto, (max-width: 485px) 100vw, 485px\" \/><\/a><figcaption class=\"wp-element-caption\">alfaview-Raum betreten<\/figcaption><\/figure>\n<\/div><\/div>\n<\/div>\n\n\n\n<div class=\"wp-block-alfaview-callout\">\n<p>Wenn Sie die alfaview-App zum ersten Mal starten, werden Ihnen die Nutzungsrichtlinien und Datenschutzerkl\u00e4rung angezeigt.<\/p>\n\n\n\n<ul class=\"wp-block-list\">\n<li>Lesen Sie diese Hinweise sorgf\u00e4ltig durch.<\/li>\n\n\n\n<li>Akzeptieren Sie die Hinweise anschlie\u00dfend mit einem Klick auf den kleinen Kasten neben <strong>Ich akzeptiere die Nutzungsrichtlinien<\/strong>.<\/li>\n\n\n\n<li>Sie k\u00f6nnen die Nutzungsbedingungen jederzeit auf unserer Webseite einsehen.<\/li>\n<\/ul>\n<\/div>\n\n\n\n<p><strong>Im Webclient:<\/strong><\/p>\n\n\n\n<ul class=\"wp-block-list\">\n<li>Melden Sie sich im <a href=\"https:\/\/webclient.alfaview.com\/\">Webclient<\/a> an.<\/li>\n\n\n\n<li>Alternativ k\u00f6nnen Sie den Webclient auch \u00fcber die <a href=\"https:\/\/app.alfaview.com\/#\/welcome\">Verwaltungsseite<\/a> Ihres Benutzerkontos \u00f6ffnen. Klicken Sie dort auf der Startseite auf die Schaltfl\u00e4che <button class=\"av-button av-button--secondary\">Mit Browser betreten<\/button>.<\/li>\n\n\n\n<li>Es wird Ihnen nun die Meeting- sowie Raumliste mit allen Ihnen zug\u00e4nglichen R\u00e4umen angezeigt. W\u00e4hlen Sie den Raum aus, den Sie betreten m\u00f6chten.<\/li>\n\n\n\n<li>Sie k\u00f6nnen Ihren gew\u00fcnschten Raum auch mithilfe der Suchfunktion schneller finden. Klicken Sie daf\u00fcr im oberen rechten Bereich der Webseite auf das Symbol <img loading=\"lazy\" decoding=\"async\" width=\"25\" height=\"21\" class=\"wp-image-708\" style=\"width: 25px;\" src=\"https:\/\/cp-prod-wordpress.alfa.sx\/wp-content\/uploads\/2023\/10\/icon-search.png\" alt=\"\"> <strong>Suchen<\/strong>. Geben Sie den Namen des alfaview-Raumes in der Suchleiste ein.<\/li>\n\n\n\n<li>Klicken Sie auf die Schaltfl\u00e4che <button class=\"av-button--primary av-button\" style=\"cursor: unset\" disabled=\"\">Betreten<\/button>, um den ausgew\u00e4hlten alfaview-Raum zu betreten.<\/li>\n\n\n\n<li>Bevor Sie den alfaview-Raum betreten, k\u00f6nnen Sie Ihre Kamera- und Audioeinstellungen in den <a href=\"https:\/\/cp-prod-wordpress.alfa.sx\/de\/alfaview-app\/home-screen\/setup-camera-and-microphone\/\">Schnelleinstellungen<\/a> verwalten.<\/li>\n<\/ul>\n\n\n\n<div class=\"wp-block-alfaview-callout\">\n<p>Wir empfehlen Ihnen die Installation der alfaview-App, da die Raumadministration den Zugang \u00fcber den Webclient deaktivieren kann. Folgen Sie dazu den Anleitungen f\u00fcr <a href=\"https:\/\/cp-prod-wordpress.alfa.sx\/de\/first-steps\/your-start-in-alfaview\/installation-windows\/\" data-type=\"page\" data-id=\"235\">Microsoft<\/a>-, <a href=\"https:\/\/cp-prod-wordpress.alfa.sx\/de\/first-steps\/your-start-in-alfaview\/installation-mac\/\">Mac<\/a>&#8211; und <a href=\"https:\/\/cp-prod-wordpress.alfa.sx\/de\/first-steps\/your-start-in-alfaview\/installation-linux-mobile\/\">Linux<\/a>-Computer sowie f\u00fcr <a href=\"https:\/\/cp-prod-wordpress.alfa.sx\/de\/first-steps\/your-start-in-alfaview\/installation-linux-mobile\/\">mobile Endger\u00e4te<\/a>.<\/p>\n<\/div>\n\n\n\n<h2 class=\"wp-block-heading\" class=\"wp-block-heading\" id=\"meeting-mit-einladungslink-betreten\">Meeting mit Einladungslink betreten<a href=\"#meeting-mit-einladungslink-betreten\" class=\"av-heading-anchor\"><i class=\"bi bi-link\"><\/i><\/a><\/h2>\n\n\n\n<p>Meetings sind tempor\u00e4re alfaview-R\u00e4ume, die nach Ende des Meetings automatisch gel\u00f6scht werden. Wenn Sie zu einem Meeting eingeladen wurde, k\u00f6nnen Sie den Meetingraum \u00fcber einen Einladungslink betreten.<\/p>\n\n\n\n<ul class=\"wp-block-list\">\n<li>Klicken Sie auf den Einladungslink, den Sie erhalten haben.<br>Falls Ihnen die Einladung von der E-Mail-Adresse <strong>support@alfaview.com<\/strong> zugesendet wurde, klicken Sie in der E-Mail auf die Schaltfl\u00e4che <button class=\"av-button--primary av-button\">Jetzt betreten<\/button>, um dem Meetingraum beizutreten.<\/li>\n\n\n\n<li>Alternativ k\u00f6nnen Sie den vollst\u00e4ndigen Einladungslink kopieren und in die Adresszeile Ihres Internetbrowsers einf\u00fcgen.<\/li>\n<\/ul>\n\n\n<div class=\"wp-block-image\">\n<figure class=\"alignright size-full is-resized\"><a href=\"https:\/\/cp-prod-wordpress.alfa.sx\/wp-content\/uploads\/2024\/03\/join-room-as-guest-de.png\"><img loading=\"lazy\" decoding=\"async\" width=\"850\" height=\"471\" src=\"https:\/\/cp-prod-wordpress.alfa.sx\/wp-content\/uploads\/2024\/03\/join-room-as-guest-de.png\" alt=\"Fenster, um alfaview-Raum als Gast zu betreten\" class=\"wp-image-3061\" style=\"width:250px;height:undefinedpx\" srcset=\"https:\/\/cp-prod-wordpress.alfa.sx\/wp-content\/uploads\/2024\/03\/join-room-as-guest-de.png 850w, https:\/\/cp-prod-wordpress.alfa.sx\/wp-content\/uploads\/2024\/03\/join-room-as-guest-de-300x166.png 300w, https:\/\/cp-prod-wordpress.alfa.sx\/wp-content\/uploads\/2024\/03\/join-room-as-guest-de-768x426.png 768w\" sizes=\"auto, (max-width: 850px) 100vw, 850px\" \/><\/a><figcaption class=\"wp-element-caption\">alfaview-Raum mit Einladungslink betreten<\/figcaption><\/figure>\n<\/div>\n\n\n<ul class=\"wp-block-list\">\n<li>Geben Sie auf der Webseite Ihren Namen ein, falls dieser noch nicht im Eingabefeld hinterlegt ist. Sie k\u00f6nnen die Eingabe f\u00fcr sp\u00e4tere Anmeldungen speichern. Setzen Sie daf\u00fcr einen Haken im kleinen Kasten neben <strong>Einstellungen merken<\/strong>.<\/li>\n\n\n\n<li>Klicken Sie nun auf die Schaltfl\u00e4che <button class=\"av-button--primary av-button\">Mit alfaview-App betreten<\/button>, um den Meetingraum \u00fcber die alfaview-App zu betreten.<\/li>\n\n\n\n<li>Ihr Internetbrowser wird Sie nun darauf hinweisen, dass er die alfaview-App \u00f6ffnen m\u00f6chte. Best\u00e4tigen Sie diese Anfrage, um den Raum zu betreten.<\/li>\n\n\n\n<li>Mit einem Klick auf die Schaltfl\u00e4che <button class=\"av-button av-button--secondary\">Mit Browser betreten<\/button> k\u00f6nnen Sie den Meetingraum \u00fcber den Webclient betreten.<\/li>\n<\/ul>\n\n\n\n<h2 class=\"wp-block-heading\" class=\"wp-block-heading\" id=\"meeting-als-organisatorin-betreten\">Meeting als Organisator:in betreten<a href=\"#meeting-als-organisatorin-betreten\" class=\"av-heading-anchor\"><i class=\"bi bi-link\"><\/i><\/a><\/h2>\n\n\n\n<p>Sie sehen <a href=\"https:\/\/cp-prod-wordpress.alfa.sx\/de\/administration\/meetings\/create-meeting\/\">Meetings, die Sie erstellt haben<\/a>, in der Meetingliste. \u00dcber diese Liste k\u00f6nnen Sie den Meetingraum betreten und am Meeting teilnehmen.<\/p>\n\n\n\n<p><strong>In der alfaview-App:<\/strong><\/p>\n\n\n\n<div class=\"wp-block-columns is-not-stacked-on-mobile is-layout-flex wp-container-core-columns-is-layout-9d6595d7 wp-block-columns-is-layout-flex\">\n<div class=\"wp-block-column is-layout-flow wp-block-column-is-layout-flow\">\n<ul class=\"wp-block-list\">\n<li>\u00d6ffnen Sie die alfaview-App.<\/li>\n\n\n\n<li>Falls Sie die alfaview-App zum ersten Mal starten oder Sie sich f\u00fcr einen l\u00e4ngeren Zeitraum nicht angemeldet haben, erscheint die Startseite.<\/li>\n\n\n\n<li>Klicken Sie dort auf die Schaltfl\u00e4che <button class=\"av-button av-button--secondary\">Mit alfaview-Konto anmelden<\/button>.<\/li>\n\n\n\n<li>Melden Sie sich nun mit Ihrer E-Mail-Adresse und Ihrem Passwort an.<\/li>\n<\/ul>\n<\/div>\n\n\n\n<div class=\"wp-block-column is-layout-flow wp-block-column-is-layout-flow\" style=\"flex-basis:250px\">\n<figure class=\"wp-block-image size-full\"><a href=\"https:\/\/cp-prod-wordpress.alfa.sx\/wp-content\/uploads\/2024\/05\/login-de.png\"><img loading=\"lazy\" decoding=\"async\" width=\"408\" height=\"311\" src=\"https:\/\/cp-prod-wordpress.alfa.sx\/wp-content\/uploads\/2024\/05\/login-de.png\" alt=\"Die Schaltfl\u00e4chen Meeting betreten und mit alfaview-Konto anmelden\" class=\"wp-image-3661\" srcset=\"https:\/\/cp-prod-wordpress.alfa.sx\/wp-content\/uploads\/2024\/05\/login-de.png 408w, https:\/\/cp-prod-wordpress.alfa.sx\/wp-content\/uploads\/2024\/05\/login-de-300x229.png 300w\" sizes=\"auto, (max-width: 408px) 100vw, 408px\" \/><\/a><figcaption class=\"wp-element-caption\">Startseite der alfaview-App<\/figcaption><\/figure>\n<\/div>\n<\/div>\n\n\n\n<div class=\"wp-block-columns is-not-stacked-on-mobile is-layout-flex wp-container-core-columns-is-layout-9d6595d7 wp-block-columns-is-layout-flex\">\n<div class=\"wp-block-column is-layout-flow wp-block-column-is-layout-flow\">\n<ul class=\"wp-block-list\">\n<li>Es wird Ihnen nun die Meeting- sowie Raumliste mit allen von Ihnen erstellten Meetings angezeigt. W\u00e4hlen Sie das Meeting aus, dem Sie betreten m\u00f6chten.<\/li>\n\n\n\n<li>Klicken Sie auf die Schaltfl\u00e4che <button class=\"av-button--primary av-button\" style=\"cursor: unset\" disabled=\"\">Betreten<\/button>, um den ausgew\u00e4hlten Meetingraum zu betreten.<\/li>\n\n\n\n<li>Bevor Sie den alfaview-Raum betreten, k\u00f6nnen Sie Ihre Kamera- und Audioeinstellungen in den <a href=\"https:\/\/cp-prod-wordpress.alfa.sx\/de\/alfaview-app\/home-screen\/setup-camera-and-microphone\/\">Schnelleinstellungen<\/a> verwalten.<\/li>\n<\/ul>\n<\/div>\n\n\n\n<div class=\"wp-block-column is-layout-flow wp-block-column-is-layout-flow\" style=\"flex-basis:250px\"><div class=\"wp-block-image\">\n<figure class=\"alignright size-full is-resized\"><a href=\"https:\/\/cp-prod-wordpress.alfa.sx\/wp-content\/uploads\/2024\/05\/join-meeting-organizer-de.png\"><img loading=\"lazy\" decoding=\"async\" width=\"834\" height=\"369\" src=\"https:\/\/cp-prod-wordpress.alfa.sx\/wp-content\/uploads\/2024\/05\/join-meeting-organizer-de.png\" alt=\"Meetingliste und Raumliste in der alfaview-App\" class=\"wp-image-3688\" style=\"width:250px;height:undefinedpx\" srcset=\"https:\/\/cp-prod-wordpress.alfa.sx\/wp-content\/uploads\/2024\/05\/join-meeting-organizer-de.png 834w, https:\/\/cp-prod-wordpress.alfa.sx\/wp-content\/uploads\/2024\/05\/join-meeting-organizer-de-300x133.png 300w, https:\/\/cp-prod-wordpress.alfa.sx\/wp-content\/uploads\/2024\/05\/join-meeting-organizer-de-768x340.png 768w\" sizes=\"auto, (max-width: 834px) 100vw, 834px\" \/><\/a><figcaption class=\"wp-element-caption\">Meetingraum als Organisator:in betreten<\/figcaption><\/figure>\n<\/div><\/div>\n<\/div>\n\n\n\n<p><strong>Im Webclient:<\/strong><\/p>\n\n\n\n<ul class=\"wp-block-list\">\n<li>Melden Sie sich im <a href=\"https:\/\/webclient.alfaview.com\/\">Webclient<\/a> an.<\/li>\n\n\n\n<li>Alternativ k\u00f6nnen Sie den Webclient auch \u00fcber die <a href=\"https:\/\/app.alfaview.com\/#\/welcome\">Verwaltungsseite<\/a> Ihres Benutzerkontos \u00f6ffnen. Klicken Sie dort auf der Startseite auf die Schaltfl\u00e4che <button class=\"av-button av-button--secondary\">Mit Browser betreten<\/button>.<\/li>\n\n\n\n<li>Es wird Ihnen nun die Raum- sowie Meetingliste mit allen von Ihnen erstellten Meetings angezeigt. W\u00e4hlen Sie das Meeting aus, das Sie betreten m\u00f6chten.<\/li>\n\n\n\n<li>Klicken Sie auf die Schaltfl\u00e4che <button class=\"av-button--primary av-button\" style=\"cursor: unset\" disabled=\"\">Betreten<\/button>, um den ausgew\u00e4hlten Meetingraum zu betreten.<\/li>\n\n\n\n<li>Bevor Sie den Meetingraum betreten, k\u00f6nnen Sie Ihre Kamera- und Audioeinstellungen in den <a href=\"https:\/\/cp-prod-wordpress.alfa.sx\/de\/alfaview-app\/home-screen\/setup-camera-and-microphone\/\">Schnelleinstellungen<\/a> verwalten.<\/li>\n<\/ul>\n","protected":false},"excerpt":{"rendered":"<p>Wenn Sie zu einem Meeting in alfaview eingeladen wurden, k\u00f6nnen Sie dieses \u00fcber den Einladungslink, der Ihnen zugesendet wurde, betreten. Auch alfaview-R\u00e4ume, zu denen Sie eingeladen wurden, k\u00f6nnen Sie \u00fcber einen zugesendeten Link betreten. Als [&hellip;]<\/p>\n","protected":false},"author":6,"featured_media":0,"parent":239,"menu_order":20,"comment_status":"closed","ping_status":"closed","template":"page.php","meta":{"footnotes":""},"class_list":["post-75","page","type-page","status-publish","hentry"],"_links":{"self":[{"href":"https:\/\/cp-prod-wordpress.alfa.sx\/de\/wp-json\/wp\/v2\/pages\/75","targetHints":{"allow":["GET"]}}],"collection":[{"href":"https:\/\/cp-prod-wordpress.alfa.sx\/de\/wp-json\/wp\/v2\/pages"}],"about":[{"href":"https:\/\/cp-prod-wordpress.alfa.sx\/de\/wp-json\/wp\/v2\/types\/page"}],"author":[{"embeddable":true,"href":"https:\/\/cp-prod-wordpress.alfa.sx\/de\/wp-json\/wp\/v2\/users\/6"}],"replies":[{"embeddable":true,"href":"https:\/\/cp-prod-wordpress.alfa.sx\/de\/wp-json\/wp\/v2\/comments?post=75"}],"version-history":[{"count":50,"href":"https:\/\/cp-prod-wordpress.alfa.sx\/de\/wp-json\/wp\/v2\/pages\/75\/revisions"}],"predecessor-version":[{"id":76,"href":"https:\/\/cp-prod-wordpress.alfa.sx\/de\/wp-json\/wp\/v2\/pages\/75\/revisions\/76"}],"up":[{"embeddable":true,"href":"https:\/\/cp-prod-wordpress.alfa.sx\/de\/wp-json\/wp\/v2\/pages\/239"}],"wp:attachment":[{"href":"https:\/\/cp-prod-wordpress.alfa.sx\/de\/wp-json\/wp\/v2\/media?parent=75"}],"curies":[{"name":"wp","href":"https:\/\/api.w.org\/{rel}","templated":true}]}}